{"id":8486,"date":"2014-04-04T08:38:20","date_gmt":"2014-04-04T07:38:20","guid":{"rendered":"http:\/\/www.golftravellers.com\/contactez-nous\/faq\/"},"modified":"2015-02-13T18:04:15","modified_gmt":"2015-02-13T18:04:15","slug":"questions-frequentes","status":"publish","type":"page","link":"https:\/\/www.golftravellers.com\/fr\/nous-contacter\/questions-frequentes\/","title":{"rendered":"Questions fr\u00e9quentes"},"content":{"rendered":"<p>&nbsp;<\/p>\n<p><span style=\"font-size: 12pt;\"><strong>Le temps est-il si mauvais en Ecosse et en Irlande ?<\/strong><\/span><\/p>\n<p>Pas du tout, il ne pleut pas beaucoup en Ecosse et en particulier sur la c\u00f4te Est du pays, o\u00f9 se situe St Andrews, il pleut un peu plus sur la c\u00f4te Ouest. Ce n&rsquo;est jamais une forte pluie, le plus souvent des averses.\u00a0Toutefois, il pleut plus en Irlande, mais moins sur la c\u00f4te o\u00f9 se situent les parocurs de types Links.<\/p>\n<p><span style=\"font-size: 12pt;\"><strong>Quelle est la meilleure p\u00e9riode pour jouer et visiter\u00a0le Royaume-Uni et\u00a0l&rsquo;Irlande ?<\/strong><\/span><\/p>\n<p>Nous conseillons \u00e0 nos clients de venir entre Avril et Octobre. Mais les prix durant la saison hivernale sont deux \u00e0 trois fois moins \u00e9lev\u00e9s que durant la haute saison et la plupart des parcours de golf sont toujours en tr\u00e8s bonne condition.<\/p>\n<p><span style=\"font-size: 12pt;\"><strong>Un s\u00e9jour au Royaume-Uni et en Irlande est-il on\u00e9reux ?<\/strong><\/span><\/p>\n<p>Non, car la livre sterling est faible par rapport \u00e0 l&rsquo;euro et aux autres devises. Durant ces derni\u00e8res ann\u00e9es, l&rsquo;Irlande a vraiment diminu\u00e9 ses prix .<\/p>\n<p><span style=\"font-size: 12pt;\"><strong>Combien de temps \u00e0 l&rsquo;avance dois-je m&rsquo;y prendre pour organiser un s\u00e9jour de golf ?<\/strong><\/span><\/p>\n<p>Nous vous conseillons de planifier votre s\u00e9jour bien \u00e0 l&rsquo;avance, si possible 2 mois avant pour pouvoir obtenir les heures de d\u00e9part et le type d&rsquo;h\u00e9bergement que vous d\u00e9sirez. Mais, si vous souhaitez r\u00e9server 1 semaine avant, nous avons toujours la possibilit\u00e9 de r\u00e9server des parcours de golf et un h\u00e9bergement.<br \/>Pour le Old Course, nous vous conseillons de r\u00e9server les d\u00e9parts garantis au d\u00e9but du mois d&rsquo;octobre de l&rsquo;ann\u00e9e pr\u00e9c\u00e9dant votre s\u00e9jour.<\/p>\n<p><span style=\"font-size: 12pt;\"><strong>Est-il possible de jouer le\u00a0c\u00e9l\u00e8bre\u00a0Old Course \u00e0 St andrews ?<\/strong><\/span><\/p>\n<p>La r\u00e9ponse est oui, il existe 3 fa\u00e7ons de jouer le parcours :<\/p>\n<p><em>&#8211; Le tirage au sort :<\/em> Il faut au minimum 2 personnes pour l&rsquo;inscription, nous vous inscrivons au tirage au sort 2 jours pr\u00e9c\u00e9dant le jour choisi avant 14h00 et nous obtenons la r\u00e9ponse apr\u00e8s 17h00. Il faut savoir que 50% des heures de d\u00e9part sont attribu\u00e9es au tirage au sort tous les jours, ce qui laisse de bonnes chances d&rsquo;\u00eatre s\u00e9lectionn\u00e9. Nous pouvons vous inscrire chaque jour pour augmenter vos chances pendant votre s\u00e9jour.\u00a0Notre agence r\u00e9alise, chaque ann\u00e9e, un pourcentage \u00e9lev\u00e9 de r\u00e9ussite, environ 80%. Demandez \u00e0 notre \u00e9quipe quels sont les jours favorables .<\/p>\n<p>&#8211; <em>Le jour m\u00eame :<\/em> Pour les joueurs individuels ou pour les personnes qui n&rsquo;ont pas eu de succ\u00e8s au tirage au sort, il reste la possibilit\u00e9 de se pr\u00e9senter directement au starter le jour m\u00eame. Celui-ci essayera de vous placer dans une partie. Il y a toujours une vingtaine de places disponibles chaque jour pour donner une chance \u00e0 tous. Bien entendu, les premiers arriv\u00e9s sont les premiers servis.<\/p>\n<p>&#8211; <em>Le d\u00e9part garanti :<\/em>Il est vendu sous forme de package : le Old Course, plus un autre terrain public de St Andrews, soit le New Course, soit le Jubilee Course ou soit le Castle Course. Le d\u00e9part garanti est plus on\u00e9reux, mais c&rsquo;est la seule possibilit\u00e9 de jouer le Old Course avec certitude.\u00a0Ils doivent \u00eatre achet\u00e9 bien \u00e0 l&rsquo;avance car ils sont disponibles l&rsquo;ann\u00e9e pr\u00e9c\u00e9dente autour de Octobre \/ Novembre pour l&rsquo;ann\u00e9e suivante . Notre agence dispose d&rsquo;environ 15 d\u00e9parts \u00a0chaque ann\u00e9e .<\/p>\n<p><span style=\"font-size: 12pt;\"><strong>Quel handicap dois-je avoir pour jouer le Old Course et d&rsquo;autres parcours ?<\/strong><\/span><\/p>\n<p>Le handicap minimum requis pour jouer le Old Course est de 24 pour les hommes et 36 pour les femmes (la licence est obligatoire et sera demand\u00e9e par le starter). D&rsquo;autres parcours tels que Kingsbarns et Carnoustie exigent un handicap de 28 pour les hommes et de 36 pour les femmes. A l&rsquo;exception de ces grands parcours, la grande majorit\u00e9 des golfs ne demandent pas de handicap.<\/p>\n<p><span style=\"font-size: 12pt;\"><strong>Le Old Course est-il le seul parcours \u00e0 St Andrews ?<\/strong><\/span><\/p>\n<p>Non, il y a 6 autres terrains publics voisins du Old Course et 20 autres \u00e0 moins de 40 minutes en voiture.<\/p>\n<p><span style=\"font-size: 12pt;\"><strong>Recommandez-vous de prendre un caddie ?<\/strong><\/span><\/p>\n<p>Oui, nous vous le recommandons, en particulier pour jouer les grands parcours tels que le Old Course, Carnoustie, Kingsbarns et les autres. Ils ne se contentent pas seulement que porter votre sac, la plupart d&rsquo;entre eux sont des professionnels, leur exp\u00e9rience et leur connaissance est indispensable pour les joueurs qui d\u00e9couvrent ces parcours. Ils vous donnent la bonne ligne et la distance sur tous les coups et ils vous aident \u00e0 choisir le bon club. Le tarif est de 40 livres sterling, soit environ 45 euros plus le pouboires. Un bon investissement !<\/p>\n<p><span style=\"font-size: 12pt;\"><strong>Est -il facile d&rsquo;acc\u00e9der en Ecosse par avion ?<\/strong><\/span><\/p>\n<p>Les a\u00e9roports principaux sont : Edimbourg, Glasgow International, Glasgow Prestwick, Aberdeen et Inverness. Vous trouverez beaucoup de vols directs \u00e0 destination de ces a\u00e9roports \u00e0 un tr\u00e9s bon rapport qualit\u00e9 \/ prix avec des companies a\u00e9riennes comme EasyJet, Ryanair, Air France et British Airways. Pour St Andrews, l&rsquo;a\u00e9roport le plus proche est celui d&rsquo;Edimbourg \u00e0 1 heure de route.<\/p>\n<p>&nbsp;<\/p>\n","protected":false},"excerpt":{"rendered":"<p>&nbsp; Le temps est-il si mauvais en Ecosse et en Irlande ? Pas du tout, il ne pleut pas beaucoup en Ecosse et en particulier sur la c\u00f4te Est du pays, o\u00f9 se situe St Andrews, il pleut un peu plus sur la c\u00f4te Ouest. Ce n&rsquo;est jamais une forte pluie, le plus souvent des [&hellip;]<\/p>\n","protected":false},"author":10,"featured_media":0,"parent":272,"menu_order":40,"comment_status":"open","ping_status":"closed","template":"","meta":{"_genesis_hide_title":false,"_genesis_hide_breadcrumbs":false,"_genesis_hide_singular_image":false,"_genesis_hide_footer_widgets":false,"_genesis_custom_body_class":"","_genesis_custom_post_class":"","_genesis_layout":"","footnotes":""},"class_list":{"0":"post-8486","1":"page","2":"type-page","3":"status-publish","5":"entry"},"_links":{"self":[{"href":"https:\/\/www.golftravellers.com\/fr\/wp-json\/wp\/v2\/pages\/8486","targetHints":{"allow":["GET"]}}],"collection":[{"href":"https:\/\/www.golftravellers.com\/fr\/wp-json\/wp\/v2\/pages"}],"about":[{"href":"https:\/\/www.golftravellers.com\/fr\/wp-json\/wp\/v2\/types\/page"}],"author":[{"embeddable":true,"href":"https:\/\/www.golftravellers.com\/fr\/wp-json\/wp\/v2\/users\/10"}],"replies":[{"embeddable":true,"href":"https:\/\/www.golftravellers.com\/fr\/wp-json\/wp\/v2\/comments?post=8486"}],"version-history":[{"count":14,"href":"https:\/\/www.golftravellers.com\/fr\/wp-json\/wp\/v2\/pages\/8486\/revisions"}],"predecessor-version":[{"id":17435,"href":"https:\/\/www.golftravellers.com\/fr\/wp-json\/wp\/v2\/pages\/8486\/revisions\/17435"}],"up":[{"embeddable":true,"href":"https:\/\/www.golftravellers.com\/fr\/wp-json\/wp\/v2\/pages\/272"}],"wp:attachment":[{"href":"https:\/\/www.golftravellers.com\/fr\/wp-json\/wp\/v2\/media?parent=8486"}],"curies":[{"name":"wp","href":"https:\/\/api.w.org\/{rel}","templated":true}]}}