{"id":8471,"date":"2014-04-04T08:36:16","date_gmt":"2014-04-04T07:36:16","guid":{"rendered":"http:\/\/www.golftravellers.com\/groupes-et-evenements\/corporate\/"},"modified":"2015-01-13T14:36:55","modified_gmt":"2015-01-13T14:36:55","slug":"golf-d-entreprise","status":"publish","type":"page","link":"https:\/\/www.golftravellers.com\/fr\/competitions\/golf-d-entreprise\/","title":{"rendered":"Golf d&rsquo;entreprise"},"content":{"rendered":"<p>Nous sommes aussi sp\u00e9cialis\u00e9s dans l&rsquo;organisation d&rsquo;\u00e9v\u00e9nements de golf en Ecosse pour les entreprises de toutes tailles et nous organisons \u00e9galement des s\u00e9minaires, des conf\u00e9rences avec golf ou autres prestations pour les entreprises, en accordant une attention particuli\u00e8re \u00e0 chaque d\u00e9tail.<\/p>\n<p>Les entreprises sont souvent \u00e0 la recherche de destinations pour r\u00e9compenser leurs employ\u00e9s les plus performants ou leurs clients, et organiser des conf\u00e9rences, des s\u00e9minaires, afin de renforcer leurs \u00e9quipes dans des lieux uniques.<\/p>\n<p>Nous travaillons avec diff\u00e9rents lieux sp\u00e9cialis\u00e9s,\u00a0 en Grande Bretagne et en Irlande, pour cr\u00e9er des \u00e9v\u00e9nements de golf .\u00a0Ces pays sont parfaits pour jouer au golf, mais comptent aussi d&rsquo;excellentes infrastructures pour recevoir des conf\u00e9rences et des \u00e9v\u00e9nements. De nombreux loisirs et activit\u00e9s de team building y sont \u00e9galement possibles .<\/p>\n<p>Tous les lieux avec lesquels nous travaillons disposent des derni\u00e8res technologies audio &#8211; visuelles et de moyens de communication compatibles \u00e0 l&rsquo;international. Pour vous aider tout au long de la planification de votre \u00e9v\u00e9nement, vous disposerez des services d&rsquo;organisateurs de conf\u00e9rences professionnels afin que votre \u00e9v\u00e9nement se d\u00e9roule efficacement .<\/p>\n<p>Quelques lieux avec lesquels nous travaillons en \u00e9troite collaboration : Fairmont St Andrews (Ecosse ) ,\u00a0 Gleneagles (Ecosse ) , Turnberry (Ecosse ) , K Club (Irlande) et Portmarnock H\u00f4tel (Irlande ) .<\/p>\n<p>&nbsp;<\/p>\n<p>Contactez-nous pour plus d&rsquo;informations .<\/p>\n<p>&nbsp;<\/p>\n<div class=\"one-third first\" style=\"text-align: center;\"><a class=\"button\" href=\"https:\/\/www.golftravellers.com\/fr\/nous-contacter\/\">Contactez-nous<\/a><\/div>\n<div class=\"one-third\" style=\"text-align: center;\"><a class=\"button\" href=\"https:\/\/www.golftravellers.com\/fr\/nous-contacter\/on-vous-rappelle\/\">ON VOUS RAPPELLE<\/a><\/div>\n<div class=\"one-third\" style=\"text-align: center;\"><a class=\"button\" href=\"https:\/\/www.golftravellers.com\/fr\/nous-contacter\/demande-de-devis\/\">DEMANDE DE DEVIS<\/a><\/div>\n","protected":false},"excerpt":{"rendered":"<p>Nous sommes aussi sp\u00e9cialis\u00e9s dans l&rsquo;organisation d&rsquo;\u00e9v\u00e9nements de golf en Ecosse pour les entreprises de toutes tailles et nous organisons \u00e9galement des s\u00e9minaires, des conf\u00e9rences avec golf ou autres prestations pour les entreprises, en accordant une attention particuli\u00e8re \u00e0 chaque d\u00e9tail. Les entreprises sont souvent \u00e0 la recherche de destinations pour r\u00e9compenser leurs employ\u00e9s les [&hellip;]<\/p>\n","protected":false},"author":10,"featured_media":18134,"parent":269,"menu_order":30,"comment_status":"open","ping_status":"closed","template":"","meta":{"_genesis_hide_title":false,"_genesis_hide_breadcrumbs":false,"_genesis_hide_singular_image":false,"_genesis_hide_footer_widgets":false,"_genesis_custom_body_class":"","_genesis_custom_post_class":"","_genesis_layout":"","footnotes":""},"class_list":{"0":"post-8471","1":"page","2":"type-page","3":"status-publish","4":"has-post-thumbnail","6":"entry"},"_links":{"self":[{"href":"https:\/\/www.golftravellers.com\/fr\/wp-json\/wp\/v2\/pages\/8471","targetHints":{"allow":["GET"]}}],"collection":[{"href":"https:\/\/www.golftravellers.com\/fr\/wp-json\/wp\/v2\/pages"}],"about":[{"href":"https:\/\/www.golftravellers.com\/fr\/wp-json\/wp\/v2\/types\/page"}],"author":[{"embeddable":true,"href":"https:\/\/www.golftravellers.com\/fr\/wp-json\/wp\/v2\/users\/10"}],"replies":[{"embeddable":true,"href":"https:\/\/www.golftravellers.com\/fr\/wp-json\/wp\/v2\/comments?post=8471"}],"version-history":[{"count":24,"href":"https:\/\/www.golftravellers.com\/fr\/wp-json\/wp\/v2\/pages\/8471\/revisions"}],"predecessor-version":[{"id":20764,"href":"https:\/\/www.golftravellers.com\/fr\/wp-json\/wp\/v2\/pages\/8471\/revisions\/20764"}],"up":[{"embeddable":true,"href":"https:\/\/www.golftravellers.com\/fr\/wp-json\/wp\/v2\/pages\/269"}],"wp:featuredmedia":[{"embeddable":true,"href":"https:\/\/www.golftravellers.com\/fr\/wp-json\/wp\/v2\/media\/18134"}],"wp:attachment":[{"href":"https:\/\/www.golftravellers.com\/fr\/wp-json\/wp\/v2\/media?parent=8471"}],"curies":[{"name":"wp","href":"https:\/\/api.w.org\/{rel}","templated":true}]}}