{"id":38783,"date":"2017-07-20T15:55:09","date_gmt":"2017-07-20T14:55:09","guid":{"rendered":"https:\/\/www.golftravellers.com\/?page_id=38783\/"},"modified":"2017-07-20T17:16:33","modified_gmt":"2017-07-20T16:16:33","slug":"10-jours-de-golf-entre-miami-orlando-et-tampa","status":"publish","type":"page","link":"https:\/\/www.golftravellers.com\/fr\/destinations\/golf-aux-etats-unis\/sejours-de-golf-en-floride\/10-jours-de-golf-entre-miami-orlando-et-tampa\/","title":{"rendered":"10 jours de golf entre Miami, Orlando et Tampa"},"content":{"rendered":"<div class=\"one-half first\"><img loading=\"lazy\" decoding=\"async\" class=\"alignnone size-full wp-image-38846\" src=\"https:\/\/www.golftravellers.com\/wp-content\/uploads\/2017\/07\/Ventura-Country-Club.jpg\" alt=\"Ventura Country Club, Floride\" width=\"540\" height=\"360\" srcset=\"https:\/\/www.golftravellers.com\/wp-content\/uploads\/2017\/07\/Ventura-Country-Club.jpg 540w, https:\/\/www.golftravellers.com\/wp-content\/uploads\/2017\/07\/Ventura-Country-Club-300x200.jpg 300w\" sizes=\"auto, (max-width: 540px) 100vw, 540px\" \/><\/div>\n<div class=\"one-half\">\n<p><span style=\"font-size: 36pt;\">1475\u20ac<\/span><\/p>\n<h4>Ce tarif comprend :<\/h4>\n<ul style=\"list-style-type: square;\">\n<li>7 nuits \u00e0 l&rsquo;h\u00f4tel 4 \u00e9toiles Courtyard \u00e0\u00a0West Palm Beach<\/li>\n<li>Petits d\u00e9jeuners<\/li>\n<li>6 green fees\n<ul style=\"list-style-type: circle;\">\n<li>Miami Springs Golf<\/li>\n<li>Davie Golf<\/li>\n<li>Ventura Country Club<\/li>\n<li>Rio Pinar Country Club<\/li>\n<li>The Eagles Golf<\/li>\n<li>Pebble Creek Golf<\/li>\n<\/ul>\n<\/li>\n<li><a title=\"Options de transport\" href=\"https:\/\/www.golftravellers.com\/fr\/options-de-transport\/\" target=\"_blank\" rel=\"noopener noreferrer\">1 location de voiture pour 11\u00a0jours<\/a><\/li>\n<\/ul>\n<\/div>\n<div style=\"clear: both;\">\u00a0<\/div>\n<div class=\"one-third first\"><a class=\"button \" title=\"R\u00e9server votre s\u00e9jour\" href=\"https:\/\/www.golftravellers.com\/fr\/nous-contacter\/reserver-votre-sejour\/\">R\u00e9server<\/a><\/div>\n<div class=\"one-third\"><a class=\"button\" title=\"Personnaliser votre s\u00e9jour\" href=\"https:\/\/www.golftravellers.com\/fr\/nous-contacter\/personnaliser-votre-sejour\/\">Personnaliser<\/a><\/div>\n<div class=\"one-third\"><a class=\"button\" title=\"Contactez-nous\" href=\"https:\/\/www.golftravellers.com\/fr\/nous-contacter\/\">Contactez-nous<\/a><\/div>\n<div id=\"details\">\u00a0<\/div>\n<div>\u00a0<\/div>\n<div class=\"one-half first\">\n<h4>Nous vous offrons :<\/h4>\n<ul>\n<li>Service &amp; Assistance client 24\/7<\/li>\n<\/ul>\n<\/div>\n<div class=\"one-half\">\n<h4>En option :<\/h4>\n<ul>\n<li>Vols que nous pouvons r\u00e9server pour vous<\/li>\n<li>Suppl\u00e9ment pour chambre individuelle<\/li>\n<li>Nuits &amp; parcours suppl\u00e9mentaires<\/li>\n<li>Transferts avec chauffeur<\/li>\n<li>Activit\u00e9s locales<\/li>\n<li>D\u00e9jeuners et d\u00eeners<\/li>\n<li>Assurance voyage<\/li>\n<\/ul>\n<\/div>\n<h2>Itin\u00e9raire :<\/h2>\n<table style=\"width: 814px;\">\n<tbody>\n<tr style=\"height: 24.4063px;\">\n<td style=\"width: 94px; height: 24.4063px;\"><b>Jour 1 : <\/b><\/td>\n<td style=\"width: 281px; height: 24.4063px;\">Arriv\u00e9e \u00e0 l&rsquo;a\u00e9roport de\u00a0Miami\u00a0<\/td>\n<td style=\"width: 353px; height: 24.4063px;\">H\u00f4tel Atton Brickell ****,\u00a0Miami<\/td>\n<td style=\"width: 94px; height: 24.4063px;\">15 minutes<\/td>\n<\/tr>\n<tr style=\"height: 24px;\">\n<td style=\"width: 94px; height: 24px;\"><b>Jour 2 : <\/b><\/td>\n<td style=\"width: 281px; height: 24px;\">Miami Springs Golf<\/td>\n<td style=\"width: 353px; height: 24px;\">H\u00f4tel Atton Brickell ****, Miami<\/td>\n<td style=\"width: 94px; height: 24px;\">20\u00a0minutes<\/td>\n<\/tr>\n<tr style=\"height: 24px;\">\n<td style=\"width: 94px; height: 24px;\"><b>Jour 3 : <\/b><\/td>\n<td style=\"width: 281px; height: 24px;\">Visite de la r\u00e9gion<\/td>\n<td style=\"width: 353px; height: 24px;\">H\u00f4tel Atton Brickell ****, Miami<\/td>\n<td style=\"width: 94px; height: 24px;\">\u00a0<\/td>\n<\/tr>\n<tr style=\"height: 24px;\">\n<td style=\"width: 94px; height: 24px;\"><b>Jour 4 : <\/b><\/td>\n<td style=\"width: 281px; height: 24px;\">Davie Golf<\/td>\n<td style=\"width: 353px; height: 24px;\">H\u00f4tel Atton Brickell ****, Miami<\/td>\n<td style=\"width: 94px; height: 24px;\">30 minutes<\/td>\n<\/tr>\n<tr style=\"height: 24px;\">\n<td style=\"width: 94px; height: 24px;\"><b>Jour 5 : <\/b><\/td>\n<td style=\"width: 281px; height: 24px;\">Trajet de Miami \u00e0 Orlando<\/td>\n<td style=\"width: 353px; height: 24px;\">H\u00f4tel Embassy Suite Buena Vista****, Orlando<\/td>\n<td style=\"width: 94px; height: 24px;\">3 heure 25<\/td>\n<\/tr>\n<tr style=\"height: 24px;\">\n<td style=\"width: 94px; height: 24px;\"><b>Jour 6 : <\/b><\/td>\n<td style=\"width: 281px; height: 24px;\">Rio Pinar Country Club<\/td>\n<td style=\"width: 353px; height: 24px;\">H\u00f4tel Embassy Suite Buena Vista****, Orlando<\/td>\n<td style=\"width: 94px; height: 24px;\">30\u00a0minutes<\/td>\n<\/tr>\n<tr style=\"height: 24px;\">\n<td style=\"width: 94px; height: 24px;\"><b>Jour 7 : <\/b><\/td>\n<td style=\"width: 281px; height: 24px;\">Ventura Country Club<\/td>\n<td style=\"width: 353px; height: 24px;\">H\u00f4tel Embassy Suite Buena Vista****, Orlando<\/td>\n<td style=\"width: 94px; height: 24px;\">35\u00a0minutes<\/td>\n<\/tr>\n<tr style=\"height: 24px;\">\n<td style=\"width: 94px; height: 24px;\"><b>Jour 8 : <\/b><\/td>\n<td style=\"width: 281px; height: 24px;\">Trajet de Orlando \u00e0 Tampa<\/td>\n<td style=\"width: 353px; height: 24px;\">H\u00f4tel Hilton Carillon****,\u00a0Tampa<\/td>\n<td style=\"width: 94px; height: 24px;\">1 heure\u00a020<\/td>\n<\/tr>\n<tr style=\"height: 24px;\">\n<td style=\"width: 94px; height: 24px;\"><b>Jour 9\u00a0:<\/b><\/td>\n<td style=\"width: 281px; height: 24px;\">Pebble Creek Golf<\/td>\n<td style=\"width: 353px; height: 24px;\">H\u00f4tel\u00a0Hilton Carillon****,\u00a0Tampa<\/td>\n<td style=\"width: 94px; height: 24px;\">35\u00a0minutes<\/td>\n<\/tr>\n<tr style=\"height: 24px;\">\n<td style=\"width: 94px; height: 24px;\"><b>Jour 10\u00a0:<\/b><\/td>\n<td style=\"width: 281px; height: 24px;\">The Eagles Golf<\/td>\n<td style=\"width: 353px; height: 24px;\">H\u00f4tel\u00a0Hilton Carillon****,\u00a0Tampa<\/td>\n<td style=\"width: 94px; height: 24px;\">25 minutes<\/td>\n<\/tr>\n<tr style=\"height: 24px;\">\n<td style=\"width: 94px; height: 24px;\"><b>Jour 11\u00a0:<\/b><\/td>\n<td style=\"width: 281px; height: 24px;\">D\u00e9part pour l&rsquo;a\u00e9roport de Miami<\/td>\n<td style=\"width: 353px; height: 24px;\">\u00a0<\/td>\n<td style=\"width: 94px; height: 24px;\">3 heure 50<\/td>\n<\/tr>\n<\/tbody>\n<\/table>\n<div class=\"terms\"><img loading=\"lazy\" decoding=\"async\" class=\"alignleft wp-image-3871\" src=\"https:\/\/www.golftravellers.com\/wp-content\/uploads\/2014\/06\/ExclamationPoint.png\" alt=\"Black exclamation point within box with black border\" width=\"50\" height=\"50\" \/><\/p>\n<h3>Conditions :<\/h3>\n<p>\n &#8211; Tarif mentionn\u00e9 pour une personne. Offre valable pour 2 personnes minimum en chambre double.<\/p>\n<\/div>\n<p>&nbsp;<\/p>\n<div class=\"one-third first\"><a class=\"button \" title=\"R\u00e9server votre s\u00e9jour\" href=\"https:\/\/www.golftravellers.com\/fr\/nous-contacter\/reserver-votre-sejour\/\">R\u00e9server<\/a><\/div>\n<div class=\"one-third\"><a class=\"button\" title=\"Personnaliser votre s\u00e9jour\" href=\"https:\/\/www.golftravellers.com\/fr\/nous-contacter\/personnaliser-votre-sejour\/\">Personnaliser<\/a><\/div>\n<div class=\"one-third\"><a class=\"button\" title=\"Contactez-nous\" href=\"https:\/\/www.golftravellers.com\/fr\/nous-contacter\/\">Contactez-nous<\/a><\/div>\n","protected":false},"excerpt":{"rendered":"<p>1475\u20ac Ce tarif comprend : 7 nuits \u00e0 l&rsquo;h\u00f4tel 4 \u00e9toiles Courtyard \u00e0\u00a0West Palm Beach Petits d\u00e9jeuners 6 green fees Miami Springs Golf Davie Golf Ventura Country Club Rio Pinar Country Club The Eagles Golf Pebble Creek Golf 1 location de voiture pour 11\u00a0jours \u00a0 R\u00e9server Personnaliser Contactez-nous \u00a0 \u00a0 Nous vous offrons : Service [&hellip;]<\/p>\n","protected":false},"author":10,"featured_media":38826,"parent":27679,"menu_order":0,"comment_status":"closed","ping_status":"closed","template":"","meta":{"_genesis_hide_title":false,"_genesis_hide_breadcrumbs":false,"_genesis_hide_singular_image":false,"_genesis_hide_footer_widgets":false,"_genesis_custom_body_class":"","_genesis_custom_post_class":"","_genesis_layout":"","footnotes":""},"class_list":{"0":"post-38783","1":"page","2":"type-page","3":"status-publish","4":"has-post-thumbnail","6":"entry"},"_links":{"self":[{"href":"https:\/\/www.golftravellers.com\/fr\/wp-json\/wp\/v2\/pages\/38783","targetHints":{"allow":["GET"]}}],"collection":[{"href":"https:\/\/www.golftravellers.com\/fr\/wp-json\/wp\/v2\/pages"}],"about":[{"href":"https:\/\/www.golftravellers.com\/fr\/wp-json\/wp\/v2\/types\/page"}],"author":[{"embeddable":true,"href":"https:\/\/www.golftravellers.com\/fr\/wp-json\/wp\/v2\/users\/10"}],"replies":[{"embeddable":true,"href":"https:\/\/www.golftravellers.com\/fr\/wp-json\/wp\/v2\/comments?post=38783"}],"version-history":[{"count":4,"href":"https:\/\/www.golftravellers.com\/fr\/wp-json\/wp\/v2\/pages\/38783\/revisions"}],"predecessor-version":[{"id":38853,"href":"https:\/\/www.golftravellers.com\/fr\/wp-json\/wp\/v2\/pages\/38783\/revisions\/38853"}],"up":[{"embeddable":true,"href":"https:\/\/www.golftravellers.com\/fr\/wp-json\/wp\/v2\/pages\/27679"}],"wp:featuredmedia":[{"embeddable":true,"href":"https:\/\/www.golftravellers.com\/fr\/wp-json\/wp\/v2\/media\/38826"}],"wp:attachment":[{"href":"https:\/\/www.golftravellers.com\/fr\/wp-json\/wp\/v2\/media?parent=38783"}],"curies":[{"name":"wp","href":"https:\/\/api.w.org\/{rel}","templated":true}]}}