{"id":38385,"date":"2017-07-11T11:10:14","date_gmt":"2017-07-11T10:10:14","guid":{"rendered":"https:\/\/www.golftravellers.com\/?page_id=38385\/"},"modified":"2017-07-14T16:08:56","modified_gmt":"2017-07-14T15:08:56","slug":"korineum","status":"publish","type":"page","link":"https:\/\/www.golftravellers.com\/fr\/destinations\/golf-a-chypre\/korineum\/","title":{"rendered":"Korineum"},"content":{"rendered":"<table style=\"width: 100%;\" border=\"0\">\n<tbody>\n<tr>\n<td><strong>Notre classement :<\/strong><\/td>\n<td><img loading=\"lazy\" decoding=\"async\" class=\"alignnone size-full wp-image-1005\" src=\"https:\/\/www.golftravellers.com\/wp-content\/uploads\/2014\/05\/4stars.png\" alt=\"\" width=\"118\" height=\"30\" \/><\/td>\n<td colspan=\"2\" rowspan=\"6\" align=\"center\" valign=\"top\" width=\"50%\"><img loading=\"lazy\" decoding=\"async\" class=\"alignnone size-full wp-image-38574\" src=\"https:\/\/www.golftravellers.com\/wp-content\/uploads\/2017\/07\/Korineum-Golf-Country-Club.jpg\" alt=\"Parcours de golf Korineum, Chypre du Nord\" width=\"540\" height=\"360\" srcset=\"https:\/\/www.golftravellers.com\/wp-content\/uploads\/2017\/07\/Korineum-Golf-Country-Club.jpg 540w, https:\/\/www.golftravellers.com\/wp-content\/uploads\/2017\/07\/Korineum-Golf-Country-Club-300x200.jpg 300w\" sizes=\"auto, (max-width: 540px) 100vw, 540px\" \/><\/td>\n<\/tr>\n<tr>\n<td><strong>Classement Chypre\u00a0:<\/strong><\/td>\n<td>5<\/td>\n<\/tr>\n<tr>\n<td width=\"30%\"><strong>Architecte :<\/strong><\/td>\n<td width=\"20%\">Peter Harradine<\/td>\n<\/tr>\n<tr>\n<td><strong>Date d&rsquo;ouverture :<\/strong><\/td>\n<td>2007<\/td>\n<\/tr>\n<tr>\n<td><strong>Par :<\/strong><\/td>\n<td>72<\/td>\n<\/tr>\n<tr>\n<td><strong>Distance depuis Nicosia :<\/strong><\/td>\n<td>45\u00a0km<\/td>\n<\/tr>\n<tr>\n<td colspan=\"4\">Situ\u00e9 sur la c\u00f4te, au pied de la montagne de Five Finger Esentepe, le prestigieux Korineum Golf &amp; Country Club est fier d&rsquo;\u00eatre le premier terrain de golf 18 trous dans le Nord de Chypre.<\/td>\n<\/tr>\n<\/tbody>\n<\/table>\n<div class=\"one-third first\"><a class=\"button\" title=\"Nos offres\" href=\"https:\/\/www.golftravellers.com\/fr\/destinations\/golf-a-chypre\/\">Nos offres<\/a><\/div>\n<div class=\"one-third\"><a class=\"button\" title=\"Demande de devis\" href=\"https:\/\/www.golftravellers.com\/fr\/nous-contacter\/demande-de-devis\/\">Demande de devis<\/a><\/div>\n<div class=\"one-third\"><a class=\"button\" title=\"Nous contacter\" href=\"https:\/\/www.golftravellers.com\/fr\/nous-contacter\/\">Contactez-nous<\/a><\/div>\n","protected":false},"excerpt":{"rendered":"<p>Notre classement : Classement Chypre\u00a0: 5 Architecte : Peter Harradine Date d&rsquo;ouverture : 2007 Par : 72 Distance depuis Nicosia : 45\u00a0km Situ\u00e9 sur la c\u00f4te, au pied de la montagne de Five Finger Esentepe, le prestigieux Korineum Golf &amp; Country Club est fier d&rsquo;\u00eatre le premier terrain de golf 18 trous dans le Nord [&hellip;]<\/p>\n","protected":false},"author":10,"featured_media":38502,"parent":35111,"menu_order":0,"comment_status":"closed","ping_status":"closed","template":"","meta":{"_genesis_hide_title":false,"_genesis_hide_breadcrumbs":false,"_genesis_hide_singular_image":false,"_genesis_hide_footer_widgets":false,"_genesis_custom_body_class":"","_genesis_custom_post_class":"","_genesis_layout":"","footnotes":""},"class_list":{"0":"post-38385","1":"page","2":"type-page","3":"status-publish","4":"has-post-thumbnail","6":"entry"},"_links":{"self":[{"href":"https:\/\/www.golftravellers.com\/fr\/wp-json\/wp\/v2\/pages\/38385","targetHints":{"allow":["GET"]}}],"collection":[{"href":"https:\/\/www.golftravellers.com\/fr\/wp-json\/wp\/v2\/pages"}],"about":[{"href":"https:\/\/www.golftravellers.com\/fr\/wp-json\/wp\/v2\/types\/page"}],"author":[{"embeddable":true,"href":"https:\/\/www.golftravellers.com\/fr\/wp-json\/wp\/v2\/users\/10"}],"replies":[{"embeddable":true,"href":"https:\/\/www.golftravellers.com\/fr\/wp-json\/wp\/v2\/comments?post=38385"}],"version-history":[{"count":10,"href":"https:\/\/www.golftravellers.com\/fr\/wp-json\/wp\/v2\/pages\/38385\/revisions"}],"predecessor-version":[{"id":38580,"href":"https:\/\/www.golftravellers.com\/fr\/wp-json\/wp\/v2\/pages\/38385\/revisions\/38580"}],"up":[{"embeddable":true,"href":"https:\/\/www.golftravellers.com\/fr\/wp-json\/wp\/v2\/pages\/35111"}],"wp:featuredmedia":[{"embeddable":true,"href":"https:\/\/www.golftravellers.com\/fr\/wp-json\/wp\/v2\/media\/38502"}],"wp:attachment":[{"href":"https:\/\/www.golftravellers.com\/fr\/wp-json\/wp\/v2\/media?parent=38385"}],"curies":[{"name":"wp","href":"https:\/\/api.w.org\/{rel}","templated":true}]}}