{"id":38367,"date":"2017-07-11T10:25:11","date_gmt":"2017-07-11T09:25:11","guid":{"rendered":"https:\/\/www.golftravellers.com\/?page_id=38367\/"},"modified":"2017-09-13T15:34:06","modified_gmt":"2017-09-13T14:34:06","slug":"5-nuits-a-paphos-avec-3-parcours-de-golf","status":"publish","type":"page","link":"https:\/\/www.golftravellers.com\/fr\/destinations\/golf-a-chypre\/5-nuits-a-paphos-avec-3-parcours-de-golf\/","title":{"rendered":"5 nuits \u00e0 Paphos avec 3 parcours de golf"},"content":{"rendered":"<div class=\"one-half first\"><img loading=\"lazy\" decoding=\"async\" class=\"alignnone size-full wp-image-38588\" src=\"https:\/\/www.golftravellers.com\/wp-content\/uploads\/2017\/07\/El\u00e9a-Golf-Chypre-5-nuits-\u00e0-Chypre-avec-3-parcours-de-golf.jpg\" alt=\"Forfait 5 nuits \u00e0 Chypre avec 3 parcours de golf\" width=\"540\" height=\"360\" srcset=\"https:\/\/www.golftravellers.com\/wp-content\/uploads\/2017\/07\/El\u00e9a-Golf-Chypre-5-nuits-\u00e0-Chypre-avec-3-parcours-de-golf.jpg 540w, https:\/\/www.golftravellers.com\/wp-content\/uploads\/2017\/07\/El\u00e9a-Golf-Chypre-5-nuits-\u00e0-Chypre-avec-3-parcours-de-golf-300x200.jpg 300w\" sizes=\"auto, (max-width: 540px) 100vw, 540px\" \/><\/div>\n<div class=\"one-half\">\n<p><span style=\"font-size: 36pt;\">625\u20ac<\/span><\/p>\n<h4>Ce tarif comprend :<\/h4>\n<ul style=\"list-style-type: square;\">\n<li>5\u00a0nuits \u00e0 l&rsquo;h\u00f4tel Almyra***** \u00e0\u00a0Paphos<\/li>\n<li>Petits-d\u00e9jeuners<\/li>\n<li>3\u00a0green fees\n<ul style=\"list-style-type: circle;\">\n<li><a href=\"https:\/\/www.golftravellers.com\/fr\/destinations\/golf-a-chypre\/elea-golf-club\/\">El\u00e9a<\/a><\/li>\n<li><a href=\"https:\/\/www.golftravellers.com\/fr\/destinations\/golf-a-chypre\/aphrodite-hills\/\">Aphrodite Hills<\/a><\/li>\n<li><a href=\"https:\/\/www.golftravellers.com\/fr\/destinations\/golf-a-chypre\/minthis-hills\/\">Minthis Hills<\/a><\/li>\n<\/ul>\n<\/li>\n<li><a href=\"https:\/\/www.golftravellers.com\/fr\/options-de-transport\/\" target=\"_blank\" rel=\"noopener noreferrer\">1 location de voiture pour 6\u00a0jours<\/a><\/li>\n<\/ul>\n<\/div>\n<div style=\"clear: both;\">\u00a0<\/div>\n<div class=\"one-third first\" style=\"text-align: center;\"><a class=\"button\" href=\"https:\/\/www.golftravellers.com\/fr\/nous-contacter\/reserver-votre-sejour\/\">R\u00e9server<\/a><\/div>\n<div class=\"one-third\" style=\"text-align: center;\"><a class=\"button\" href=\"https:\/\/www.golftravellers.com\/fr\/nous-contacter\/personnaliser-votre-sejour\/\">Personnaliser<\/a><\/div>\n<div class=\"one-third\" style=\"text-align: center;\"><a class=\"button\" href=\"https:\/\/www.golftravellers.com\/fr\/nous-contacter\/\">Contactez-nous<\/a><\/div>\n<div id=\"details\">\u00a0<\/div>\n<div>\u00a0<\/div>\n<div class=\"one-half first\">\n<h4>Nous vous offrons :<\/h4>\n<ul>\n<li>Service &amp; Assistance 24\/7<\/li>\n<\/ul>\n<\/div>\n<div class=\"one-half\">\n<h4>En option :<\/h4>\n<ul>\n<li>Les vols, que nous pouvons r\u00e9server pour vous<\/li>\n<li>Suppl\u00e9ment en chambre individuelle<\/li>\n<li>Nuits &amp; parcours suppl\u00e9mentaires<\/li>\n<li>Activit\u00e9s<\/li>\n<li>D\u00e9jeuners et d\u00eeners<\/li>\n<li>Assurance voyage<\/li>\n<\/ul>\n<\/div>\n<h2>Itin\u00e9raire :<\/h2>\n<table style=\"height: 217px; width: 775px;\">\n<tbody>\n<tr style=\"height: 24px;\">\n<td style=\"width: 82px; height: 24px;\"><strong>Jour 1 :<\/strong><\/td>\n<td style=\"width: 291px; height: 24px;\">Arriv\u00e9e \u00e0 l&rsquo;a\u00e9roport de Larnaca<\/td>\n<td style=\"width: 270px; height: 24px;\">H\u00f4tel Almyra*****, Paphos<\/td>\n<td style=\"width: 104px; height: 24px;\">1 heure 30<\/td>\n<\/tr>\n<tr style=\"height: 24px;\">\n<td style=\"width: 82px; height: 24px;\"><strong>Jour 2 :<\/strong><\/td>\n<td style=\"width: 291px; height: 24px;\">Minthis Hills<\/td>\n<td style=\"width: 270px; height: 24px;\">H\u00f4tel\u00a0Almyra*****, Paphos<\/td>\n<td style=\"width: 104px; height: 24px;\">25\u00a0minutes<\/td>\n<\/tr>\n<tr style=\"height: 24px;\">\n<td style=\"width: 82px; height: 24px;\"><strong>Jour 3 :<\/strong><\/td>\n<td style=\"width: 291px; height: 24px;\">Secret Valley<\/td>\n<td style=\"width: 270px; height: 24px;\">H\u00f4tel\u00a0Almyra*****, Paphos<\/td>\n<td style=\"width: 104px; height: 24px;\">25\u00a0minutes<\/td>\n<\/tr>\n<tr style=\"height: 24px;\">\n<td style=\"width: 82px; height: 24px;\"><strong>Jour 4\u00a0:<\/strong><\/td>\n<td style=\"width: 291px; height: 24px;\">Visite de la r\u00e9gion<\/td>\n<td style=\"width: 270px; height: 24px;\">H\u00f4tel\u00a0Almyra*****, Paphos<\/td>\n<td style=\"width: 104px; height: 24px;\">\u00a0<\/td>\n<\/tr>\n<tr style=\"height: 24px;\">\n<td style=\"width: 82px; height: 24px;\"><strong>Jour 5 :<\/strong><\/td>\n<td style=\"width: 291px; height: 24px;\">El\u00e9a<\/td>\n<td style=\"width: 270px; height: 24px;\">H\u00f4tel\u00a0Almyra*****, Paphos<\/td>\n<td style=\"width: 104px; height: 24px;\">10 minutes<\/td>\n<\/tr>\n<tr style=\"height: 24px;\">\n<td style=\"width: 82px; height: 24px;\"><strong>Jour 6 :<\/strong><\/td>\n<td style=\"width: 291px; height: 24px;\">D\u00e9part pour l&rsquo;a\u00e9roport de Larnaca<\/td>\n<td style=\"width: 270px; height: 24px;\">\u00a0<\/td>\n<td style=\"width: 104px; height: 24px;\">1 heure 30<\/td>\n<\/tr>\n<\/tbody>\n<\/table>\n<div class=\"terms\"><img loading=\"lazy\" decoding=\"async\" class=\"alignleft wp-image-3871\" src=\"https:\/\/www.golftravellers.com\/wp-content\/uploads\/2014\/06\/ExclamationPoint.png\" alt=\"Black exclamation point within box with black border\" width=\"50\" height=\"50\" \/><\/p>\n<h3>Conditions :<\/h3>\n<p>\u00a0<br \/>\n &#8211; Les tarifs indiqu\u00e9s sont susceptibles d&rsquo;\u00eatre modifi\u00e9s selon la p\u00e9riode.<\/p>\n<p>&#8211; Offre valable pour 2 personnes minimum en chambre double.<\/p>\n<\/div>\n<p>&nbsp;<\/p>\n<div class=\"one-third first\" style=\"text-align: center;\"><a class=\"button\" href=\"https:\/\/www.golftravellers.com\/fr\/nous-contacter\/reserver-votre-sejour\/\">R\u00e9server<\/a><\/div>\n<div class=\"one-third\" style=\"text-align: center;\"><a class=\"button\" href=\"https:\/\/www.golftravellers.com\/fr\/nous-contacter\/personnaliser-votre-sejour\/\">Personnaliser<\/a><\/div>\n<div class=\"one-third\" style=\"text-align: center;\"><a class=\"button\" href=\"https:\/\/www.golftravellers.com\/fr\/nous-contacter\/\">Contactez-nous<\/a><\/div>\n<p>&nbsp;<\/p>\n","protected":false},"excerpt":{"rendered":"<p>625\u20ac Ce tarif comprend : 5\u00a0nuits \u00e0 l&rsquo;h\u00f4tel Almyra***** \u00e0\u00a0Paphos Petits-d\u00e9jeuners 3\u00a0green fees El\u00e9a Aphrodite Hills Minthis Hills 1 location de voiture pour 6\u00a0jours \u00a0 R\u00e9server Personnaliser Contactez-nous \u00a0 \u00a0 Nous vous offrons : Service &amp; Assistance 24\/7 En option : Les vols, que nous pouvons r\u00e9server pour vous Suppl\u00e9ment en chambre individuelle Nuits &amp; [&hellip;]<\/p>\n","protected":false},"author":10,"featured_media":38456,"parent":35111,"menu_order":0,"comment_status":"closed","ping_status":"closed","template":"","meta":{"_genesis_hide_title":false,"_genesis_hide_breadcrumbs":false,"_genesis_hide_singular_image":false,"_genesis_hide_footer_widgets":false,"_genesis_custom_body_class":"","_genesis_custom_post_class":"","_genesis_layout":"","footnotes":""},"class_list":{"0":"post-38367","1":"page","2":"type-page","3":"status-publish","4":"has-post-thumbnail","6":"entry"},"_links":{"self":[{"href":"https:\/\/www.golftravellers.com\/fr\/wp-json\/wp\/v2\/pages\/38367","targetHints":{"allow":["GET"]}}],"collection":[{"href":"https:\/\/www.golftravellers.com\/fr\/wp-json\/wp\/v2\/pages"}],"about":[{"href":"https:\/\/www.golftravellers.com\/fr\/wp-json\/wp\/v2\/types\/page"}],"author":[{"embeddable":true,"href":"https:\/\/www.golftravellers.com\/fr\/wp-json\/wp\/v2\/users\/10"}],"replies":[{"embeddable":true,"href":"https:\/\/www.golftravellers.com\/fr\/wp-json\/wp\/v2\/comments?post=38367"}],"version-history":[{"count":10,"href":"https:\/\/www.golftravellers.com\/fr\/wp-json\/wp\/v2\/pages\/38367\/revisions"}],"predecessor-version":[{"id":39147,"href":"https:\/\/www.golftravellers.com\/fr\/wp-json\/wp\/v2\/pages\/38367\/revisions\/39147"}],"up":[{"embeddable":true,"href":"https:\/\/www.golftravellers.com\/fr\/wp-json\/wp\/v2\/pages\/35111"}],"wp:featuredmedia":[{"embeddable":true,"href":"https:\/\/www.golftravellers.com\/fr\/wp-json\/wp\/v2\/media\/38456"}],"wp:attachment":[{"href":"https:\/\/www.golftravellers.com\/fr\/wp-json\/wp\/v2\/media?parent=38367"}],"curies":[{"name":"wp","href":"https:\/\/api.w.org\/{rel}","templated":true}]}}