{"id":36023,"date":"2017-04-07T09:46:04","date_gmt":"2017-04-07T08:46:04","guid":{"rendered":"http:\/\/www.golftravellers.com\/?page_id=36023\/"},"modified":"2018-01-20T21:21:15","modified_gmt":"2018-01-20T21:21:15","slug":"johannesburg-et-le-parc-kruger","status":"publish","type":"page","link":"https:\/\/www.golftravellers.com\/fr\/destinations\/golf-en-afrique-du-sud\/johannesburg-et-le-parc-kruger\/","title":{"rendered":"Johannesburg et le parc Kruger"},"content":{"rendered":"<div class=\"one-half first\">\u00a0<a href=\"https:\/\/www.golftravellers.com\/wp-content\/uploads\/2016\/12\/trou-11-royal-johannesburg-kensington-automne.jpg\"><img loading=\"lazy\" decoding=\"async\" class=\"alignnone size-full wp-image-33231\" src=\"https:\/\/www.golftravellers.com\/wp-content\/uploads\/2016\/12\/trou-11-royal-johannesburg-kensington-automne.jpg\" alt=\"Parcours Glendower vue d'un trou \u00e0 l'automne\" width=\"540\" height=\"360\" srcset=\"https:\/\/www.golftravellers.com\/wp-content\/uploads\/2016\/12\/trou-11-royal-johannesburg-kensington-automne.jpg 540w, https:\/\/www.golftravellers.com\/wp-content\/uploads\/2016\/12\/trou-11-royal-johannesburg-kensington-automne-300x200.jpg 300w\" sizes=\"auto, (max-width: 540px) 100vw, 540px\" \/><\/a><\/div>\n<div class=\"one-half\">\n<p><span style=\"font-size: 36pt;\">1740\u20ac<\/span><\/p>\n<h4>Ce tarif comprend :<\/h4>\n<ul style=\"list-style-type: square;\">\n<li>3 nuits \u00e0 l&rsquo;h\u00f4tel 5 \u00e9toiles The Palace in the Lost City \u00e0 Sun City<\/li>\n<li>4 nuits en h\u00f4tel 4 \u00e9toiles \u00e0 Johannesburg<\/li>\n<li>3 nuits en Lodge 4 \u00e9toiles pr\u00e8s du Parc national Kruger<\/li>\n<li>Petits d\u00e9jeuners<\/li>\n<li>5\u00a0green fees\n<ul style=\"list-style-type: circle;\">\n<li>Sun City &lsquo;Lost City&rsquo;<\/li>\n<li>Sun City &lsquo;Gary Player&rsquo;<\/li>\n<li>Glendower<\/li>\n<li>Royal Johannesburg &amp; Kensington &lsquo;East&rsquo;<\/li>\n<li>Leopard Creek<\/li>\n<\/ul>\n<\/li>\n<li>1 location de voiture pour 11 jours<\/li>\n<\/ul>\n<\/div>\n<div style=\"clear: both;\">\u00a0<\/div>\n<div class=\"one-third first\" style=\"text-align: center;\"><a class=\"button\" href=\"https:\/\/www.golftravellers.com\/fr\/nous-contacter\/reserver-votre-sejour\/\">R\u00e9server<\/a><\/div>\n<div class=\"one-third\" style=\"text-align: center;\"><a class=\"button\" href=\"https:\/\/www.golftravellers.com\/fr\/nous-contacter\/personnaliser-votre-sejour\/\">Personnaliser<\/a><\/div>\n<div class=\"one-third\" style=\"text-align: center;\"><a class=\"button\" href=\"https:\/\/www.golftravellers.com\/fr\/nous-contacter\/\">Contactez-nous<\/a><\/div>\n<div id=\"details\">\u00a0<\/div>\n<div>\u00a0<\/div>\n<div class=\"one-half first\">\n<h4>Nous vous offrons :<\/h4>\n<ul>\n<li>Service &amp; Assistance 24\/7<\/li>\n<\/ul>\n<\/div>\n<div class=\"one-half\">\n<h4>En option :<\/h4>\n<ul>\n<li>Vols, que nous pouvons r\u00e9server pour vous<\/li>\n<li>Suppl\u00e9ment pour chambre individuelle<\/li>\n<li>Nuits &amp; parcours suppl\u00e9mentaires<\/li>\n<li>Activit\u00e9s<\/li>\n<li>D\u00e9jeuners et d\u00eeners<\/li>\n<li>Assurance voyage<\/li>\n<\/ul>\n<\/div>\n<h2>Itin\u00e9raire :<\/h2>\n<table style=\"height: 236px; width: 1059px;\">\n<tbody>\n<tr style=\"height: 24px;\">\n<td style=\"width: 94px; height: 24px;\"><strong>Jour 1 :<\/strong><\/td>\n<td style=\"width: 360px; height: 24px;\">Arriv\u00e9e \u00e0 l&rsquo;a\u00e9roport de Johannesburg<\/td>\n<td style=\"width: 365.25px; height: 24px;\">H\u00f4tel The Palace in the Lost City*****, Sun City<\/td>\n<td style=\"width: 244.75px; height: 24px;\">2 heures et 20 minutes<\/td>\n<\/tr>\n<tr style=\"height: 24.4333px;\">\n<td style=\"width: 94px; height: 24.4333px;\"><strong>Jour 2 :<\/strong><\/td>\n<td style=\"width: 360px; height: 24.4333px;\">Sun City &lsquo;Lost City&rsquo;<\/td>\n<td style=\"width: 365.25px; height: 24.4333px;\">H\u00f4tel The Palace in the Lost City*****, Sun City<\/td>\n<td style=\"width: 244.75px; height: 24.4333px;\">Sur place<\/td>\n<\/tr>\n<tr style=\"height: 24px;\">\n<td style=\"width: 94px; height: 24px;\"><strong>Jour 3 :<\/strong><\/td>\n<td style=\"width: 360px; height: 24px;\">Sun City &lsquo;Gary Player&rsquo;<\/td>\n<td style=\"width: 365.25px; height: 24px;\">H\u00f4tel The Palace in the Lost City*****, Sun City<\/td>\n<td style=\"width: 244.75px; height: 24px;\">Sur place<\/td>\n<\/tr>\n<tr style=\"height: 24px;\">\n<td style=\"width: 94px; height: 24px;\"><strong>Jour 4 :<\/strong><\/td>\n<td style=\"width: 360px; height: 24px;\">Trajet vers Johannesburg<\/td>\n<td style=\"width: 365.25px; height: 24px;\">H\u00f4tel****, Johannesburg<\/td>\n<td style=\"width: 244.75px; height: 24px;\">2 heures et 30 minutes<\/td>\n<\/tr>\n<tr style=\"height: 24px;\">\n<td style=\"width: 94px; height: 24px;\"><strong>Jour 5 :<\/strong><\/td>\n<td style=\"width: 360px; height: 24px;\">Glendower<\/td>\n<td style=\"width: 365.25px; height: 24px;\">H\u00f4tel****, Johannesburg<\/td>\n<td style=\"width: 244.75px; height: 24px;\">20 minutes<\/td>\n<\/tr>\n<tr style=\"height: 24px;\">\n<td style=\"width: 94px; height: 24px;\"><strong>Jour 6 :<\/strong><\/td>\n<td style=\"width: 360px; height: 24px;\">Royal Johannesburg &amp; Kensington &lsquo;East&rsquo;<\/td>\n<td style=\"width: 365.25px; height: 24px;\">H\u00f4tel****, Johannesburg<\/td>\n<td style=\"width: 244.75px; height: 24px;\">25 minutes<\/td>\n<\/tr>\n<tr style=\"height: 24px;\">\n<td style=\"width: 94px; height: 24px;\"><strong>Jour 7 :<\/strong><\/td>\n<td style=\"width: 360px; height: 24px;\">Visite de la r\u00e9gion<\/td>\n<td style=\"width: 365.25px; height: 24px;\">H\u00f4tel****, Johannesburg<\/td>\n<td style=\"width: 244.75px; height: 24px;\">\u00a0<\/td>\n<\/tr>\n<tr style=\"height: 24px;\">\n<td style=\"width: 94px; height: 24px;\"><strong>Jour 8 :<\/strong><\/td>\n<td style=\"width: 360px; height: 24px;\">Trajet vers le Parc national Kruger<\/td>\n<td style=\"width: 365.25px; height: 24px;\">Lodge****, Parc national Kruger<\/td>\n<td style=\"width: 244.75px; height: 24px;\">4 heures<\/td>\n<\/tr>\n<tr style=\"height: 24px;\">\n<td style=\"width: 94px; height: 24px;\"><strong>Jour 9 :<\/strong><\/td>\n<td style=\"width: 360px; height: 24px;\">Leopard Creek<\/td>\n<td style=\"width: 365.25px; height: 24px;\">Lodge****, Parc national Kruger<\/td>\n<td style=\"width: 244.75px; height: 24px;\">10 minutes<\/td>\n<\/tr>\n<tr style=\"height: 24px;\">\n<td style=\"width: 94px; height: 24px;\"><strong>Jour 10 :<\/strong><\/td>\n<td style=\"width: 360px; height: 24px;\">Visite de la r\u00e9gion<\/td>\n<td style=\"width: 365.25px; height: 24px;\">Lodge****, Parc national Kruger<\/td>\n<td style=\"width: 244.75px; height: 24px;\">\u00a0<\/td>\n<\/tr>\n<tr style=\"height: 24px;\">\n<td style=\"width: 94px; height: 24px;\"><strong>Jour 11 :<\/strong><\/td>\n<td style=\"width: 360px; height: 24px;\">D\u00e9part pour l&rsquo;a\u00e9roport de Johannesburg<\/td>\n<td style=\"width: 365.25px; height: 24px;\">\u00a0<\/td>\n<td style=\"width: 244.75px; height: 24px;\">4 heures<\/td>\n<\/tr>\n<\/tbody>\n<\/table>\n<div class=\"terms\"><img loading=\"lazy\" decoding=\"async\" class=\"alignleft wp-image-3871\" src=\"https:\/\/www.golftravellers.com\/wp-content\/uploads\/2014\/06\/ExclamationPoint.png\" alt=\"Black exclamation point within box with black border\" width=\"50\" height=\"50\" \/><\/p>\n<h3>Conditions :<\/h3>\n<p>&#8211; Les tarifs indiqu\u00e9s sont susceptibles d&rsquo;\u00eatre modifi\u00e9s selon la p\u00e9riode.<\/p>\n<p>&#8211; Offre valable pour 2 personnes minimum en chambre double.<\/p>\n<\/div>\n<p>&nbsp;<\/p>\n<div class=\"one-third first\" style=\"text-align: center;\"><a class=\"button\" href=\"https:\/\/www.golftravellers.com\/fr\/nous-contacter\/reserver-votre-sejour\/\">R\u00e9server<\/a><\/div>\n<div class=\"one-third\" style=\"text-align: center;\"><a class=\"button\" href=\"https:\/\/www.golftravellers.com\/fr\/nous-contacter\/personnaliser-votre-sejour\/\">Personnaliser<\/a><\/div>\n<div class=\"one-third\" style=\"text-align: center;\"><a class=\"button\" href=\"https:\/\/www.golftravellers.com\/fr\/nous-contacter\/\">Contactez-nous<\/a><\/div>\n<p>&nbsp;<\/p>\n","protected":false},"excerpt":{"rendered":"<p>\u00a0 1740\u20ac Ce tarif comprend : 3 nuits \u00e0 l&rsquo;h\u00f4tel 5 \u00e9toiles The Palace in the Lost City \u00e0 Sun City 4 nuits en h\u00f4tel 4 \u00e9toiles \u00e0 Johannesburg 3 nuits en Lodge 4 \u00e9toiles pr\u00e8s du Parc national Kruger Petits d\u00e9jeuners 5\u00a0green fees Sun City &lsquo;Lost City&rsquo; Sun City &lsquo;Gary Player&rsquo; Glendower Royal Johannesburg [&hellip;]<\/p>\n","protected":false},"author":10,"featured_media":33192,"parent":26755,"menu_order":0,"comment_status":"closed","ping_status":"closed","template":"","meta":{"_genesis_hide_title":false,"_genesis_hide_breadcrumbs":false,"_genesis_hide_singular_image":false,"_genesis_hide_footer_widgets":false,"_genesis_custom_body_class":"","_genesis_custom_post_class":"","_genesis_layout":"","footnotes":""},"class_list":{"0":"post-36023","1":"page","2":"type-page","3":"status-publish","4":"has-post-thumbnail","6":"entry"},"_links":{"self":[{"href":"https:\/\/www.golftravellers.com\/fr\/wp-json\/wp\/v2\/pages\/36023","targetHints":{"allow":["GET"]}}],"collection":[{"href":"https:\/\/www.golftravellers.com\/fr\/wp-json\/wp\/v2\/pages"}],"about":[{"href":"https:\/\/www.golftravellers.com\/fr\/wp-json\/wp\/v2\/types\/page"}],"author":[{"embeddable":true,"href":"https:\/\/www.golftravellers.com\/fr\/wp-json\/wp\/v2\/users\/10"}],"replies":[{"embeddable":true,"href":"https:\/\/www.golftravellers.com\/fr\/wp-json\/wp\/v2\/comments?post=36023"}],"version-history":[{"count":14,"href":"https:\/\/www.golftravellers.com\/fr\/wp-json\/wp\/v2\/pages\/36023\/revisions"}],"predecessor-version":[{"id":41072,"href":"https:\/\/www.golftravellers.com\/fr\/wp-json\/wp\/v2\/pages\/36023\/revisions\/41072"}],"up":[{"embeddable":true,"href":"https:\/\/www.golftravellers.com\/fr\/wp-json\/wp\/v2\/pages\/26755"}],"wp:featuredmedia":[{"embeddable":true,"href":"https:\/\/www.golftravellers.com\/fr\/wp-json\/wp\/v2\/media\/33192"}],"wp:attachment":[{"href":"https:\/\/www.golftravellers.com\/fr\/wp-json\/wp\/v2\/media?parent=36023"}],"curies":[{"name":"wp","href":"https:\/\/api.w.org\/{rel}","templated":true}]}}