{"id":35650,"date":"2017-04-07T12:13:02","date_gmt":"2017-04-07T11:13:02","guid":{"rendered":"http:\/\/www.golftravellers.com\/?page_id=35650\/"},"modified":"2020-05-11T12:39:56","modified_gmt":"2020-05-11T11:39:56","slug":"3-nuits-a-la-decouverte-des-acores","status":"publish","type":"page","link":"https:\/\/www.golftravellers.com\/fr\/destinations\/golf-aux-acores\/3-nuits-a-la-decouverte-des-acores\/","title":{"rendered":"3 nuits \u00e0 la d\u00e9couverte des A\u00e7ores"},"content":{"rendered":"<div class=\"one-half first\"><img loading=\"lazy\" decoding=\"async\" class=\"alignnone wp-image-35805 size-full\" src=\"https:\/\/www.golftravellers.com\/wp-content\/uploads\/2017\/04\/3-nuits-a-la-decouverte-des-acores-4-batalha.jpg\" alt=\"Golf de Batalha aux A\u00e7ores\" width=\"540\" height=\"360\" srcset=\"https:\/\/www.golftravellers.com\/wp-content\/uploads\/2017\/04\/3-nuits-a-la-decouverte-des-acores-4-batalha.jpg 540w, https:\/\/www.golftravellers.com\/wp-content\/uploads\/2017\/04\/3-nuits-a-la-decouverte-des-acores-4-batalha-300x200.jpg 300w\" sizes=\"auto, (max-width: 540px) 100vw, 540px\" \/><\/div>\n<div class=\"one-half\">\n<p><span style=\"font-size: 36pt;\">450\u20ac<\/span><\/p>\n<h4>Ce tarif comprend :<\/h4>\n<ul style=\"list-style-type: square;\">\n<li>3 nuits \u00e0 l\u2019h\u00f4tel Terra Nostra Garden****<\/li>\n<li>Petits d\u00e9jeuners<\/li>\n<li>2 green fees\n<ul style=\"list-style-type: circle;\">\n<li>Furnas<\/li>\n<li>Batalha<\/li>\n<\/ul>\n<\/li>\n<li><a href=\"https:\/\/www.golftravellers.com\/fr\/options-de-transport\/\" target=\"_blank\" rel=\"noopener\">1 location de voiture pour 4 jours<\/a><\/li>\n<\/ul>\n<\/div>\n<div style=\"clear: both;\">\u00a0<\/div>\n<div class=\"one-third first\" style=\"text-align: center;\"><a class=\"button\" href=\"https:\/\/www.golftravellers.com\/fr\/nous-contacter\/reserver-votre-sejour\/\">R\u00e9server<\/a><\/div>\n<div class=\"one-third\" style=\"text-align: center;\"><a class=\"button\" href=\"https:\/\/www.golftravellers.com\/fr\/nous-contacter\/personnaliser-votre-sejour\/\">Personnaliser<\/a><\/div>\n<div class=\"one-third\" style=\"text-align: center;\"><a class=\"button\" href=\"https:\/\/www.golftravellers.com\/fr\/nous-contacter\/\">Contactez-nous<\/a><\/div>\n<div id=\"details\">\u00a0<\/div>\n<div>\u00a0<\/div>\n<div class=\"one-half first\">\n<h4>Nous vous offrons :<\/h4>\n<ul>\n<li>Service &amp; Assistance 24\/7<\/li>\n<\/ul>\n<\/div>\n<div class=\"one-half\">\n<h4>En option :<\/h4>\n<ul>\n<li>Vols, que nous pouvons r\u00e9server pour vous<\/li>\n<li>Suppl\u00e9ment pour chambre individuelle<\/li>\n<li>Nuits &amp; parcours suppl\u00e9mentaires<\/li>\n<li>Activit\u00e9s<\/li>\n<li>D\u00e9jeuners et d\u00eeners<\/li>\n<li>Assurance voyage<\/li>\n<\/ul>\n<\/div>\n<h2>Itin\u00e9raire :<\/h2>\n<table style=\"height: 152px;\" width=\"781\">\n<tbody>\n<tr>\n<td><strong>Jour 1 :<\/strong><\/td>\n<td>Arriv\u00e9e \u00e0 l&rsquo;a\u00e9roport de Ponta Delgada<\/td>\n<td>H\u00f4tel Terra Nostra Garden****<\/td>\n<td>45 minutes<\/td>\n<\/tr>\n<tr>\n<td><strong>Jour 2 :<\/strong><\/td>\n<td>Furnas<\/td>\n<td>H\u00f4tel Terra Nostra Garden****<\/td>\n<td>10\u00a0minutes<\/td>\n<\/tr>\n<tr>\n<td><strong>Jour 3 :<\/strong><\/td>\n<td>Batalha<\/td>\n<td>H\u00f4tel Terra Nostra Garden****<\/td>\n<td>45 minutes<\/td>\n<\/tr>\n<tr>\n<td><strong>Jour 4 :<\/strong><\/td>\n<td>D\u00e9part pour l&rsquo;a\u00e9roport de Ponta Delgada<\/td>\n<td>&nbsp;<\/td>\n<td>45 minutes<\/td>\n<\/tr>\n<\/tbody>\n<\/table>\n<div class=\"one-third first\" style=\"text-align: center;\"><a class=\"button\" href=\"https:\/\/www.golftravellers.com\/fr\/nous-contacter\/reserver-votre-sejour\/\">R\u00e9server<\/a><\/div>\n<div class=\"one-third\" style=\"text-align: center;\"><a class=\"button\" href=\"https:\/\/www.golftravellers.com\/fr\/nous-contacter\/personnaliser-votre-sejour\/\">Personnaliser<\/a><\/div>\n<div class=\"one-third\" style=\"text-align: center;\"><a class=\"button\" href=\"https:\/\/www.golftravellers.com\/fr\/nous-contacter\/\">Contactez-nous<\/a><\/div>\n<p>&nbsp;<\/p>\n","protected":false},"excerpt":{"rendered":"<p>450\u20ac Ce tarif comprend : 3 nuits \u00e0 l\u2019h\u00f4tel Terra Nostra Garden**** Petits d\u00e9jeuners 2 green fees Furnas Batalha 1 location de voiture pour 4 jours \u00a0 R\u00e9server Personnaliser Contactez-nous \u00a0 \u00a0 Nous vous offrons : Service &amp; Assistance 24\/7 En option : Vols, que nous pouvons r\u00e9server pour vous Suppl\u00e9ment pour chambre individuelle Nuits [&hellip;]<\/p>\n","protected":false},"author":10,"featured_media":35826,"parent":34453,"menu_order":0,"comment_status":"closed","ping_status":"closed","template":"","meta":{"_genesis_hide_title":false,"_genesis_hide_breadcrumbs":false,"_genesis_hide_singular_image":false,"_genesis_hide_footer_widgets":false,"_genesis_custom_body_class":"","_genesis_custom_post_class":"","_genesis_layout":"","footnotes":""},"class_list":{"0":"post-35650","1":"page","2":"type-page","3":"status-publish","4":"has-post-thumbnail","6":"entry"},"_links":{"self":[{"href":"https:\/\/www.golftravellers.com\/fr\/wp-json\/wp\/v2\/pages\/35650","targetHints":{"allow":["GET"]}}],"collection":[{"href":"https:\/\/www.golftravellers.com\/fr\/wp-json\/wp\/v2\/pages"}],"about":[{"href":"https:\/\/www.golftravellers.com\/fr\/wp-json\/wp\/v2\/types\/page"}],"author":[{"embeddable":true,"href":"https:\/\/www.golftravellers.com\/fr\/wp-json\/wp\/v2\/users\/10"}],"replies":[{"embeddable":true,"href":"https:\/\/www.golftravellers.com\/fr\/wp-json\/wp\/v2\/comments?post=35650"}],"version-history":[{"count":5,"href":"https:\/\/www.golftravellers.com\/fr\/wp-json\/wp\/v2\/pages\/35650\/revisions"}],"predecessor-version":[{"id":41255,"href":"https:\/\/www.golftravellers.com\/fr\/wp-json\/wp\/v2\/pages\/35650\/revisions\/41255"}],"up":[{"embeddable":true,"href":"https:\/\/www.golftravellers.com\/fr\/wp-json\/wp\/v2\/pages\/34453"}],"wp:featuredmedia":[{"embeddable":true,"href":"https:\/\/www.golftravellers.com\/fr\/wp-json\/wp\/v2\/media\/35826"}],"wp:attachment":[{"href":"https:\/\/www.golftravellers.com\/fr\/wp-json\/wp\/v2\/media?parent=35650"}],"curies":[{"name":"wp","href":"https:\/\/api.w.org\/{rel}","templated":true}]}}