{"id":35648,"date":"2017-04-07T12:11:33","date_gmt":"2017-04-07T11:11:33","guid":{"rendered":"http:\/\/www.golftravellers.com\/?page_id=35648\/"},"modified":"2022-12-03T15:33:04","modified_gmt":"2022-12-03T15:33:04","slug":"6-jours-de-golf-a-madere","status":"publish","type":"page","link":"https:\/\/www.golftravellers.com\/fr\/destinations\/golf-a-madere\/6-jours-de-golf-a-madere\/","title":{"rendered":"6 jours de golf \u00e0 Mad\u00e8re"},"content":{"rendered":"<div class=\"one-half first\"><img loading=\"lazy\" decoding=\"async\" class=\"alignnone wp-image-35857 size-full\" src=\"https:\/\/www.golftravellers.com\/wp-content\/uploads\/2017\/04\/6-jours-de-golf-a-madere-2.jpg\" alt=\"Golf \u00e0 Mad\u00e8re pendant 6 jours\" width=\"540\" height=\"360\" srcset=\"https:\/\/www.golftravellers.com\/wp-content\/uploads\/2017\/04\/6-jours-de-golf-a-madere-2.jpg 540w, https:\/\/www.golftravellers.com\/wp-content\/uploads\/2017\/04\/6-jours-de-golf-a-madere-2-300x200.jpg 300w\" sizes=\"auto, (max-width: 540px) 100vw, 540px\" \/><\/div>\n<div class=\"one-half\">\n<p><span style=\"font-size: 36pt;\">930\u20ac<\/span><\/p>\n<h4>Ce tarif comprend :<\/h4>\n<ul style=\"list-style-type: square;\">\n<li>5\u00a0nuits \u00e0 l&rsquo;h\u00f4tel Casa Velha do Palheiro***** \u00e0\u00a0Funchal<\/li>\n<li>Petits d\u00e9jeuners<\/li>\n<li>3\u00a0green fees\n<ul style=\"list-style-type: circle;\">\n<li>Palheiro\u00a0(2 green fees)<\/li>\n<li>Santo da Serra\u00a0<\/li>\n<\/ul>\n<\/li>\n<li><a href=\"https:\/\/www.golftravellers.com\/fr\/options-de-transport\/\">1 location de voiture pour 8\u00a0jours<\/a><\/li>\n<\/ul>\n<\/div>\n<div style=\"clear: both;\">\u00a0<\/div>\n<div class=\"one-third first\" style=\"text-align: center;\"><a class=\"button\" href=\"https:\/\/www.golftravellers.com\/fr\/nous-contacter\/reserver-votre-sejour\/\">R\u00e9server<\/a><\/div>\n<div class=\"one-third\" style=\"text-align: center;\"><a class=\"button\" href=\"https:\/\/www.golftravellers.com\/fr\/nous-contacter\/personnaliser-votre-sejour\/\">Personnaliser<\/a><\/div>\n<div class=\"one-third\" style=\"text-align: center;\"><a class=\"button\" href=\"https:\/\/www.golftravellers.com\/fr\/nous-contacter\/\">Contactez-nous<\/a><\/div>\n<div id=\"details\">\u00a0<\/div>\n<div>\u00a0<\/div>\n<div class=\"one-half first\">\n<h4>Nous vous offrons :<\/h4>\n<ul>\n<li>Service &amp; Assistance 24\/7<\/li>\n<\/ul>\n<\/div>\n<div class=\"one-half\">\n<h4>En option :<\/h4>\n<ul>\n<li>Vols, que nous pouvons r\u00e9server pour vous<\/li>\n<li>Suppl\u00e9ment pour chambre individuelle<\/li>\n<li>Nuits &amp; parcours suppl\u00e9mentaires<\/li>\n<li>Transferts avec chauffeur<\/li>\n<li>Activit\u00e9s<\/li>\n<li>D\u00e9jeuners et d\u00eeners<\/li>\n<li>Assurance voyage<\/li>\n<\/ul>\n<\/div>\n<h2>Itin\u00e9raire :<\/h2>\n<table style=\"height: 146px; width: 1075px;\">\n<tbody>\n<tr style=\"height: 24px;\">\n<td style=\"width: 85px; height: 24px;\"><strong>Jour 1 :<\/strong><\/td>\n<td style=\"width: 383px; height: 24px;\">Arriv\u00e9e \u00e0 l&rsquo;a\u00e9roport de Funchal<\/td>\n<td style=\"width: 440px; height: 24px;\">H\u00f4tel Casa Velha do Palheiro*****, Funchal<\/td>\n<td style=\"width: 199px; height: 24px;\">20 minutes<\/td>\n<\/tr>\n<tr style=\"height: 25px;\">\n<td style=\"width: 85px; height: 25px;\"><strong>Jour 2 :<\/strong><\/td>\n<td style=\"width: 383px; height: 25px;\">Palheiro<\/td>\n<td style=\"width: 440px; height: 25px;\">H\u00f4tel Casa Velha do Palheiro*****, Funchal<\/td>\n<td style=\"width: 199px; height: 25px;\">Sur le site de l&rsquo;h\u00f4tel<\/td>\n<\/tr>\n<tr style=\"height: 24px;\">\n<td style=\"width: 85px; height: 24px;\"><strong>Jour 3 :<\/strong><\/td>\n<td style=\"width: 383px; height: 24px;\">Santo da Serra<\/td>\n<td style=\"width: 440px; height: 24px;\">H\u00f4tel Casa Velha do Palheiro*****, Funchal<\/td>\n<td style=\"width: 199px; height: 24px;\">30 minutes<\/td>\n<\/tr>\n<tr style=\"height: 24px;\">\n<td style=\"width: 85px; height: 24px;\"><strong>Jour 4:<\/strong><\/td>\n<td style=\"width: 383px; height: 24px;\">Visite de l&rsquo;\u00eele<\/td>\n<td style=\"width: 440px; height: 24px;\">H\u00f4tel Casa Velha do Palheiro*****, Funchal<\/td>\n<td style=\"width: 199px; height: 24px;\">\u00a0<\/td>\n<\/tr>\n<tr style=\"height: 24px;\">\n<td style=\"width: 85px; height: 24px;\"><strong>Jour 5 :<\/strong><\/td>\n<td style=\"width: 383px; height: 24px;\">Palheiro<\/td>\n<td style=\"width: 440px; height: 24px;\">H\u00f4tel Casa Velha do Palheiro*****, Funchal<\/td>\n<td style=\"width: 199px; height: 24px;\">Sur le site de l&rsquo;h\u00f4tel<\/td>\n<\/tr>\n<tr style=\"height: 24px;\">\n<td style=\"width: 85px; height: 24px;\"><strong>Jour 6\u00a0:<\/strong><\/td>\n<td style=\"width: 383px; height: 24px;\">D\u00e9part pour l&rsquo;a\u00e9roport de Funchal<\/td>\n<td style=\"width: 440px; height: 24px;\">\u00a0<\/td>\n<td style=\"width: 199px; height: 24px;\">20\u00a0minutes<\/td>\n<\/tr>\n<\/tbody>\n<\/table>\n<div class=\"one-third first\" style=\"text-align: center;\"><a class=\"button\" href=\"https:\/\/www.golftravellers.com\/fr\/nous-contacter\/reserver-votre-sejour\/\">R\u00e9server<\/a><\/div>\n<div class=\"one-third\" style=\"text-align: center;\"><a class=\"button\" href=\"https:\/\/www.golftravellers.com\/fr\/nous-contacter\/personnaliser-votre-sejour\/\">Personnaliser<\/a><\/div>\n<div class=\"one-third\" style=\"text-align: center;\"><a class=\"button\" href=\"https:\/\/www.golftravellers.com\/fr\/nous-contacter\/\">Contactez-nous<\/a><\/div>\n<p>&nbsp;<\/p>\n","protected":false},"excerpt":{"rendered":"<p>930\u20ac Ce tarif comprend : 5\u00a0nuits \u00e0 l&rsquo;h\u00f4tel Casa Velha do Palheiro***** \u00e0\u00a0Funchal Petits d\u00e9jeuners 3\u00a0green fees Palheiro\u00a0(2 green fees) Santo da Serra\u00a0 1 location de voiture pour 8\u00a0jours \u00a0 R\u00e9server Personnaliser Contactez-nous \u00a0 \u00a0 Nous vous offrons : Service &amp; Assistance 24\/7 En option : Vols, que nous pouvons r\u00e9server pour vous Suppl\u00e9ment pour [&hellip;]<\/p>\n","protected":false},"author":10,"featured_media":35871,"parent":34409,"menu_order":0,"comment_status":"closed","ping_status":"closed","template":"","meta":{"_genesis_hide_title":false,"_genesis_hide_breadcrumbs":false,"_genesis_hide_singular_image":false,"_genesis_hide_footer_widgets":false,"_genesis_custom_body_class":"","_genesis_custom_post_class":"","_genesis_layout":"","footnotes":""},"class_list":{"0":"post-35648","1":"page","2":"type-page","3":"status-publish","4":"has-post-thumbnail","6":"entry"},"_links":{"self":[{"href":"https:\/\/www.golftravellers.com\/fr\/wp-json\/wp\/v2\/pages\/35648","targetHints":{"allow":["GET"]}}],"collection":[{"href":"https:\/\/www.golftravellers.com\/fr\/wp-json\/wp\/v2\/pages"}],"about":[{"href":"https:\/\/www.golftravellers.com\/fr\/wp-json\/wp\/v2\/types\/page"}],"author":[{"embeddable":true,"href":"https:\/\/www.golftravellers.com\/fr\/wp-json\/wp\/v2\/users\/10"}],"replies":[{"embeddable":true,"href":"https:\/\/www.golftravellers.com\/fr\/wp-json\/wp\/v2\/comments?post=35648"}],"version-history":[{"count":6,"href":"https:\/\/www.golftravellers.com\/fr\/wp-json\/wp\/v2\/pages\/35648\/revisions"}],"predecessor-version":[{"id":42051,"href":"https:\/\/www.golftravellers.com\/fr\/wp-json\/wp\/v2\/pages\/35648\/revisions\/42051"}],"up":[{"embeddable":true,"href":"https:\/\/www.golftravellers.com\/fr\/wp-json\/wp\/v2\/pages\/34409"}],"wp:featuredmedia":[{"embeddable":true,"href":"https:\/\/www.golftravellers.com\/fr\/wp-json\/wp\/v2\/media\/35871"}],"wp:attachment":[{"href":"https:\/\/www.golftravellers.com\/fr\/wp-json\/wp\/v2\/media?parent=35648"}],"curies":[{"name":"wp","href":"https:\/\/api.w.org\/{rel}","templated":true}]}}