{"id":35343,"date":"2017-04-04T15:24:34","date_gmt":"2017-04-04T14:24:34","guid":{"rendered":"http:\/\/www.golftravellers.com\/?page_id=35343\/"},"modified":"2020-07-09T12:07:09","modified_gmt":"2020-07-09T11:07:09","slug":"7-nuits-a","status":"publish","type":"page","link":"https:\/\/www.golftravellers.com\/fr\/destinations\/golf-aux-canaries\/7-nuits-a\/","title":{"rendered":"7 nuits \u00e0 la d\u00e9couverte de Maspalomas"},"content":{"rendered":"<div class=\"one-half first\"><img loading=\"lazy\" decoding=\"async\" class=\"alignnone wp-image-35387 size-full\" src=\"https:\/\/www.golftravellers.com\/wp-content\/uploads\/2017\/04\/Anfi-Tauro-7-nuits-\u00e0-la-d\u00e9couverte-de-Santa-Cruz-de-Tenerife.jpg\" alt=\"Package de 7 nuits \u00e0 Santa Cruz de Tenerife\" width=\"540\" height=\"360\" srcset=\"https:\/\/www.golftravellers.com\/wp-content\/uploads\/2017\/04\/Anfi-Tauro-7-nuits-\u00e0-la-d\u00e9couverte-de-Santa-Cruz-de-Tenerife.jpg 540w, https:\/\/www.golftravellers.com\/wp-content\/uploads\/2017\/04\/Anfi-Tauro-7-nuits-\u00e0-la-d\u00e9couverte-de-Santa-Cruz-de-Tenerife-300x200.jpg 300w\" sizes=\"auto, (max-width: 540px) 100vw, 540px\" \/><\/div>\n<div class=\"one-half\">\n<p><span style=\"font-size: 36pt;\">1090\u20ac<\/span><\/p>\n<h4>Ce tarif comprend :<\/h4>\n<ul style=\"list-style-type: square;\">\n<li>7\u00a0nuits \u00e0 l&rsquo;h\u00f4tel H10 Playa Meloneras Palace*****<\/li>\n<li>Petits d\u00e9jeuners<\/li>\n<li>4\u00a0green fees\n<ul style=\"list-style-type: circle;\">\n<li>Maspalomas<\/li>\n<li>Lopesan Meloneras<\/li>\n<li>Salobre<\/li>\n<li>Anfi Tauro<\/li>\n<\/ul>\n<\/li>\n<li><a href=\"https:\/\/www.golftravellers.com\/fr\/options-de-transport\/\" target=\"_blank\" rel=\"noopener\">1 location de voiture pour 8\u00a0jours<\/a><\/li>\n<\/ul>\n<\/div>\n<div style=\"clear: both;\">\u00a0<\/div>\n<div class=\"one-third first\" style=\"text-align: center;\"><a class=\"button\" href=\"https:\/\/www.golftravellers.com\/fr\/nous-contacter\/reserver-votre-sejour\/\">R\u00e9server<\/a><\/div>\n<div class=\"one-third\" style=\"text-align: center;\"><a class=\"button\" href=\"https:\/\/www.golftravellers.com\/fr\/nous-contacter\/personnaliser-votre-sejour\/\">Personnaliser<\/a><\/div>\n<div class=\"one-third\" style=\"text-align: center;\"><a class=\"button\" href=\"https:\/\/www.golftravellers.com\/fr\/nous-contacter\/\">Contactez-nous<\/a><\/div>\n<div id=\"details\">\u00a0<\/div>\n<div>\u00a0<\/div>\n<div class=\"one-half first\">\n<h4>Nous vous offrons :<\/h4>\n<ul>\n<li>Service &amp; Assistance 24\/7<\/li>\n<\/ul>\n<\/div>\n<div class=\"one-half\">\n<h4>En option :<\/h4>\n<ul>\n<li>Vols, que nous pouvons r\u00e9server pour vous<\/li>\n<li>Suppl\u00e9ment pour chambre individuelle<\/li>\n<li>Nuits &amp; parcours suppl\u00e9mentaires<\/li>\n<li>Activit\u00e9s<\/li>\n<li>D\u00e9jeuners et d\u00eeners<\/li>\n<li>Assurance voyage<\/li>\n<\/ul>\n<\/div>\n<h2>Itin\u00e9raire :<\/h2>\n<table style=\"height: 192px; width: 916px;\">\n<tbody>\n<tr style=\"height: 24px;\">\n<td style=\"width: 76px; height: 24px;\"><strong>Jour 1 :<\/strong><\/td>\n<td style=\"width: 328px; height: 24px;\">Arriv\u00e9e \u00e0 l&rsquo;a\u00e9roport de Gran Canaria<\/td>\n<td style=\"width: 373px; height: 24px;\">H\u00f4tel\u00a0H10 Playa Meloneras Palace*****<\/td>\n<td style=\"width: 111px; height: 24px;\">25 minutes<\/td>\n<\/tr>\n<tr style=\"height: 24px;\">\n<td style=\"width: 76px; height: 24px;\"><strong>Jour 2 :<\/strong><\/td>\n<td style=\"width: 328px; height: 24px;\">Maspalomas<\/td>\n<td style=\"width: 373px; height: 24px;\">H\u00f4tel\u00a0H10 Playa Meloneras Palace*****<\/td>\n<td style=\"width: 111px; height: 24px;\">5 minutes<\/td>\n<\/tr>\n<tr style=\"height: 24px;\">\n<td style=\"width: 76px; height: 24px;\"><strong>Jour 3 :<\/strong><\/td>\n<td style=\"width: 328px; height: 24px;\">Lopesan Meloneras<\/td>\n<td style=\"width: 373px; height: 24px;\">H\u00f4tel\u00a0H10 Playa Meloneras Palace*****<\/td>\n<td style=\"width: 111px; height: 24px;\">5 minutes<\/td>\n<\/tr>\n<tr style=\"height: 24px;\">\n<td style=\"width: 76px; height: 24px;\"><strong>Jour 4 :<\/strong><\/td>\n<td style=\"width: 328px; height: 24px;\">Visite de l&rsquo;\u00eele de Grande Canarie<\/td>\n<td style=\"width: 373px; height: 24px;\">H\u00f4tel\u00a0H10 Playa Meloneras Palace*****<\/td>\n<td style=\"width: 111px; height: 24px;\">\u00a0<\/td>\n<\/tr>\n<tr style=\"height: 24.4063px;\">\n<td style=\"width: 76px; height: 24px;\"><strong>Jour 5 :<\/strong><\/td>\n<td style=\"width: 328px; height: 24px;\">Salobre (Old)<\/td>\n<td style=\"width: 373px; height: 24px;\">H\u00f4tel\u00a0H10 Playa Meloneras Palace*****<\/td>\n<td style=\"width: 111px; height: 24px;\">10 minutes<\/td>\n<\/tr>\n<tr style=\"height: 24px;\">\n<td style=\"width: 76px; height: 24px;\"><strong>Jour 6 :<\/strong><\/td>\n<td style=\"width: 328px; height: 24px;\">Visite de l&rsquo;\u00eele de Grande Canarie<\/td>\n<td style=\"width: 373px; height: 24px;\">H\u00f4tel\u00a0H10 Playa Meloneras Palace*****<\/td>\n<td style=\"width: 111px; height: 24px;\">\u00a0<\/td>\n<\/tr>\n<tr style=\"height: 24px;\">\n<td style=\"width: 76px; height: 24px;\"><strong>Jour 7 :<\/strong><\/td>\n<td style=\"width: 328px; height: 24px;\">Anfi Tauro<\/td>\n<td style=\"width: 373px; height: 24px;\">H\u00f4tel\u00a0H10 Playa Meloneras Palace*****<\/td>\n<td style=\"width: 111px; height: 24px;\">15 minutes<\/td>\n<\/tr>\n<tr style=\"height: 24px;\">\n<td style=\"width: 76px; height: 24px;\"><strong>Jour 8 :<br \/>\n<\/strong><\/td>\n<td style=\"width: 328px; height: 24px;\">D\u00e9part pour l&rsquo;a\u00e9roport de Gran Canaria<\/td>\n<td style=\"width: 373px; height: 24px;\">\u00a0<\/td>\n<td style=\"width: 111px; height: 24px;\">25 minutes<\/td>\n<\/tr>\n<\/tbody>\n<\/table>\n<p>&nbsp;<\/p>\n<div class=\"one-third first\" style=\"text-align: center;\"><a class=\"button\" href=\"https:\/\/www.golftravellers.com\/fr\/nous-contacter\/reserver-votre-sejour\/\">R\u00e9server<\/a><\/div>\n<div class=\"one-third\" style=\"text-align: center;\"><a class=\"button\" href=\"https:\/\/www.golftravellers.com\/fr\/nous-contacter\/personnaliser-votre-sejour\/\">Personnaliser<\/a><\/div>\n<div class=\"one-third\" style=\"text-align: center;\"><a class=\"button\" href=\"https:\/\/www.golftravellers.com\/fr\/nous-contacter\/\">Contactez-nous<\/a><\/div>\n<p>&nbsp;<\/p>\n","protected":false},"excerpt":{"rendered":"<p>1090\u20ac Ce tarif comprend : 7\u00a0nuits \u00e0 l&rsquo;h\u00f4tel H10 Playa Meloneras Palace***** Petits d\u00e9jeuners 4\u00a0green fees Maspalomas Lopesan Meloneras Salobre Anfi Tauro 1 location de voiture pour 8\u00a0jours \u00a0 R\u00e9server Personnaliser Contactez-nous \u00a0 \u00a0 Nous vous offrons : Service &amp; Assistance 24\/7 En option : Vols, que nous pouvons r\u00e9server pour vous Suppl\u00e9ment pour chambre [&hellip;]<\/p>\n","protected":false},"author":10,"featured_media":35658,"parent":34501,"menu_order":0,"comment_status":"closed","ping_status":"closed","template":"","meta":{"_genesis_hide_title":false,"_genesis_hide_breadcrumbs":false,"_genesis_hide_singular_image":false,"_genesis_hide_footer_widgets":false,"_genesis_custom_body_class":"","_genesis_custom_post_class":"","_genesis_layout":"","footnotes":""},"class_list":{"0":"post-35343","1":"page","2":"type-page","3":"status-publish","4":"has-post-thumbnail","6":"entry"},"_links":{"self":[{"href":"https:\/\/www.golftravellers.com\/fr\/wp-json\/wp\/v2\/pages\/35343","targetHints":{"allow":["GET"]}}],"collection":[{"href":"https:\/\/www.golftravellers.com\/fr\/wp-json\/wp\/v2\/pages"}],"about":[{"href":"https:\/\/www.golftravellers.com\/fr\/wp-json\/wp\/v2\/types\/page"}],"author":[{"embeddable":true,"href":"https:\/\/www.golftravellers.com\/fr\/wp-json\/wp\/v2\/users\/10"}],"replies":[{"embeddable":true,"href":"https:\/\/www.golftravellers.com\/fr\/wp-json\/wp\/v2\/comments?post=35343"}],"version-history":[{"count":17,"href":"https:\/\/www.golftravellers.com\/fr\/wp-json\/wp\/v2\/pages\/35343\/revisions"}],"predecessor-version":[{"id":41281,"href":"https:\/\/www.golftravellers.com\/fr\/wp-json\/wp\/v2\/pages\/35343\/revisions\/41281"}],"up":[{"embeddable":true,"href":"https:\/\/www.golftravellers.com\/fr\/wp-json\/wp\/v2\/pages\/34501"}],"wp:featuredmedia":[{"embeddable":true,"href":"https:\/\/www.golftravellers.com\/fr\/wp-json\/wp\/v2\/media\/35658"}],"wp:attachment":[{"href":"https:\/\/www.golftravellers.com\/fr\/wp-json\/wp\/v2\/media?parent=35343"}],"curies":[{"name":"wp","href":"https:\/\/api.w.org\/{rel}","templated":true}]}}