{"id":35339,"date":"2017-04-04T15:24:11","date_gmt":"2017-04-04T14:24:11","guid":{"rendered":"http:\/\/www.golftravellers.com\/?page_id=35339\/"},"modified":"2020-07-09T11:42:12","modified_gmt":"2020-07-09T10:42:12","slug":"weekend-golf-a-tenerife-aux-canaries","status":"publish","type":"page","link":"https:\/\/www.golftravellers.com\/fr\/destinations\/golf-aux-canaries\/weekend-golf-a-tenerife-aux-canaries\/","title":{"rendered":"Weekend golf \u00e0 Tenerife aux Canaries"},"content":{"rendered":"<div class=\"one-half first\"><img loading=\"lazy\" decoding=\"async\" class=\"alignnone wp-image-35372 size-full\" src=\"https:\/\/www.golftravellers.com\/wp-content\/uploads\/2017\/04\/Golf-Del-Sur-3-nuits-\u00e0-Tenerife-aux-Canaries.jpg\" alt=\"Package 3 nuits \u00e0 Tenerife\" width=\"540\" height=\"360\" srcset=\"https:\/\/www.golftravellers.com\/wp-content\/uploads\/2017\/04\/Golf-Del-Sur-3-nuits-\u00e0-Tenerife-aux-Canaries.jpg 540w, https:\/\/www.golftravellers.com\/wp-content\/uploads\/2017\/04\/Golf-Del-Sur-3-nuits-\u00e0-Tenerife-aux-Canaries-300x200.jpg 300w\" sizes=\"auto, (max-width: 540px) 100vw, 540px\" \/><\/div>\n<div class=\"one-half\">\n<p><span style=\"font-size: 36pt;\">550\u20ac<\/span><\/p>\n<h4>Ce tarif comprend :<\/h4>\n<ul style=\"list-style-type: square;\">\n<li>3 nuits \u00e0 l\u2019h\u00f4tel Las Madrigueras*****<\/li>\n<li>Petits d\u00e9jeuners<\/li>\n<li>3\u00a0green fees\n<ul style=\"list-style-type: circle;\">\n<li>Las Americas<\/li>\n<li>Costa Adeje<\/li>\n<li>Golf del Sur<\/li>\n<\/ul>\n<\/li>\n<li><a href=\"https:\/\/www.golftravellers.com\/fr\/options-de-transport\/\" target=\"_blank\" rel=\"noopener\">1 location de voiture pour 4 jours<\/a><\/li>\n<\/ul>\n<\/div>\n<div style=\"clear: both;\">\u00a0<\/div>\n<div class=\"one-third first\" style=\"text-align: center;\"><a class=\"button\" href=\"https:\/\/www.golftravellers.com\/fr\/nous-contacter\/reserver-votre-sejour\/\">R\u00e9server<\/a><\/div>\n<div class=\"one-third\" style=\"text-align: center;\"><a class=\"button\" href=\"https:\/\/www.golftravellers.com\/fr\/nous-contacter\/personnaliser-votre-sejour\/\">Personnaliser<\/a><\/div>\n<div class=\"one-third\" style=\"text-align: center;\"><a class=\"button\" href=\"https:\/\/www.golftravellers.com\/fr\/nous-contacter\/\">Contactez-nous<\/a><\/div>\n<div id=\"details\">\u00a0<\/div>\n<div>\u00a0<\/div>\n<div class=\"one-half first\">\n<h4>Nous vous offrons :<\/h4>\n<ul>\n<li>Service &amp; Assistance 24\/7<\/li>\n<\/ul>\n<\/div>\n<div class=\"one-half\">\n<h4>En option :<\/h4>\n<ul>\n<li>Vols, que nous pouvons r\u00e9server pour vous<\/li>\n<li>Suppl\u00e9ment pour chambre individuelle<\/li>\n<li>Nuits &amp; parcours suppl\u00e9mentaires<\/li>\n<li>Activit\u00e9s<\/li>\n<li>D\u00e9jeuners et d\u00eeners<\/li>\n<li>Assurance voyage<\/li>\n<\/ul>\n<\/div>\n<h2>Itin\u00e9raire :<\/h2>\n<table style=\"height: 152px; width: 779px;\">\n<tbody>\n<tr>\n<td style=\"width: 78px;\"><strong>Jour 1 :<\/strong><\/td>\n<td style=\"width: 335px;\">Arriv\u00e9e \u00e0 l&rsquo;a\u00e9roport de\u00a0Tenerife-Sud<\/td>\n<td style=\"width: 243px;\">H\u00f4tel Las Madrigueras*****<\/td>\n<td style=\"width: 97px;\">15 minutes<\/td>\n<\/tr>\n<tr>\n<td style=\"width: 78px;\"><strong>Jour 2 :<\/strong><\/td>\n<td style=\"width: 335px;\">Las Americas<\/td>\n<td style=\"width: 243px;\">H\u00f4tel Las Madrigueras*****<\/td>\n<td style=\"width: 97px;\">Sur place<\/td>\n<\/tr>\n<tr>\n<td style=\"width: 78px;\"><strong>Jour 3 :<\/strong><\/td>\n<td style=\"width: 335px;\">Costa Adeje<\/td>\n<td style=\"width: 243px;\">H\u00f4tel Las Madrigueras*****<\/td>\n<td style=\"width: 97px;\">15 minutes<\/td>\n<\/tr>\n<tr>\n<td style=\"width: 78px;\"><strong>Jour 4 :<\/strong><\/td>\n<td style=\"width: 335px;\">Golf del Sur<br \/>\nD\u00e9part pour l&rsquo;a\u00e9roport de Tenerife-Sud<\/td>\n<td style=\"width: 243px;\">\u00a0<\/td>\n<td style=\"width: 97px;\">15 minutes<br \/>\n15 minutes<\/td>\n<\/tr>\n<\/tbody>\n<\/table>\n<p>&nbsp;<\/p>\n<div class=\"one-third first\" style=\"text-align: center;\"><a class=\"button\" href=\"https:\/\/www.golftravellers.com\/fr\/nous-contacter\/reserver-votre-sejour\/\">R\u00e9server<\/a><\/div>\n<div class=\"one-third\" style=\"text-align: center;\"><a class=\"button\" href=\"https:\/\/www.golftravellers.com\/fr\/nous-contacter\/personnaliser-votre-sejour\/\">Personnaliser<\/a><\/div>\n<div class=\"one-third\" style=\"text-align: center;\"><a class=\"button\" href=\"https:\/\/www.golftravellers.com\/fr\/nous-contacter\/\">Contactez-nous<\/a><\/div>\n<p>&nbsp;<\/p>\n","protected":false},"excerpt":{"rendered":"<p>550\u20ac Ce tarif comprend : 3 nuits \u00e0 l\u2019h\u00f4tel Las Madrigueras***** Petits d\u00e9jeuners 3\u00a0green fees Las Americas Costa Adeje Golf del Sur 1 location de voiture pour 4 jours \u00a0 R\u00e9server Personnaliser Contactez-nous \u00a0 \u00a0 Nous vous offrons : Service &amp; Assistance 24\/7 En option : Vols, que nous pouvons r\u00e9server pour vous Suppl\u00e9ment pour [&hellip;]<\/p>\n","protected":false},"author":10,"featured_media":35703,"parent":34501,"menu_order":0,"comment_status":"closed","ping_status":"closed","template":"","meta":{"_genesis_hide_title":false,"_genesis_hide_breadcrumbs":false,"_genesis_hide_singular_image":false,"_genesis_hide_footer_widgets":false,"_genesis_custom_body_class":"","_genesis_custom_post_class":"","_genesis_layout":"","footnotes":""},"class_list":{"0":"post-35339","1":"page","2":"type-page","3":"status-publish","4":"has-post-thumbnail","6":"entry"},"_links":{"self":[{"href":"https:\/\/www.golftravellers.com\/fr\/wp-json\/wp\/v2\/pages\/35339","targetHints":{"allow":["GET"]}}],"collection":[{"href":"https:\/\/www.golftravellers.com\/fr\/wp-json\/wp\/v2\/pages"}],"about":[{"href":"https:\/\/www.golftravellers.com\/fr\/wp-json\/wp\/v2\/types\/page"}],"author":[{"embeddable":true,"href":"https:\/\/www.golftravellers.com\/fr\/wp-json\/wp\/v2\/users\/10"}],"replies":[{"embeddable":true,"href":"https:\/\/www.golftravellers.com\/fr\/wp-json\/wp\/v2\/comments?post=35339"}],"version-history":[{"count":8,"href":"https:\/\/www.golftravellers.com\/fr\/wp-json\/wp\/v2\/pages\/35339\/revisions"}],"predecessor-version":[{"id":41276,"href":"https:\/\/www.golftravellers.com\/fr\/wp-json\/wp\/v2\/pages\/35339\/revisions\/41276"}],"up":[{"embeddable":true,"href":"https:\/\/www.golftravellers.com\/fr\/wp-json\/wp\/v2\/pages\/34501"}],"wp:featuredmedia":[{"embeddable":true,"href":"https:\/\/www.golftravellers.com\/fr\/wp-json\/wp\/v2\/media\/35703"}],"wp:attachment":[{"href":"https:\/\/www.golftravellers.com\/fr\/wp-json\/wp\/v2\/media?parent=35339"}],"curies":[{"name":"wp","href":"https:\/\/api.w.org\/{rel}","templated":true}]}}