{"id":35111,"date":"2017-04-10T16:44:52","date_gmt":"2017-04-10T15:44:52","guid":{"rendered":"http:\/\/www.golftravellers.com\/?page_id=35111\/"},"modified":"2025-07-17T13:03:29","modified_gmt":"2025-07-17T12:03:29","slug":"golf-a-chypre","status":"publish","type":"page","link":"https:\/\/www.golftravellers.com\/fr\/destinations\/golf-a-chypre\/","title":{"rendered":"Golf \u00e0 Chypre"},"content":{"rendered":"<p><em>Organisez vos vacances de golf \u00e0 Chypre\u00a0avec l\u2019\u00e9quipe fran\u00e7aise de Golf Travellers.<\/em><\/p>\n<p><img loading=\"lazy\" decoding=\"async\" class=\"wp-image-35136 size-medium alignright\" src=\"https:\/\/www.golftravellers.com\/wp-content\/uploads\/2017\/03\/chypre-carte-drapeau-300x180.png\" alt=\"Chypre\" width=\"300\" height=\"180\" srcset=\"https:\/\/www.golftravellers.com\/wp-content\/uploads\/2017\/03\/chypre-carte-drapeau-300x180.png 300w, https:\/\/www.golftravellers.com\/wp-content\/uploads\/2017\/03\/chypre-carte-drapeau-768x461.png 768w, https:\/\/www.golftravellers.com\/wp-content\/uploads\/2017\/03\/chypre-carte-drapeau-1024x615.png 1024w\" sizes=\"auto, (max-width: 300px) 100vw, 300px\" \/>Chypre, au sud-est de la M\u00e9diterran\u00e9e, dont elle est la troisi\u00e8me \u00eele par ordre de grandeur, est une destination pris\u00e9e par les golfeurs. Elle jouit d\u2019un climat m\u00e9diterran\u00e9en. Ainsi, les \u00e9t\u00e9s sont tr\u00e8s chauds et secs et les hivers sont frais et plut\u00f4t instables. Sur le sol chypriote, vous trouverez cinq tr\u00e8s beaux golfs. L\u2019\u00eele offre une grande vari\u00e9t\u00e9 de paysages avec ses plages et ses magnifiques parcs nationaux comme le parc national\u00a0 forestier de Troodos .<br \/>\nNous r\u00e9alisons des voyages golfiques \u00e0 Chypre sur mesure en fonction de vos crit\u00e8res. Notre agence vous propose de nombreux forfaits compl\u00e8tement modifiables pour les groupes, les individuels et les pros. Notre \u00e9quipe s&rsquo;engage \u00e0 vous fournir un excellent service, une s\u00e9curit\u00e9 financi\u00e8re et le meilleur rapport qualit\u00e9\/prix.<br \/>\nNous vous invitons \u00e0 visiter notre site internet pour d\u00e9couvrir nos offres et prendre connaissance des meilleurs parcours en utilisant notre carte.<\/p>\n<p><a href=\"https:\/\/www.golftravellers.com\/fr\/nous-contacter\/\">Contactez-nous<\/a> pour organiser votre voyage de golf \u00e0 Chypre !<\/p>\n<p>D\u00e9couvrez notre s\u00e9lection de s\u00e9jours de golf \u00e0 Chypre. Toutes ces offres sont modifiables. Merci de nous contacter pour une demande de devis ou pour effectuer une r\u00e9servation.<\/p>\n<table class=\"highlight\">\n<tbody>\n<tr>\n<td class=\"border\"><a href=\"https:\/\/www.golftravellers.com\/fr\/destinations\/golf-a-chypre\/court-sejour-de-golf-a-paphos\/\"><img loading=\"lazy\" decoding=\"async\" class=\"alignnone wp-image-36048 size-full\" style=\"border-bottom: thick solid #fff;\" src=\"https:\/\/www.golftravellers.com\/wp-content\/uploads\/2017\/04\/elea-golf-parcours-chypre.jpg\" alt=\"Elea Golf Chypre\" width=\"350\" height=\"208\" srcset=\"https:\/\/www.golftravellers.com\/wp-content\/uploads\/2017\/04\/elea-golf-parcours-chypre.jpg 350w, https:\/\/www.golftravellers.com\/wp-content\/uploads\/2017\/04\/elea-golf-parcours-chypre-300x178.jpg 300w\" sizes=\"auto, (max-width: 350px) 100vw, 350px\" \/><\/a><\/p>\n<p style=\"text-align: center;\"><span style=\"font-size: 12pt;\"><a href=\"https:\/\/www.golftravellers.com\/fr\/destinations\/golf-a-chypre\/court-sejour-de-golf-a-paphos\/\"><strong>Court s\u00e9jour de golf \u00e0\u00a0Paphos<\/strong><\/a><\/span><br \/>\n<span style=\"font-size: 10pt;\"><a href=\"https:\/\/www.golftravellers.com\/fr\/destinations\/golf-a-chypre\/court-sejour-de-golf-a-paphos\/\">El\u00e9a,\u00a0Aphrodite Hills, Secret Valley<\/a><\/span><br \/>\n<a href=\"https:\/\/www.golftravellers.com\/fr\/destinations\/golf-a-chypre\/court-sejour-de-golf-a-paphos\/\"><strong><span style=\"font-size: 16px;\">A partir de<\/span>\u00a0<span style=\"font-size: 18pt;\">550\u20ac<\/span><\/strong><\/a><\/p>\n<\/td>\n<td class=\"noborder\" style=\"border-bottom: 0;\"><\/td>\n<td class=\"border\"><a href=\"https:\/\/www.golftravellers.com\/fr\/destinations\/golf-a-chypre\/5-nuits-a-paphos-avec-3-parcours-de-golf\/\"><img loading=\"lazy\" decoding=\"async\" class=\"alignnone size-full wp-image-38333\" style=\"border-bottom: thick solid #fff;\" src=\"https:\/\/www.golftravellers.com\/wp-content\/uploads\/2017\/04\/Secret-Valley-Golf-Chypre-2.jpg\" alt=\"Golf de Chypre\" width=\"350\" height=\"208\" srcset=\"https:\/\/www.golftravellers.com\/wp-content\/uploads\/2017\/04\/Secret-Valley-Golf-Chypre-2.jpg 350w, https:\/\/www.golftravellers.com\/wp-content\/uploads\/2017\/04\/Secret-Valley-Golf-Chypre-2-300x178.jpg 300w\" sizes=\"auto, (max-width: 350px) 100vw, 350px\" \/><\/a><\/p>\n<p style=\"text-align: center;\"><span style=\"font-size: 12pt;\"><a href=\"https:\/\/www.golftravellers.com\/fr\/destinations\/golf-a-chypre\/5-nuits-a-paphos-avec-3-parcours-de-golf\/\"><strong>S\u00e9jour de 5 nuits avec trois parcours<\/strong><\/a><\/span><br \/>\n<span style=\"font-size: 10pt;\"><a href=\"https:\/\/www.golftravellers.com\/fr\/destinations\/golf-a-chypre\/5-nuits-a-paphos-avec-3-parcours-de-golf\/\">Secret Valley, El\u00e9a,\u00a0Minthis Hills<\/a><\/span><br \/>\n<a href=\"https:\/\/www.golftravellers.com\/fr\/destinations\/golf-a-chypre\/5-nuits-a-paphos-avec-3-parcours-de-golf\/\"><strong><span style=\"font-size: 12pt;\">A partir de <\/span><span style=\"font-size: 18pt;\">625\u20ac<\/span><\/strong><\/a><\/p>\n<\/td>\n<td class=\"noborder\"><\/td>\n<td class=\"border\">\n<p style=\"text-align: center;\"><a href=\"https:\/\/www.golftravellers.com\/fr\/destinations\/golf-a-chypre\/forfait-5-nuits-a-chypre\/\"><img loading=\"lazy\" decoding=\"async\" class=\"alignnone size-full wp-image-38339\" style=\"border-bottom: thick solid #fff;\" src=\"https:\/\/www.golftravellers.com\/wp-content\/uploads\/2017\/04\/Aphrodite-Hills-golf-Chypre-2.jpg\" alt=\"Golf de Aphrodite Hills\" width=\"350\" height=\"208\" srcset=\"https:\/\/www.golftravellers.com\/wp-content\/uploads\/2017\/04\/Aphrodite-Hills-golf-Chypre-2.jpg 350w, https:\/\/www.golftravellers.com\/wp-content\/uploads\/2017\/04\/Aphrodite-Hills-golf-Chypre-2-300x178.jpg 300w\" sizes=\"auto, (max-width: 350px) 100vw, 350px\" \/><\/a><\/p>\n<p style=\"text-align: center;\"><span style=\"font-size: 12pt;\"><a href=\"https:\/\/www.golftravellers.com\/fr\/destinations\/golf-a-chypre\/forfait-5-nuits-a-chypre\/\"><strong>6\u00a0jours\u00a0de golf \u00e0\u00a0Chypre\u00a0<\/strong><\/a><\/span><br \/>\n<span style=\"font-size: 10pt;\"><a href=\"https:\/\/www.golftravellers.com\/fr\/destinations\/golf-a-chypre\/forfait-5-nuits-a-chypre\/\">El\u00e9a, Aphrodite Hills, Secret Valley<\/a><\/span><br \/>\n<a href=\"https:\/\/www.golftravellers.com\/fr\/destinations\/golf-a-chypre\/forfait-5-nuits-a-chypre\/\"><strong><span style=\"font-size: 12pt;\">A partir de <\/span><span style=\"font-size: 18pt;\">745\u20ac<\/span><\/strong><\/a><\/p>\n<\/td>\n<\/tr>\n<\/tbody>\n<\/table>\n<table class=\"highlight\">\n<tbody>\n<tr>\n<td class=\"border\"><a href=\"https:\/\/www.golftravellers.com\/fr\/destinations\/golf-a-chypre\/forfait-8-jours-de-golf-a-chypre\/\"><img loading=\"lazy\" decoding=\"async\" class=\"alignnone size-full wp-image-38345\" style=\"border-bottom: thick solid #fff;\" src=\"https:\/\/www.golftravellers.com\/wp-content\/uploads\/2017\/04\/Secret-Valley-Golf-Chypre-1.jpg\" alt=\"Golf de Secret Valley\" width=\"350\" height=\"208\" srcset=\"https:\/\/www.golftravellers.com\/wp-content\/uploads\/2017\/04\/Secret-Valley-Golf-Chypre-1.jpg 350w, https:\/\/www.golftravellers.com\/wp-content\/uploads\/2017\/04\/Secret-Valley-Golf-Chypre-1-300x178.jpg 300w\" sizes=\"auto, (max-width: 350px) 100vw, 350px\" \/><\/a><\/p>\n<p style=\"text-align: center;\"><span style=\"font-size: 12pt;\"><a href=\"https:\/\/www.golftravellers.com\/fr\/destinations\/golf-a-chypre\/forfait-8-jours-de-golf-a-chypre\/\"><strong>Une semaine de golf \u00e0 Paphos<\/strong><\/a><br \/>\n<span style=\"font-size: 10pt;\"><a href=\"https:\/\/www.golftravellers.com\/fr\/destinations\/golf-a-chypre\/forfait-8-jours-de-golf-a-chypre\/\">El\u00e9a, Aphrodite Hills, Secret Valley<\/a><\/span><br \/>\n<a href=\"https:\/\/www.golftravellers.com\/fr\/destinations\/golf-a-chypre\/forfait-8-jours-de-golf-a-chypre\/\"><strong><span style=\"font-size: 12pt;\">A partir de<\/span>\u00a0<span style=\"font-size: 18pt;\">750\u20ac<\/span><\/strong> <\/a><\/span><\/p>\n<\/td>\n<td class=\"noborder\" style=\"border-bottom: 0;\"><\/td>\n<td class=\"border\"><a href=\"https:\/\/www.golftravellers.com\/fr\/destinations\/golf-a-chypre\/les-meilleurs-parcours-de-golf-a-chypre\/\"><img loading=\"lazy\" decoding=\"async\" class=\"alignnone size-full wp-image-38351\" style=\"border-bottom: thick solid #fff;\" src=\"https:\/\/www.golftravellers.com\/wp-content\/uploads\/2017\/04\/Minthis-Hills-golf-Chypre-1.jpg\" alt=\"Golf de Minthis Hills \u00e0 Chypre\" width=\"350\" height=\"208\" srcset=\"https:\/\/www.golftravellers.com\/wp-content\/uploads\/2017\/04\/Minthis-Hills-golf-Chypre-1.jpg 350w, https:\/\/www.golftravellers.com\/wp-content\/uploads\/2017\/04\/Minthis-Hills-golf-Chypre-1-300x178.jpg 300w\" sizes=\"auto, (max-width: 350px) 100vw, 350px\" \/><\/a><\/p>\n<p style=\"text-align: center;\"><span style=\"font-size: 12pt;\"><a href=\"https:\/\/www.golftravellers.com\/fr\/destinations\/golf-a-chypre\/les-meilleurs-parcours-de-golf-a-chypre\/\"><strong>S\u00e9jour avec les quatre meilleurs parcours<\/strong><\/a><\/span><br \/>\n<span style=\"font-size: 10pt;\"><a href=\"https:\/\/www.golftravellers.com\/fr\/destinations\/golf-a-chypre\/les-meilleurs-parcours-de-golf-a-chypre\/\">El\u00e9a, Aphrodite Hills, Secret Valley,\u00a0Minthis Hills<\/a><\/span><br \/>\n<a href=\"https:\/\/www.golftravellers.com\/fr\/destinations\/golf-a-chypre\/les-meilleurs-parcours-de-golf-a-chypre\/\"><strong><span style=\"font-size: 12pt;\">A partir de <\/span><span style=\"font-size: 18pt;\">970\u20ac<\/span><\/strong><\/a><\/p>\n<\/td>\n<td class=\"noborder\"><\/td>\n<td class=\"border\">\n<p style=\"text-align: center;\"><a href=\"https:\/\/www.golftravellers.com\/fr\/destinations\/golf-a-chypre\/chypre-les-plus-beaux-parcours-de-golf\/\"><img loading=\"lazy\" decoding=\"async\" class=\"alignnone size-full wp-image-38357\" style=\"border-bottom: thick solid #fff;\" src=\"https:\/\/www.golftravellers.com\/wp-content\/uploads\/2017\/04\/Aphrodite-Hills-golf-Chypre-1.jpg\" alt=\"Golf de Aphrodite Hills \u00e0 Chypre\" width=\"350\" height=\"208\" srcset=\"https:\/\/www.golftravellers.com\/wp-content\/uploads\/2017\/04\/Aphrodite-Hills-golf-Chypre-1.jpg 350w, https:\/\/www.golftravellers.com\/wp-content\/uploads\/2017\/04\/Aphrodite-Hills-golf-Chypre-1-300x178.jpg 300w\" sizes=\"auto, (max-width: 350px) 100vw, 350px\" \/><\/a><\/p>\n<p style=\"text-align: center;\"><span style=\"font-size: 12pt;\"><a href=\"https:\/\/www.golftravellers.com\/fr\/destinations\/golf-a-chypre\/chypre-les-plus-beaux-parcours-de-golf\/\"><strong>7 nuits \u00e0 l&rsquo;h\u00f4tel The Annabelle*****<\/strong><\/a><\/span><br \/>\n<span style=\"font-size: 10pt;\"><a href=\"https:\/\/www.golftravellers.com\/fr\/destinations\/golf-a-chypre\/chypre-les-plus-beaux-parcours-de-golf\/\">El\u00e9a, Aphrodite Hills, Secret Valley, Minthis Hills<\/a><\/span><br \/>\n<a href=\"https:\/\/www.golftravellers.com\/fr\/destinations\/golf-a-chypre\/chypre-les-plus-beaux-parcours-de-golf\/\"><strong><span style=\"font-size: 12pt;\">A partir de <\/span><span style=\"font-size: 18pt;\">1115\u20ac<\/span><\/strong><\/a><\/p>\n<\/td>\n<\/tr>\n<\/tbody>\n<\/table>\n<h3><strong>Informations pratiques sur votre voyage<\/strong><strong> :<\/strong><\/h3>\n<table border=\"0\">\n<tbody>\n<tr>\n<td><strong>Meilleures saisons :<\/strong><\/td>\n<td>Le printemps et l&rsquo;automne, voire l&rsquo;hiver<\/td>\n<\/tr>\n<tr>\n<td><strong>Dur\u00e9e de vol :<\/strong><\/td>\n<td>4 heures 30<\/td>\n<\/tr>\n<tr>\n<td><strong>D\u00e9calage horaire :<\/strong><\/td>\n<td>+ 1 heure<\/td>\n<\/tr>\n<tr>\n<td><strong>Monnaie :<\/strong><\/td>\n<td>Euro<\/td>\n<\/tr>\n<tr>\n<td><strong>Langues :<\/strong><\/td>\n<td>Grec, turc et anglais<\/td>\n<\/tr>\n<tr>\n<td><strong>Formalit\u00e9s :<\/strong><\/td>\n<td>Carte d&rsquo;identit\u00e9 ou passeport valables au moins 3 mois apr\u00e8s la date d\u2019entr\u00e9e sur le territoire<\/td>\n<\/tr>\n<\/tbody>\n<\/table>\n<h2>Les parcours de golf \u00e0\u00a0Chypre<\/h2>\n<div class=\"two-thirds first\">\n<p class=\"error\">Basic Google Maps Placemarks erreur : les fichiers JavaScript et\/ou CSS n'ont pas pu \u00eatre chargez. SI vous utilisez la fonction do_shortcode(), vous devez ajouter un filtre \u00e0 votre th\u00e8me. <a href=\"http:\/\/wordpress.org\/extend\/plugins\/basic-google-maps-placemarks\/faq\/\">the FAQ<\/a>Plus de d\u00e9tails.<\/p>\n<\/div>\n<div class=\"one-third\">\n<ul id=\"bgmp_list\" class=\"bgmp_list\"><li id=\"bgmp_list-item-35144\" class=\"bgmp_list-item\">\n\t<h3 class=\"bgmp_list-placemark-title\">\n\t\tAphrodite Hills\n\t\t\t\t\t<span class=\"bgmp_view-on-map-container\">\n\t\t\t\t[<a href=\"javascript:;\" data-marker-id=\"35144\" class=\"bgmp_view-on-map\">\n\t\t\t\t\tVoir sur la carte\t\t\t\t<\/a>]\n\t\t\t<\/span>\n\t\t\t<\/h3>\n\n\t<div class=\"bgmp_list-description\">\n\t\t\t\t<p><a href=\"https:\/\/www.golftravellers.com\/fr\/destinations\/golf-a-chypre\/aphrodite-hills\/\"><img loading=\"lazy\" decoding=\"async\" class=\"wp-image-35169 size-full aligncenter\" src=\"https:\/\/www.golftravellers.com\/wp-content\/uploads\/2017\/03\/aphrodite-hills.jpg\" alt=\"Golf Chypre Aphrodite Hills\" width=\"150\" height=\"100\" \/><\/a><\/p>\n<p><a href=\"https:\/\/www.golftravellers.com\/fr\/destinations\/golf-a-chypre\/aphrodite-hills\/\">Cliquez ici pour voir les images et les informations du parcours<\/a><\/p>\n\t<\/div>\n\n\t<p class=\"bgmp_list-link\">\n\t\t<a href=\"http:\/\/google.com\/maps?q=34.683914,+32.608451\">\n\t\t\t34.683914, 32.608451\t\t<\/a>\n\t<\/p>\n<\/li>\n<li id=\"bgmp_list-item-35145\" class=\"bgmp_list-item\">\n\t<h3 class=\"bgmp_list-placemark-title\">\n\t\tEl\u00e9a\n\t\t\t\t\t<span class=\"bgmp_view-on-map-container\">\n\t\t\t\t[<a href=\"javascript:;\" data-marker-id=\"35145\" class=\"bgmp_view-on-map\">\n\t\t\t\t\tVoir sur la carte\t\t\t\t<\/a>]\n\t\t\t<\/span>\n\t\t\t<\/h3>\n\n\t<div class=\"bgmp_list-description\">\n\t\t\t\t<p><a href=\"https:\/\/www.golftravellers.com\/fr\/destinations\/golf-a-chypre\/elea-golf-club\/\"><img loading=\"lazy\" decoding=\"async\" class=\"wp-image-35162 size-full aligncenter\" src=\"https:\/\/www.golftravellers.com\/wp-content\/uploads\/2017\/03\/el\u00e9a-golf-club.jpg\" alt=\"Golf Chypre El\u00e9a\" width=\"150\" height=\"100\" \/><\/a><\/p>\n<p><a href=\"https:\/\/www.golftravellers.com\/fr\/destinations\/golf-a-chypre\/elea-golf-club\/\">Cliquez ici pour voir les images et les informations du parcours<\/a><\/p>\n\t<\/div>\n\n\t<p class=\"bgmp_list-link\">\n\t\t<a href=\"http:\/\/google.com\/maps?q=34.752808,+32.482592\">\n\t\t\t34.752808, 32.482592\t\t<\/a>\n\t<\/p>\n<\/li>\n<li id=\"bgmp_list-item-35326\" class=\"bgmp_list-item\">\n\t<h3 class=\"bgmp_list-placemark-title\">\n\t\tKorineum\n\t\t\t\t\t<span class=\"bgmp_view-on-map-container\">\n\t\t\t\t[<a href=\"javascript:;\" data-marker-id=\"35326\" class=\"bgmp_view-on-map\">\n\t\t\t\t\tVoir sur la carte\t\t\t\t<\/a>]\n\t\t\t<\/span>\n\t\t\t<\/h3>\n\n\t<div class=\"bgmp_list-description\">\n\t\t\t\t<p><a href=\"https:\/\/www.golftravellers.com\/fr\/destinations\/golf-a-chypre\/korineum\/\"><img loading=\"lazy\" decoding=\"async\" class=\"wp-image-35327 size-full aligncenter\" src=\"https:\/\/www.golftravellers.com\/wp-content\/uploads\/2017\/03\/Korineum-Golf-Country-Club.jpg\" alt=\"Golf Chypre Korineum\" width=\"150\" height=\"100\" \/><\/a><\/p>\n<p><a href=\"https:\/\/www.golftravellers.com\/fr\/destinations\/golf-a-chypre\/korineum\/\">Cliquez ici pour voir les images et les informations du parcours<\/a><\/p>\n\t<\/div>\n\n\t<p class=\"bgmp_list-link\">\n\t\t<a href=\"http:\/\/google.com\/maps?q=35.329261,+33.514346\">\n\t\t\t35.329261, 33.514346\t\t<\/a>\n\t<\/p>\n<\/li>\n<li id=\"bgmp_list-item-35157\" class=\"bgmp_list-item\">\n\t<h3 class=\"bgmp_list-placemark-title\">\n\t\tMinthis Hills\n\t\t\t\t\t<span class=\"bgmp_view-on-map-container\">\n\t\t\t\t[<a href=\"javascript:;\" data-marker-id=\"35157\" class=\"bgmp_view-on-map\">\n\t\t\t\t\tVoir sur la carte\t\t\t\t<\/a>]\n\t\t\t<\/span>\n\t\t\t<\/h3>\n\n\t<div class=\"bgmp_list-description\">\n\t\t\t\t<p><a href=\"https:\/\/www.golftravellers.com\/fr\/destinations\/golf-a-chypre\/minthis-hills\/\"><img loading=\"lazy\" decoding=\"async\" class=\"wp-image-35183 size-full aligncenter\" src=\"https:\/\/www.golftravellers.com\/wp-content\/uploads\/2017\/03\/minthis-hills.jpg\" alt=\"Golf Chypre Minthis Hills\" width=\"150\" height=\"100\" \/><\/a><\/p>\n<p><a href=\"https:\/\/www.golftravellers.com\/fr\/destinations\/golf-a-chypre\/minthis-hills\/\">Cliquez ici pour voir les images et les informations du parcours<\/a><\/p>\n\t<\/div>\n\n\t<p class=\"bgmp_list-link\">\n\t\t<a href=\"http:\/\/google.com\/maps?q=34.823166,+32.496936\">\n\t\t\t34.823166, 32.496936\t\t<\/a>\n\t<\/p>\n<\/li>\n<li id=\"bgmp_list-item-35156\" class=\"bgmp_list-item\">\n\t<h3 class=\"bgmp_list-placemark-title\">\n\t\tSecret Valley\n\t\t\t\t\t<span class=\"bgmp_view-on-map-container\">\n\t\t\t\t[<a href=\"javascript:;\" data-marker-id=\"35156\" class=\"bgmp_view-on-map\">\n\t\t\t\t\tVoir sur la carte\t\t\t\t<\/a>]\n\t\t\t<\/span>\n\t\t\t<\/h3>\n\n\t<div class=\"bgmp_list-description\">\n\t\t\t\t<p><a href=\"https:\/\/www.golftravellers.com\/fr\/destinations\/golf-a-chypre\/secret-valley\/\"><img loading=\"lazy\" decoding=\"async\" class=\"wp-image-35176 size-full aligncenter\" src=\"https:\/\/www.golftravellers.com\/wp-content\/uploads\/2017\/03\/secret-valley-golf-resort.jpg\" alt=\"Golf Chypre Secret Valley\" width=\"150\" height=\"100\" \/><\/a><\/p>\n<p><a href=\"https:\/\/www.golftravellers.com\/fr\/destinations\/golf-a-chypre\/secret-valley\/\">Cliquez ici pour voir les images et les informations du parcours<\/a><\/p>\n\t<\/div>\n\n\t<p class=\"bgmp_list-link\">\n\t\t<a href=\"http:\/\/google.com\/maps?q=34.696696,+32.612585\">\n\t\t\t34.696696, 32.612585\t\t<\/a>\n\t<\/p>\n<\/li>\n<\/ul>\n<\/div>\n<p>L\u2019\u00eele de Chypre-un million d&rsquo;habitants- est plus grande que la Corse mais elle se classe apr\u00e8s la Sicile et la Sardaigne. Son territoire est divis\u00e9 en deux depuis l&rsquo;intervention turque de 1974: la r\u00e9publique grecque de Chypre au sud avec deux grandes bases britanniques, et la r\u00e9publique turque de Chypre au nord. Reconnu uniquement par la Turquie, ce territoire repr\u00e9sente environ 37% de la surface totale de l\u2019\u00eele. Au niveau international, l\u2019\u00eele ne repr\u00e9sente qu\u2019un pays, au sud, la R\u00e9publique de Chypre, qui fait partie de l&rsquo;Union Europ\u00e9enne. Pour vous rendre au nord, il faudra vous munir de documents d\u2019identit\u00e9 en cours de validit\u00e9 et remplir un formulaire.<\/p>\n<p>A Chypre, les langues officielles sont le grec dans la partie sud et le turc dans la partie nord. Cependant, l\u2019anglais est tr\u00e8s largement utilis\u00e9, notamment dans les milieux touristiques et celui des affaires. Cette influence est due, en partie, \u00e0 l\u2019histoire du pays. En effet, l\u2019\u00eele a \u00e9t\u00e9 colonis\u00e9e par les Britanniques. De plus, un nombre important de jeunes \u00e9tudiants chypriotes partent faire leurs \u00e9tudes sup\u00e9rieures \u00e0 l\u2019\u00e9tranger (principalement au Royaume-Uni et aux Etats-Unis).<br \/>\nLa capitale de Chypre est Nicosie. Tout comme l\u2019\u00eele, cette ville est divis\u00e9e en deux. Elle compte environ 200 000 habitants, la deuxi\u00e8me ville, Limassol, compte environ 160 000 habitants. Limassol est le centre \u00e9conomique du pays. Enfin, la ville la plus renomm\u00e9e au niveau arch\u00e9ologique est Paphos, qui poss\u00e8de des sites inscrits au Patrimoine Mondial de l\u2019Unesco depuis 1980. D\u2019autres sites sont aussi inscrits au Patrimoine Mondial de l\u2019Unesco comme les \u00e9glises de la r\u00e9gion de Troodos et de Choirokoitia.<br \/>\nL\u2019\u00eele de Chypre dispose de paysages tr\u00e8s vari\u00e9s, entre plages, plaines et montagnes. Son point culminant est le Mont Olympe, qui s\u2019\u00e9l\u00e8ve \u00e0 1952 m\u00e8tres. C\u2019est gr\u00e2ce \u00e0 ces richesses que le tourisme est l\u2019une des principales activit\u00e9s \u00e9conomiques du pays. Le climat est tr\u00e8s agr\u00e9able au printemps et \u00e0 l\u2019automne.<\/p>\n<p>De par ses relations historiques avec le Royaume-Uni, Chypre dispose de tr\u00e8s beaux terrains de golf. Nous avons s\u00e9lectionn\u00e9 les cinq meilleurs parcours de l\u2019\u00eele. Sur les cinq parcours, quatre sont situ\u00e9s au sud-ouest. Ces parcours sont de grande qualit\u00e9 et leurs emplacements de choix vous permettront d\u2019appr\u00e9cier de superbes paysages entre mer et montagne.<br \/>\nIl est possible de jouer toute l\u2019ann\u00e9e \u00e0 Chypre mais nous vous conseillons d\u2019\u00e9viter les mois trop chauds d\u2019\u00e9t\u00e9 o\u00f9 la temp\u00e9rature monte vite \u00e0 plus de 30 degr\u00e9s.<\/p>\n<p>Pour tout renseignement, n\u2019h\u00e9sitez pas \u00e0 nous contacter. Notre \u00e9quipe se fera un plaisir d&rsquo;organiser votre s\u00e9jour !<\/p>\n<div class=\"one-third\" style=\"text-align: center;\"><\/div>\n<div class=\"one-third first\" style=\"text-align: center;\"><a class=\"button\" href=\"https:\/\/www.golftravellers.com\/fr\/nous-contacter\/\">Contactez-nous<\/a><\/div>\n<div class=\"one-third\" style=\"text-align: center;\"><a class=\"button\" href=\"https:\/\/www.golftravellers.com\/fr\/nous-contacter\/on-vous-rappelle\/\">On vous rappelle<\/a><\/div>\n<div class=\"one-third\" style=\"text-align: center;\"><a class=\"button\" href=\"https:\/\/www.golftravellers.com\/fr\/nous-contacter\/demande-de-devis\/\">Demande de devis<\/a><\/div>\n","protected":false},"excerpt":{"rendered":"<p>Organisez vos vacances de golf \u00e0 Chypre\u00a0avec l\u2019\u00e9quipe fran\u00e7aise de Golf Travellers. Chypre, au sud-est de la M\u00e9diterran\u00e9e, dont elle est la troisi\u00e8me \u00eele par ordre de grandeur, est une destination pris\u00e9e par les golfeurs. Elle jouit d\u2019un climat m\u00e9diterran\u00e9en. Ainsi, les \u00e9t\u00e9s sont tr\u00e8s chauds et secs et les hivers sont frais et plut\u00f4t [&hellip;]<\/p>\n","protected":false},"author":10,"featured_media":38537,"parent":219,"menu_order":0,"comment_status":"closed","ping_status":"closed","template":"","meta":{"_genesis_hide_title":false,"_genesis_hide_breadcrumbs":false,"_genesis_hide_singular_image":false,"_genesis_hide_footer_widgets":false,"_genesis_custom_body_class":"","_genesis_custom_post_class":"","_genesis_layout":"","footnotes":""},"class_list":{"0":"post-35111","1":"page","2":"type-page","3":"status-publish","4":"has-post-thumbnail","6":"entry"},"_links":{"self":[{"href":"https:\/\/www.golftravellers.com\/fr\/wp-json\/wp\/v2\/pages\/35111","targetHints":{"allow":["GET"]}}],"collection":[{"href":"https:\/\/www.golftravellers.com\/fr\/wp-json\/wp\/v2\/pages"}],"about":[{"href":"https:\/\/www.golftravellers.com\/fr\/wp-json\/wp\/v2\/types\/page"}],"author":[{"embeddable":true,"href":"https:\/\/www.golftravellers.com\/fr\/wp-json\/wp\/v2\/users\/10"}],"replies":[{"embeddable":true,"href":"https:\/\/www.golftravellers.com\/fr\/wp-json\/wp\/v2\/comments?post=35111"}],"version-history":[{"count":69,"href":"https:\/\/www.golftravellers.com\/fr\/wp-json\/wp\/v2\/pages\/35111\/revisions"}],"predecessor-version":[{"id":43671,"href":"https:\/\/www.golftravellers.com\/fr\/wp-json\/wp\/v2\/pages\/35111\/revisions\/43671"}],"up":[{"embeddable":true,"href":"https:\/\/www.golftravellers.com\/fr\/wp-json\/wp\/v2\/pages\/219"}],"wp:featuredmedia":[{"embeddable":true,"href":"https:\/\/www.golftravellers.com\/fr\/wp-json\/wp\/v2\/media\/38537"}],"wp:attachment":[{"href":"https:\/\/www.golftravellers.com\/fr\/wp-json\/wp\/v2\/media?parent=35111"}],"curies":[{"name":"wp","href":"https:\/\/api.w.org\/{rel}","templated":true}]}}