{"id":34501,"date":"2017-04-04T09:22:03","date_gmt":"2017-04-04T08:22:03","guid":{"rendered":"http:\/\/www.golftravellers.com\/?page_id=34501\/"},"modified":"2025-07-17T13:49:18","modified_gmt":"2025-07-17T12:49:18","slug":"golf-aux-canaries","status":"publish","type":"page","link":"https:\/\/www.golftravellers.com\/fr\/destinations\/golf-aux-canaries\/","title":{"rendered":"Golf aux Canaries"},"content":{"rendered":"<p><img loading=\"lazy\" decoding=\"async\" class=\"alignright wp-image-33654 size-medium\" src=\"https:\/\/www.golftravellers.com\/wp-content\/uploads\/2017\/03\/Spain-300x222.png\" alt=\"Flag Spain\" width=\"300\" height=\"222\" srcset=\"https:\/\/www.golftravellers.com\/wp-content\/uploads\/2017\/03\/Spain-300x222.png 300w, https:\/\/www.golftravellers.com\/wp-content\/uploads\/2017\/03\/Spain.png 591w\" sizes=\"auto, (max-width: 300px) 100vw, 300px\" \/><em>Organisez vos vacances de golf aux Canaries avec l\u2019\u00e9quipe fran\u00e7aise de Golf Travellers.<\/em><\/p>\n<p>Les Canaries sont situ\u00e9es \u00e0 l\u2019ouest du Maroc, dans l\u2019Oc\u00e9an Atlantique. L&rsquo;archipel est une communaut\u00e9 autonome d&rsquo;Espagne. Les \u00eeles des Canaries b\u00e9n\u00e9ficient d\u2019un climat exceptionnel gr\u00e2ce \u00e0 leur situation g\u00e9ographique. Vous y trouverez, bien \u00e9videmment, de nombreuses plages magnifiques. L\u2019archipel poss\u00e8de de nombreux parcours de golf de qualit\u00e9, dont les plus c\u00e9l\u00e8bres sont le golf d\u2019Abama et le golf del Sur.<br \/>\nNous r\u00e9alisons des voyages de golf aux Canaries sur mesure en fonction de vos crit\u00e8res. Notre agence vous propose de nombreux forfaits compl\u00e8tement modifiables pour les groupes, les individuels et les pros. Notre \u00e9quipe s&rsquo;engage \u00e0 vous fournir un excellent service, une s\u00e9curit\u00e9 financi\u00e8re et le meilleur rapport qualit\u00e9\/prix.<\/p>\n<p>Nous vous invitons \u00e0 visiter notre site internet pour d\u00e9couvrir nos offres et prendre connaissance des meilleurs parcours en utilisant notre carte.<\/p>\n<p><a href=\"https:\/\/www.golftravellers.com\/fr\/nous-contacter\/\">Contactez-nous<\/a> pour organiser votre s\u00e9jour de golf sur mesure aux Canaries.<\/p>\n<div><\/div>\n<div><\/div>\n<div class=\"one-third\" style=\"text-align: center;\"><\/div>\n<div class=\"one-third\" style=\"text-align: center;\"><a class=\"button\" href=\"https:\/\/www.golfespagne.com\/\">D\u00e9couvrez notre site d\u00e9di\u00e9 \u00e0 l&rsquo;Espagne et ses \u00eeles<\/a><\/div>\n<div class=\"one-third\" style=\"text-align: center;\"><\/div>\n<div class=\"one-third\" style=\"text-align: left;\"><\/div>\n<div><\/div>\n<div><\/div>\n<div><\/div>\n<p>D\u00e9couvrez notre s\u00e9lection de s\u00e9jours de golf aux Canaries. Toutes ces offres sont modifiables. Merci de nous contacter pour une demande de devis ou pour effectuer une r\u00e9servation.<\/p>\n<table class=\"highlight\">\n<tbody>\n<tr>\n<td class=\"border\"><a href=\"https:\/\/www.golftravellers.com\/fr\/destinations\/golf-aux-canaries\/weekend-golf-a-tenerife-aux-canaries\/\"><img loading=\"lazy\" decoding=\"async\" class=\"alignnone wp-image-35351 size-full\" style=\"border-bottom: thick solid #fff;\" src=\"https:\/\/www.golftravellers.com\/wp-content\/uploads\/2017\/04\/Las-Americas-3-nuits-\u00e0-Tenerife-aux-Canaries.jpg\" alt=\"Package 3 nuits \u00e0 Tenerife\" width=\"350\" height=\"208\" srcset=\"https:\/\/www.golftravellers.com\/wp-content\/uploads\/2017\/04\/Las-Americas-3-nuits-\u00e0-Tenerife-aux-Canaries.jpg 350w, https:\/\/www.golftravellers.com\/wp-content\/uploads\/2017\/04\/Las-Americas-3-nuits-\u00e0-Tenerife-aux-Canaries-300x178.jpg 300w\" sizes=\"auto, (max-width: 350px) 100vw, 350px\" \/><\/a><\/p>\n<p style=\"text-align: center;\"><a href=\"https:\/\/www.golftravellers.com\/fr\/destinations\/golf-aux-canaries\/weekend-golf-a-tenerife-aux-canaries\/\"><span style=\"font-size: 12pt;\"><strong>3 nuits \u00e0 Tenerife aux Canaries<\/strong><\/span><\/a><br \/>\n<span style=\"font-size: 10pt;\"><a href=\"https:\/\/www.golftravellers.com\/fr\/destinations\/golf-aux-canaries\/weekend-golf-a-tenerife-aux-canaries\/\">Las Americas, Costa Adeje, Golf del Sur<\/a><br \/>\n<\/span><a href=\"https:\/\/www.golftravellers.com\/fr\/destinations\/golf-aux-canaries\/weekend-golf-a-tenerife-aux-canaries\/\"><strong><span style=\"font-size: 16px;\">A partir de<\/span>\u00a0<span style=\"font-size: 18pt;\">550\u20ac<\/span><\/strong><\/a><\/p>\n<\/td>\n<td class=\"noborder\" style=\"border-bottom: 0;\"><\/td>\n<td class=\"border\"><a href=\"https:\/\/www.golftravellers.com\/fr\/destinations\/golf-aux-canaries\/les-meilleurs-golfs-de-grande-canarie\/\"><img loading=\"lazy\" decoding=\"async\" class=\"alignnone wp-image-35357 size-full\" style=\"border-bottom: thick solid #fff; margin-bottom: 0px;\" src=\"https:\/\/www.golftravellers.com\/wp-content\/uploads\/2017\/04\/Anfi-Tauro-4-nuits-\u00e0-Santa-Cruz-de-Tenerife-aux-Canaries.jpg\" alt=\"Package 4 nuits \u00e0 Santa Cruz de Tenerife\" width=\"350\" height=\"208\" srcset=\"https:\/\/www.golftravellers.com\/wp-content\/uploads\/2017\/04\/Anfi-Tauro-4-nuits-\u00e0-Santa-Cruz-de-Tenerife-aux-Canaries.jpg 350w, https:\/\/www.golftravellers.com\/wp-content\/uploads\/2017\/04\/Anfi-Tauro-4-nuits-\u00e0-Santa-Cruz-de-Tenerife-aux-Canaries-300x178.jpg 300w\" sizes=\"auto, (max-width: 350px) 100vw, 350px\" \/><\/a><\/p>\n<p style=\"text-align: center;\"><span style=\"font-size: 12pt;\"><strong><a href=\"https:\/\/www.golftravellers.com\/fr\/destinations\/golf-aux-canaries\/les-meilleurs-golfs-de-grande-canarie\/\">Les meilleurs golfs de Grande Canarie\u00a0<\/a><br \/>\n<\/strong><\/span><a href=\"https:\/\/www.golftravellers.com\/fr\/destinations\/golf-aux-canaries\/les-meilleurs-golfs-de-grande-canarie\/\"><span style=\"font-size: 10pt;\">\u00a0Maspalomas, Lopesan Meloneras,Salobre, Anfi Tauro<\/span><\/a><br \/>\n<a href=\"https:\/\/www.golftravellers.com\/fr\/destinations\/golf-aux-canaries\/les-meilleurs-golfs-de-grande-canarie\/\"><strong><span style=\"font-size: 12pt;\">A partir de <\/span><span style=\"font-size: 18pt;\">880\u20ac<\/span><\/strong><\/a><\/p>\n<\/td>\n<td class=\"noborder\"><\/td>\n<td class=\"border\">\n<p style=\"text-align: center;\"><a href=\"https:\/\/www.golftravellers.com\/fr\/destinations\/golf-aux-canaries\/7-nuits-a\/\"><img loading=\"lazy\" decoding=\"async\" class=\"alignnone wp-image-35363 size-full\" style=\"border-bottom: thick solid #fff;\" src=\"https:\/\/www.golftravellers.com\/wp-content\/uploads\/2017\/04\/Maspalomas-7-nuits-\u00e0-la-d\u00e9couverte-de-Santa-Cruz-de-Tenerife.jpg\" alt=\"Package 7 nuits \u00e0 Santa Cruz de Tenerife\" width=\"350\" height=\"208\" srcset=\"https:\/\/www.golftravellers.com\/wp-content\/uploads\/2017\/04\/Maspalomas-7-nuits-\u00e0-la-d\u00e9couverte-de-Santa-Cruz-de-Tenerife.jpg 350w, https:\/\/www.golftravellers.com\/wp-content\/uploads\/2017\/04\/Maspalomas-7-nuits-\u00e0-la-d\u00e9couverte-de-Santa-Cruz-de-Tenerife-300x178.jpg 300w\" sizes=\"auto, (max-width: 350px) 100vw, 350px\" \/><\/a><\/p>\n<p style=\"text-align: center;\"><a href=\"https:\/\/www.golftravellers.com\/fr\/destinations\/golf-aux-canaries\/7-nuits-a\/\"><span style=\"font-size: 12pt;\"><strong>A la d\u00e9couverte de Maspalomas<\/strong><\/span><\/a><a href=\"https:\/\/www.golftravellers.com\/fr\/destinations\/golf-aux-canaries\/les-meilleurs-golfs-de-grande-canarie\/\"><span style=\"font-size: 12pt;\"><strong>\u00a0<\/strong><\/span><\/a><br \/>\n<a href=\"https:\/\/www.golftravellers.com\/fr\/destinations\/golf-aux-canaries\/7-nuits-a\/\"><span style=\"font-size: 10pt;\">Salobre, Lopesan Meloneras, Maspalomas, Anfi Tauro<\/span><\/a><br \/>\n<a href=\"https:\/\/www.golftravellers.com\/fr\/destinations\/golf-aux-canaries\/7-nuits-a\/\"><strong><span style=\"font-size: 12pt;\">A partir de <\/span><span style=\"font-size: 18pt;\">1090\u20ac<\/span><\/strong><\/a><\/p>\n<\/td>\n<\/tr>\n<\/tbody>\n<\/table>\n<h3><strong>Informations pratiques sur votre voyage<\/strong><strong> :<\/strong><\/h3>\n<table border=\"0\">\n<tbody>\n<tr>\n<td><strong>Meilleure saison :<\/strong><\/td>\n<td>D\u00e9but avril \u00e0 fin juin<\/td>\n<\/tr>\n<tr>\n<td><strong>Dur\u00e9e de vol :<\/strong><\/td>\n<td>4 heures<\/td>\n<\/tr>\n<tr>\n<td><strong>D\u00e9calage horaire :<\/strong><\/td>\n<td>&#8211; 1 heure<\/td>\n<\/tr>\n<tr>\n<td><strong>Monnaie :<\/strong><\/td>\n<td>Euro<\/td>\n<\/tr>\n<tr>\n<td><strong>Langue :<\/strong><\/td>\n<td>Espagnol<\/td>\n<\/tr>\n<tr>\n<td><strong>Formalit\u00e9s :<\/strong><\/td>\n<td>Carte d&rsquo;identit\u00e9 ou passeport en cours de validit\u00e9<\/td>\n<\/tr>\n<\/tbody>\n<\/table>\n<h2>Les parcours de golf aux Canaries<\/h2>\n<div class=\"two-thirds first\">\n<p class=\"error\">Basic Google Maps Placemarks erreur : les fichiers JavaScript et\/ou CSS n'ont pas pu \u00eatre chargez. SI vous utilisez la fonction do_shortcode(), vous devez ajouter un filtre \u00e0 votre th\u00e8me. <a href=\"http:\/\/wordpress.org\/extend\/plugins\/basic-google-maps-placemarks\/faq\/\">the FAQ<\/a>Plus de d\u00e9tails.<\/p>\n<\/div>\n<div class=\"one-third\">\n<ul id=\"bgmp_list\" class=\"bgmp_list\"><li id=\"bgmp_list-item-34502\" class=\"bgmp_list-item\">\n\t<h3 class=\"bgmp_list-placemark-title\">\n\t\tAbama\n\t\t\t\t\t<span class=\"bgmp_view-on-map-container\">\n\t\t\t\t[<a href=\"javascript:;\" data-marker-id=\"34502\" class=\"bgmp_view-on-map\">\n\t\t\t\t\tVoir sur la carte\t\t\t\t<\/a>]\n\t\t\t<\/span>\n\t\t\t<\/h3>\n\n\t<div class=\"bgmp_list-description\">\n\t\t\t\t<p><img loading=\"lazy\" decoding=\"async\" class=\"size-full wp-image-37182 aligncenter\" src=\"https:\/\/www.golftravellers.com\/wp-content\/uploads\/2017\/03\/golf-espagne-abama-bunker.jpg\" alt=\"Parcours Abama\" width=\"150\" height=\"99\" \/><\/p>\n<p>&nbsp;<\/p>\n\t<\/div>\n\n\t<p class=\"bgmp_list-link\">\n\t\t<a href=\"http:\/\/google.com\/maps?q=28.171055,+-16.799496\">\n\t\t\t28.171055, -16.799496\t\t<\/a>\n\t<\/p>\n<\/li>\n<li id=\"bgmp_list-item-34534\" class=\"bgmp_list-item\">\n\t<h3 class=\"bgmp_list-placemark-title\">\n\t\tAmarilla\n\t\t\t\t\t<span class=\"bgmp_view-on-map-container\">\n\t\t\t\t[<a href=\"javascript:;\" data-marker-id=\"34534\" class=\"bgmp_view-on-map\">\n\t\t\t\t\tVoir sur la carte\t\t\t\t<\/a>]\n\t\t\t<\/span>\n\t\t\t<\/h3>\n\n\t<div class=\"bgmp_list-description\">\n\t\t\t\t<p><img loading=\"lazy\" decoding=\"async\" class=\"wp-image-34536 size-full aligncenter\" src=\"https:\/\/www.golftravellers.com\/wp-content\/uploads\/2017\/03\/golf-amarilla.jpg\" alt=\"Amarilla Golf Espagne\" width=\"150\" height=\"99\" \/><\/p>\n\t<\/div>\n\n\t<p class=\"bgmp_list-link\">\n\t\t<a href=\"http:\/\/google.com\/maps?q=28.035111,+-16.618119\">\n\t\t\t28.035111, -16.618119\t\t<\/a>\n\t<\/p>\n<\/li>\n<li id=\"bgmp_list-item-34509\" class=\"bgmp_list-item\">\n\t<h3 class=\"bgmp_list-placemark-title\">\n\t\tAnfi Tauro\n\t\t\t\t\t<span class=\"bgmp_view-on-map-container\">\n\t\t\t\t[<a href=\"javascript:;\" data-marker-id=\"34509\" class=\"bgmp_view-on-map\">\n\t\t\t\t\tVoir sur la carte\t\t\t\t<\/a>]\n\t\t\t<\/span>\n\t\t\t<\/h3>\n\n\t<div class=\"bgmp_list-description\">\n\t\t\t\t<p><img loading=\"lazy\" decoding=\"async\" class=\"size-full wp-image-37262 aligncenter\" src=\"https:\/\/www.golftravellers.com\/wp-content\/uploads\/2017\/04\/golf-espagne-anfi-tauro-roche.jpg\" alt=\"Parcours de golf Anfi Tauro\" width=\"150\" height=\"100\" \/><\/p>\n\t<\/div>\n\n\t<p class=\"bgmp_list-link\">\n\t\t<a href=\"http:\/\/google.com\/maps?q=27.800917,+-15.722192\">\n\t\t\t27.800917, -15.722192\t\t<\/a>\n\t<\/p>\n<\/li>\n<li id=\"bgmp_list-item-34521\" class=\"bgmp_list-item\">\n\t<h3 class=\"bgmp_list-placemark-title\">\n\t\tBuenavista\n\t\t\t\t\t<span class=\"bgmp_view-on-map-container\">\n\t\t\t\t[<a href=\"javascript:;\" data-marker-id=\"34521\" class=\"bgmp_view-on-map\">\n\t\t\t\t\tVoir sur la carte\t\t\t\t<\/a>]\n\t\t\t<\/span>\n\t\t\t<\/h3>\n\n\t<div class=\"bgmp_list-description\">\n\t\t\t\t<p><img loading=\"lazy\" decoding=\"async\" class=\"size-full wp-image-37190 aligncenter\" src=\"https:\/\/www.golftravellers.com\/wp-content\/uploads\/2017\/04\/golf-espagne-buenavista.jpg\" alt=\"Parcours de golf Buenavista\" width=\"150\" height=\"99\" \/><\/p>\n\t<\/div>\n\n\t<p class=\"bgmp_list-link\">\n\t\t<a href=\"http:\/\/google.com\/maps?q=28.370619,+-16.861529\">\n\t\t\t28.370619, -16.861529\t\t<\/a>\n\t<\/p>\n<\/li>\n<li id=\"bgmp_list-item-34523\" class=\"bgmp_list-item\">\n\t<h3 class=\"bgmp_list-placemark-title\">\n\t\tCosta Adeje\n\t\t\t\t\t<span class=\"bgmp_view-on-map-container\">\n\t\t\t\t[<a href=\"javascript:;\" data-marker-id=\"34523\" class=\"bgmp_view-on-map\">\n\t\t\t\t\tVoir sur la carte\t\t\t\t<\/a>]\n\t\t\t<\/span>\n\t\t\t<\/h3>\n\n\t<div class=\"bgmp_list-description\">\n\t\t\t\t<p><img loading=\"lazy\" decoding=\"async\" class=\"size-full wp-image-37256 aligncenter\" src=\"https:\/\/www.golftravellers.com\/wp-content\/uploads\/2017\/04\/golf-costa-adeje-d\u00e9part-joueurs.jpg\" alt=\"Parcours de golf Costa Adeje\" width=\"150\" height=\"99\" \/><\/p>\n\t<\/div>\n\n\t<p class=\"bgmp_list-link\">\n\t\t<a href=\"http:\/\/google.com\/maps?q=28.113620,+-16.749343\">\n\t\t\t28.113620, -16.749343\t\t<\/a>\n\t<\/p>\n<\/li>\n<li id=\"bgmp_list-item-34512\" class=\"bgmp_list-item\">\n\t<h3 class=\"bgmp_list-placemark-title\">\n\t\tEl Cortijo Club de Campo\n\t\t\t\t\t<span class=\"bgmp_view-on-map-container\">\n\t\t\t\t[<a href=\"javascript:;\" data-marker-id=\"34512\" class=\"bgmp_view-on-map\">\n\t\t\t\t\tVoir sur la carte\t\t\t\t<\/a>]\n\t\t\t<\/span>\n\t\t\t<\/h3>\n\n\t<div class=\"bgmp_list-description\">\n\t\t\t\t<p><img loading=\"lazy\" decoding=\"async\" class=\"size-full wp-image-37196 aligncenter\" src=\"https:\/\/www.golftravellers.com\/wp-content\/uploads\/2017\/04\/golf-espagne-el-cortijo.jpg\" alt=\"Parcours d'El Cortijo\" width=\"150\" height=\"91\" \/><\/p>\n\t<\/div>\n\n\t<p class=\"bgmp_list-link\">\n\t\t<a href=\"http:\/\/google.com\/maps?q=28.020160,+-15.406486\">\n\t\t\t28.020160, -15.406486\t\t<\/a>\n\t<\/p>\n<\/li>\n<li id=\"bgmp_list-item-34507\" class=\"bgmp_list-item\">\n\t<h3 class=\"bgmp_list-placemark-title\">\n\t\tGolf del Sur\n\t\t\t\t\t<span class=\"bgmp_view-on-map-container\">\n\t\t\t\t[<a href=\"javascript:;\" data-marker-id=\"34507\" class=\"bgmp_view-on-map\">\n\t\t\t\t\tVoir sur la carte\t\t\t\t<\/a>]\n\t\t\t<\/span>\n\t\t\t<\/h3>\n\n\t<div class=\"bgmp_list-description\">\n\t\t\t\t<p><img loading=\"lazy\" decoding=\"async\" class=\"size-full wp-image-37202 aligncenter\" src=\"https:\/\/www.golftravellers.com\/wp-content\/uploads\/2017\/04\/golf-espagne-golf-del-sur.jpg\" alt=\"Parcours de golf Del Sur\" width=\"150\" height=\"100\" \/><\/p>\n\t<\/div>\n\n\t<p class=\"bgmp_list-link\">\n\t\t<a href=\"http:\/\/google.com\/maps?q=28.031834,+-16.607645\">\n\t\t\t28.031834, -16.607645\t\t<\/a>\n\t<\/p>\n<\/li>\n<li id=\"bgmp_list-item-34517\" class=\"bgmp_list-item\">\n\t<h3 class=\"bgmp_list-placemark-title\">\n\t\tLas Am\u00e9ricas\n\t\t\t\t\t<span class=\"bgmp_view-on-map-container\">\n\t\t\t\t[<a href=\"javascript:;\" data-marker-id=\"34517\" class=\"bgmp_view-on-map\">\n\t\t\t\t\tVoir sur la carte\t\t\t\t<\/a>]\n\t\t\t<\/span>\n\t\t\t<\/h3>\n\n\t<div class=\"bgmp_list-description\">\n\t\t\t\t<p><img loading=\"lazy\" decoding=\"async\" class=\"size-full wp-image-37208 aligncenter\" src=\"https:\/\/www.golftravellers.com\/wp-content\/uploads\/2017\/04\/golf-espagne-las-americas.jpg\" alt=\"Parcours de golf Las Americas\" width=\"150\" height=\"99\" \/><\/p>\n\t<\/div>\n\n\t<p class=\"bgmp_list-link\">\n\t\t<a href=\"http:\/\/google.com\/maps?q=28.062712,+-16.718435\">\n\t\t\t28.062712, -16.718435\t\t<\/a>\n\t<\/p>\n<\/li>\n<li id=\"bgmp_list-item-34530\" class=\"bgmp_list-item\">\n\t<h3 class=\"bgmp_list-placemark-title\">\n\t\tLas Palmas\n\t\t\t\t\t<span class=\"bgmp_view-on-map-container\">\n\t\t\t\t[<a href=\"javascript:;\" data-marker-id=\"34530\" class=\"bgmp_view-on-map\">\n\t\t\t\t\tVoir sur la carte\t\t\t\t<\/a>]\n\t\t\t<\/span>\n\t\t\t<\/h3>\n\n\t<div class=\"bgmp_list-description\">\n\t\t\t\t<p><img loading=\"lazy\" decoding=\"async\" class=\"size-full wp-image-37214 aligncenter\" src=\"https:\/\/www.golftravellers.com\/wp-content\/uploads\/2017\/04\/golf-espagne-las-palmas.jpg\" alt=\"Parcours de golf de Las Palmas\" width=\"150\" height=\"100\" \/><\/p>\n\t<\/div>\n\n\t<p class=\"bgmp_list-link\">\n\t\t<a href=\"http:\/\/google.com\/maps?q=28.389044,+-13.873299\">\n\t\t\t28.389044, -13.873299\t\t<\/a>\n\t<\/p>\n<\/li>\n<li id=\"bgmp_list-item-34532\" class=\"bgmp_list-item\">\n\t<h3 class=\"bgmp_list-placemark-title\">\n\t\tLopesan Meloneras\n\t\t\t\t\t<span class=\"bgmp_view-on-map-container\">\n\t\t\t\t[<a href=\"javascript:;\" data-marker-id=\"34532\" class=\"bgmp_view-on-map\">\n\t\t\t\t\tVoir sur la carte\t\t\t\t<\/a>]\n\t\t\t<\/span>\n\t\t\t<\/h3>\n\n\t<div class=\"bgmp_list-description\">\n\t\t\t\t<p><img loading=\"lazy\" decoding=\"async\" class=\"size-full wp-image-37220 aligncenter\" src=\"https:\/\/www.golftravellers.com\/wp-content\/uploads\/2017\/04\/golf-espagne-lopesan-meloneras.jpg\" alt=\"Parcours de Lospesan Meloneras\" width=\"150\" height=\"100\" \/><\/p>\n\t<\/div>\n\n\t<p class=\"bgmp_list-link\">\n\t\t<a href=\"http:\/\/google.com\/maps?q=27.751289,+-15.617049\">\n\t\t\t27.751289, -15.617049\t\t<\/a>\n\t<\/p>\n<\/li>\n<li id=\"bgmp_list-item-34519\" class=\"bgmp_list-item\">\n\t<h3 class=\"bgmp_list-placemark-title\">\n\t\tMaspalomas\n\t\t\t\t\t<span class=\"bgmp_view-on-map-container\">\n\t\t\t\t[<a href=\"javascript:;\" data-marker-id=\"34519\" class=\"bgmp_view-on-map\">\n\t\t\t\t\tVoir sur la carte\t\t\t\t<\/a>]\n\t\t\t<\/span>\n\t\t\t<\/h3>\n\n\t<div class=\"bgmp_list-description\">\n\t\t\t\t<p><img loading=\"lazy\" decoding=\"async\" class=\"size-full wp-image-37226 aligncenter\" src=\"https:\/\/www.golftravellers.com\/wp-content\/uploads\/2017\/04\/golf-espagne-maspalomas.jpg\" alt=\"Parcours de Maspalomas\" width=\"150\" height=\"100\" \/><\/p>\n\t<\/div>\n\n\t<p class=\"bgmp_list-link\">\n\t\t<a href=\"http:\/\/google.com\/maps?q=27.750191,+-15.587937\">\n\t\t\t27.750191, -15.587937\t\t<\/a>\n\t<\/p>\n<\/li>\n<li id=\"bgmp_list-item-34528\" class=\"bgmp_list-item\">\n\t<h3 class=\"bgmp_list-placemark-title\">\n\t\tSalobre (Norte)\n\t\t\t\t\t<span class=\"bgmp_view-on-map-container\">\n\t\t\t\t[<a href=\"javascript:;\" data-marker-id=\"34528\" class=\"bgmp_view-on-map\">\n\t\t\t\t\tVoir sur la carte\t\t\t\t<\/a>]\n\t\t\t<\/span>\n\t\t\t<\/h3>\n\n\t<div class=\"bgmp_list-description\">\n\t\t\t\t<p><img loading=\"lazy\" decoding=\"async\" class=\"size-full wp-image-37232 aligncenter\" src=\"https:\/\/www.golftravellers.com\/wp-content\/uploads\/2017\/04\/golf-espagne-salobre-nord.jpg\" alt=\"Parcours de Salobre Nord\" width=\"150\" height=\"100\" \/><\/p>\n\t<\/div>\n\n\t<p class=\"bgmp_list-link\">\n\t\t<a href=\"http:\/\/google.com\/maps?q=27.781953,+-15.649161\">\n\t\t\t27.781953, -15.649161\t\t<\/a>\n\t<\/p>\n<\/li>\n<li id=\"bgmp_list-item-34526\" class=\"bgmp_list-item\">\n\t<h3 class=\"bgmp_list-placemark-title\">\n\t\tSalobre (Sur)\n\t\t\t\t\t<span class=\"bgmp_view-on-map-container\">\n\t\t\t\t[<a href=\"javascript:;\" data-marker-id=\"34526\" class=\"bgmp_view-on-map\">\n\t\t\t\t\tVoir sur la carte\t\t\t\t<\/a>]\n\t\t\t<\/span>\n\t\t\t<\/h3>\n\n\t<div class=\"bgmp_list-description\">\n\t\t\t\t<p><img loading=\"lazy\" decoding=\"async\" class=\"size-full wp-image-37238 aligncenter\" src=\"https:\/\/www.golftravellers.com\/wp-content\/uploads\/2017\/04\/golf-espagne-salobre-sud.jpg\" alt=\"\" width=\"150\" height=\"100\" \/><\/p>\n\t<\/div>\n\n\t<p class=\"bgmp_list-link\">\n\t\t<a href=\"http:\/\/google.com\/maps?q=27.781953,+-15.649161\">\n\t\t\t27.781953, -15.649161\t\t<\/a>\n\t<\/p>\n<\/li>\n<li id=\"bgmp_list-item-34515\" class=\"bgmp_list-item\">\n\t<h3 class=\"bgmp_list-placemark-title\">\n\t\tTecina\n\t\t\t\t\t<span class=\"bgmp_view-on-map-container\">\n\t\t\t\t[<a href=\"javascript:;\" data-marker-id=\"34515\" class=\"bgmp_view-on-map\">\n\t\t\t\t\tVoir sur la carte\t\t\t\t<\/a>]\n\t\t\t<\/span>\n\t\t\t<\/h3>\n\n\t<div class=\"bgmp_list-description\">\n\t\t\t\t<p><img loading=\"lazy\" decoding=\"async\" class=\"size-full wp-image-37244 aligncenter\" src=\"https:\/\/www.golftravellers.com\/wp-content\/uploads\/2017\/04\/golf-espagne-tecina.jpg\" alt=\"Parcours de Tecina\" width=\"150\" height=\"99\" \/><\/p>\n\t<\/div>\n\n\t<p class=\"bgmp_list-link\">\n\t\t<a href=\"http:\/\/google.com\/maps?q=28.032911,+-17.185450\">\n\t\t\t28.032911, -17.185450\t\t<\/a>\n\t<\/p>\n<\/li>\n<\/ul>\n<\/div>\n<p>Les \u00eeles Canaries sont une destination id\u00e9ale pour jouer au golf. Situ\u00e9es au large des c\u00f4tes marocaines, les \u00eeles Canaries disposent d\u2019un climat subtropical tr\u00e8s appr\u00e9ciable avec une temp\u00e9rature annuelle moyenne de 22\u00b0C, le thermom\u00e8tre descend rarement sous les 15 degr\u00e9s en hiver. Les fortes pr\u00e9cipitations se localisent surtout sur les \u00eeles poss\u00e9dant des montagnes. Pour les \u00eeles poss\u00e9dant moins de relief, le vent se l\u00e8ve souvent en \u00e9t\u00e9, c\u2019est le sirocco. Le sirocco \u00e9tant un vent chaud venant du Sahara, il apporte une chaleur agr\u00e9able. En r\u00e9sum\u00e9, le climat printanier qui r\u00e8gne continuellement sur les Canaries est la cons\u00e9quence des vents d\u2019aliz\u00e9s et des courants marins froids de l\u2019Atlantique. Nous vous recommandons donc de partir principalement entre d\u00e9but avril et fin juin pour profiter pleinement de votre s\u00e9jour golfique. Si vous avez peur d\u2019une trop forte affluence lors de cette p\u00e9riode, les mois de mai et de septembre sont tout aussi agr\u00e9ables et beaucoup plus calmes.<br \/>\nAvec ses paysages volcaniques et ses for\u00eats verdoyantes, l&rsquo;archipel des Canaries vous invite \u00e0 la d\u00e9couverte de nombreux parcs nationaux. La plus grande \u00eele est Tenerife, le sud de cette \u00eele est tout particuli\u00e8rement appr\u00e9ci\u00e9 des touristes gr\u00e2ce \u00e0 de tr\u00e8s beaux h\u00f4tels 5 \u00e9toiles. En effet, Playa de Las Americas regroupe certains des plus beaux h\u00f4tels de l\u2019\u00eele dont l\u2019h\u00f4tel Las Madrigueras qui donne un acc\u00e8s direct sur le golf Las Americas.<\/p>\n<p>Il est possible de jouer sur les diff\u00e9rentes \u00eeles des Canaries. Sur la principale, \u00e0 savoir Tenerife, plusieurs options s\u2019offrent \u00e0 vous. Parmi celles-ci, le golf Las Americas, \u00e9voqu\u00e9 plus haut, est un des golfs les plus pl\u00e9biscit\u00e9s de l\u2019\u00eele. Cr\u00e9\u00e9 en 1998, ce golf est travers\u00e9 par un cours d\u2019eau, des ravins et plusieurs lacs. Sur pr\u00e8s de la moiti\u00e9 des trous, vous serez confront\u00e9 \u00e0 des obstacles d\u2019eau. C\u2019est un magnifique parcours \u00e0 d\u00e9couvrir.<br \/>\nLe golf Abama est l\u2019un des plus prestigieux des \u00eeles Canaries. Gr\u00e2ce \u00e0 ses nombreux panoramas, le parcours jouit d\u2019une esth\u00e9tique exceptionnelle. Les nombreuses vues sur l\u2019Oc\u00e9an Atlantique, sur l\u2019\u00eele de Gomera, ainsi que sur la citadelle en terre cuite, inspir\u00e9e par l\u2019architecture mauresque sont tout simplement superbes. Ses bunkers de sable blanc, ses milliers de palmiers et ses dizaines de lacs en font un parcours technique. Le relief varie constamment ce qui ravira les golfeurs amateurs comme les professionnels.<br \/>\nLe golf del Sur est proche de l\u2019a\u00e9roport de la c\u00f4te sud de Tenerife. Il est compos\u00e9 de trois 9 trous, ce qui permet des combinaisons de jeu vari\u00e9es. Pr\u00e8s de la c\u00f4te et bord\u00e9 de palmiers et de cactus, chaque trou offre une vue panoramique remarquable. L\u2019\u00e9l\u00e9ment le plus intriguant reste ses bunkers de sable volcanique noir qui contrastent avec la couleur verte \u00e9clatante du terrain. Enfin, ses greens redoutables et les vents incertains de l\u2019Atlantique en font \u00e0 la fois un golf technique et esth\u00e9tique.<\/p>\n<p>Pour vous rendre aux Canaries, des liaisons a\u00e9riennes quotidiennes vous sont propos\u00e9es.<\/p>\n<p>Pas moins de quatorze tr\u00e8s beaux golfs sont \u00e0 d\u00e9couvrir aux \u00eeles Canaries, alors n\u2019h\u00e9sitez pas \u00e0 nous contacter pour plus de renseignements .<\/p>\n<div class=\"one-third first\" style=\"text-align: center;\"><a class=\"button\" href=\"https:\/\/www.golftravellers.com\/fr\/nous-contacter\/\">Contactez-nous<\/a><\/div>\n<div class=\"one-third\" style=\"text-align: center;\"><a class=\"button\" href=\"https:\/\/www.golftravellers.com\/fr\/nous-contacter\/on-vous-rappelle\/\">On vous rappelle<\/a><\/div>\n<div class=\"one-third\" style=\"text-align: center;\"><a class=\"button\" href=\"https:\/\/www.golftravellers.com\/fr\/nous-contacter\/demande-de-devis\/\">Demande de devis<\/a><\/div>\n<div class=\"one-third\" style=\"text-align: center;\"><\/div>\n<div class=\"one-third\" style=\"text-align: left;\"><\/div>\n<div><\/div>\n<div><\/div>\n","protected":false},"excerpt":{"rendered":"<p>Organisez vos vacances de golf aux Canaries avec l\u2019\u00e9quipe fran\u00e7aise de Golf Travellers. Les Canaries sont situ\u00e9es \u00e0 l\u2019ouest du Maroc, dans l\u2019Oc\u00e9an Atlantique. L&rsquo;archipel est une communaut\u00e9 autonome d&rsquo;Espagne. Les \u00eeles des Canaries b\u00e9n\u00e9ficient d\u2019un climat exceptionnel gr\u00e2ce \u00e0 leur situation g\u00e9ographique. Vous y trouverez, bien \u00e9videmment, de nombreuses plages magnifiques. L\u2019archipel poss\u00e8de de [&hellip;]<\/p>\n","protected":false},"author":10,"featured_media":34586,"parent":219,"menu_order":0,"comment_status":"closed","ping_status":"closed","template":"","meta":{"_genesis_hide_title":false,"_genesis_hide_breadcrumbs":false,"_genesis_hide_singular_image":false,"_genesis_hide_footer_widgets":false,"_genesis_custom_body_class":"","_genesis_custom_post_class":"","_genesis_layout":"","footnotes":""},"class_list":{"0":"post-34501","1":"page","2":"type-page","3":"status-publish","4":"has-post-thumbnail","6":"entry"},"_links":{"self":[{"href":"https:\/\/www.golftravellers.com\/fr\/wp-json\/wp\/v2\/pages\/34501","targetHints":{"allow":["GET"]}}],"collection":[{"href":"https:\/\/www.golftravellers.com\/fr\/wp-json\/wp\/v2\/pages"}],"about":[{"href":"https:\/\/www.golftravellers.com\/fr\/wp-json\/wp\/v2\/types\/page"}],"author":[{"embeddable":true,"href":"https:\/\/www.golftravellers.com\/fr\/wp-json\/wp\/v2\/users\/10"}],"replies":[{"embeddable":true,"href":"https:\/\/www.golftravellers.com\/fr\/wp-json\/wp\/v2\/comments?post=34501"}],"version-history":[{"count":46,"href":"https:\/\/www.golftravellers.com\/fr\/wp-json\/wp\/v2\/pages\/34501\/revisions"}],"predecessor-version":[{"id":43686,"href":"https:\/\/www.golftravellers.com\/fr\/wp-json\/wp\/v2\/pages\/34501\/revisions\/43686"}],"up":[{"embeddable":true,"href":"https:\/\/www.golftravellers.com\/fr\/wp-json\/wp\/v2\/pages\/219"}],"wp:featuredmedia":[{"embeddable":true,"href":"https:\/\/www.golftravellers.com\/fr\/wp-json\/wp\/v2\/media\/34586"}],"wp:attachment":[{"href":"https:\/\/www.golftravellers.com\/fr\/wp-json\/wp\/v2\/media?parent=34501"}],"curies":[{"name":"wp","href":"https:\/\/api.w.org\/{rel}","templated":true}]}}