{"id":34453,"date":"2017-04-05T09:32:17","date_gmt":"2017-04-05T08:32:17","guid":{"rendered":"http:\/\/www.golftravellers.com\/?page_id=34453\/"},"modified":"2025-07-17T13:32:58","modified_gmt":"2025-07-17T12:32:58","slug":"golf-aux-acores","status":"publish","type":"page","link":"https:\/\/www.golftravellers.com\/fr\/destinations\/golf-aux-acores\/","title":{"rendered":"Golf aux A\u00e7ores"},"content":{"rendered":"<p><img loading=\"lazy\" decoding=\"async\" class=\"alignnone  wp-image-26783 alignright\" src=\"https:\/\/www.golftravellers.com\/wp-content\/uploads\/2015\/09\/Portugal.png\" alt=\"Map and flag of Portugal\" width=\"165\" height=\"341\" srcset=\"https:\/\/www.golftravellers.com\/wp-content\/uploads\/2015\/09\/Portugal.png 571w, https:\/\/www.golftravellers.com\/wp-content\/uploads\/2015\/09\/Portugal-145x300.png 145w, https:\/\/www.golftravellers.com\/wp-content\/uploads\/2015\/09\/Portugal-495x1024.png 495w\" sizes=\"auto, (max-width: 165px) 100vw, 165px\" \/><em>Organisez vos vacances de golf aux A\u00e7ores avec l\u2019\u00e9quipe fran\u00e7aise de Golf Travellers.<\/em><\/p>\n<p>L\u2019archipel des A\u00e7ores appartient au Portugal. Cet ensemble d\u2019\u00eeles, situ\u00e9 dans l\u2019Oc\u00e9an Atlantique, abrite deux terrains de golf de qualit\u00e9 : Batalha et Furnas. Les deux parcours profitent d\u2019un relief atypique issu de l\u2019origine volcanique des \u00eeles. Les paysages sont \u00e0 couper le souffle avec la roche noire caract\u00e9ristique et les nombreuses vues sur l\u2019oc\u00e9an.<br \/>\nL\u2019archipel des A\u00e7ores est l\u2019endroit id\u00e9al pour jouer au golf. Son climat est \u00e0 la fois doux et humide tout au long de l\u2019ann\u00e9e, ce qui en fait une destination privil\u00e9gi\u00e9e.<br \/>\nNous r\u00e9alisons des voyages de golf aux A\u00e7ores sur mesure en fonction de vos crit\u00e8res. Notre \u00e9quipe s&rsquo;engage \u00e0 vous fournir un excellent service, une s\u00e9curit\u00e9 financi\u00e8re et le meilleur rapport qualit\u00e9\/prix pour votre s\u00e9jour. Notre agence vous propose de nombreux forfaits compl\u00e8tement modifiables pour les groupes, les individuels et les pros.<\/p>\n<p>Nous vous invitons \u00e0 visiter notre site internet pour d\u00e9couvrir nos offres et prendre connaissance des parcours en utilisant notre carte.<\/p>\n<p><a href=\"https:\/\/www.golftravellers.com\/fr\/nous-contacter\/\">Contactez-nous<\/a> pour organiser votre s\u00e9jour de golf sur mesure aux A\u00e7ores\u00a0!<\/p>\n<div><\/div>\n<div><\/div>\n<div class=\"one-third\" style=\"text-align: center;\"><\/div>\n<div class=\"one-third\" style=\"text-align: center;\"><a class=\"button\" href=\"https:\/\/www.golfportugal.com\/\">D\u00e9couvrez notre site d\u00e9di\u00e9 au Portugal et ses \u00eeles<\/a><\/div>\n<div class=\"one-third\" style=\"text-align: center;\"><\/div>\n<div class=\"one-third\" style=\"text-align: left;\"><\/div>\n<div><\/div>\n<div><\/div>\n<div><\/div>\n<p>D\u00e9couvrez notre s\u00e9lection de s\u00e9jours de golf aux A\u00e7ores. Toutes ces offres sont modifiables. Merci de nous contacter pour une demande de devis ou pour effectuer une r\u00e9servation.<\/p>\n<table class=\"highlight\">\n<tbody>\n<tr style=\"height: 352px;\">\n<td class=\"border\" style=\"height: 352px;\"><a href=\"https:\/\/www.golftravellers.com\/fr\/destinations\/golf-aux-acores\/3-nuits-a-la-decouverte-des-acores\/\"><img loading=\"lazy\" decoding=\"async\" class=\"alignnone wp-image-35779 size-full\" style=\"border-bottom: thick solid #fff;\" src=\"https:\/\/www.golftravellers.com\/wp-content\/uploads\/2017\/04\/3-nuits-a-la-decouverte-des-acores-2-batalha.jpg\" alt=\"Golf de Batalha aux Acores\" width=\"350\" height=\"208\" srcset=\"https:\/\/www.golftravellers.com\/wp-content\/uploads\/2017\/04\/3-nuits-a-la-decouverte-des-acores-2-batalha.jpg 350w, https:\/\/www.golftravellers.com\/wp-content\/uploads\/2017\/04\/3-nuits-a-la-decouverte-des-acores-2-batalha-300x178.jpg 300w\" sizes=\"auto, (max-width: 350px) 100vw, 350px\" \/><\/a><\/p>\n<p style=\"text-align: center;\"><a href=\"https:\/\/www.golftravellers.com\/fr\/destinations\/golf-aux-acores\/3-nuits-a-la-decouverte-des-acores\/\"><span style=\"font-size: 12pt;\"><strong>3 nuits \u00e0 la d\u00e9couverte des A\u00e7ores<\/strong><\/span><\/a><br \/>\n<a href=\"https:\/\/www.golftravellers.com\/fr\/destinations\/golf-aux-acores\/3-nuits-a-la-decouverte-des-acores\/\"><span style=\"font-size: 10pt;\">Furnas, Batalha<\/span><\/a><br \/>\n<a href=\"https:\/\/www.golftravellers.com\/fr\/destinations\/golf-aux-acores\/3-nuits-a-la-decouverte-des-acores\/\"><strong><span style=\"font-size: 16px;\">A partir de<\/span>\u00a0<span style=\"font-size: 18pt;\">450\u20ac<\/span><\/strong><\/a><\/p>\n<\/td>\n<td class=\"noborder\" style=\"border-bottom: 0px; height: 352px;\"><\/td>\n<td class=\"border\" style=\"height: 352px;\"><a href=\"https:\/\/www.golftravellers.com\/fr\/destinations\/golf-aux-acores\/6-jours-de-golf-aux-acores\/\"><img loading=\"lazy\" decoding=\"async\" class=\"alignnone wp-image-35786 size-full\" style=\"border-bottom: thick solid #fff; margin-bottom: 0px;\" src=\"https:\/\/www.golftravellers.com\/wp-content\/uploads\/2017\/04\/6-jours-de-golf-aux-acores-11-furnas.jpg\" alt=\"Golf de Furnas aux A\u00e7ores\" width=\"350\" height=\"208\" srcset=\"https:\/\/www.golftravellers.com\/wp-content\/uploads\/2017\/04\/6-jours-de-golf-aux-acores-11-furnas.jpg 350w, https:\/\/www.golftravellers.com\/wp-content\/uploads\/2017\/04\/6-jours-de-golf-aux-acores-11-furnas-300x178.jpg 300w\" sizes=\"auto, (max-width: 350px) 100vw, 350px\" \/><\/a><\/p>\n<p style=\"text-align: center;\"><a href=\"https:\/\/www.golftravellers.com\/fr\/destinations\/golf-aux-acores\/6-jours-de-golf-aux-acores\/\"><span style=\"font-size: 12pt;\"><strong>6 jours de golf aux A\u00e7ores<\/strong><\/span><\/a><br \/>\n<a href=\"https:\/\/www.golftravellers.com\/fr\/destinations\/golf-aux-acores\/6-jours-de-golf-aux-acores\/\"><span style=\"font-size: 10pt;\">Furnas, Batalha<\/span><\/a><br \/>\n<a href=\"https:\/\/www.golftravellers.com\/fr\/destinations\/golf-aux-acores\/6-jours-de-golf-aux-acores\/\"><strong><span style=\"font-size: 12pt;\">A partir de <\/span><span style=\"font-size: 18pt;\">685\u20ac<\/span><\/strong><\/a><\/p>\n<\/td>\n<td class=\"noborder\" style=\"height: 352px;\"><\/td>\n<td class=\"border\" style=\"height: 352px;\">\n<p style=\"text-align: center;\"><a href=\"https:\/\/www.golftravellers.com\/fr\/destinations\/golf-aux-acores\/une-semaine-aux-acores\/\"><img loading=\"lazy\" decoding=\"async\" class=\"alignnone wp-image-35792 size-full\" style=\"border-bottom: thick solid #fff;\" src=\"https:\/\/www.golftravellers.com\/wp-content\/uploads\/2017\/04\/7-nuits-aux-acores-4-batalha.jpg\" alt=\"S\u00e9jours de Golf aux A\u00e7ores Batalha\" width=\"350\" height=\"208\" srcset=\"https:\/\/www.golftravellers.com\/wp-content\/uploads\/2017\/04\/7-nuits-aux-acores-4-batalha.jpg 350w, https:\/\/www.golftravellers.com\/wp-content\/uploads\/2017\/04\/7-nuits-aux-acores-4-batalha-300x178.jpg 300w\" sizes=\"auto, (max-width: 350px) 100vw, 350px\" \/><\/a><\/p>\n<p style=\"text-align: center;\"><a href=\"https:\/\/www.golftravellers.com\/fr\/destinations\/golf-aux-acores\/une-semaine-aux-acores\/\"><span style=\"font-size: 12pt;\"><strong>Une semaine aux A\u00e7ores<\/strong><\/span><\/a><br \/>\n<a href=\"https:\/\/www.golftravellers.com\/fr\/destinations\/golf-aux-acores\/une-semaine-aux-acores\/\"><span style=\"font-size: 10pt;\">Furnas, Batalha<\/span><\/a><br \/>\n<a href=\"https:\/\/www.golftravellers.com\/fr\/destinations\/golf-aux-acores\/une-semaine-aux-acores\/\"><strong><span style=\"font-size: 12pt;\">A partir de <\/span><span style=\"font-size: 18pt;\">560\u20ac<\/span><\/strong><\/a><\/p>\n<\/td>\n<\/tr>\n<\/tbody>\n<\/table>\n<h3><strong>Informations pratiques sur votre voyage<\/strong><strong> :<\/strong><\/h3>\n<table border=\"0\">\n<tbody>\n<tr>\n<td><strong>Meilleure saison :<\/strong><\/td>\n<td>Fin mai \u00e0 d\u00e9but octobre<\/td>\n<\/tr>\n<tr>\n<td><strong>Dur\u00e9e de vol :<\/strong><\/td>\n<td>5 heures 30 avec escale<\/td>\n<\/tr>\n<tr>\n<td><strong>D\u00e9calage horaire :<\/strong><\/td>\n<td>&#8211; 2 heures<\/td>\n<\/tr>\n<tr>\n<td><strong>Monnaie :<\/strong><\/td>\n<td>Euro<\/td>\n<\/tr>\n<tr>\n<td><strong>Langue :<\/strong><\/td>\n<td>Portugais<\/td>\n<\/tr>\n<tr>\n<td><strong>Formalit\u00e9s :<\/strong><\/td>\n<td>Carte d&rsquo;identit\u00e9 ou passeport en cours de validit\u00e9<\/td>\n<\/tr>\n<\/tbody>\n<\/table>\n<h2>Les parcours de golf aux A\u00e7ores<\/h2>\n<div class=\"two-thirds first\">\n<p class=\"error\">Basic Google Maps Placemarks erreur : les fichiers JavaScript et\/ou CSS n'ont pas pu \u00eatre chargez. SI vous utilisez la fonction do_shortcode(), vous devez ajouter un filtre \u00e0 votre th\u00e8me. <a href=\"http:\/\/wordpress.org\/extend\/plugins\/basic-google-maps-placemarks\/faq\/\">the FAQ<\/a>Plus de d\u00e9tails.<\/p>\n<\/div>\n<div class=\"one-third\">\n<ul id=\"bgmp_list\" class=\"bgmp_list\"><li id=\"bgmp_list-item-34460\" class=\"bgmp_list-item\">\n\t<h3 class=\"bgmp_list-placemark-title\">\n\t\tBatalha\n\t\t\t\t\t<span class=\"bgmp_view-on-map-container\">\n\t\t\t\t[<a href=\"javascript:;\" data-marker-id=\"34460\" class=\"bgmp_view-on-map\">\n\t\t\t\t\tVoir sur la carte\t\t\t\t<\/a>]\n\t\t\t<\/span>\n\t\t\t<\/h3>\n\n\t<div class=\"bgmp_list-description\">\n\t\t\t\t<p><img loading=\"lazy\" decoding=\"async\" class=\"size-full wp-image-37175 aligncenter\" src=\"https:\/\/www.golftravellers.com\/wp-content\/uploads\/2017\/03\/golf-portugal-batalha-green.jpg\" alt=\"Parcours de golf de Batalha\" width=\"150\" height=\"99\" \/><\/p>\n\t<\/div>\n\n\t<p class=\"bgmp_list-link\">\n\t\t<a href=\"http:\/\/google.com\/maps?q=37.803666,+-25.636929\">\n\t\t\t37.803666, -25.636929\t\t<\/a>\n\t<\/p>\n<\/li>\n<li id=\"bgmp_list-item-34454\" class=\"bgmp_list-item\">\n\t<h3 class=\"bgmp_list-placemark-title\">\n\t\tFurnas\n\t\t\t\t\t<span class=\"bgmp_view-on-map-container\">\n\t\t\t\t[<a href=\"javascript:;\" data-marker-id=\"34454\" class=\"bgmp_view-on-map\">\n\t\t\t\t\tVoir sur la carte\t\t\t\t<\/a>]\n\t\t\t<\/span>\n\t\t\t<\/h3>\n\n\t<div class=\"bgmp_list-description\">\n\t\t\t\t<p style=\"text-align: center;\"><img loading=\"lazy\" decoding=\"async\" class=\"alignnone wp-image-34463 size-full\" src=\"https:\/\/www.golftravellers.com\/wp-content\/uploads\/2017\/03\/golf-portugal-furnas-bunker-green.jpg\" alt=\"Golf aux a\u00e7ores Furnas\" width=\"150\" height=\"99\" \/><\/p>\n\t<\/div>\n\n\t<p class=\"bgmp_list-link\">\n\t\t<a href=\"http:\/\/google.com\/maps?q=37.778444,+-25.341875\">\n\t\t\t37.778444, -25.341875\t\t<\/a>\n\t<\/p>\n<\/li>\n<\/ul>\n<\/div>\n<div><\/div>\n<div><\/div>\n<p>L&rsquo;archipel des A\u00e7ores situ\u00e9 dans l\u2019Oc\u00e9an Atlantique \u00e0 environ 1450 km \u00e0 l&rsquo;ouest de Lisbonne, appartient au Portugal. Les A\u00e7ores font donc partie des r\u00e9gions ultrap\u00e9riph\u00e9riques de l\u2019Union Europ\u00e9enne. L\u2019archipel volcanique ne compte pas moins de neuf \u00eeles r\u00e9parties en trois r\u00e9gions g\u00e9ographiques naturelles :<\/p>\n<div>\n<p>&#8211; Une r\u00e9gion plut\u00f4t orientale qui comprend les \u00eeles de S\u00e3o Miguel avec deux magnifiques golfs (Batalha et Furnas) et Santa Maria.<br \/>\n&#8211; Une r\u00e9gion centrale qui comprend les \u00eeles de Faial, Terceira, Graciosa, S\u00e3o Jorge et Pico.<br \/>\n&#8211; Une r\u00e9gion occidentale qui comprend les \u00eeles de Flores et Corvo.<\/p>\n<p>Au total dans l\u2019archipel, on compte environ 250 000 habitants. Les principales villes sont Ponta Delgada, sur l\u2019\u00eele de S\u00e3o Miguel et Angra do Hero\u00edsmo, sur l\u2019\u00eele de Terceira.<br \/>\nLa position g\u00e9ographique des A\u00e7ores en zone subtropicale lui conf\u00e8re un climat temp\u00e9r\u00e9. Les variations de temp\u00e9rature saisonni\u00e8res sur les \u00eeles sont donc limit\u00e9es. Les hivers ne sont pas tr\u00e8s froids et il n\u2019y a pas d\u2019\u00e9t\u00e9s caniculaires. Les temp\u00e9ratures sont g\u00e9n\u00e9ralement comprises entre 16\u2103 en hiver et 25\u2103 en \u00e9t\u00e9. N\u00e9anmoins, il faut savoir que le vent, le soleil ou la pluie alternent, et que l\u2019on peut ainsi conna\u00eetre pas moins de trois saisons en une seule journ\u00e9e. Toutes les \u00eeles des A\u00e7ores connaissent une pluie importante tout au long de l\u2019ann\u00e9e (particuli\u00e8rement entre novembre et f\u00e9vrier). C\u2019est gr\u00e2ce \u00e0 cette humidit\u00e9 que des villes comme Angra do Heroismo, Ponta Delgada, ou les diff\u00e9rents golfs de la r\u00e9gion, poss\u00e8dent une flore particuli\u00e8rement riche.<\/p>\n<p>Les A\u00e7ores sont un endroit parfait pour jouer au golf toute l\u2019ann\u00e9e. Les deux parcours de grande qualit\u00e9 se trouvent sur l\u2019\u00eele de S\u00e3o Miguel. Il s\u2019agit des parcours Batalha et Furnas. Ces deux golfs jouent avec le relief atypique de l\u2019\u00eele volcanique.<br \/>\nLe golf de Batalha est situ\u00e9 sur la c\u00f4te nord-ouest de l\u2019\u00eele. Il compte un magnifique 18 trous vallonn\u00e9 avec de larges fairways et de nombreux bunkers strat\u00e9giquement r\u00e9partis. Ce par 72 compte de nombreux trous face \u00e0 la mer. Les fairways sont entour\u00e9s de pierres volcaniques. Vous y trouverez aussi un tr\u00e8s beau 9 trous.<br \/>\nLe golf de Furnas est, quant \u00e0 lui, situ\u00e9 sur l\u2019est de l\u2019\u00eele \u00e0 environ 500 m\u00e8tres d\u2019altitude, \u00e0 proximit\u00e9 du lac Lagoa das Furnas. Ce par 72 a \u00e9t\u00e9 con\u00e7u au d\u00e9part par Philip Mackenzie Ross qui en a r\u00e9alis\u00e9 les 9 premiers trous. Les 9 derniers trous, plus r\u00e9cents, sont dans la continuit\u00e9 des 9 premiers. Ce parcours convainc les professionnels comme les amateurs avec ses nombreux greens \u00e0 plateau et ses fairways ondul\u00e9s.<\/p>\n<p>Pour vous rendre au A\u00e7ores, des liaisons a\u00e9riennes quotidiennes vous seront propos\u00e9es. Chaque \u00eele de l\u2019archipel dispose d\u2019un a\u00e9roport, dont trois internationaux.<\/p>\n<p>Pour tout renseignement, n\u2019h\u00e9sitez pas \u00e0 nous contacter. Notre \u00e9quipe se fera un plaisir de pr\u00e9parer votre s\u00e9jour !<\/p>\n<\/div>\n<div class=\"one-third\" style=\"text-align: center;\"><\/div>\n<div class=\"one-third first\" style=\"text-align: center;\"><a class=\"button\" href=\"https:\/\/www.golftravellers.com\/fr\/nous-contacter\/\">Contactez-nous<\/a><\/div>\n<div class=\"one-third\" style=\"text-align: center;\"><a class=\"button\" href=\"https:\/\/www.golftravellers.com\/fr\/nous-contacter\/on-vous-rappelle\/\">On vous rappelle<\/a><\/div>\n<div class=\"one-third\" style=\"text-align: center;\"><a class=\"button\" href=\"https:\/\/www.golftravellers.com\/fr\/nous-contacter\/demande-de-devis\/\">Demande de devis<\/a><\/div>\n<div class=\"one-third\" style=\"text-align: center;\"><\/div>\n<div class=\"one-third\" style=\"text-align: left;\"><\/div>\n<div><\/div>\n<div><\/div>\n","protected":false},"excerpt":{"rendered":"<p>Organisez vos vacances de golf aux A\u00e7ores avec l\u2019\u00e9quipe fran\u00e7aise de Golf Travellers. L\u2019archipel des A\u00e7ores appartient au Portugal. Cet ensemble d\u2019\u00eeles, situ\u00e9 dans l\u2019Oc\u00e9an Atlantique, abrite deux terrains de golf de qualit\u00e9 : Batalha et Furnas. Les deux parcours profitent d\u2019un relief atypique issu de l\u2019origine volcanique des \u00eeles. Les paysages sont \u00e0 couper [&hellip;]<\/p>\n","protected":false},"author":10,"featured_media":34592,"parent":219,"menu_order":0,"comment_status":"closed","ping_status":"closed","template":"","meta":{"_genesis_hide_title":false,"_genesis_hide_breadcrumbs":false,"_genesis_hide_singular_image":false,"_genesis_hide_footer_widgets":false,"_genesis_custom_body_class":"","_genesis_custom_post_class":"","_genesis_layout":"","footnotes":""},"class_list":{"0":"post-34453","1":"page","2":"type-page","3":"status-publish","4":"has-post-thumbnail","6":"entry"},"_links":{"self":[{"href":"https:\/\/www.golftravellers.com\/fr\/wp-json\/wp\/v2\/pages\/34453","targetHints":{"allow":["GET"]}}],"collection":[{"href":"https:\/\/www.golftravellers.com\/fr\/wp-json\/wp\/v2\/pages"}],"about":[{"href":"https:\/\/www.golftravellers.com\/fr\/wp-json\/wp\/v2\/types\/page"}],"author":[{"embeddable":true,"href":"https:\/\/www.golftravellers.com\/fr\/wp-json\/wp\/v2\/users\/10"}],"replies":[{"embeddable":true,"href":"https:\/\/www.golftravellers.com\/fr\/wp-json\/wp\/v2\/comments?post=34453"}],"version-history":[{"count":44,"href":"https:\/\/www.golftravellers.com\/fr\/wp-json\/wp\/v2\/pages\/34453\/revisions"}],"predecessor-version":[{"id":43678,"href":"https:\/\/www.golftravellers.com\/fr\/wp-json\/wp\/v2\/pages\/34453\/revisions\/43678"}],"up":[{"embeddable":true,"href":"https:\/\/www.golftravellers.com\/fr\/wp-json\/wp\/v2\/pages\/219"}],"wp:featuredmedia":[{"embeddable":true,"href":"https:\/\/www.golftravellers.com\/fr\/wp-json\/wp\/v2\/media\/34592"}],"wp:attachment":[{"href":"https:\/\/www.golftravellers.com\/fr\/wp-json\/wp\/v2\/media?parent=34453"}],"curies":[{"name":"wp","href":"https:\/\/api.w.org\/{rel}","templated":true}]}}