{"id":34409,"date":"2017-04-04T15:29:28","date_gmt":"2017-04-04T14:29:28","guid":{"rendered":"http:\/\/www.golftravellers.com\/?page_id=34409\/"},"modified":"2025-07-17T13:36:22","modified_gmt":"2025-07-17T12:36:22","slug":"golf-a-madere","status":"publish","type":"page","link":"https:\/\/www.golftravellers.com\/fr\/destinations\/golf-a-madere\/","title":{"rendered":"Golf \u00e0 Mad\u00e8re"},"content":{"rendered":"<p><img loading=\"lazy\" decoding=\"async\" class=\"alignnone  wp-image-26783 alignright\" src=\"https:\/\/www.golftravellers.com\/wp-content\/uploads\/2015\/09\/Portugal.png\" alt=\"Map and flag of Portugal\" width=\"165\" height=\"341\" srcset=\"https:\/\/www.golftravellers.com\/wp-content\/uploads\/2015\/09\/Portugal.png 571w, https:\/\/www.golftravellers.com\/wp-content\/uploads\/2015\/09\/Portugal-145x300.png 145w, https:\/\/www.golftravellers.com\/wp-content\/uploads\/2015\/09\/Portugal-495x1024.png 495w\" sizes=\"auto, (max-width: 165px) 100vw, 165px\" \/><em>Organisez vos vacances de golf \u00e0 Mad\u00e8re avec l\u2019\u00e9quipe fran\u00e7aise de Golf Travellers.<\/em><\/p>\n<p>L\u2019\u00eele de Mad\u00e8re et son archipel sont situ\u00e9s dans l\u2019Oc\u00e9an Atlantique, au large de l\u2019Afrique de l\u2019ouest et du Portugal. C\u2019est une r\u00e9gion autonome sous administration portugaise. Mad\u00e8re est une \u00eele montagneuse qui est une destination tr\u00e8s pris\u00e9e des golfeurs gr\u00e2ce \u00e0 son emplacement et la beaut\u00e9 de ses parcours. Les panoramas sur l\u2019oc\u00e9an et les falaises abruptes ne vous laisseront pas indiff\u00e9rents. Pour votre s\u00e9jour de golf, nous avons s\u00e9lectionn\u00e9 trois magnifiques parcours dans l\u2019archipel\u00a0: le golf de Porto Santo, le golf de Santo da Serra et le golf de Palheiro.<br \/>\nNous r\u00e9alisons des voyages de golf \u00e0 Mad\u00e8re sur mesure en fonction de vos crit\u00e8res. Notre \u00e9quipe s&rsquo;engage \u00e0 vous fournir un excellent service, une s\u00e9curit\u00e9 financi\u00e8re et le meilleur rapport qualit\u00e9\/prix pour votre s\u00e9jour de golf \u00e0 Mad\u00e8re. Notre agence vous propose de nombreux forfaits compl\u00e8tement modifiables pour les groupes, les individuels et les pros.<\/p>\n<p>Nous vous invitons \u00e0 visiter notre site internet pour d\u00e9couvrir nos offres et prendre connaissance des parcours de l&rsquo;\u00eele en utilisant notre carte.<\/p>\n<p><a href=\"https:\/\/www.golftravellers.com\/fr\/nous-contacter\/\">Contactez-nous<\/a> pour organiser votre s\u00e9jour de golf sur mesure \u00e0 Mad\u00e8re !<\/p>\n<div><\/div>\n<div><\/div>\n<div class=\"one-third\" style=\"text-align: center;\"><\/div>\n<div class=\"one-third\" style=\"text-align: center;\"><a class=\"button\" href=\"https:\/\/www.golfportugal.com\/\">D\u00e9couvrez notre site d\u00e9di\u00e9 au Portugal et ses \u00eeles<\/a><\/div>\n<div class=\"one-third\" style=\"text-align: center;\"><\/div>\n<div class=\"one-third\" style=\"text-align: left;\"><\/div>\n<div><\/div>\n<div><\/div>\n<div><\/div>\n<div><\/div>\n<p>D\u00e9couvrez notre s\u00e9lection de s\u00e9jours de golf \u00e0 Mad\u00e8re. Toutes ces offres sont modifiables. Merci de nous contacter pour une demande de devis ou pour effectuer une r\u00e9servation.<\/p>\n<table class=\"highlight\">\n<tbody>\n<tr>\n<td class=\"border\"><a href=\"https:\/\/www.golftravellers.com\/fr\/destinations\/golf-a-madere\/4-nuits-a-madere\/\"><img loading=\"lazy\" decoding=\"async\" class=\"alignnone size-full wp-image-31059\" style=\"border-bottom: thick solid #fff; margin-bottom: 0px;\" src=\"https:\/\/www.golftravellers.com\/wp-content\/uploads\/2016\/11\/4-nuits-sur-lile-de-madere.jpg\" alt=\"Large green avec vue sur l'oc\u00e9an sur le parcours de Santo da Serra sur l'\u00eele de Mad\u00e8re au Portugal\" width=\"350\" height=\"208\" srcset=\"https:\/\/www.golftravellers.com\/wp-content\/uploads\/2016\/11\/4-nuits-sur-lile-de-madere.jpg 350w, https:\/\/www.golftravellers.com\/wp-content\/uploads\/2016\/11\/4-nuits-sur-lile-de-madere-300x178.jpg 300w\" sizes=\"auto, (max-width: 350px) 100vw, 350px\" \/><\/a><\/p>\n<p style=\"text-align: center;\"><a href=\"https:\/\/www.golftravellers.com\/fr\/destinations\/golf-a-madere\/4-nuits-a-madere\/\"><span style=\"font-size: 12pt;\"><strong>4 nuits sur l&rsquo;\u00eele de Mad\u00e8re<\/strong><\/span><\/a><br \/>\n<a href=\"https:\/\/www.golftravellers.com\/fr\/destinations\/golf-a-madere\/4-nuits-a-madere\/\"><span style=\"font-size: 10pt;\">Santo da Serra, Palheiro<\/span><\/a><br \/>\n<a href=\"https:\/\/www.golftravellers.com\/fr\/destinations\/golf-a-madere\/4-nuits-a-madere\/\"><strong><span style=\"font-size: 16px;\">A partir de<\/span>\u00a0<span style=\"font-size: 18pt;\">490\u20ac<\/span><\/strong><\/a><\/p>\n<\/td>\n<td class=\"noborder\" style=\"border-bottom: 0;\"><\/td>\n<td class=\"border\"><a href=\"https:\/\/www.golftravellers.com\/fr\/destinations\/golf-a-madere\/une-semaine-de-golf-a-madere\/\"><img loading=\"lazy\" decoding=\"async\" class=\"alignnone wp-image-35844 size-full\" style=\"border-bottom: thick solid #fff;\" src=\"https:\/\/www.golftravellers.com\/wp-content\/uploads\/2017\/04\/6-jours-de-golf-a-madere-3.jpg\" alt=\"S\u00e9jour de golf \u00e0 Mad\u00e8re \" width=\"350\" height=\"208\" srcset=\"https:\/\/www.golftravellers.com\/wp-content\/uploads\/2017\/04\/6-jours-de-golf-a-madere-3.jpg 350w, https:\/\/www.golftravellers.com\/wp-content\/uploads\/2017\/04\/6-jours-de-golf-a-madere-3-300x178.jpg 300w\" sizes=\"auto, (max-width: 350px) 100vw, 350px\" \/><\/a><\/p>\n<p style=\"text-align: center;\"><a href=\"https:\/\/www.golftravellers.com\/fr\/destinations\/golf-a-madere\/une-semaine-de-golf-a-madere\/\"><span style=\"font-size: 12pt;\"><strong>Une semaine de golf \u00e0 Mad\u00e8re<\/strong><\/span><\/a><br \/>\n<a href=\"https:\/\/www.golftravellers.com\/fr\/destinations\/golf-a-madere\/une-semaine-de-golf-a-madere\/\"><span style=\"font-size: 10pt;\">Santo da Serra, Palheiro<\/span><\/a><br \/>\n<a href=\"https:\/\/www.golftravellers.com\/fr\/destinations\/golf-a-madere\/une-semaine-de-golf-a-madere\/\"><strong><span style=\"font-size: 12pt;\">A partir de <\/span><span style=\"font-size: 18pt;\">730\u20ac<\/span><\/strong><\/a><\/p>\n<\/td>\n<td class=\"noborder\"><\/td>\n<td class=\"border\">\n<p style=\"text-align: center;\"><a href=\"https:\/\/www.golftravellers.com\/fr\/destinations\/golf-a-madere\/6-jours-de-golf-a-madere\/\"><img loading=\"lazy\" decoding=\"async\" class=\"alignnone wp-image-35850 size-full\" style=\"border-bottom: thick solid #fff;\" src=\"https:\/\/www.golftravellers.com\/wp-content\/uploads\/2017\/04\/7-nuits-a-madere-3.jpg\" alt=\"Golf do Santo Da Serra \u00e0 Mad\u00e8re\" width=\"350\" height=\"208\" srcset=\"https:\/\/www.golftravellers.com\/wp-content\/uploads\/2017\/04\/7-nuits-a-madere-3.jpg 350w, https:\/\/www.golftravellers.com\/wp-content\/uploads\/2017\/04\/7-nuits-a-madere-3-300x178.jpg 300w\" sizes=\"auto, (max-width: 350px) 100vw, 350px\" \/><\/a><\/p>\n<p style=\"text-align: center;\"><a href=\"https:\/\/www.golftravellers.com\/fr\/destinations\/golf-a-madere\/6-jours-de-golf-a-madere\/\"><span style=\"font-size: 12pt;\"><strong>6 jours de golf \u00e0 Mad\u00e8re<\/strong><\/span><\/a><br \/>\n<a href=\"https:\/\/www.golftravellers.com\/fr\/destinations\/golf-a-madere\/6-jours-de-golf-a-madere\/\"><span style=\"font-size: 10pt;\">Santo da Serra, Palheiro<\/span><\/a><br \/>\n<a href=\"https:\/\/www.golftravellers.com\/fr\/destinations\/golf-a-madere\/6-jours-de-golf-a-madere\/\"><strong><span style=\"font-size: 12pt;\">A partir de <\/span><span style=\"font-size: 18pt;\">930\u20ac<\/span><\/strong><\/a><\/p>\n<\/td>\n<\/tr>\n<\/tbody>\n<\/table>\n<div>\n<h3><strong>Informations pratiques sur votre voyage\u00a0<\/strong><strong>:<\/strong><\/h3>\n<\/div>\n<div>\n<table border=\"0\">\n<tbody>\n<tr>\n<td><strong>Meilleure saison :<\/strong><\/td>\n<td>Fin mai \u00e0 d\u00e9but octobre<\/td>\n<\/tr>\n<tr>\n<td><strong>Dur\u00e9e de vol :<\/strong><\/td>\n<td>3 heures 30<\/td>\n<\/tr>\n<tr>\n<td><strong>D\u00e9calage horaire :<\/strong><\/td>\n<td>&#8211; 1 heure<\/td>\n<\/tr>\n<tr>\n<td><strong>Monnaie :<\/strong><\/td>\n<td>Euro<\/td>\n<\/tr>\n<tr>\n<td><strong>Langue :<\/strong><\/td>\n<td>Portugais<\/td>\n<\/tr>\n<tr>\n<td><strong>Formalit\u00e9s :<\/strong><\/td>\n<td>Carte d&rsquo;identit\u00e9 ou passeport en cours de validit\u00e9<\/td>\n<\/tr>\n<\/tbody>\n<\/table>\n<\/div>\n<h2>Les parcours de golf \u00e0 Mad\u00e8re<\/h2>\n<div class=\"two-thirds first\">\n<p class=\"error\">Basic Google Maps Placemarks erreur : les fichiers JavaScript et\/ou CSS n'ont pas pu \u00eatre chargez. SI vous utilisez la fonction do_shortcode(), vous devez ajouter un filtre \u00e0 votre th\u00e8me. <a href=\"http:\/\/wordpress.org\/extend\/plugins\/basic-google-maps-placemarks\/faq\/\">the FAQ<\/a>Plus de d\u00e9tails.<\/p>\n<\/div>\n<div class=\"one-third\">\n<ul id=\"bgmp_list\" class=\"bgmp_list\"><li id=\"bgmp_list-item-34433\" class=\"bgmp_list-item\">\n\t<h3 class=\"bgmp_list-placemark-title\">\n\t\tPalheiro\n\t\t\t\t\t<span class=\"bgmp_view-on-map-container\">\n\t\t\t\t[<a href=\"javascript:;\" data-marker-id=\"34433\" class=\"bgmp_view-on-map\">\n\t\t\t\t\tVoir sur la carte\t\t\t\t<\/a>]\n\t\t\t<\/span>\n\t\t\t<\/h3>\n\n\t<div class=\"bgmp_list-description\">\n\t\t\t\t<p><img loading=\"lazy\" decoding=\"async\" class=\"alignnone wp-image-34442 size-full\" src=\"https:\/\/www.golftravellers.com\/wp-content\/uploads\/2017\/03\/golf-portugal-palheiro-arbres-hauteur.jpg\" alt=\"Golf Mad\u00e8re Palheiro\" width=\"150\" height=\"110\" \/><\/p>\n\t<\/div>\n\n\t<p class=\"bgmp_list-link\">\n\t\t<a href=\"http:\/\/google.com\/maps?q=32.653354,+-16.872125\">\n\t\t\t32.653354, -16.872125\t\t<\/a>\n\t<\/p>\n<\/li>\n<li id=\"bgmp_list-item-34424\" class=\"bgmp_list-item\">\n\t<h3 class=\"bgmp_list-placemark-title\">\n\t\tPorto Santo\n\t\t\t\t\t<span class=\"bgmp_view-on-map-container\">\n\t\t\t\t[<a href=\"javascript:;\" data-marker-id=\"34424\" class=\"bgmp_view-on-map\">\n\t\t\t\t\tVoir sur la carte\t\t\t\t<\/a>]\n\t\t\t<\/span>\n\t\t\t<\/h3>\n\n\t<div class=\"bgmp_list-description\">\n\t\t\t\t<p><img loading=\"lazy\" decoding=\"async\" class=\"size-full wp-image-37167 aligncenter\" src=\"https:\/\/www.golftravellers.com\/wp-content\/uploads\/2017\/03\/golf-porto-santo-depart.jpg\" alt=\"Golf \u00e0 Mad\u00e8re\" width=\"150\" height=\"112\" \/><\/p>\n<p>&nbsp;<\/p>\n\t<\/div>\n\n\t<p class=\"bgmp_list-link\">\n\t\t<a href=\"http:\/\/google.com\/maps?q=33.051572,+-16.360482\">\n\t\t\t33.051572, -16.360482\t\t<\/a>\n\t<\/p>\n<\/li>\n<li id=\"bgmp_list-item-34429\" class=\"bgmp_list-item\">\n\t<h3 class=\"bgmp_list-placemark-title\">\n\t\tSanto da Serra\n\t\t\t\t\t<span class=\"bgmp_view-on-map-container\">\n\t\t\t\t[<a href=\"javascript:;\" data-marker-id=\"34429\" class=\"bgmp_view-on-map\">\n\t\t\t\t\tVoir sur la carte\t\t\t\t<\/a>]\n\t\t\t<\/span>\n\t\t\t<\/h3>\n\n\t<div class=\"bgmp_list-description\">\n\t\t\t\t<p><img loading=\"lazy\" decoding=\"async\" class=\"alignnone wp-image-34435 size-full\" src=\"https:\/\/www.golftravellers.com\/wp-content\/uploads\/2017\/03\/golf-portugal-santo-serra-bunker-oc\u00e9an.jpg\" alt=\"Golf Mad\u00e8re\" width=\"150\" height=\"93\" \/><\/p>\n\t<\/div>\n\n\t<p class=\"bgmp_list-link\">\n\t\t<a href=\"http:\/\/google.com\/maps?q=32.727941,+-16.802832\">\n\t\t\t32.727941, -16.802832\t\t<\/a>\n\t<\/p>\n<\/li>\n<\/ul>\n<\/div>\n<p>Au large du Portugal et de l\u2019Afrique, dans l\u2019Oc\u00e9an Atlantique, vous trouverez l\u2019\u00eele de Mad\u00e8re. Son relief montagneux, au c\u0153ur d\u2019une mer bleue, en fait une destination populaire majeure pour les golfeurs. Son climat est subtropical, ce qui lui conf\u00e8re un ciel d\u00e9gag\u00e9 tout au long de l\u2019ann\u00e9e. Les temp\u00e9ratures sont temp\u00e9r\u00e9es, elles varient entre 17\u00b0C en hiver et 22\u00b0C en \u00e9t\u00e9.<\/p>\n<div>\n<div>\n<p>Le panorama avec l\u2019oc\u00e9an turquoise et les falaises abruptes en toile de fond, vous plongeront dans un d\u00e9cor de carte postale. Le climat peut apporter des vents doux en provenance de l\u2019Atlantique ou de la chaleur des c\u00f4tes africaines. C\u2019est le secret de beaut\u00e9 des paysages color\u00e9s de Mad\u00e8re. Gr\u00e2ce \u00e0 cela, l\u2019\u00eele est devenue incontournable pour tous les amoureux de la nature. L\u2019\u00e9conomie de l\u2019archipel repose essentiellement sur l&rsquo;agriculture gr\u00e2ce une terre fertile mais aussi sur le tourisme. Vous trouverez des productions de bananes et de nombreux vignobles. Le vin de Mad\u00e8re jouit d&rsquo;une grande r\u00e9putation \u00e0 l&rsquo;exportation.<br \/>\nNous avons s\u00e9lectionn\u00e9 trois golfs embl\u00e9matiques \u00e0 Mad\u00e8re.<\/p>\n<p>L\u2019\u00eele de Mad\u00e8re est la plus grande des \u00eeles de l\u2019archipel (environ 90% des terres de l\u2019archipel), vous y trouverez la capitale Funchal qui est aussi la ville la plus peupl\u00e9e avec plus de 100 000 habitants.<br \/>\nSur l\u2019\u00eele, deux magnifiques parcours de golf vous attendent :<br \/>\n<strong>Le golf de Santo da Serra<\/strong> se situe \u00e0 300 m\u00e8tres d\u2019altitude dans un site d\u2019une beaut\u00e9 exceptionnelle. Ce golf est compos\u00e9 de trois 9 trous qui offrent des vues spectaculaires sur l\u2019Oc\u00e9an Atlantique et sur l\u2019\u00eele de Mad\u00e8re. Depuis 1993, il accueille l\u2019Open de Mad\u00e8re sur le circuit europ\u00e9en professionnel. Le succ\u00e8s de ce tournoi a attir\u00e9 de nombreux joueurs c\u00e9l\u00e8bres comme Severiano Ballesteros, Lee Westwood ou encore Sam Torrance. Les trous \u201csignature\u201d du golf sont les n\u00b02 et n\u00b04.<\/p>\n<p><strong>Le golf de Palheiro<\/strong> est situ\u00e9 sur un domaine magnifique. Ce golf de championnat serpente au milieu d\u2019une for\u00eat de pins, d\u2019une v\u00e9g\u00e9tation tropicale et borde un jardin botanique. Les trous changent r\u00e9guli\u00e8rement de hauteur, offrant de magnifiques vues sur la baie de Funchal. Le club-house de Palheiro, perch\u00e9 \u00e0 500 m\u00e8tres au-dessus du niveau de la mer, dispose d\u2019une sublime terrasse panoramique qui domine le port de Funchal et l\u2019Oc\u00e9an Atlantique.<\/p>\n<p>L&rsquo;\u00eele de Porto Santo se situe plus au nord de l\u2019archipel. Cette \u00eele idyllique abrite un des plus beaux golfs du Portugal.<br \/>\n<strong>Le golf de Porto Santo<\/strong> est class\u00e9 neuvi\u00e8me au Portugal. C\u2019est un parcours qui offre de nombreuses vues spectaculaires. Il se divise en deux parties distinctes : le Sud se rapproche du style traditionnel des meilleurs parcours am\u00e9ricains avec de nombreux lacs et la plage en toile de fond. La partie au Nord pr\u00e9sente de hautes falaises avec des caract\u00e9ristiques de links \u00e9cossais. Les trous les plus impressionnants sont les n\u00b013, n\u00b014 et n\u00b015 en bordure de falaise.<\/p>\n<p>Pour vous rendre \u00e0 Mad\u00e8re, des liaisons a\u00e9riennes quotidiennes vous seront propos\u00e9es. Les \u00eeles de Mad\u00e8re et de Porto Santo disposent d\u2019un a\u00e9roport.<\/p>\n<p>Pour tout renseignement, n\u2019h\u00e9sitez pas \u00e0 nous contacter. Notre \u00e9quipe se fera un plaisir de pr\u00e9parer votre s\u00e9jour !<\/p>\n<\/div>\n<\/div>\n<div class=\"one-third\" style=\"text-align: center;\"><\/div>\n<div class=\"one-third first\" style=\"text-align: center;\"><a class=\"button\" href=\"https:\/\/www.golftravellers.com\/fr\/nous-contacter\/\">Contactez-nous<\/a><\/div>\n<div class=\"one-third\" style=\"text-align: center;\"><a class=\"button\" href=\"https:\/\/www.golftravellers.com\/fr\/nous-contacter\/on-vous-rappelle\/\">On vous rappelle<\/a><\/div>\n<div class=\"one-third\" style=\"text-align: center;\"><a class=\"button\" href=\"https:\/\/www.golftravellers.com\/fr\/nous-contacter\/demande-de-devis\/\">Demande de devis<\/a><\/div>\n<div class=\"one-third\" style=\"text-align: center;\"><\/div>\n<div class=\"one-third\" style=\"text-align: left;\"><\/div>\n<div><\/div>\n<div><\/div>\n","protected":false},"excerpt":{"rendered":"<p>Organisez vos vacances de golf \u00e0 Mad\u00e8re avec l\u2019\u00e9quipe fran\u00e7aise de Golf Travellers. L\u2019\u00eele de Mad\u00e8re et son archipel sont situ\u00e9s dans l\u2019Oc\u00e9an Atlantique, au large de l\u2019Afrique de l\u2019ouest et du Portugal. C\u2019est une r\u00e9gion autonome sous administration portugaise. Mad\u00e8re est une \u00eele montagneuse qui est une destination tr\u00e8s pris\u00e9e des golfeurs gr\u00e2ce \u00e0 [&hellip;]<\/p>\n","protected":false},"author":10,"featured_media":34598,"parent":219,"menu_order":0,"comment_status":"closed","ping_status":"closed","template":"","meta":{"_genesis_hide_title":false,"_genesis_hide_breadcrumbs":false,"_genesis_hide_singular_image":false,"_genesis_hide_footer_widgets":false,"_genesis_custom_body_class":"","_genesis_custom_post_class":"","_genesis_layout":"","footnotes":""},"class_list":{"0":"post-34409","1":"page","2":"type-page","3":"status-publish","4":"has-post-thumbnail","6":"entry"},"_links":{"self":[{"href":"https:\/\/www.golftravellers.com\/fr\/wp-json\/wp\/v2\/pages\/34409","targetHints":{"allow":["GET"]}}],"collection":[{"href":"https:\/\/www.golftravellers.com\/fr\/wp-json\/wp\/v2\/pages"}],"about":[{"href":"https:\/\/www.golftravellers.com\/fr\/wp-json\/wp\/v2\/types\/page"}],"author":[{"embeddable":true,"href":"https:\/\/www.golftravellers.com\/fr\/wp-json\/wp\/v2\/users\/10"}],"replies":[{"embeddable":true,"href":"https:\/\/www.golftravellers.com\/fr\/wp-json\/wp\/v2\/comments?post=34409"}],"version-history":[{"count":58,"href":"https:\/\/www.golftravellers.com\/fr\/wp-json\/wp\/v2\/pages\/34409\/revisions"}],"predecessor-version":[{"id":43679,"href":"https:\/\/www.golftravellers.com\/fr\/wp-json\/wp\/v2\/pages\/34409\/revisions\/43679"}],"up":[{"embeddable":true,"href":"https:\/\/www.golftravellers.com\/fr\/wp-json\/wp\/v2\/pages\/219"}],"wp:featuredmedia":[{"embeddable":true,"href":"https:\/\/www.golftravellers.com\/fr\/wp-json\/wp\/v2\/media\/34598"}],"wp:attachment":[{"href":"https:\/\/www.golftravellers.com\/fr\/wp-json\/wp\/v2\/media?parent=34409"}],"curies":[{"name":"wp","href":"https:\/\/api.w.org\/{rel}","templated":true}]}}