{"id":34239,"date":"2017-03-22T11:24:11","date_gmt":"2017-03-22T11:24:11","guid":{"rendered":"http:\/\/www.golftravellers.com\/?page_id=34239\/"},"modified":"2020-07-09T11:09:50","modified_gmt":"2020-07-09T10:09:50","slug":"week-end-golf-dans-le-sud-est-de-lespagne-a-murcie","status":"publish","type":"page","link":"https:\/\/www.golftravellers.com\/fr\/destinations\/golf-en-espagne\/week-end-golf-dans-le-sud-est-de-lespagne-a-murcie\/","title":{"rendered":"Week-end golf dans le Sud-Est de l&rsquo;Espagne \u00e0 Murcie"},"content":{"rendered":"<div class=\"one-half first\"><img loading=\"lazy\" decoding=\"async\" class=\"wp-image-34323 size-full alignnone\" src=\"https:\/\/www.golftravellers.com\/wp-content\/uploads\/2017\/03\/package-hotel-la-manga-espagne.jpg\" alt=\"Golf La Manga Espagne\" width=\"540\" height=\"360\" srcset=\"https:\/\/www.golftravellers.com\/wp-content\/uploads\/2017\/03\/package-hotel-la-manga-espagne.jpg 540w, https:\/\/www.golftravellers.com\/wp-content\/uploads\/2017\/03\/package-hotel-la-manga-espagne-300x200.jpg 300w\" sizes=\"auto, (max-width: 540px) 100vw, 540px\" \/><\/div>\n<div class=\"one-half\">\n<p><span style=\"font-size: 36pt;\">450\u20ac<\/span><\/p>\n<h4>Ce tarif comprend :<\/h4>\n<ul style=\"list-style-type: square;\">\n<li>4 nuits \u00e0 l\u2019h\u00f4tel La Manga Club Las Lomas Village****<\/li>\n<li>Petits d\u00e9jeuners<\/li>\n<li>3\u00a0green fees\n<ul style=\"list-style-type: circle;\">\n<li>La Manga \u2018North\u2019<\/li>\n<li>La Manga \u2018South\u2019<\/li>\n<li>La Manga \u2018West\u2019<\/li>\n<\/ul>\n<\/li>\n<li><a href=\"https:\/\/www.golftravellers.com\/fr\/options-de-transport\/\" target=\"_blank\" rel=\"noopener\">1 location de voiture pour 5\u00a0jours<\/a><\/li>\n<\/ul>\n<\/div>\n<div style=\"clear: both;\">\u00a0<\/div>\n<div class=\"one-third first\" style=\"text-align: center;\"><a class=\"button\" href=\"https:\/\/www.golftravellers.com\/fr\/nous-contacter\/reserver-votre-sejour\/\">R\u00e9server<\/a><\/div>\n<div class=\"one-third\" style=\"text-align: center;\"><a class=\"button\" href=\"https:\/\/www.golftravellers.com\/fr\/nous-contacter\/personnaliser-votre-sejour\/\">Personnaliser<\/a><\/div>\n<div class=\"one-third\" style=\"text-align: center;\"><a class=\"button\" href=\"https:\/\/www.golftravellers.com\/fr\/nous-contacter\/\">Contactez-nous<\/a><\/div>\n<div id=\"details\">\u00a0<\/div>\n<div>\u00a0<\/div>\n<div class=\"one-half first\">\n<h4>Nous vous offrons :<\/h4>\n<ul>\n<li>Service &amp; Assistance 24\/7<\/li>\n<\/ul>\n<\/div>\n<div class=\"one-half\">\n<h4>En option :<\/h4>\n<ul>\n<li>Vols, que nous pouvons r\u00e9server pour vous<\/li>\n<li>Suppl\u00e9ment pour chambre individuelle<\/li>\n<li>Nuits &amp; parcours suppl\u00e9mentaires<\/li>\n<li>Activit\u00e9s<\/li>\n<li>D\u00e9jeuners et d\u00eeners<\/li>\n<li>Assurance voyage<\/li>\n<\/ul>\n<\/div>\n<h2>Itin\u00e9raire :<\/h2>\n<table style=\"height: 152px; width: 777px;\">\n<tbody>\n<tr style=\"height: 24px;\">\n<td style=\"width: 75px; height: 24px;\"><strong>Jour 1 :<\/strong><\/td>\n<td style=\"width: 349px; height: 24px;\">Arriv\u00e9e \u00e0 l&rsquo;a\u00e9roport de Alicante<\/td>\n<td style=\"width: 232.875px; height: 24px;\">H\u00f4tel La Manga Club****<\/td>\n<td style=\"width: 92.1249px; height: 24px;\">1 heure 20<\/td>\n<\/tr>\n<tr style=\"height: 24px;\">\n<td style=\"width: 75px; height: 24px;\"><strong>Jour 2 :<\/strong><\/td>\n<td style=\"width: 349px; height: 24px;\">La Manga \u2018North\u2019<\/td>\n<td style=\"width: 232.875px; height: 24px;\">H\u00f4tel La Manga Club****<\/td>\n<td style=\"width: 92.1249px; height: 24px;\">Sur place<\/td>\n<\/tr>\n<tr style=\"height: 24px;\">\n<td style=\"width: 75px; height: 24px;\"><strong>Jour 3 :<\/strong><\/td>\n<td style=\"width: 349px; height: 24px;\">La Manga \u2018South\u2019<\/td>\n<td style=\"width: 232.875px; height: 24px;\">H\u00f4tel La Manga Club****<\/td>\n<td style=\"width: 92.1249px; height: 24px;\">Sur place<\/td>\n<\/tr>\n<tr style=\"height: 24px;\">\n<td style=\"width: 75px; height: 24px;\"><strong>Jour 4 :<\/strong><\/td>\n<td style=\"width: 349px; height: 24px;\">La Manga \u2018West\u2019<\/td>\n<td style=\"width: 232.875px; height: 24px;\">H\u00f4tel La Manga Club****<\/td>\n<td style=\"width: 92.1249px; height: 24px;\">Sur place<\/td>\n<\/tr>\n<tr style=\"height: 24px;\">\n<td style=\"width: 75px; height: 24px;\"><strong>Jour 5 :<\/strong><\/td>\n<td style=\"width: 349px; height: 24px;\">D\u00e9part pour l&rsquo;a\u00e9roport de Alicante<\/td>\n<td style=\"width: 232.875px; height: 24px;\">\u00a0<\/td>\n<td style=\"width: 92.1249px; height: 24px;\">1 heure 20<\/td>\n<\/tr>\n<\/tbody>\n<\/table>\n<p>&nbsp;<\/p>\n<div class=\"one-third first\" style=\"text-align: center;\"><a class=\"button\" href=\"https:\/\/www.golftravellers.com\/fr\/nous-contacter\/reserver-votre-sejour\/\">R\u00e9server<\/a><\/div>\n<div class=\"one-third\" style=\"text-align: center;\"><a class=\"button\" href=\"https:\/\/www.golftravellers.com\/fr\/nous-contacter\/personnaliser-votre-sejour\/\">Personnaliser<\/a><\/div>\n<div class=\"one-third\" style=\"text-align: center;\"><a class=\"button\" href=\"https:\/\/www.golftravellers.com\/fr\/nous-contacter\/\">Contactez-nous<\/a><\/div>\n<p>&nbsp;<\/p>\n","protected":false},"excerpt":{"rendered":"<p>450\u20ac Ce tarif comprend : 4 nuits \u00e0 l\u2019h\u00f4tel La Manga Club Las Lomas Village**** Petits d\u00e9jeuners 3\u00a0green fees La Manga \u2018North\u2019 La Manga \u2018South\u2019 La Manga \u2018West\u2019 1 location de voiture pour 5\u00a0jours \u00a0 R\u00e9server Personnaliser Contactez-nous \u00a0 \u00a0 Nous vous offrons : Service &amp; Assistance 24\/7 En option : Vols, que nous pouvons [&hellip;]<\/p>\n","protected":false},"author":10,"featured_media":34284,"parent":26885,"menu_order":0,"comment_status":"closed","ping_status":"closed","template":"","meta":{"_genesis_hide_title":false,"_genesis_hide_breadcrumbs":false,"_genesis_hide_singular_image":false,"_genesis_hide_footer_widgets":false,"_genesis_custom_body_class":"","_genesis_custom_post_class":"","_genesis_layout":"","footnotes":""},"class_list":{"0":"post-34239","1":"page","2":"type-page","3":"status-publish","4":"has-post-thumbnail","6":"entry"},"_links":{"self":[{"href":"https:\/\/www.golftravellers.com\/fr\/wp-json\/wp\/v2\/pages\/34239","targetHints":{"allow":["GET"]}}],"collection":[{"href":"https:\/\/www.golftravellers.com\/fr\/wp-json\/wp\/v2\/pages"}],"about":[{"href":"https:\/\/www.golftravellers.com\/fr\/wp-json\/wp\/v2\/types\/page"}],"author":[{"embeddable":true,"href":"https:\/\/www.golftravellers.com\/fr\/wp-json\/wp\/v2\/users\/10"}],"replies":[{"embeddable":true,"href":"https:\/\/www.golftravellers.com\/fr\/wp-json\/wp\/v2\/comments?post=34239"}],"version-history":[{"count":10,"href":"https:\/\/www.golftravellers.com\/fr\/wp-json\/wp\/v2\/pages\/34239\/revisions"}],"predecessor-version":[{"id":41261,"href":"https:\/\/www.golftravellers.com\/fr\/wp-json\/wp\/v2\/pages\/34239\/revisions\/41261"}],"up":[{"embeddable":true,"href":"https:\/\/www.golftravellers.com\/fr\/wp-json\/wp\/v2\/pages\/26885"}],"wp:featuredmedia":[{"embeddable":true,"href":"https:\/\/www.golftravellers.com\/fr\/wp-json\/wp\/v2\/media\/34284"}],"wp:attachment":[{"href":"https:\/\/www.golftravellers.com\/fr\/wp-json\/wp\/v2\/media?parent=34239"}],"curies":[{"name":"wp","href":"https:\/\/api.w.org\/{rel}","templated":true}]}}