{"id":34237,"date":"2017-03-22T11:24:54","date_gmt":"2017-03-22T11:24:54","guid":{"rendered":"http:\/\/www.golftravellers.com\/?page_id=34237\/"},"modified":"2020-07-09T11:33:33","modified_gmt":"2020-07-09T10:33:33","slug":"les-meilleurs-golfs-dans-le-sud-ouest-de-lespagne","status":"publish","type":"page","link":"https:\/\/www.golftravellers.com\/fr\/destinations\/golf-en-espagne\/les-meilleurs-golfs-dans-le-sud-ouest-de-lespagne\/","title":{"rendered":"Les meilleurs golfs dans le Sud-Ouest de l&rsquo;Espagne"},"content":{"rendered":"<div class=\"one-half first\"><img loading=\"lazy\" decoding=\"async\" class=\"alignnone wp-image-34353 size-full\" src=\"https:\/\/www.golftravellers.com\/wp-content\/uploads\/2017\/03\/package-hotel-the-suite-at-san-roque-espagne.jpg\" alt=\"\" width=\"540\" height=\"360\" srcset=\"https:\/\/www.golftravellers.com\/wp-content\/uploads\/2017\/03\/package-hotel-the-suite-at-san-roque-espagne.jpg 540w, https:\/\/www.golftravellers.com\/wp-content\/uploads\/2017\/03\/package-hotel-the-suite-at-san-roque-espagne-300x200.jpg 300w\" sizes=\"auto, (max-width: 540px) 100vw, 540px\" \/><\/div>\n<div class=\"one-half\">\n<p><span style=\"font-size: 36pt;\">1195\u20ac<\/span><\/p>\n<h4>Ce tarif comprend :<\/h4>\n<ul style=\"list-style-type: square;\">\n<li>4 nuits \u00e0 l\u2019h\u00f4tel Encinar de Sotogrande****<\/li>\n<li>Petits d\u00e9jeuners<\/li>\n<li>4\u00a0green fees\n<ul style=\"list-style-type: circle;\">\n<li>San Roque \u2018Old\u2019<\/li>\n<li>Valderrama<\/li>\n<li>La Reserva<\/li>\n<li>Sotogrande<\/li>\n<\/ul>\n<\/li>\n<li><a href=\"https:\/\/www.golftravellers.com\/fr\/options-de-transport\/\" target=\"_blank\" rel=\"noopener\">1 location de voiture pour 5\u00a0jours<\/a><\/li>\n<\/ul>\n<\/div>\n<div style=\"clear: both;\">\u00a0<\/div>\n<div class=\"one-third first\" style=\"text-align: center;\"><a class=\"button\" href=\"https:\/\/www.golftravellers.com\/fr\/nous-contacter\/reserver-votre-sejour\/\">R\u00e9server<\/a><\/div>\n<div class=\"one-third\" style=\"text-align: center;\"><a class=\"button\" href=\"https:\/\/www.golftravellers.com\/fr\/nous-contacter\/personnaliser-votre-sejour\/\">Personnaliser<\/a><\/div>\n<div class=\"one-third\" style=\"text-align: center;\"><a class=\"button\" href=\"https:\/\/www.golftravellers.com\/fr\/nous-contacter\/\">Contactez-nous<\/a><\/div>\n<div id=\"details\">\u00a0<\/div>\n<div>\u00a0<\/div>\n<div class=\"one-half first\">\n<h4>Nous vous offrons :<\/h4>\n<ul>\n<li>Service &amp; Assistance 24\/7<\/li>\n<\/ul>\n<\/div>\n<div class=\"one-half\">\n<h4>En option :<\/h4>\n<ul>\n<li>Vols, que nous pouvons r\u00e9server pour vous<\/li>\n<li>Suppl\u00e9ment pour chambre individuelle<\/li>\n<li>Nuits &amp; parcours suppl\u00e9mentaires<\/li>\n<li>Activit\u00e9s<\/li>\n<li>D\u00e9jeuners et d\u00eeners<\/li>\n<li>Assurance voyage<\/li>\n<\/ul>\n<\/div>\n<h2>Itin\u00e9raire :<\/h2>\n<table style=\"height: 120px; width: 777px;\">\n<tbody>\n<tr style=\"height: 24px;\">\n<td style=\"width: 75px; height: 24px;\"><strong>Jour 1 :<\/strong><\/td>\n<td style=\"width: 349px; height: 24px;\">Arriv\u00e9e \u00e0 l&rsquo;a\u00e9roport de\u00a0Malaga<\/td>\n<td style=\"width: 232px; height: 24px;\">H\u00f4tel Encinar de Sotogrande****<\/td>\n<td style=\"width: 93px; height: 24px;\">1 heure 10<\/td>\n<\/tr>\n<tr style=\"height: 24px;\">\n<td style=\"width: 75px; height: 24px;\"><strong>Jour 2 :<\/strong><\/td>\n<td style=\"width: 349px; height: 24px;\">San Roque \u2018Old\u2019<\/td>\n<td style=\"width: 232px; height: 24px;\">H\u00f4tel Encinar de Sotogrande****<\/td>\n<td style=\"width: 93px; height: 24px;\">10 minutes<\/td>\n<\/tr>\n<tr style=\"height: 24px;\">\n<td style=\"width: 75px; height: 24px;\"><strong>Jour 3 :<\/strong><\/td>\n<td style=\"width: 349px; height: 24px;\">Valderrama<\/td>\n<td style=\"width: 232px; height: 24px;\">H\u00f4tel Encinar de Sotogrande****<\/td>\n<td style=\"width: 93px; height: 24px;\">5 minutes<\/td>\n<\/tr>\n<tr style=\"height: 24px;\">\n<td style=\"width: 75px; height: 24px;\"><strong>Jour 4 :<\/strong><\/td>\n<td style=\"width: 349px; height: 24px;\">La Reserva<\/td>\n<td style=\"width: 232px; height: 24px;\">H\u00f4tel Encinar de Sotogrande****<\/td>\n<td style=\"width: 93px; height: 24px;\">10\u00a0minutes<\/td>\n<\/tr>\n<tr style=\"height: 24px;\">\n<td style=\"width: 75px; height: 24px;\"><strong>Jour 5 :<\/strong><\/td>\n<td style=\"width: 349px; height: 24px;\">Sotogrande<br \/>\nD\u00e9part pour l&rsquo;a\u00e9roport de Malaga<\/td>\n<td style=\"width: 232px; height: 24px;\">\u00a0<\/td>\n<td style=\"width: 93px; height: 24px;\">10\u00a0minutes<br \/>\n1 heure 10<\/td>\n<\/tr>\n<\/tbody>\n<\/table>\n<p>&nbsp;<\/p>\n<div class=\"one-third first\" style=\"text-align: center;\"><a class=\"button\" href=\"https:\/\/www.golftravellers.com\/fr\/nous-contacter\/reserver-votre-sejour\/\">R\u00e9server<\/a><\/div>\n<div class=\"one-third\" style=\"text-align: center;\"><a class=\"button\" href=\"https:\/\/www.golftravellers.com\/fr\/nous-contacter\/personnaliser-votre-sejour\/\">Personnaliser<\/a><\/div>\n<div class=\"one-third\" style=\"text-align: center;\"><a class=\"button\" href=\"https:\/\/www.golftravellers.com\/fr\/nous-contacter\/\">Contactez-nous<\/a><\/div>\n<p>&nbsp;<\/p>\n","protected":false},"excerpt":{"rendered":"<p>1195\u20ac Ce tarif comprend : 4 nuits \u00e0 l\u2019h\u00f4tel Encinar de Sotogrande**** Petits d\u00e9jeuners 4\u00a0green fees San Roque \u2018Old\u2019 Valderrama La Reserva Sotogrande 1 location de voiture pour 5\u00a0jours \u00a0 R\u00e9server Personnaliser Contactez-nous \u00a0 \u00a0 Nous vous offrons : Service &amp; Assistance 24\/7 En option : Vols, que nous pouvons r\u00e9server pour vous Suppl\u00e9ment pour [&hellip;]<\/p>\n","protected":false},"author":10,"featured_media":34303,"parent":26885,"menu_order":0,"comment_status":"closed","ping_status":"closed","template":"","meta":{"_genesis_hide_title":false,"_genesis_hide_breadcrumbs":false,"_genesis_hide_singular_image":false,"_genesis_hide_footer_widgets":false,"_genesis_custom_body_class":"","_genesis_custom_post_class":"","_genesis_layout":"","footnotes":""},"class_list":{"0":"post-34237","1":"page","2":"type-page","3":"status-publish","4":"has-post-thumbnail","6":"entry"},"_links":{"self":[{"href":"https:\/\/www.golftravellers.com\/fr\/wp-json\/wp\/v2\/pages\/34237","targetHints":{"allow":["GET"]}}],"collection":[{"href":"https:\/\/www.golftravellers.com\/fr\/wp-json\/wp\/v2\/pages"}],"about":[{"href":"https:\/\/www.golftravellers.com\/fr\/wp-json\/wp\/v2\/types\/page"}],"author":[{"embeddable":true,"href":"https:\/\/www.golftravellers.com\/fr\/wp-json\/wp\/v2\/users\/10"}],"replies":[{"embeddable":true,"href":"https:\/\/www.golftravellers.com\/fr\/wp-json\/wp\/v2\/comments?post=34237"}],"version-history":[{"count":10,"href":"https:\/\/www.golftravellers.com\/fr\/wp-json\/wp\/v2\/pages\/34237\/revisions"}],"predecessor-version":[{"id":41274,"href":"https:\/\/www.golftravellers.com\/fr\/wp-json\/wp\/v2\/pages\/34237\/revisions\/41274"}],"up":[{"embeddable":true,"href":"https:\/\/www.golftravellers.com\/fr\/wp-json\/wp\/v2\/pages\/26885"}],"wp:featuredmedia":[{"embeddable":true,"href":"https:\/\/www.golftravellers.com\/fr\/wp-json\/wp\/v2\/media\/34303"}],"wp:attachment":[{"href":"https:\/\/www.golftravellers.com\/fr\/wp-json\/wp\/v2\/media?parent=34237"}],"curies":[{"name":"wp","href":"https:\/\/api.w.org\/{rel}","templated":true}]}}