{"id":33923,"date":"2017-03-21T15:10:53","date_gmt":"2017-03-21T15:10:53","guid":{"rendered":"http:\/\/www.golftravellers.com\/?page_id=33923\/"},"modified":"2017-04-24T10:15:24","modified_gmt":"2017-04-24T09:15:24","slug":"week-end-golf-a-agadir-au-maroc","status":"publish","type":"page","link":"https:\/\/www.golftravellers.com\/fr\/destinations\/golf-au-maroc\/week-end-golf-a-agadir-au-maroc\/","title":{"rendered":"Week-end golf \u00e0 Agadir au Maroc"},"content":{"rendered":"<div class=\"one-half first\"><img loading=\"lazy\" decoding=\"async\" class=\"alignnone wp-image-34031 size-full\" src=\"https:\/\/www.golftravellers.com\/wp-content\/uploads\/2017\/03\/package-hyatt-place-parcours-tazegzout-maroc.jpg\" alt=\"Parcours Tazegzout Maroc\" width=\"540\" height=\"360\" srcset=\"https:\/\/www.golftravellers.com\/wp-content\/uploads\/2017\/03\/package-hyatt-place-parcours-tazegzout-maroc.jpg 540w, https:\/\/www.golftravellers.com\/wp-content\/uploads\/2017\/03\/package-hyatt-place-parcours-tazegzout-maroc-300x200.jpg 300w\" sizes=\"auto, (max-width: 540px) 100vw, 540px\" \/><\/div>\n<div class=\"one-half\">\n<p><span style=\"font-size: 36pt;\">450\u20ac<\/span><\/p>\n<h4>Ce tarif comprend :<\/h4>\n<ul style=\"list-style-type: square;\">\n<li>4 nuits \u00e0 l&rsquo;h\u00f4tel Hyatt Place Taghazout Bay***** \u00e0 Taghazout<\/li>\n<li>Demi pension<\/li>\n<li>2 green fees\n<ul style=\"list-style-type: circle;\">\n<li>Tazegzout<\/li>\n<\/ul>\n<\/li>\n<li><a href=\"https:\/\/www.golftravellers.com\/fr\/options-de-transport\/\">Transferts avec chauffeur<\/a><\/li>\n<\/ul>\n<\/div>\n<div style=\"clear: both;\">\u00a0<\/div>\n<div class=\"one-third first\" style=\"text-align: center;\"><a class=\"button\" href=\"https:\/\/www.golftravellers.com\/fr\/nous-contacter\/reserver-votre-sejour\/\">R\u00e9server<\/a><\/div>\n<div class=\"one-third\" style=\"text-align: center;\"><a class=\"button\" href=\"https:\/\/www.golftravellers.com\/fr\/nous-contacter\/personnaliser-votre-sejour\/\">Personnaliser<\/a><\/div>\n<div class=\"one-third\" style=\"text-align: center;\"><a class=\"button\" href=\"https:\/\/www.golftravellers.com\/fr\/nous-contacter\/\">Contactez-nous<\/a><\/div>\n<div id=\"details\">\u00a0<\/div>\n<div>\u00a0<\/div>\n<div class=\"one-half first\">\n<h4>Nous vous offrons :<\/h4>\n<ul>\n<li>Service &amp; Assistance 24\/7<\/li>\n<\/ul>\n<\/div>\n<div class=\"one-half\">\n<h4>En option :<\/h4>\n<ul>\n<li>Vols, que nous pouvons r\u00e9server pour vous<\/li>\n<li>Suppl\u00e9ment pour chambre individuelle<\/li>\n<li>Nuits &amp; parcours suppl\u00e9mentaires<\/li>\n<li>Activit\u00e9s<\/li>\n<li>D\u00e9jeuners<\/li>\n<li>Assurance voyage<\/li>\n<\/ul>\n<\/div>\n<h2>Itin\u00e9raire :<\/h2>\n<table style=\"height: 152px; width: 876px;\">\n<tbody>\n<tr style=\"height: 24px;\">\n<td style=\"height: 24px; width: 81px;\"><strong>Jour 1 :<\/strong><\/td>\n<td style=\"height: 24px; width: 264px;\">Arriv\u00e9e \u00e0 l&rsquo;a\u00e9roport d&rsquo;Agadir<\/td>\n<td style=\"height: 24px; width: 381px;\">H\u00f4tel Hyatt Place Taghazout Bay*****, Taghazout<\/td>\n<td style=\"height: 24px; width: 134px;\">1 heure<\/td>\n<\/tr>\n<tr style=\"height: 24px;\">\n<td style=\"height: 24px; width: 81px;\"><strong>Jour 2 :<\/strong><\/td>\n<td style=\"height: 24px; width: 264px;\">Tazegzout<\/td>\n<td style=\"height: 24px; width: 381px;\">H\u00f4tel Hyatt Place Taghazout Bay*****, Taghazout<\/td>\n<td style=\"height: 24px; width: 134px;\">Sur place<\/td>\n<\/tr>\n<tr style=\"height: 24.4063px;\">\n<td style=\"height: 24.4063px; width: 81px;\"><strong>Jour 3 :<\/strong><\/td>\n<td style=\"height: 24.4063px; width: 264px;\">Visite d&rsquo;Agadir<\/td>\n<td style=\"height: 24.4063px; width: 381px;\">H\u00f4tel Hyatt Place Taghazout Bay*****, Taghazout<\/td>\n<td style=\"height: 24.4063px; width: 134px;\">\u00a0<\/td>\n<\/tr>\n<tr style=\"height: 24px;\">\n<td style=\"height: 24px; width: 81px;\"><strong>Jour 4 :<\/strong><\/td>\n<td style=\"height: 24px; width: 264px;\">Tazegzout<\/td>\n<td style=\"height: 24px; width: 381px;\">H\u00f4tel Hyatt Place Taghazout Bay*****, Taghazout<\/td>\n<td style=\"height: 24px; width: 134px;\">Sur place<\/td>\n<\/tr>\n<tr style=\"height: 24px;\">\n<td style=\"height: 24px; width: 81px;\"><strong>Jour 5 :<\/strong><\/td>\n<td style=\"height: 24px; width: 264px;\">D\u00e9part pour l&rsquo;a\u00e9roport d&rsquo;Agadir<\/td>\n<td style=\"height: 24px; width: 381px;\">\u00a0<\/td>\n<td style=\"height: 24px; width: 134px;\">1 heure<\/td>\n<\/tr>\n<\/tbody>\n<\/table>\n<div class=\"terms\"><img loading=\"lazy\" decoding=\"async\" class=\"alignleft wp-image-3871\" src=\"https:\/\/www.golftravellers.com\/wp-content\/uploads\/2014\/06\/ExclamationPoint.png\" alt=\"Black exclamation point within box with black border\" width=\"50\" height=\"50\" \/><\/p>\n<h3>Conditions :<\/h3>\n<p>\u00a0<br \/>\n &#8211; Les tarifs indiqu\u00e9s sont \u00a0susceptibles d&rsquo;\u00eatre modifi\u00e9s selon la p\u00e9riode.<\/p>\n<p>&#8211; Offre valable pour 2 personnes minimum en chambre double.<\/p>\n<\/div>\n<p>&nbsp;<\/p>\n<div class=\"one-third first\" style=\"text-align: center;\"><a class=\"button\" href=\"https:\/\/www.golftravellers.com\/fr\/nous-contacter\/reserver-votre-sejour\/\">R\u00e9server<\/a><\/div>\n<div class=\"one-third\" style=\"text-align: center;\"><a class=\"button\" href=\"https:\/\/www.golftravellers.com\/fr\/nous-contacter\/personnaliser-votre-sejour\/\">Personnaliser<\/a><\/div>\n<div class=\"one-third\" style=\"text-align: center;\"><a class=\"button\" href=\"https:\/\/www.golftravellers.com\/fr\/nous-contacter\/\">Contactez-nous<\/a><\/div>\n<p>&nbsp;<\/p>\n","protected":false},"excerpt":{"rendered":"<p>450\u20ac Ce tarif comprend : 4 nuits \u00e0 l&rsquo;h\u00f4tel Hyatt Place Taghazout Bay***** \u00e0 Taghazout Demi pension 2 green fees Tazegzout Transferts avec chauffeur \u00a0 R\u00e9server Personnaliser Contactez-nous \u00a0 \u00a0 Nous vous offrons : Service &amp; Assistance 24\/7 En option : Vols, que nous pouvons r\u00e9server pour vous Suppl\u00e9ment pour chambre individuelle Nuits &amp; parcours [&hellip;]<\/p>\n","protected":false},"author":6,"featured_media":34077,"parent":26883,"menu_order":0,"comment_status":"closed","ping_status":"closed","template":"","meta":{"_genesis_hide_title":false,"_genesis_hide_breadcrumbs":false,"_genesis_hide_singular_image":false,"_genesis_hide_footer_widgets":false,"_genesis_custom_body_class":"","_genesis_custom_post_class":"","_genesis_layout":"","footnotes":""},"class_list":{"0":"post-33923","1":"page","2":"type-page","3":"status-publish","4":"has-post-thumbnail","6":"entry"},"_links":{"self":[{"href":"https:\/\/www.golftravellers.com\/fr\/wp-json\/wp\/v2\/pages\/33923","targetHints":{"allow":["GET"]}}],"collection":[{"href":"https:\/\/www.golftravellers.com\/fr\/wp-json\/wp\/v2\/pages"}],"about":[{"href":"https:\/\/www.golftravellers.com\/fr\/wp-json\/wp\/v2\/types\/page"}],"author":[{"embeddable":true,"href":"https:\/\/www.golftravellers.com\/fr\/wp-json\/wp\/v2\/users\/6"}],"replies":[{"embeddable":true,"href":"https:\/\/www.golftravellers.com\/fr\/wp-json\/wp\/v2\/comments?post=33923"}],"version-history":[{"count":11,"href":"https:\/\/www.golftravellers.com\/fr\/wp-json\/wp\/v2\/pages\/33923\/revisions"}],"predecessor-version":[{"id":36507,"href":"https:\/\/www.golftravellers.com\/fr\/wp-json\/wp\/v2\/pages\/33923\/revisions\/36507"}],"up":[{"embeddable":true,"href":"https:\/\/www.golftravellers.com\/fr\/wp-json\/wp\/v2\/pages\/26883"}],"wp:featuredmedia":[{"embeddable":true,"href":"https:\/\/www.golftravellers.com\/fr\/wp-json\/wp\/v2\/media\/34077"}],"wp:attachment":[{"href":"https:\/\/www.golftravellers.com\/fr\/wp-json\/wp\/v2\/media?parent=33923"}],"curies":[{"name":"wp","href":"https:\/\/api.w.org\/{rel}","templated":true}]}}