{"id":33921,"date":"2017-03-21T15:32:08","date_gmt":"2017-03-21T15:32:08","guid":{"rendered":"http:\/\/www.golftravellers.com\/?page_id=33921\/"},"modified":"2017-04-24T10:15:06","modified_gmt":"2017-04-24T09:15:06","slug":"une-semaine-de-golf-a-agadir-au-maroc","status":"publish","type":"page","link":"https:\/\/www.golftravellers.com\/fr\/destinations\/golf-au-maroc\/une-semaine-de-golf-a-agadir-au-maroc\/","title":{"rendered":"Une semaine de golf \u00e0 Agadir au Maroc"},"content":{"rendered":"<div class=\"one-half first\"><img loading=\"lazy\" decoding=\"async\" class=\"alignnone wp-image-34056 size-full\" src=\"https:\/\/www.golftravellers.com\/wp-content\/uploads\/2017\/03\/package-iberostar-founty-beach-parcours-ocean-maroc.jpg\" alt=\"Golf Package Founty Beach Maroc\" width=\"540\" height=\"360\" srcset=\"https:\/\/www.golftravellers.com\/wp-content\/uploads\/2017\/03\/package-iberostar-founty-beach-parcours-ocean-maroc.jpg 540w, https:\/\/www.golftravellers.com\/wp-content\/uploads\/2017\/03\/package-iberostar-founty-beach-parcours-ocean-maroc-300x200.jpg 300w\" sizes=\"auto, (max-width: 540px) 100vw, 540px\" \/><\/div>\n<div class=\"one-half\">\n<p><span style=\"font-size: 36pt;\">960\u20ac<\/span><\/p>\n<h4>Ce tarif comprend :<\/h4>\n<ul style=\"list-style-type: square;\">\n<li>7 nuits a l&rsquo;h\u00f4tel Iberostar Founty Beach**** \u00e0 Agadir<\/li>\n<li>All inclusive<\/li>\n<li>5 green fees\n<ul style=\"list-style-type: circle;\">\n<li>Oc\u00e9an (2 green fees)<\/li>\n<li>Soleil\u00a0(2 green fees)<\/li>\n<li>Tazegzout<\/li>\n<\/ul>\n<\/li>\n<li><a href=\"https:\/\/www.golftravellers.com\/fr\/options-de-transport\/\">Transferts avec chauffeur<\/a><\/li>\n<\/ul>\n<\/div>\n<div style=\"clear: both;\">\u00a0<\/div>\n<div class=\"one-third first\" style=\"text-align: center;\"><a class=\"button\" href=\"https:\/\/www.golftravellers.com\/fr\/nous-contacter\/reserver-votre-sejour\/\">R\u00e9server<\/a><\/div>\n<div class=\"one-third\" style=\"text-align: center;\"><a class=\"button\" href=\"https:\/\/www.golftravellers.com\/fr\/nous-contacter\/personnaliser-votre-sejour\/\">Personnaliser<\/a><\/div>\n<div class=\"one-third\" style=\"text-align: center;\"><a class=\"button\" href=\"https:\/\/www.golftravellers.com\/fr\/nous-contacter\/\">Contactez-nous<\/a><\/div>\n<div id=\"details\">\u00a0<\/div>\n<div>\u00a0<\/div>\n<div class=\"one-half first\">\n<h4>Nous vous offrons :<\/h4>\n<ul>\n<li>Service &amp; Assistance 24\/7<\/li>\n<\/ul>\n<\/div>\n<div class=\"one-half\">\n<h4>En option :<\/h4>\n<ul>\n<li>Vols, que nous pouvons r\u00e9server pour vous<\/li>\n<li>Suppl\u00e9ment pour chambre individuelle<\/li>\n<li>Nuits &amp; parcours suppl\u00e9mentaires<\/li>\n<li>Activit\u00e9s<\/li>\n<li>Assurance voyage<\/li>\n<\/ul>\n<\/div>\n<h2>Itin\u00e9raire :<\/h2>\n<table style=\"height: 152px; width: 876px;\">\n<tbody>\n<tr style=\"height: 24px;\">\n<td style=\"height: 24px; width: 82px;\"><strong>Jour 1 :<\/strong><\/td>\n<td style=\"height: 24px; width: 266px;\">Arriv\u00e9e \u00e0 l&rsquo;a\u00e9roport d&rsquo;Agadir<\/td>\n<td style=\"height: 24px; width: 351px;\">H\u00f4tel Iberostar Founty Beach****, Agadir<\/td>\n<td style=\"height: 24px; width: 162px;\">25\u00a0minutes<\/td>\n<\/tr>\n<tr style=\"height: 24px;\">\n<td style=\"height: 24px; width: 82px;\"><strong>Jour 2 :<\/strong><\/td>\n<td style=\"height: 24px; width: 266px;\">Oc\u00e9an<\/td>\n<td style=\"height: 24px; width: 351px;\">H\u00f4tel Iberostar Founty Beach****, Agadir<\/td>\n<td style=\"height: 24px; width: 162px;\">15 minutes<\/td>\n<\/tr>\n<tr style=\"height: 24px;\">\n<td style=\"height: 24px; width: 82px;\"><strong>Jour 3 :<\/strong><\/td>\n<td style=\"height: 24px; width: 266px;\">Soleil<\/td>\n<td style=\"height: 24px; width: 351px;\">H\u00f4tel Iberostar Founty Beach****, Agadir<\/td>\n<td style=\"height: 24px; width: 162px;\">15 minutes<\/td>\n<\/tr>\n<tr style=\"height: 24px;\">\n<td style=\"height: 24px; width: 82px;\"><strong>Jour 4 :<\/strong><\/td>\n<td style=\"height: 24px; width: 266px;\">Tazegzout<\/td>\n<td style=\"height: 24px; width: 351px;\">H\u00f4tel Iberostar Founty Beach****, Agadir<\/td>\n<td style=\"height: 24px; width: 162px;\">30 minutes<\/td>\n<\/tr>\n<tr style=\"height: 24.4063px;\">\n<td style=\"height: 24.4063px; width: 82px;\"><strong>Jour 5 :<\/strong><\/td>\n<td style=\"height: 24.4063px; width: 266px;\">Visite d&rsquo;Agadir<\/td>\n<td style=\"height: 24.4063px; width: 351px;\">H\u00f4tel Iberostar Founty Beach****, Agadir<\/td>\n<td style=\"height: 24.4063px; width: 162px;\">\u00a0<\/td>\n<\/tr>\n<tr style=\"height: 24px;\">\n<td style=\"height: 24px; width: 82px;\"><strong>Jour 6 :<\/strong><\/td>\n<td style=\"height: 24px; width: 266px;\">Oc\u00e9an<\/td>\n<td style=\"height: 24px; width: 351px;\">H\u00f4tel Iberostar Founty Beach****, Agadir<\/td>\n<td style=\"height: 24px; width: 162px;\">15 minutes<\/td>\n<\/tr>\n<tr style=\"height: 24px;\">\n<td style=\"height: 24px; width: 82px;\"><strong>Jour 7 :<\/strong><\/td>\n<td style=\"height: 24px; width: 266px;\">Soleil<\/td>\n<td style=\"height: 24px; width: 351px;\">H\u00f4tel Iberostar Founty Beach****, Agadir<\/td>\n<td style=\"height: 24px; width: 162px;\">15 minutes<\/td>\n<\/tr>\n<tr style=\"height: 24px;\">\n<td style=\"height: 24px; width: 82px;\"><strong>Jour 8 :<\/strong><\/td>\n<td style=\"height: 24px; width: 266px;\">D\u00e9part pour l&rsquo;a\u00e9roport d&rsquo;Agadir<\/td>\n<td style=\"height: 24px; width: 351px;\">\u00a0<\/td>\n<td style=\"height: 24px; width: 162px;\">25 minutes<\/td>\n<\/tr>\n<\/tbody>\n<\/table>\n<div class=\"terms\"><img loading=\"lazy\" decoding=\"async\" class=\"alignleft wp-image-3871\" src=\"https:\/\/www.golftravellers.com\/wp-content\/uploads\/2014\/06\/ExclamationPoint.png\" alt=\"Black exclamation point within box with black border\" width=\"50\" height=\"50\" \/><\/p>\n<h3>Conditions :<\/h3>\n<p>\u00a0<br \/>\n &#8211; Les tarifs indiqu\u00e9s sont \u00a0susceptibles d&rsquo;\u00eatre modifi\u00e9s selon la p\u00e9riode.<\/p>\n<p>&#8211; Offre valable pour 2 personnes minimum en chambre double.<\/p>\n<\/div>\n<p>&nbsp;<\/p>\n<div class=\"one-third first\" style=\"text-align: center;\"><a class=\"button\" href=\"https:\/\/www.golftravellers.com\/fr\/nous-contacter\/reserver-votre-sejour\/\">R\u00e9server<\/a><\/div>\n<div class=\"one-third\" style=\"text-align: center;\"><a class=\"button\" href=\"https:\/\/www.golftravellers.com\/fr\/nous-contacter\/personnaliser-votre-sejour\/\">Personnaliser<\/a><\/div>\n<div class=\"one-third\" style=\"text-align: center;\"><a class=\"button\" href=\"https:\/\/www.golftravellers.com\/fr\/nous-contacter\/\">Contactez-nous<\/a><\/div>\n<p>&nbsp;<\/p>\n","protected":false},"excerpt":{"rendered":"<p>960\u20ac Ce tarif comprend : 7 nuits a l&rsquo;h\u00f4tel Iberostar Founty Beach**** \u00e0 Agadir All inclusive 5 green fees Oc\u00e9an (2 green fees) Soleil\u00a0(2 green fees) Tazegzout Transferts avec chauffeur \u00a0 R\u00e9server Personnaliser Contactez-nous \u00a0 \u00a0 Nous vous offrons : Service &amp; Assistance 24\/7 En option : Vols, que nous pouvons r\u00e9server pour vous Suppl\u00e9ment [&hellip;]<\/p>\n","protected":false},"author":6,"featured_media":34103,"parent":26883,"menu_order":0,"comment_status":"closed","ping_status":"closed","template":"","meta":{"_genesis_hide_title":false,"_genesis_hide_breadcrumbs":false,"_genesis_hide_singular_image":false,"_genesis_hide_footer_widgets":false,"_genesis_custom_body_class":"","_genesis_custom_post_class":"","_genesis_layout":"","footnotes":""},"class_list":{"0":"post-33921","1":"page","2":"type-page","3":"status-publish","4":"has-post-thumbnail","6":"entry"},"_links":{"self":[{"href":"https:\/\/www.golftravellers.com\/fr\/wp-json\/wp\/v2\/pages\/33921","targetHints":{"allow":["GET"]}}],"collection":[{"href":"https:\/\/www.golftravellers.com\/fr\/wp-json\/wp\/v2\/pages"}],"about":[{"href":"https:\/\/www.golftravellers.com\/fr\/wp-json\/wp\/v2\/types\/page"}],"author":[{"embeddable":true,"href":"https:\/\/www.golftravellers.com\/fr\/wp-json\/wp\/v2\/users\/6"}],"replies":[{"embeddable":true,"href":"https:\/\/www.golftravellers.com\/fr\/wp-json\/wp\/v2\/comments?post=33921"}],"version-history":[{"count":11,"href":"https:\/\/www.golftravellers.com\/fr\/wp-json\/wp\/v2\/pages\/33921\/revisions"}],"predecessor-version":[{"id":36505,"href":"https:\/\/www.golftravellers.com\/fr\/wp-json\/wp\/v2\/pages\/33921\/revisions\/36505"}],"up":[{"embeddable":true,"href":"https:\/\/www.golftravellers.com\/fr\/wp-json\/wp\/v2\/pages\/26883"}],"wp:featuredmedia":[{"embeddable":true,"href":"https:\/\/www.golftravellers.com\/fr\/wp-json\/wp\/v2\/media\/34103"}],"wp:attachment":[{"href":"https:\/\/www.golftravellers.com\/fr\/wp-json\/wp\/v2\/media?parent=33921"}],"curies":[{"name":"wp","href":"https:\/\/api.w.org\/{rel}","templated":true}]}}