{"id":33821,"date":"2017-03-20T17:13:48","date_gmt":"2017-03-20T17:13:48","guid":{"rendered":"http:\/\/www.golftravellers.com\/?page_id=33821\/"},"modified":"2020-07-09T11:13:38","modified_gmt":"2020-07-09T10:13:38","slug":"5-jours-de-golf-a-la-cala-resort-en-espagne","status":"publish","type":"page","link":"https:\/\/www.golftravellers.com\/fr\/destinations\/golf-en-espagne\/5-jours-de-golf-a-la-cala-resort-en-espagne\/","title":{"rendered":"5 jours de golf \u00e0 La Cala Resort en Espagne"},"content":{"rendered":"<div class=\"one-half first\"><img loading=\"lazy\" decoding=\"async\" class=\"alignnone wp-image-34330 size-full\" src=\"https:\/\/www.golftravellers.com\/wp-content\/uploads\/2017\/03\/package-la-cala-parcours-asia-espagne.jpg\" alt=\"Espagne Golf La Cala\" width=\"540\" height=\"360\" srcset=\"https:\/\/www.golftravellers.com\/wp-content\/uploads\/2017\/03\/package-la-cala-parcours-asia-espagne.jpg 540w, https:\/\/www.golftravellers.com\/wp-content\/uploads\/2017\/03\/package-la-cala-parcours-asia-espagne-300x200.jpg 300w\" sizes=\"auto, (max-width: 540px) 100vw, 540px\" \/><\/div>\n<div class=\"one-half\">\n<p><span style=\"font-size: 36pt;\">590\u20ac<\/span><\/p>\n<h4>Ce tarif comprend :<\/h4>\n<ul style=\"list-style-type: square;\">\n<li>4 nuits\u00a0\u00e0 la Cala Resort*****<\/li>\n<li>Petits d\u00e9jeuners<\/li>\n<li>3 green fees\n<ul style=\"list-style-type: circle;\">\n<li>La Cala &lsquo;Asia&rsquo;<\/li>\n<li>La Cala &lsquo;America&rsquo;<\/li>\n<li>La Cala &lsquo;Europa&rsquo;<\/li>\n<\/ul>\n<\/li>\n<li><a href=\"https:\/\/www.golftravellers.com\/fr\/options-de-transport\/\" target=\"_blank\" rel=\"noopener\">1 location de voiture pour 5 jours<\/a><\/li>\n<\/ul>\n<\/div>\n<div style=\"clear: both;\">\u00a0<\/div>\n<div class=\"one-third first\" style=\"text-align: center;\"><a class=\"button\" href=\"https:\/\/www.golftravellers.com\/fr\/nous-contacter\/reserver-votre-sejour\/\">R\u00e9server<\/a><\/div>\n<div class=\"one-third\" style=\"text-align: center;\"><a class=\"button\" href=\"https:\/\/www.golftravellers.com\/fr\/nous-contacter\/personnaliser-votre-sejour\/\">Personnaliser<\/a><\/div>\n<div class=\"one-third\" style=\"text-align: center;\"><a class=\"button\" href=\"https:\/\/www.golftravellers.com\/fr\/nous-contacter\/\">Contactez-nous<\/a><\/div>\n<div id=\"details\">\u00a0<\/div>\n<div>\u00a0<\/div>\n<div class=\"one-half first\">\n<h4>Nous vous offrons :<\/h4>\n<ul>\n<li>Service &amp; Assistance 24\/7<\/li>\n<\/ul>\n<\/div>\n<div class=\"one-half\">\n<h4>En option :<\/h4>\n<ul>\n<li>Vols, que nous pouvons r\u00e9server pour vous<\/li>\n<li>Suppl\u00e9ment pour chambre individuelle<\/li>\n<li>Nuits &amp; parcours suppl\u00e9mentaires<\/li>\n<li>Activit\u00e9s<\/li>\n<li>D\u00e9jeuners et d\u00eeners<\/li>\n<li>Assurance voyage<\/li>\n<\/ul>\n<\/div>\n<h2>Itin\u00e9raire :<\/h2>\n<table style=\"height: 152px; width: 905px;\">\n<tbody>\n<tr style=\"height: 24px;\">\n<td style=\"height: 24px; width: 85px;\"><strong>Jour 1 :<\/strong><\/td>\n<td style=\"height: 24px; width: 268px;\">Arriv\u00e9e \u00e0 l&rsquo;a\u00e9roport de Malaga<\/td>\n<td style=\"height: 24px; width: 346px;\">La Cala Resort*****<\/td>\n<td style=\"height: 24px; width: 192px;\">40 minutes<\/td>\n<\/tr>\n<tr style=\"height: 24px;\">\n<td style=\"height: 24px; width: 85px;\"><strong>Jour 2 :<\/strong><\/td>\n<td style=\"height: 24px; width: 268px;\">La Cala &lsquo;Europa&rsquo;<\/td>\n<td style=\"height: 24px; width: 346px;\">La Cala Resort*****<\/td>\n<td style=\"height: 24px; width: 192px;\">Sur place<\/td>\n<\/tr>\n<tr style=\"height: 24px;\">\n<td style=\"height: 24px; width: 85px;\"><strong>Jour 3 :<\/strong><\/td>\n<td style=\"height: 24px; width: 268px;\">La Cala &lsquo;Asia&rsquo;<\/td>\n<td style=\"height: 24px; width: 346px;\">La Cala Resort*****<\/td>\n<td style=\"height: 24px; width: 192px;\">Sur place<\/td>\n<\/tr>\n<tr style=\"height: 24px;\">\n<td style=\"height: 24px; width: 85px;\"><strong>Jour 4 :<\/strong><\/td>\n<td style=\"height: 24px; width: 268px;\">La Cala &lsquo;America&rsquo;<\/td>\n<td style=\"height: 24px; width: 346px;\">La Cala Resort*****<\/td>\n<td style=\"height: 24px; width: 192px;\">Sur\u00a0place<\/td>\n<\/tr>\n<tr style=\"height: 24.4063px;\">\n<td style=\"height: 24.4063px; width: 85px;\"><strong>Jour 5 :\u00a0<\/strong><\/td>\n<td style=\"height: 24.4063px; width: 268px;\">D\u00e9part pour l&rsquo;a\u00e9roport de Malaga<\/td>\n<td style=\"height: 24.4063px; width: 346px;\">\u00a0<\/td>\n<td style=\"height: 24.4063px; width: 192px;\">40 minutes<\/td>\n<\/tr>\n<\/tbody>\n<\/table>\n<p>&nbsp;<\/p>\n<div class=\"one-third first\" style=\"text-align: center;\"><a class=\"button\" href=\"https:\/\/www.golftravellers.com\/fr\/nous-contacter\/reserver-votre-sejour\/\">R\u00e9server<\/a><\/div>\n<div class=\"one-third\" style=\"text-align: center;\"><a class=\"button\" href=\"https:\/\/www.golftravellers.com\/fr\/nous-contacter\/personnaliser-votre-sejour\/\">Personnaliser<\/a><\/div>\n<div class=\"one-third\" style=\"text-align: center;\"><a class=\"button\" href=\"https:\/\/www.golftravellers.com\/fr\/nous-contacter\/\">Contactez-nous<\/a><\/div>\n<p>&nbsp;<\/p>\n","protected":false},"excerpt":{"rendered":"<p>590\u20ac Ce tarif comprend : 4 nuits\u00a0\u00e0 la Cala Resort***** Petits d\u00e9jeuners 3 green fees La Cala &lsquo;Asia&rsquo; La Cala &lsquo;America&rsquo; La Cala &lsquo;Europa&rsquo; 1 location de voiture pour 5 jours \u00a0 R\u00e9server Personnaliser Contactez-nous \u00a0 \u00a0 Nous vous offrons : Service &amp; Assistance 24\/7 En option : Vols, que nous pouvons r\u00e9server pour vous [&hellip;]<\/p>\n","protected":false},"author":6,"featured_media":34290,"parent":26885,"menu_order":0,"comment_status":"closed","ping_status":"closed","template":"","meta":{"_genesis_hide_title":false,"_genesis_hide_breadcrumbs":false,"_genesis_hide_singular_image":false,"_genesis_hide_footer_widgets":false,"_genesis_custom_body_class":"","_genesis_custom_post_class":"","_genesis_layout":"","footnotes":""},"class_list":{"0":"post-33821","1":"page","2":"type-page","3":"status-publish","4":"has-post-thumbnail","6":"entry"},"_links":{"self":[{"href":"https:\/\/www.golftravellers.com\/fr\/wp-json\/wp\/v2\/pages\/33821","targetHints":{"allow":["GET"]}}],"collection":[{"href":"https:\/\/www.golftravellers.com\/fr\/wp-json\/wp\/v2\/pages"}],"about":[{"href":"https:\/\/www.golftravellers.com\/fr\/wp-json\/wp\/v2\/types\/page"}],"author":[{"embeddable":true,"href":"https:\/\/www.golftravellers.com\/fr\/wp-json\/wp\/v2\/users\/6"}],"replies":[{"embeddable":true,"href":"https:\/\/www.golftravellers.com\/fr\/wp-json\/wp\/v2\/comments?post=33821"}],"version-history":[{"count":11,"href":"https:\/\/www.golftravellers.com\/fr\/wp-json\/wp\/v2\/pages\/33821\/revisions"}],"predecessor-version":[{"id":41264,"href":"https:\/\/www.golftravellers.com\/fr\/wp-json\/wp\/v2\/pages\/33821\/revisions\/41264"}],"up":[{"embeddable":true,"href":"https:\/\/www.golftravellers.com\/fr\/wp-json\/wp\/v2\/pages\/26885"}],"wp:featuredmedia":[{"embeddable":true,"href":"https:\/\/www.golftravellers.com\/fr\/wp-json\/wp\/v2\/media\/34290"}],"wp:attachment":[{"href":"https:\/\/www.golftravellers.com\/fr\/wp-json\/wp\/v2\/media?parent=33821"}],"curies":[{"name":"wp","href":"https:\/\/api.w.org\/{rel}","templated":true}]}}