{"id":33031,"date":"2016-12-20T17:06:45","date_gmt":"2016-12-20T17:06:45","guid":{"rendered":"http:\/\/www.golftravellers.com\/?page_id=33031\/"},"modified":"2018-01-20T21:29:27","modified_gmt":"2018-01-20T21:29:27","slug":"les-meilleurs-parcours-de-golf-du-sud","status":"publish","type":"page","link":"https:\/\/www.golftravellers.com\/fr\/destinations\/golf-en-afrique-du-sud\/les-meilleurs-parcours-de-golf-du-sud\/","title":{"rendered":"Les meilleurs parcours dans la r\u00e9gion du Sud"},"content":{"rendered":"<div class=\"one-half first\"><img loading=\"lazy\" decoding=\"async\" class=\"alignnone size-full wp-image-33111\" src=\"https:\/\/www.golftravellers.com\/wp-content\/uploads\/2016\/12\/12-nuits-et-7-parcours-dans-le-sud-pinnacle-point.jpg\" alt=\"\" width=\"540\" height=\"360\" srcset=\"https:\/\/www.golftravellers.com\/wp-content\/uploads\/2016\/12\/12-nuits-et-7-parcours-dans-le-sud-pinnacle-point.jpg 540w, https:\/\/www.golftravellers.com\/wp-content\/uploads\/2016\/12\/12-nuits-et-7-parcours-dans-le-sud-pinnacle-point-300x200.jpg 300w\" sizes=\"auto, (max-width: 540px) 100vw, 540px\" \/><\/div>\n<div class=\"one-half\">\n<p><span style=\"font-size: 36pt;\">1970\u20ac<\/span><\/p>\n<h4>Ce tarif comprend :<\/h4>\n<ul style=\"list-style-type: square;\">\n<li>5 nuits en Guesthouse 4 \u00e9toiles \u00e0 Cape Town<\/li>\n<li>2 nuits \u00e0\u00a0l&rsquo;h\u00f4tel 4 \u00e9toiles Arabella Hotel &amp; Spa \u00e0 Hermanus<\/li>\n<li>5 nuits \u00e0 l&rsquo;h\u00f4tel 5 \u00e9toiles Fancourt \u00e0 George<\/li>\n<li>Petits d\u00e9jeuners<\/li>\n<li>7 green fees\n<ul style=\"list-style-type: circle;\">\n<li>Pearl Valley<\/li>\n<li>Royal Cape<\/li>\n<li>Erinvale<\/li>\n<li>Arabella<\/li>\n<li>Fancourt &lsquo;Outeniqua&rsquo;<\/li>\n<li>Fancourt &lsquo;Montagu&rsquo;<\/li>\n<li>Pinnacle Point<\/li>\n<\/ul>\n<\/li>\n<li>1 location de voiture pour 13 jours<\/li>\n<\/ul>\n<\/div>\n<div style=\"clear: both;\">\u00a0<\/div>\n<div class=\"one-third first\" style=\"text-align: center;\"><a class=\"button\" href=\"https:\/\/www.golftravellers.com\/fr\/nous-contacter\/reserver-votre-sejour\/\">R\u00e9server<\/a><\/div>\n<div class=\"one-third\" style=\"text-align: center;\"><a class=\"button\" href=\"https:\/\/www.golftravellers.com\/fr\/nous-contacter\/personnaliser-votre-sejour\/\">Personnaliser<\/a><\/div>\n<div class=\"one-third\" style=\"text-align: center;\"><a class=\"button\" href=\"https:\/\/www.golftravellers.com\/fr\/nous-contacter\/\">Contactez-nous<\/a><\/div>\n<div id=\"details\">\u00a0<\/div>\n<div>\u00a0<\/div>\n<div class=\"one-half first\">\n<h4>Nous vous offrons :<\/h4>\n<ul>\n<li>Service &amp; Assistance 24\/7<\/li>\n<\/ul>\n<\/div>\n<div class=\"one-half\">\n<h4>En option :<\/h4>\n<ul>\n<li>Vols, que nous pouvons r\u00e9server pour vous<\/li>\n<li>Suppl\u00e9ment pour chambre individuelle<\/li>\n<li>Nuits &amp; parcours suppl\u00e9mentaires<\/li>\n<li>Activit\u00e9s<\/li>\n<li>D\u00e9jeuners et d\u00eeners<\/li>\n<li>Assurance voyage<\/li>\n<li>Suppl\u00e9ment Fancourt &lsquo;Links&rsquo; : 150\u20ac<\/li>\n<\/ul>\n<\/div>\n<h2>Itin\u00e9raire :<\/h2>\n<table style=\"height: 236px; width: 1055px;\">\n<tbody>\n<tr style=\"height: 24px;\">\n<td style=\"width: 91px; height: 24px;\"><strong>Jour 1 :<\/strong><\/td>\n<td style=\"width: 347px; height: 24px;\">Arriv\u00e9e \u00e0 l&rsquo;a\u00e9roport de Cape Town<\/td>\n<td style=\"width: 354px; height: 24px;\">Guesthouse****, Cape Town<\/td>\n<td style=\"width: 237px; height: 24px;\">20 minutes<\/td>\n<\/tr>\n<tr style=\"height: 24px;\">\n<td style=\"width: 91px; height: 24px;\"><strong>Jour 2 :<\/strong><\/td>\n<td style=\"width: 347px; height: 24px;\">Pearl Valley<\/td>\n<td style=\"width: 354px; height: 24px;\">Guesthouse****, Cape Town<\/td>\n<td style=\"width: 237px; height: 24px;\">1 heure<\/td>\n<\/tr>\n<tr style=\"height: 24px;\">\n<td style=\"width: 91px; height: 24px;\"><strong>Jour 3 :<\/strong><\/td>\n<td style=\"width: 347px; height: 24px;\">Royal Cape<\/td>\n<td style=\"width: 354px; height: 24px;\">Guesthouse****, Cape Town<\/td>\n<td style=\"width: 237px; height: 24px;\">20 minutes<\/td>\n<\/tr>\n<tr style=\"height: 24px;\">\n<td style=\"width: 91px; height: 24px;\"><strong>Jour 4 :<\/strong><\/td>\n<td style=\"width: 347px; height: 24px;\">Visite de la r\u00e9gion<\/td>\n<td style=\"width: 354px; height: 24px;\">Guesthouse****, Cape Town<\/td>\n<td style=\"width: 237px; height: 24px;\">\u00a0<\/td>\n<\/tr>\n<tr style=\"height: 24px;\">\n<td style=\"width: 91px; height: 24px;\"><strong>Jour 5 :<\/strong><\/td>\n<td style=\"width: 347px; height: 24px;\">Erinvale<\/td>\n<td style=\"width: 354px; height: 24px;\">Guesthouse****, Cape Town<\/td>\n<td style=\"width: 237px; height: 24px;\">45 minutes<\/td>\n<\/tr>\n<tr style=\"height: 24px;\">\n<td style=\"width: 91px; height: 24px;\"><strong>Jour 6 :<\/strong><\/td>\n<td style=\"width: 347px; height: 24px;\">Trajet vers Hermanus<\/td>\n<td style=\"width: 354px; height: 24px;\">Arabella Hotel &amp; Spa****, Hermanus<\/td>\n<td style=\"width: 237px; height: 24px;\">1 heure et 30 minutes<\/td>\n<\/tr>\n<tr style=\"height: 24px;\">\n<td style=\"width: 91px; height: 24px;\"><strong>Jour 7 :<\/strong><\/td>\n<td style=\"width: 347px; height: 24px;\">Arabella<\/td>\n<td style=\"width: 354px; height: 24px;\">Arabella Hotel &amp; Spa****, Hermanus<\/td>\n<td style=\"width: 237px; height: 24px;\">Sur place<\/td>\n<\/tr>\n<tr style=\"height: 24px;\">\n<td style=\"width: 91px; height: 24px;\"><strong>Jour 8 :<\/strong><\/td>\n<td style=\"width: 347px; height: 24px;\">Trajet vers George<\/td>\n<td style=\"width: 354px; height: 24px;\">H\u00f4tel Fancourt*****, George<\/td>\n<td style=\"width: 237px; height: 24px;\">3 heures et 30\u00a0minutes<\/td>\n<\/tr>\n<tr style=\"height: 24px;\">\n<td style=\"height: 24px; width: 91px;\"><strong>Jour 9 :<\/strong><\/td>\n<td style=\"height: 24px; width: 347px;\">Fancourt &lsquo;Outeniqua&rsquo;<\/td>\n<td style=\"height: 24px; width: 354px;\">H\u00f4tel Fancourt*****, George<\/td>\n<td style=\"height: 24px; width: 237px;\">Sur place<\/td>\n<\/tr>\n<tr style=\"height: 24px;\">\n<td style=\"height: 24px; width: 91px;\"><strong>Jour 10 :<\/strong><\/td>\n<td style=\"height: 24px; width: 347px;\">Visite de la r\u00e9gion<\/td>\n<td style=\"height: 24px; width: 354px;\">H\u00f4tel Fancourt*****, George<\/td>\n<td style=\"height: 24px; width: 237px;\">\u00a0<\/td>\n<\/tr>\n<tr style=\"height: 24px;\">\n<td style=\"height: 24px; width: 91px;\"><strong>Jour 11 :<\/strong><\/td>\n<td style=\"height: 24px; width: 347px;\">Fancourt &lsquo;Montagu&rsquo;<\/td>\n<td style=\"height: 24px; width: 354px;\">H\u00f4tel Fancourt*****, George<\/td>\n<td style=\"height: 24px; width: 237px;\">Sur place<\/td>\n<\/tr>\n<tr style=\"height: 24.4063px;\">\n<td style=\"height: 24.4063px; width: 91px;\"><strong>Jour 12 :<\/strong><\/td>\n<td style=\"height: 24.4063px; width: 347px;\">Pinnacle Point<\/td>\n<td style=\"height: 24.4063px; width: 354px;\">H\u00f4tel Fancourt*****, George<\/td>\n<td style=\"height: 24.4063px; width: 237px;\">40 minutes<\/td>\n<\/tr>\n<tr style=\"height: 24px;\">\n<td style=\"height: 24px; width: 91px;\"><strong>Jour 13 :<\/strong><\/td>\n<td style=\"height: 24px; width: 347px;\">D\u00e9part pour l&rsquo;a\u00e9roport de Cape Town<\/td>\n<td style=\"height: 24px; width: 354px;\">\u00a0<\/td>\n<td style=\"height: 24px; width: 237px;\">4 heures et 30 minutes<\/td>\n<\/tr>\n<\/tbody>\n<\/table>\n<div class=\"terms\">\u00a0<img loading=\"lazy\" decoding=\"async\" class=\"alignleft wp-image-3871\" src=\"https:\/\/www.golftravellers.com\/wp-content\/uploads\/2014\/06\/ExclamationPoint.png\" alt=\"Black exclamation point within box with black border\" width=\"50\" height=\"50\" \/><\/p>\n<h3>Conditions :<\/h3>\n<p>\u00a0<br \/>\n &#8211; Les tarifs indiqu\u00e9s sont susceptibles d&rsquo;\u00eatre modifi\u00e9s selon la p\u00e9riode.<\/p>\n<p>&#8211; Offre valable pour 2 personnes minimum en chambre double.<\/p>\n<\/div>\n<p>&nbsp;<\/p>\n<div class=\"one-third first\" style=\"text-align: center;\"><a class=\"button\" href=\"https:\/\/www.golftravellers.com\/fr\/nous-contacter\/reserver-votre-sejour\/\">R\u00e9server<\/a><\/div>\n<div class=\"one-third\" style=\"text-align: center;\"><a class=\"button\" href=\"https:\/\/www.golftravellers.com\/fr\/nous-contacter\/personnaliser-votre-sejour\/\">Personnaliser<\/a><\/div>\n<div class=\"one-third\" style=\"text-align: center;\"><a class=\"button\" href=\"https:\/\/www.golftravellers.com\/fr\/nous-contacter\/\">Contactez-nous<\/a><\/div>\n<p>&nbsp;<\/p>\n","protected":false},"excerpt":{"rendered":"<p>1970\u20ac Ce tarif comprend : 5 nuits en Guesthouse 4 \u00e9toiles \u00e0 Cape Town 2 nuits \u00e0\u00a0l&rsquo;h\u00f4tel 4 \u00e9toiles Arabella Hotel &amp; Spa \u00e0 Hermanus 5 nuits \u00e0 l&rsquo;h\u00f4tel 5 \u00e9toiles Fancourt \u00e0 George Petits d\u00e9jeuners 7 green fees Pearl Valley Royal Cape Erinvale Arabella Fancourt &lsquo;Outeniqua&rsquo; Fancourt &lsquo;Montagu&rsquo; Pinnacle Point 1 location de voiture [&hellip;]<\/p>\n","protected":false},"author":6,"featured_media":33118,"parent":26755,"menu_order":0,"comment_status":"closed","ping_status":"closed","template":"","meta":{"_genesis_hide_title":false,"_genesis_hide_breadcrumbs":false,"_genesis_hide_singular_image":false,"_genesis_hide_footer_widgets":false,"_genesis_custom_body_class":"","_genesis_custom_post_class":"","_genesis_layout":"","footnotes":""},"class_list":{"0":"post-33031","1":"page","2":"type-page","3":"status-publish","4":"has-post-thumbnail","6":"entry"},"_links":{"self":[{"href":"https:\/\/www.golftravellers.com\/fr\/wp-json\/wp\/v2\/pages\/33031","targetHints":{"allow":["GET"]}}],"collection":[{"href":"https:\/\/www.golftravellers.com\/fr\/wp-json\/wp\/v2\/pages"}],"about":[{"href":"https:\/\/www.golftravellers.com\/fr\/wp-json\/wp\/v2\/types\/page"}],"author":[{"embeddable":true,"href":"https:\/\/www.golftravellers.com\/fr\/wp-json\/wp\/v2\/users\/6"}],"replies":[{"embeddable":true,"href":"https:\/\/www.golftravellers.com\/fr\/wp-json\/wp\/v2\/comments?post=33031"}],"version-history":[{"count":11,"href":"https:\/\/www.golftravellers.com\/fr\/wp-json\/wp\/v2\/pages\/33031\/revisions"}],"predecessor-version":[{"id":41074,"href":"https:\/\/www.golftravellers.com\/fr\/wp-json\/wp\/v2\/pages\/33031\/revisions\/41074"}],"up":[{"embeddable":true,"href":"https:\/\/www.golftravellers.com\/fr\/wp-json\/wp\/v2\/pages\/26755"}],"wp:featuredmedia":[{"embeddable":true,"href":"https:\/\/www.golftravellers.com\/fr\/wp-json\/wp\/v2\/media\/33118"}],"wp:attachment":[{"href":"https:\/\/www.golftravellers.com\/fr\/wp-json\/wp\/v2\/media?parent=33031"}],"curies":[{"name":"wp","href":"https:\/\/api.w.org\/{rel}","templated":true}]}}