{"id":33026,"date":"2016-12-20T17:06:25","date_gmt":"2016-12-20T17:06:25","guid":{"rendered":"http:\/\/www.golftravellers.com\/?page_id=33026\/"},"modified":"2018-01-20T21:08:28","modified_gmt":"2018-01-20T21:08:28","slug":"golf-a-cape-town-arabella-et-fancourt-en-afrique-du-sud","status":"publish","type":"page","link":"https:\/\/www.golftravellers.com\/fr\/destinations\/golf-en-afrique-du-sud\/golf-a-cape-town-arabella-et-fancourt-en-afrique-du-sud\/","title":{"rendered":"Golf \u00e0 Cape Town, Hermanus et George en Afrique du Sud"},"content":{"rendered":"<div class=\"one-half first\">\u00a0<img loading=\"lazy\" decoding=\"async\" class=\"alignnone size-full wp-image-33095\" src=\"https:\/\/www.golftravellers.com\/wp-content\/uploads\/2016\/12\/cape-town-fancourt-arabella-montagu-course.jpg\" alt=\"\" width=\"540\" height=\"356\" srcset=\"https:\/\/www.golftravellers.com\/wp-content\/uploads\/2016\/12\/cape-town-fancourt-arabella-montagu-course.jpg 540w, https:\/\/www.golftravellers.com\/wp-content\/uploads\/2016\/12\/cape-town-fancourt-arabella-montagu-course-300x198.jpg 300w\" sizes=\"auto, (max-width: 540px) 100vw, 540px\" \/><\/div>\n<div class=\"one-half\">\n<p><span style=\"font-size: 36pt;\">1590\u20ac<\/span><\/p>\n<h4>Ce tarif comprend :<\/h4>\n<ul style=\"list-style-type: square;\">\n<li>4 nuits en Bed &amp; Breakfast 4 \u00e9toiles \u00e0 Cape Town<\/li>\n<li>3 nuits \u00e0 l&rsquo;h\u00f4tel\u00a04 \u00e9toiles Arabella Hotel &amp; Spa \u00e0 Hermanus<\/li>\n<li>3 nuits \u00e0 l&rsquo;h\u00f4tel 5 \u00e9toiles Fancourt \u00e0 George<\/li>\n<li>Petits d\u00e9jeuners<\/li>\n<li>5 green fees\n<ul style=\"list-style-type: circle;\">\n<li>Pearl Valley<\/li>\n<li>Erinvale<\/li>\n<li>Arabella<\/li>\n<li>Fancourt &lsquo;Montagu&rsquo;<\/li>\n<li>Fancourt\u00a0&lsquo;Outeniqua&rsquo;<\/li>\n<\/ul>\n<\/li>\n<li>1 location de voiture pour 11 jours<\/li>\n<\/ul>\n<\/div>\n<div style=\"clear: both;\">\u00a0<\/div>\n<div class=\"one-third first\" style=\"text-align: center;\"><a class=\"button\" href=\"https:\/\/www.golftravellers.com\/fr\/nous-contacter\/reserver-votre-sejour\/\">R\u00e9server<\/a><\/div>\n<div class=\"one-third\" style=\"text-align: center;\"><a class=\"button\" href=\"https:\/\/www.golftravellers.com\/fr\/nous-contacter\/personnaliser-votre-sejour\/\">Personnaliser<\/a><\/div>\n<div class=\"one-third\" style=\"text-align: center;\"><a class=\"button\" href=\"https:\/\/www.golftravellers.com\/fr\/nous-contacter\/\">Contactez-nous<\/a><\/div>\n<div id=\"details\">\u00a0<\/div>\n<div>\u00a0<\/div>\n<div class=\"one-half first\">\n<h4>Nous vous offrons :<\/h4>\n<ul>\n<li>Service &amp; Assistance 24\/7<\/li>\n<\/ul>\n<\/div>\n<div class=\"one-half\">\n<h4>En option :<\/h4>\n<ul>\n<li>Vols, que nous pouvons r\u00e9server pour vous<\/li>\n<li>Suppl\u00e9ment pour chambre individuelle<\/li>\n<li>Nuits &amp; parcours suppl\u00e9mentaires<\/li>\n<li>Activit\u00e9s<\/li>\n<li>D\u00e9jeuners et d\u00eeners<\/li>\n<li>Assurance voyage<\/li>\n<li>Suppl\u00e9ment Fancourt &lsquo;Links&rsquo; : 150\u20ac<\/li>\n<\/ul>\n<\/div>\n<h2>Itin\u00e9raire :<\/h2>\n<table style=\"height: 236px; width: 1057px;\">\n<tbody>\n<tr style=\"height: 24px;\">\n<td style=\"width: 94px; height: 24px;\"><strong>Jour 1 :<\/strong><\/td>\n<td style=\"width: 360px; height: 24px;\">Arriv\u00e9e \u00e0 l&rsquo;a\u00e9roport de Cape Town<\/td>\n<td style=\"width: 365px; height: 24px;\">Bed &amp; Breakfast****, Cape Town<\/td>\n<td style=\"width: 245px; height: 24px;\">20 minutes<\/td>\n<\/tr>\n<tr style=\"height: 24px;\">\n<td style=\"width: 94px; height: 24px;\"><strong>Jour 2 :<\/strong><\/td>\n<td style=\"width: 360px; height: 24px;\">Pearl Valley<\/td>\n<td style=\"width: 365px; height: 24px;\">Bed &amp; Breakfast****, Cape Town<\/td>\n<td style=\"width: 245px; height: 24px;\">1 heure<\/td>\n<\/tr>\n<tr style=\"height: 24px;\">\n<td style=\"width: 94px; height: 24px;\"><strong>Jour 3 :<\/strong><\/td>\n<td style=\"width: 360px; height: 24px;\">Visite de la r\u00e9gion<\/td>\n<td style=\"width: 365px; height: 24px;\">Bed &amp; Breakfast****, Cape Town<\/td>\n<td style=\"width: 245px; height: 24px;\">\u00a0<\/td>\n<\/tr>\n<tr style=\"height: 24px;\">\n<td style=\"width: 94px; height: 24px;\"><strong>Jour 4 :<\/strong><\/td>\n<td style=\"width: 360px; height: 24px;\">Erinvale<\/td>\n<td style=\"width: 365px; height: 24px;\">Bed &amp; Breakfast****, Cape Town<\/td>\n<td style=\"width: 245px; height: 24px;\">45 minutes<\/td>\n<\/tr>\n<tr style=\"height: 24px;\">\n<td style=\"width: 94px; height: 24px;\"><strong>Jour 5 :<\/strong><\/td>\n<td style=\"width: 360px; height: 24px;\">Trajet vers\u00a0Hermanus<\/td>\n<td style=\"width: 365px; height: 24px;\">Arabella Hotel &amp; Spa****, Hermanus<\/td>\n<td style=\"width: 245px; height: 24px;\">1 heure et 50 minutes<\/td>\n<\/tr>\n<tr style=\"height: 24px;\">\n<td style=\"width: 94px; height: 24px;\"><strong>Jour 6 :<\/strong><\/td>\n<td style=\"width: 360px; height: 24px;\">Arabella<\/td>\n<td style=\"width: 365px; height: 24px;\">Arabella Hotel &amp; Spa****, Hermanus<\/td>\n<td style=\"width: 245px; height: 24px;\">Sur place<\/td>\n<\/tr>\n<tr style=\"height: 24px;\">\n<td style=\"width: 94px; height: 24px;\"><strong>Jour 7 :<\/strong><\/td>\n<td style=\"width: 360px; height: 24px;\">Visite de la r\u00e9gion<\/td>\n<td style=\"width: 365px; height: 24px;\">Arabella Hotel &amp; Spa****, Hermanus<\/td>\n<td style=\"width: 245px; height: 24px;\">\u00a0<\/td>\n<\/tr>\n<tr style=\"height: 24px;\">\n<td style=\"width: 94px; height: 24px;\"><strong>Jour 8 :<\/strong><\/td>\n<td style=\"width: 360px; height: 24px;\">Trajet vers George<\/td>\n<td style=\"width: 365px; height: 24px;\">H\u00f4tel Fancourt*****, George<\/td>\n<td style=\"width: 245px; height: 24px;\">3 heures et 40 minutes<\/td>\n<\/tr>\n<tr style=\"height: 24px;\">\n<td style=\"height: 24px;\"><strong>Jour 9 :<\/strong><\/td>\n<td style=\"height: 24px;\">Fancourt &lsquo;Outeniqua&rsquo;<\/td>\n<td style=\"height: 24px;\">H\u00f4tel Fancourt*****, George<\/td>\n<td style=\"height: 24px;\">Sur place<\/td>\n<\/tr>\n<tr style=\"height: 24.4063px;\">\n<td style=\"height: 24.4063px;\"><strong>Jour 10 :<\/strong><\/td>\n<td style=\"height: 24.4063px;\">Fancourt &lsquo;Montagu&rsquo;<\/td>\n<td style=\"height: 24.4063px;\">H\u00f4tel Fancourt*****, George<\/td>\n<td style=\"height: 24.4063px;\">Sur place<\/td>\n<\/tr>\n<tr style=\"height: 24px;\">\n<td style=\"height: 24px;\"><strong>Jour 11 :<\/strong><\/td>\n<td style=\"height: 24px;\">D\u00e9part pour l&rsquo;a\u00e9roport de George<\/td>\n<td style=\"height: 24px;\">\u00a0<\/td>\n<td style=\"height: 24px;\">10 minutes<\/td>\n<\/tr>\n<\/tbody>\n<\/table>\n<div class=\"terms\"><img loading=\"lazy\" decoding=\"async\" class=\"alignleft wp-image-3871\" src=\"https:\/\/www.golftravellers.com\/wp-content\/uploads\/2014\/06\/ExclamationPoint.png\" alt=\"Black exclamation point within box with black border\" width=\"50\" height=\"50\" \/><\/p>\n<h3>Conditions :<\/h3>\n<p>\u00a0<br \/>\n &#8211; Les tarifs indiqu\u00e9s sont susceptibles d&rsquo;\u00eatre modifi\u00e9s selon la p\u00e9riode.<\/p>\n<p>&#8211; Offre valable pour 2 personnes minimum en chambre double.<\/p>\n<\/div>\n<p>&nbsp;<\/p>\n<div class=\"one-third first\" style=\"text-align: center;\"><a class=\"button\" href=\"https:\/\/www.golftravellers.com\/fr\/nous-contacter\/reserver-votre-sejour\/\">R\u00e9server<\/a><\/div>\n<div class=\"one-third\" style=\"text-align: center;\"><a class=\"button\" href=\"https:\/\/www.golftravellers.com\/fr\/nous-contacter\/personnaliser-votre-sejour\/\">Personnaliser<\/a><\/div>\n<div class=\"one-third\" style=\"text-align: center;\"><a class=\"button\" href=\"https:\/\/www.golftravellers.com\/fr\/nous-contacter\/\">Contactez-nous<\/a><\/div>\n<p>&nbsp;<\/p>\n","protected":false},"excerpt":{"rendered":"<p>\u00a0 1590\u20ac Ce tarif comprend : 4 nuits en Bed &amp; Breakfast 4 \u00e9toiles \u00e0 Cape Town 3 nuits \u00e0 l&rsquo;h\u00f4tel\u00a04 \u00e9toiles Arabella Hotel &amp; Spa \u00e0 Hermanus 3 nuits \u00e0 l&rsquo;h\u00f4tel 5 \u00e9toiles Fancourt \u00e0 George Petits d\u00e9jeuners 5 green fees Pearl Valley Erinvale Arabella Fancourt &lsquo;Montagu&rsquo; Fancourt\u00a0&lsquo;Outeniqua&rsquo; 1 location de voiture pour 11 [&hellip;]<\/p>\n","protected":false},"author":6,"featured_media":33089,"parent":26755,"menu_order":0,"comment_status":"closed","ping_status":"closed","template":"","meta":{"_genesis_hide_title":false,"_genesis_hide_breadcrumbs":false,"_genesis_hide_singular_image":false,"_genesis_hide_footer_widgets":false,"_genesis_custom_body_class":"","_genesis_custom_post_class":"","_genesis_layout":"","footnotes":""},"class_list":{"0":"post-33026","1":"page","2":"type-page","3":"status-publish","4":"has-post-thumbnail","6":"entry"},"_links":{"self":[{"href":"https:\/\/www.golftravellers.com\/fr\/wp-json\/wp\/v2\/pages\/33026","targetHints":{"allow":["GET"]}}],"collection":[{"href":"https:\/\/www.golftravellers.com\/fr\/wp-json\/wp\/v2\/pages"}],"about":[{"href":"https:\/\/www.golftravellers.com\/fr\/wp-json\/wp\/v2\/types\/page"}],"author":[{"embeddable":true,"href":"https:\/\/www.golftravellers.com\/fr\/wp-json\/wp\/v2\/users\/6"}],"replies":[{"embeddable":true,"href":"https:\/\/www.golftravellers.com\/fr\/wp-json\/wp\/v2\/comments?post=33026"}],"version-history":[{"count":13,"href":"https:\/\/www.golftravellers.com\/fr\/wp-json\/wp\/v2\/pages\/33026\/revisions"}],"predecessor-version":[{"id":41068,"href":"https:\/\/www.golftravellers.com\/fr\/wp-json\/wp\/v2\/pages\/33026\/revisions\/41068"}],"up":[{"embeddable":true,"href":"https:\/\/www.golftravellers.com\/fr\/wp-json\/wp\/v2\/pages\/26755"}],"wp:featuredmedia":[{"embeddable":true,"href":"https:\/\/www.golftravellers.com\/fr\/wp-json\/wp\/v2\/media\/33089"}],"wp:attachment":[{"href":"https:\/\/www.golftravellers.com\/fr\/wp-json\/wp\/v2\/media?parent=33026"}],"curies":[{"name":"wp","href":"https:\/\/api.w.org\/{rel}","templated":true}]}}