{"id":33021,"date":"2016-12-20T17:06:53","date_gmt":"2016-12-20T17:06:53","guid":{"rendered":"http:\/\/www.golftravellers.com\/?page_id=33021\/"},"modified":"2018-01-20T20:34:46","modified_gmt":"2018-01-20T20:34:46","slug":"sejour-a-la-decouverte-de-cape-town","status":"publish","type":"page","link":"https:\/\/www.golftravellers.com\/fr\/destinations\/golf-en-afrique-du-sud\/sejour-a-la-decouverte-de-cape-town\/","title":{"rendered":"S\u00e9jour \u00e0 la d\u00e9couverte de Cape Town"},"content":{"rendered":"<div class=\"one-half first\"><img loading=\"lazy\" decoding=\"async\" class=\"alignnone size-full wp-image-33068\" src=\"https:\/\/www.golftravellers.com\/wp-content\/uploads\/2016\/12\/7-nuits-a-cape-town-royal-cape-2.jpg\" alt=\"Large green et vue sur les montagnes sur le parcours du royal Cape\" width=\"539\" height=\"359\" srcset=\"https:\/\/www.golftravellers.com\/wp-content\/uploads\/2016\/12\/7-nuits-a-cape-town-royal-cape-2.jpg 539w, https:\/\/www.golftravellers.com\/wp-content\/uploads\/2016\/12\/7-nuits-a-cape-town-royal-cape-2-300x200.jpg 300w\" sizes=\"auto, (max-width: 539px) 100vw, 539px\" \/><\/div>\n<div class=\"one-half\">\n<p><span style=\"font-size: 36pt;\">1050\u20ac<\/span><\/p>\n<h4>Ce tarif comprend :<\/h4>\n<ul style=\"list-style-type: square;\">\n<li>7 nuits en Bed &amp; Breakfast 4 \u00e9toiles \u00e0 Cape Town<\/li>\n<li>Petits d\u00e9jeuners<\/li>\n<li>4 green fees\n<ul style=\"list-style-type: circle;\">\n<li>Arabella<\/li>\n<li>Pearl Valley<\/li>\n<li>Erinvale<\/li>\n<li>Royal Cape<\/li>\n<\/ul>\n<\/li>\n<li>1 location de voiture pour 8 jours<\/li>\n<\/ul>\n<\/div>\n<div style=\"clear: both;\">\u00a0<\/div>\n<div class=\"one-third first\" style=\"text-align: center;\"><a class=\"button\" href=\"https:\/\/www.golftravellers.com\/fr\/nous-contacter\/reserver-votre-sejour\/\">R\u00e9server<\/a><\/div>\n<div class=\"one-third\" style=\"text-align: center;\"><a class=\"button\" href=\"https:\/\/www.golftravellers.com\/fr\/nous-contacter\/personnaliser-votre-sejour\/\">Personnaliser<\/a><\/div>\n<div class=\"one-third\" style=\"text-align: center;\"><a class=\"button\" href=\"https:\/\/www.golftravellers.com\/fr\/nous-contacter\/\">Contactez-nous<\/a><\/div>\n<div id=\"details\">\u00a0<\/div>\n<div>\u00a0<\/div>\n<div class=\"one-half first\">\n<h4>Nous vous offrons :<\/h4>\n<ul>\n<li>Service &amp; Assistance 24\/7<\/li>\n<\/ul>\n<\/div>\n<div class=\"one-half\">\n<h4>En option :<\/h4>\n<ul>\n<li>Vols, que nous pouvons r\u00e9server pour vous<\/li>\n<li>Suppl\u00e9ment pour chambre individuelle<\/li>\n<li>Nuits &amp; parcours suppl\u00e9mentaires<\/li>\n<li>Activit\u00e9s<\/li>\n<li>D\u00e9jeuners et d\u00eeners<\/li>\n<li>Assurance voyage<\/li>\n<\/ul>\n<\/div>\n<h2>Itin\u00e9raire :<\/h2>\n<table style=\"height: 236px; width: 1059px;\">\n<tbody>\n<tr style=\"height: 24px;\">\n<td style=\"width: 94px; height: 24px;\"><strong>Jour 1 :<\/strong><\/td>\n<td style=\"width: 360px; height: 24px;\">Arriv\u00e9e \u00e0 l&rsquo;a\u00e9roport de Cape Town<\/td>\n<td style=\"width: 365px; height: 24px;\">Bed &amp; Breakfast****, Cape Town<\/td>\n<td style=\"width: 245px; height: 24px;\">20 minutes<\/td>\n<\/tr>\n<tr style=\"height: 24.4063px;\">\n<td style=\"width: 94px; height: 24.4063px;\"><strong>Jour 2 :<\/strong><\/td>\n<td style=\"width: 360px; height: 24.4063px;\">Royal Cape<\/td>\n<td style=\"width: 365px; height: 24.4063px;\">Bed &amp; Breakfast****, Cape Town<\/td>\n<td style=\"width: 245px; height: 24.4063px;\">20 minutes<\/td>\n<\/tr>\n<tr style=\"height: 24px;\">\n<td style=\"width: 94px; height: 24px;\"><strong>Jour 3 :<\/strong><\/td>\n<td style=\"width: 360px; height: 24px;\">Visite de la r\u00e9gion<\/td>\n<td style=\"width: 365px; height: 24px;\">Bed &amp; Breakfast****, Cape Town<\/td>\n<td style=\"width: 245px; height: 24px;\">\u00a0<\/td>\n<\/tr>\n<tr style=\"height: 24px;\">\n<td style=\"width: 94px; height: 24px;\"><strong>Jour 4 :<\/strong><\/td>\n<td style=\"width: 360px; height: 24px;\">Erinvale<\/td>\n<td style=\"width: 365px; height: 24px;\">Bed &amp; Breakfast****, Cape Town<\/td>\n<td style=\"width: 245px; height: 24px;\">45 minutes<\/td>\n<\/tr>\n<tr style=\"height: 24px;\">\n<td style=\"width: 94px; height: 24px;\"><strong>Jour 5 :<\/strong><\/td>\n<td style=\"width: 360px; height: 24px;\">Pearl Valley<\/td>\n<td style=\"width: 365px; height: 24px;\">Bed &amp; Breakfast****, Cape Town<\/td>\n<td style=\"width: 245px; height: 24px;\">1 heure<\/td>\n<\/tr>\n<tr style=\"height: 24px;\">\n<td style=\"width: 94px; height: 24px;\"><strong>Jour 6 :<\/strong><\/td>\n<td style=\"width: 360px; height: 24px;\">Visite de la r\u00e9gion<\/td>\n<td style=\"width: 365px; height: 24px;\">Bed &amp; Breakfast****, Cape Town<\/td>\n<td style=\"width: 245px; height: 24px;\">\u00a0<\/td>\n<\/tr>\n<tr style=\"height: 24px;\">\n<td style=\"width: 94px; height: 24px;\"><strong>Jour 7 :<\/strong><\/td>\n<td style=\"width: 360px; height: 24px;\">Arabella<\/td>\n<td style=\"width: 365px; height: 24px;\">Bed &amp; Breakfast****, Cape Town<\/td>\n<td style=\"width: 245px; height: 24px;\">1 heure et 30 minutes<\/td>\n<\/tr>\n<tr style=\"height: 24px;\">\n<td style=\"width: 94px; height: 24px;\"><strong>Jour 8 :<\/strong><\/td>\n<td style=\"width: 360px; height: 24px;\">D\u00e9part pour l&rsquo;a\u00e9roport de Cape Town<\/td>\n<td style=\"width: 365px; height: 24px;\">\u00a0<\/td>\n<td style=\"width: 245px; height: 24px;\">20 minutes<\/td>\n<\/tr>\n<\/tbody>\n<\/table>\n<div class=\"terms\"><img loading=\"lazy\" decoding=\"async\" class=\"alignleft wp-image-3871\" src=\"https:\/\/www.golftravellers.com\/wp-content\/uploads\/2014\/06\/ExclamationPoint.png\" alt=\"Black exclamation point within box with black border\" width=\"50\" height=\"50\" \/><\/p>\n<h3>Conditions :<\/h3>\n<p>\u00a0<br \/>\n &#8211; Les tarifs indiqu\u00e9s sont susceptibles d&rsquo;\u00eatre modifi\u00e9s selon la p\u00e9riode.<\/p>\n<p>&#8211; Offre valable pour 2 personnes minimum en chambre double.<\/p>\n<\/div>\n<p>&nbsp;<\/p>\n<div class=\"one-third first\" style=\"text-align: center;\"><a class=\"button\" href=\"https:\/\/www.golftravellers.com\/fr\/nous-contacter\/reserver-votre-sejour\/\">R\u00e9server<\/a><\/div>\n<div class=\"one-third\" style=\"text-align: center;\"><a class=\"button\" href=\"https:\/\/www.golftravellers.com\/fr\/nous-contacter\/personnaliser-votre-sejour\/\">Personnaliser<\/a><\/div>\n<div class=\"one-third\" style=\"text-align: center;\"><a class=\"button\" href=\"https:\/\/www.golftravellers.com\/fr\/nous-contacter\/\">Contactez-nous<\/a><\/div>\n<p>&nbsp;<\/p>\n","protected":false},"excerpt":{"rendered":"<p>1050\u20ac Ce tarif comprend : 7 nuits en Bed &amp; Breakfast 4 \u00e9toiles \u00e0 Cape Town Petits d\u00e9jeuners 4 green fees Arabella Pearl Valley Erinvale Royal Cape 1 location de voiture pour 8 jours \u00a0 R\u00e9server Personnaliser Contactez-nous \u00a0 \u00a0 Nous vous offrons : Service &amp; Assistance 24\/7 En option : Vols, que nous pouvons [&hellip;]<\/p>\n","protected":false},"author":6,"featured_media":33049,"parent":26755,"menu_order":0,"comment_status":"closed","ping_status":"closed","template":"","meta":{"_genesis_hide_title":false,"_genesis_hide_breadcrumbs":false,"_genesis_hide_singular_image":false,"_genesis_hide_footer_widgets":false,"_genesis_custom_body_class":"","_genesis_custom_post_class":"","_genesis_layout":"","footnotes":""},"class_list":{"0":"post-33021","1":"page","2":"type-page","3":"status-publish","4":"has-post-thumbnail","6":"entry"},"_links":{"self":[{"href":"https:\/\/www.golftravellers.com\/fr\/wp-json\/wp\/v2\/pages\/33021","targetHints":{"allow":["GET"]}}],"collection":[{"href":"https:\/\/www.golftravellers.com\/fr\/wp-json\/wp\/v2\/pages"}],"about":[{"href":"https:\/\/www.golftravellers.com\/fr\/wp-json\/wp\/v2\/types\/page"}],"author":[{"embeddable":true,"href":"https:\/\/www.golftravellers.com\/fr\/wp-json\/wp\/v2\/users\/6"}],"replies":[{"embeddable":true,"href":"https:\/\/www.golftravellers.com\/fr\/wp-json\/wp\/v2\/comments?post=33021"}],"version-history":[{"count":12,"href":"https:\/\/www.golftravellers.com\/fr\/wp-json\/wp\/v2\/pages\/33021\/revisions"}],"predecessor-version":[{"id":41060,"href":"https:\/\/www.golftravellers.com\/fr\/wp-json\/wp\/v2\/pages\/33021\/revisions\/41060"}],"up":[{"embeddable":true,"href":"https:\/\/www.golftravellers.com\/fr\/wp-json\/wp\/v2\/pages\/26755"}],"wp:featuredmedia":[{"embeddable":true,"href":"https:\/\/www.golftravellers.com\/fr\/wp-json\/wp\/v2\/media\/33049"}],"wp:attachment":[{"href":"https:\/\/www.golftravellers.com\/fr\/wp-json\/wp\/v2\/media?parent=33021"}],"curies":[{"name":"wp","href":"https:\/\/api.w.org\/{rel}","templated":true}]}}