{"id":31152,"date":"2016-11-01T17:58:13","date_gmt":"2016-11-01T17:58:13","guid":{"rendered":"http:\/\/www.golftravellers.com\/fr\/?page_id=31152"},"modified":"2018-01-20T12:42:15","modified_gmt":"2018-01-20T12:42:15","slug":"masters-a-augusta","status":"publish","type":"page","link":"https:\/\/www.golftravellers.com\/fr\/destinations\/golf-aux-etats-unis\/masters-a-augusta\/","title":{"rendered":"Masters \u00e0 Augusta"},"content":{"rendered":"<p>C&rsquo;est le premier des quatre tournois du Grand Chelem et pour beaucoup le plus passionnant. Il se d\u00e9roule chaque ann\u00e9e pendant la seconde semaine d&rsquo;avril sur le m\u00eame lieu, \u00e0 l&rsquo;Augusta National, club de golf tr\u00e8s priv\u00e9 de l&rsquo;\u00e9tat de G\u00e9orgie qui a ouvert en 1933. Ses deux architectes sont les c\u00e9l\u00e8bres Bobby Jones et Alister MacKenzie. Le vainqueur remporte chaque ann\u00e9e une veste verte. Il a \u00e9t\u00e9 remport\u00e9 \u00e0 6 reprises par Jack Nicklaus et \u00e0 4 reprises par Tiger Woods et Arnold Palmer. Veuillez trouver ci-dessous 2 forfaits compl\u00e8tement modifiables pour assister \u00e0 l&rsquo;\u00e9v\u00e8nement golfique de l&rsquo;ann\u00e9e :<\/p>\n<p><span style=\"font-size: 36pt;\">Forfait n\u00b01<\/span><\/p>\n<p><span style=\"font-size: 36pt;\">A partir de 4090\u20ac<br \/>\n <\/span><\/p>\n<h4>Ce tarif comprend :<\/h4>\n<ul style=\"list-style-type: square;\">\n<li>3 nuits \u00e0 l&rsquo;h\u00f4tel 4 \u00e9toiles Marriott Downtown \u00e0 Columbia<\/li>\n<li>Petits d\u00e9jeuners<\/li>\n<li>2 billets d&rsquo;entr\u00e9e par personne pour le Masters de golf \u00e0 Augusta National (samedi et dimanche)<\/li>\n<li><a href=\"https:\/\/www.golftravellers.com\/fr\/?p=753\" target=\"_blank\" rel=\"noopener\">Transferts aller\/retour avec chauffeur (a\u00e9roport de Columbia, h\u00e9bergement et site du Masters d&rsquo;Augusta)<\/a><\/li>\n<\/ul>\n<div style=\"clear: both;\">\u00a0<\/div>\n<div class=\"one-third first\"><a class=\"button \" title=\"R\u00e9server votre s\u00e9jour\" href=\"https:\/\/www.golftravellers.com\/fr\/nous-contacter\/reserver-votre-sejour\/\">R\u00e9server<\/a><\/div>\n<div class=\"one-third\"><a class=\"button\" title=\"Personnaliser votre s\u00e9jour\" href=\"https:\/\/www.golftravellers.com\/fr\/nous-contacter\/personnaliser-votre-sejour\/\">Personnaliser<\/a><\/div>\n<div class=\"one-third\"><a class=\"button\" title=\"Contactez-nous\" href=\"https:\/\/www.golftravellers.com\/fr\/nous-contacter\/\">Contactez-nous<\/a><\/div>\n<div style=\"clear: both;\">\u00a0<\/div>\n<div class=\"one-half first\">\n<h4>Nous vous offrons :<\/h4>\n<ul>\n<li>Liste des restaurants que nous vous recommandons dans la r\u00e9gion de Columbia<\/li>\n<li>Service &amp; Assistance client 24\/7<\/li>\n<\/ul>\n<\/div>\n<div class=\"one-half\">\n<h4>En option :<\/h4>\n<ul>\n<li>Vols, que nous pouvons r\u00e9server pour vous<\/li>\n<li>Suppl\u00e9ment pour chambre individuelle<\/li>\n<li>Nuits &amp; parcours &amp; billets suppl\u00e9mentaires pour le Masters d&rsquo;Augusta<\/li>\n<li>Activit\u00e9s locales<\/li>\n<li>D\u00e9jeuners &amp; d\u00eeners<\/li>\n<li>Assurance voyage<\/li>\n<\/ul>\n<\/div>\n<h2>Itin\u00e9raire :<\/h2>\n<table style=\"height: 162px;\" width=\"1074\">\n<tbody>\n<tr>\n<td><b>Jour 1 :<\/b><\/td>\n<td>Arriv\u00e9e \u00e0 l&rsquo;a\u00e9roport de Columbia<\/td>\n<td>H\u00f4tel Marriott Downtown****, Columbia<\/td>\n<td>20 minutes<\/td>\n<\/tr>\n<tr>\n<td><b>Jour 2 : <\/b><\/td>\n<td>Masters \u00e0 Augusta National<\/td>\n<td>H\u00f4tel Marriott Downtown****, Columbia<\/td>\n<td>1h10<\/td>\n<\/tr>\n<tr>\n<td><b>Jour 3 : <\/b><\/td>\n<td>Masters \u00e0 Augusta National<\/td>\n<td>H\u00f4tel Marriott Downtown****, Columbia<\/td>\n<td>1h10<\/td>\n<\/tr>\n<tr>\n<td><b>Jour 4 : <\/b><\/td>\n<td>D\u00e9part pour l&rsquo;a\u00e9roport de Columbia<\/td>\n<td>&nbsp;<\/td>\n<td>20 minutes<\/td>\n<\/tr>\n<\/tbody>\n<\/table>\n<div class=\"terms\"><img loading=\"lazy\" decoding=\"async\" class=\"alignleft wp-image-3871\" src=\"https:\/\/www.golftravellers.com\/wp-content\/uploads\/2014\/06\/ExclamationPoint.png\" alt=\"Black exclamation point within box with black border\" width=\"50\" height=\"50\" \/><\/p>\n<h3>Conditions :<\/h3>\n<p>&#8211; Offre valable en avril pour 2 personnes minimum en chambre double, selon la disponibilit\u00e9 au moment de la r\u00e9servation.<\/p>\n<\/div>\n<hr \/>\n<p><span style=\"font-size: 36pt;\">Forfait n\u00b02<\/span><\/p>\n<p><span style=\"font-size: 36pt;\">A partir de 4990\u20ac<br \/>\n <\/span><\/p>\n<h4>Ce tarif comprend :<\/h4>\n<ul style=\"list-style-type: square;\">\n<li>5 nuits \u00e0 l&rsquo;h\u00f4tel 4 \u00e9toiles Marriott Downtown \u00e0 Columbia<\/li>\n<li>Petits d\u00e9jeuners<\/li>\n<li>2 billets d&rsquo;entr\u00e9e par personne pour le Masters de golf \u00e0 Augusta National (vendredi et dimanche)<\/li>\n<li>2 Green Fees\n<ul>\n<li>Columbia Country Club (voiturette et balles de practice incluses)<\/li>\n<li>The Members Club at Wood Creek (voiturette et balles de practice incluses)<\/li>\n<\/ul>\n<\/li>\n<li><a href=\"https:\/\/www.golftravellers.com\/fr\/?p=753\" target=\"_blank\" rel=\"noopener\">Transferts aller\/retour avec chauffeur (a\u00e9roport de Columbia, h\u00e9bergement, parcours et site du Masters d&rsquo;Augusta)<\/a><\/li>\n<\/ul>\n<div style=\"clear: both;\">\u00a0<\/div>\n<div class=\"one-third first\"><a class=\"button \" title=\"R\u00e9server votre s\u00e9jour\" href=\"https:\/\/www.golftravellers.com\/fr\/nous-contacter\/reserver-votre-sejour\/\">R\u00e9server<\/a><\/div>\n<div class=\"one-third\"><a class=\"button\" title=\"Personnaliser votre s\u00e9jour\" href=\"https:\/\/www.golftravellers.com\/fr\/nous-contacter\/personnaliser-votre-sejour\/\">Personnaliser<\/a><\/div>\n<div class=\"one-third\"><a class=\"button\" title=\"Contactez-nous\" href=\"https:\/\/www.golftravellers.com\/fr\/nous-contacter\/\">Contactez-nous<\/a><\/div>\n<div style=\"clear: both;\">\u00a0<\/div>\n<div class=\"one-half first\">\n<h4>Nous vous offrons :<\/h4>\n<ul>\n<li>Liste des restaurants que nous vous recommandons dans la r\u00e9gion de Formby<\/li>\n<li>Service &amp; Assistance client 24\/7<\/li>\n<\/ul>\n<\/div>\n<div class=\"one-half\">\n<h4>En option :<\/h4>\n<ul>\n<li>Vols, que nous pouvons r\u00e9server pour vous<\/li>\n<li>Suppl\u00e9ment pour chambre individuelle<\/li>\n<li>Nuits &amp; parcours &amp; billets suppl\u00e9mentaires pour le British Open<\/li>\n<li>Activit\u00e9s locales<\/li>\n<li>D\u00e9jeuners &amp; d\u00eeners<\/li>\n<li>Assurance voyage<\/li>\n<\/ul>\n<\/div>\n<h2>Itin\u00e9raire :<\/h2>\n<table style=\"height: 242px;\" width=\"1066\">\n<tbody>\n<tr>\n<td><b>Jour 1 :<\/b><\/td>\n<td>Arriv\u00e9e \u00e0 l&rsquo;a\u00e9roport de Columbia<\/td>\n<td>H\u00f4tel Marriott Downtown****, Columbia<\/td>\n<td>20 minutes<\/td>\n<\/tr>\n<tr>\n<td><b>Jour 2 :<\/b><\/td>\n<td>Columbia Country Club<\/td>\n<td>H\u00f4tel Marriott Downtown****, Columbia<\/td>\n<td>25 minutes<\/td>\n<\/tr>\n<tr>\n<td><b>Jour 3 :<\/b><\/td>\n<td>Masters \u00e0 Augusta National<\/td>\n<td>H\u00f4tel Marriott Downtown****, Columbia<\/td>\n<td>1h10<\/td>\n<\/tr>\n<tr>\n<td><b>Jour 4 :<\/b><\/td>\n<td>The Members Club at Wood Creek<\/td>\n<td>H\u00f4tel Marriott Downtown****, Columbia<\/td>\n<td>25 minutes<\/td>\n<\/tr>\n<tr>\n<td><b>Jour 5 :<\/b><\/td>\n<td>Masters \u00e0 Augusta National<\/td>\n<td>H\u00f4tel Marriott Downtown****, Columbia<\/td>\n<td>1h10<\/td>\n<\/tr>\n<tr>\n<td><b>Jour 6 :<\/b><\/td>\n<td>D\u00e9part pour l&rsquo;a\u00e9roport de Columbia<\/td>\n<td>&nbsp;<\/td>\n<td>20 minutes<\/td>\n<\/tr>\n<\/tbody>\n<\/table>\n<div class=\"terms\"><img loading=\"lazy\" decoding=\"async\" class=\"alignleft wp-image-3871\" src=\"https:\/\/www.golftravellers.com\/wp-content\/uploads\/2014\/06\/ExclamationPoint.png\" alt=\"Black exclamation point within box with black border\" width=\"50\" height=\"50\" \/><\/p>\n<h3>Conditions :<\/h3>\n<p>&#8211; Offre valable pour 2 personnes minimum en chambre double, selon la disponibilit\u00e9 au moment de la r\u00e9servation.<\/p>\n<\/div>\n<p>&nbsp;<\/p>\n<div class=\"one-third first\"><a class=\"button \" title=\"R\u00e9server votre s\u00e9jour\" href=\"https:\/\/www.golftravellers.com\/fr\/nous-contacter\/reserver-votre-sejour\/\">R\u00e9server<\/a><\/div>\n<div class=\"one-third\"><a class=\"button\" title=\"Personnaliser votre s\u00e9jour\" href=\"https:\/\/www.golftravellers.com\/fr\/nous-contacter\/personnaliser-votre-sejour\/\">Personnaliser<\/a><\/div>\n<div class=\"one-third\"><a class=\"button\" title=\"Contactez-nous\" href=\"https:\/\/www.golftravellers.com\/fr\/nous-contacter\/\">Contactez-nous<\/a><\/div>\n","protected":false},"excerpt":{"rendered":"<p>C&rsquo;est le premier des quatre tournois du Grand Chelem et pour beaucoup le plus passionnant. Il se d\u00e9roule chaque ann\u00e9e pendant la seconde semaine d&rsquo;avril sur le m\u00eame lieu, \u00e0 l&rsquo;Augusta National, club de golf tr\u00e8s priv\u00e9 de l&rsquo;\u00e9tat de G\u00e9orgie qui a ouvert en 1933. Ses deux architectes sont les c\u00e9l\u00e8bres Bobby Jones et [&hellip;]<\/p>\n","protected":false},"author":10,"featured_media":31158,"parent":26749,"menu_order":0,"comment_status":"closed","ping_status":"closed","template":"","meta":{"_genesis_hide_title":false,"_genesis_hide_breadcrumbs":false,"_genesis_hide_singular_image":false,"_genesis_hide_footer_widgets":false,"_genesis_custom_body_class":"","_genesis_custom_post_class":"","_genesis_layout":"","footnotes":""},"class_list":{"0":"post-31152","1":"page","2":"type-page","3":"status-publish","4":"has-post-thumbnail","6":"entry"},"_links":{"self":[{"href":"https:\/\/www.golftravellers.com\/fr\/wp-json\/wp\/v2\/pages\/31152","targetHints":{"allow":["GET"]}}],"collection":[{"href":"https:\/\/www.golftravellers.com\/fr\/wp-json\/wp\/v2\/pages"}],"about":[{"href":"https:\/\/www.golftravellers.com\/fr\/wp-json\/wp\/v2\/types\/page"}],"author":[{"embeddable":true,"href":"https:\/\/www.golftravellers.com\/fr\/wp-json\/wp\/v2\/users\/10"}],"replies":[{"embeddable":true,"href":"https:\/\/www.golftravellers.com\/fr\/wp-json\/wp\/v2\/comments?post=31152"}],"version-history":[{"count":17,"href":"https:\/\/www.golftravellers.com\/fr\/wp-json\/wp\/v2\/pages\/31152\/revisions"}],"predecessor-version":[{"id":41005,"href":"https:\/\/www.golftravellers.com\/fr\/wp-json\/wp\/v2\/pages\/31152\/revisions\/41005"}],"up":[{"embeddable":true,"href":"https:\/\/www.golftravellers.com\/fr\/wp-json\/wp\/v2\/pages\/26749"}],"wp:featuredmedia":[{"embeddable":true,"href":"https:\/\/www.golftravellers.com\/fr\/wp-json\/wp\/v2\/media\/31158"}],"wp:attachment":[{"href":"https:\/\/www.golftravellers.com\/fr\/wp-json\/wp\/v2\/media?parent=31152"}],"curies":[{"name":"wp","href":"https:\/\/api.w.org\/{rel}","templated":true}]}}