{"id":30970,"date":"2016-11-23T16:32:51","date_gmt":"2016-11-23T16:32:51","guid":{"rendered":"http:\/\/www.golftravellers.com\/fr\/?page_id=30970"},"modified":"2022-12-03T15:29:40","modified_gmt":"2022-12-03T15:29:40","slug":"7-nuits-a-vilamoura-dans-le-sud","status":"publish","type":"page","link":"https:\/\/www.golftravellers.com\/fr\/destinations\/golf-au-portugal\/7-nuits-a-vilamoura-dans-le-sud\/","title":{"rendered":"7 nuits \u00e0 Vilamoura dans le Sud"},"content":{"rendered":"<div class=\"one-half first\"><img loading=\"lazy\" decoding=\"async\" class=\"alignnone size-full wp-image-31735\" src=\"https:\/\/www.golftravellers.com\/wp-content\/uploads\/2016\/11\/Quinta-lago-norte-fairway.jpg\" alt=\"Large fairway, green et bunker sur le parcours North de Quinta do Lago \u00e0 Vilamoura au Portugal\" width=\"540\" height=\"360\" srcset=\"https:\/\/www.golftravellers.com\/wp-content\/uploads\/2016\/11\/Quinta-lago-norte-fairway.jpg 540w, https:\/\/www.golftravellers.com\/wp-content\/uploads\/2016\/11\/Quinta-lago-norte-fairway-300x200.jpg 300w\" sizes=\"auto, (max-width: 540px) 100vw, 540px\" \/><\/div>\n<div class=\"one-half\">\n<p><span style=\"font-size: 36pt;\">1640\u20ac<\/span><\/p>\n<h4>Ce tarif comprend :<\/h4>\n<ul style=\"list-style-type: square;\">\n<li>7 nuits \u00e0 l&rsquo;h\u00f4tel Wyndham Grand Algarve***** \u00e0 Quinta do Lago<\/li>\n<li>Petits d\u00e9jeuners<\/li>\n<li>5 green fees\n<ul style=\"list-style-type: circle;\">\n<li>Quinta do Lago &lsquo;South&rsquo;<\/li>\n<li>Quinta do Lago &lsquo;Laranjal&rsquo;<\/li>\n<li>Quinta do Lago &lsquo;North&rsquo;<\/li>\n<li>Vale do Lobo &lsquo;Royal&rsquo;<\/li>\n<li>Vale do Lobo &lsquo;Ocean&rsquo;<\/li>\n<\/ul>\n<\/li>\n<li><a href=\"https:\/\/www.golftravellers.com\/fr\/options-de-transport\/\">1 location de voiture pour 8 jours<\/a><\/li>\n<\/ul>\n<\/div>\n<div style=\"clear: both;\">\u00a0<\/div>\n<div class=\"one-third first\" style=\"text-align: center;\"><a class=\"button\" href=\"https:\/\/www.golftravellers.com\/fr\/nous-contacter\/reserver-votre-sejour\/\">R\u00e9server<\/a><\/div>\n<div class=\"one-third\" style=\"text-align: center;\"><a class=\"button\" href=\"https:\/\/www.golftravellers.com\/fr\/nous-contacter\/personnaliser-votre-sejour\/\">Personnaliser<\/a><\/div>\n<div class=\"one-third\" style=\"text-align: center;\"><a class=\"button\" href=\"https:\/\/www.golftravellers.com\/fr\/nous-contacter\/\">Contactez-nous<\/a><\/div>\n<div id=\"details\">\u00a0<\/div>\n<div>\u00a0<\/div>\n<div class=\"one-half first\">\n<h4>Nous vous offrons :<\/h4>\n<ul>\n<li>Service &amp; Assistance 24\/7<\/li>\n<\/ul>\n<\/div>\n<div class=\"one-half\">\n<h4>En option :<\/h4>\n<ul>\n<li>Vols, que nous pouvons r\u00e9server pour vous<\/li>\n<li>Suppl\u00e9ment pour chambre individuelle<\/li>\n<li>Nuits &amp; parcours suppl\u00e9mentaires<\/li>\n<li>H\u00f4tel (5 \u00e9toiles)<\/li>\n<li>Transferts avec chauffeur<\/li>\n<li>Activit\u00e9s<\/li>\n<li>D\u00e9jeuners et d\u00eeners<\/li>\n<li>Assurance voyage<\/li>\n<\/ul>\n<\/div>\n<h2>Itin\u00e9raire :<\/h2>\n<table style=\"height: 242px;\" width=\"784\">\n<tbody>\n<tr>\n<td><strong>Jour 1 :<\/strong><\/td>\n<td>Arriv\u00e9e \u00e0 l&rsquo;a\u00e9roport de Faro<\/td>\n<td>H\u00f4tel Wyndham Grand Algarve*****, Quinta do Lago<\/td>\n<td>20 minutes<\/td>\n<\/tr>\n<tr>\n<td><strong>Jour 2 :<\/strong><\/td>\n<td>Quinta do Lago &lsquo;Laranjal&rsquo;<\/td>\n<td>H\u00f4tel Wyndham Grand Algarve*****, Quinta do Lago<\/td>\n<td>Sur le site de l&rsquo;h\u00f4tel<\/td>\n<\/tr>\n<tr>\n<td><strong>Jour 3 :<\/strong><\/td>\n<td>Vale do Lobo &lsquo;Ocean&rsquo;<\/td>\n<td>H\u00f4tel Wyndham Grand Algarve*****, Quinta do Lago<\/td>\n<td>15 minutes<\/td>\n<\/tr>\n<tr>\n<td><strong>Jour 4 :<\/strong><\/td>\n<td>Quinta do Lago &lsquo;North&rsquo;<\/td>\n<td>H\u00f4tel Wyndham Grand Algarve*****, Quinta do Lago<\/td>\n<td>\u00a0Sur le site de l&rsquo;h\u00f4tel<\/td>\n<\/tr>\n<tr>\n<td><strong>Jour 5 :<\/strong><\/td>\n<td>Visite de la r\u00e9gion<\/td>\n<td>H\u00f4tel Wyndham Grand Algarve*****, Quinta do Lago<\/td>\n<td>&nbsp;<\/td>\n<\/tr>\n<tr>\n<td><strong>Jour 6 :<\/strong><\/td>\n<td>Vale do Lobo &lsquo;Royal&rsquo;<\/td>\n<td>H\u00f4tel Wyndham Grand Algarve*****, Quinta do Lago<\/td>\n<td>15 minutes<\/td>\n<\/tr>\n<tr>\n<td><strong>Jour 7 :<\/strong><\/td>\n<td>Quinta do Lago &lsquo;South&rsquo;<\/td>\n<td>H\u00f4tel Wyndham Grand Algarve*****, Quinta do Lago<\/td>\n<td>Sur le site de l&rsquo;h\u00f4tel<\/td>\n<\/tr>\n<tr>\n<td><strong>Jour 8 :<\/strong><\/td>\n<td>D\u00e9part pour l&rsquo;a\u00e9roport de Faro<\/td>\n<td>&nbsp;<\/td>\n<td>20 minutes<\/td>\n<\/tr>\n<\/tbody>\n<\/table>\n<div class=\"one-third first\" style=\"text-align: center;\"><a class=\"button\" href=\"https:\/\/www.golftravellers.com\/fr\/nous-contacter\/reserver-votre-sejour\/\">R\u00e9server<\/a><\/div>\n<div class=\"one-third\" style=\"text-align: center;\"><a class=\"button\" href=\"https:\/\/www.golftravellers.com\/fr\/nous-contacter\/personnaliser-votre-sejour\/\">Personnaliser<\/a><\/div>\n<div class=\"one-third\" style=\"text-align: center;\"><a class=\"button\" href=\"https:\/\/www.golftravellers.com\/fr\/nous-contacter\/\">Contactez-nous<\/a><\/div>\n<p>&nbsp;<\/p>\n","protected":false},"excerpt":{"rendered":"<p>1640\u20ac Ce tarif comprend : 7 nuits \u00e0 l&rsquo;h\u00f4tel Wyndham Grand Algarve***** \u00e0 Quinta do Lago Petits d\u00e9jeuners 5 green fees Quinta do Lago &lsquo;South&rsquo; Quinta do Lago &lsquo;Laranjal&rsquo; Quinta do Lago &lsquo;North&rsquo; Vale do Lobo &lsquo;Royal&rsquo; Vale do Lobo &lsquo;Ocean&rsquo; 1 location de voiture pour 8 jours \u00a0 R\u00e9server Personnaliser Contactez-nous \u00a0 \u00a0 Nous [&hellip;]<\/p>\n","protected":false},"author":6,"featured_media":32169,"parent":26884,"menu_order":0,"comment_status":"closed","ping_status":"closed","template":"","meta":{"_genesis_hide_title":false,"_genesis_hide_breadcrumbs":false,"_genesis_hide_singular_image":false,"_genesis_hide_footer_widgets":false,"_genesis_custom_body_class":"","_genesis_custom_post_class":"","_genesis_layout":"","footnotes":""},"class_list":{"0":"post-30970","1":"page","2":"type-page","3":"status-publish","4":"has-post-thumbnail","6":"entry"},"_links":{"self":[{"href":"https:\/\/www.golftravellers.com\/fr\/wp-json\/wp\/v2\/pages\/30970","targetHints":{"allow":["GET"]}}],"collection":[{"href":"https:\/\/www.golftravellers.com\/fr\/wp-json\/wp\/v2\/pages"}],"about":[{"href":"https:\/\/www.golftravellers.com\/fr\/wp-json\/wp\/v2\/types\/page"}],"author":[{"embeddable":true,"href":"https:\/\/www.golftravellers.com\/fr\/wp-json\/wp\/v2\/users\/6"}],"replies":[{"embeddable":true,"href":"https:\/\/www.golftravellers.com\/fr\/wp-json\/wp\/v2\/comments?post=30970"}],"version-history":[{"count":8,"href":"https:\/\/www.golftravellers.com\/fr\/wp-json\/wp\/v2\/pages\/30970\/revisions"}],"predecessor-version":[{"id":42049,"href":"https:\/\/www.golftravellers.com\/fr\/wp-json\/wp\/v2\/pages\/30970\/revisions\/42049"}],"up":[{"embeddable":true,"href":"https:\/\/www.golftravellers.com\/fr\/wp-json\/wp\/v2\/pages\/26884"}],"wp:featuredmedia":[{"embeddable":true,"href":"https:\/\/www.golftravellers.com\/fr\/wp-json\/wp\/v2\/media\/32169"}],"wp:attachment":[{"href":"https:\/\/www.golftravellers.com\/fr\/wp-json\/wp\/v2\/media?parent=30970"}],"curies":[{"name":"wp","href":"https:\/\/api.w.org\/{rel}","templated":true}]}}