{"id":30960,"date":"2016-11-23T16:27:33","date_gmt":"2016-11-23T16:27:33","guid":{"rendered":"http:\/\/www.golftravellers.com\/fr\/?page_id=30960"},"modified":"2020-05-11T12:30:17","modified_gmt":"2020-05-11T11:30:17","slug":"7-nuits-a-lisbonne","status":"publish","type":"page","link":"https:\/\/www.golftravellers.com\/fr\/destinations\/golf-au-portugal\/7-nuits-a-lisbonne\/","title":{"rendered":"7 nuits \u00e0 Lisbonne"},"content":{"rendered":"<div class=\"one-half first\"><img loading=\"lazy\" decoding=\"async\" class=\"alignnone size-full wp-image-31728\" src=\"https:\/\/www.golftravellers.com\/wp-content\/uploads\/2016\/11\/penha-longa-green.jpg\" alt=\"Large green sur le golf de Penha Lo,ga dans la r\u00e9gion de Lisbonne au Portugal\" width=\"540\" height=\"360\" srcset=\"https:\/\/www.golftravellers.com\/wp-content\/uploads\/2016\/11\/penha-longa-green.jpg 540w, https:\/\/www.golftravellers.com\/wp-content\/uploads\/2016\/11\/penha-longa-green-300x200.jpg 300w\" sizes=\"auto, (max-width: 540px) 100vw, 540px\" \/><\/div>\n<div class=\"one-half\">\n<p><span style=\"font-size: 36pt;\">910\u20ac<\/span><\/p>\n<h4>Ce tarif comprend :<\/h4>\n<ul style=\"list-style-type: square;\">\n<li>7 nuits \u00e0 l&rsquo;h\u00f4tel Onyria Quinta da Marinha*****<\/li>\n<li>Petits d\u00e9jeuners<\/li>\n<li>5 green fees\n<ul style=\"list-style-type: circle;\">\n<li>Quinta da Marinha<\/li>\n<li>Penha Longa<\/li>\n<li>Belas<\/li>\n<li>Lisbon Sports Club<\/li>\n<li>Estoril Golf<\/li>\n<\/ul>\n<\/li>\n<li><a href=\"https:\/\/www.golftravellers.com\/fr\/options-de-transport\/\">1 location de voiture pour 8 jours<\/a><\/li>\n<\/ul>\n<\/div>\n<div style=\"clear: both;\">\u00a0<\/div>\n<div class=\"one-third first\" style=\"text-align: center;\"><a class=\"button\" href=\"https:\/\/www.golftravellers.com\/fr\/nous-contacter\/reserver-votre-sejour\/\">R\u00e9server<\/a><\/div>\n<div class=\"one-third\" style=\"text-align: center;\"><a class=\"button\" href=\"https:\/\/www.golftravellers.com\/fr\/nous-contacter\/personnaliser-votre-sejour\/\">Personnaliser<\/a><\/div>\n<div class=\"one-third\" style=\"text-align: center;\"><a class=\"button\" href=\"https:\/\/www.golftravellers.com\/fr\/nous-contacter\/\">Contactez-nous<\/a><\/div>\n<div id=\"details\">\u00a0<\/div>\n<div>\u00a0<\/div>\n<div class=\"one-half first\">\n<h4>Nous vous offrons :<\/h4>\n<ul>\n<li>Service &amp; Assistance 24\/7<\/li>\n<\/ul>\n<\/div>\n<div class=\"one-half\">\n<h4>En option :<\/h4>\n<ul>\n<li>Vols, que nous pouvons r\u00e9server pour vous<\/li>\n<li>Suppl\u00e9ment pour chambre individuelle<\/li>\n<li>Nuits &amp; parcours suppl\u00e9mentaires<\/li>\n<li>Transferts avec chauffeur<\/li>\n<li>Activit\u00e9s<\/li>\n<li>D\u00e9jeuners et d\u00eeners<\/li>\n<li>Assurance voyage<\/li>\n<\/ul>\n<\/div>\n<h2>Itin\u00e9raire :<\/h2>\n<table style=\"height: 242px;\" width=\"784\">\n<tbody>\n<tr style=\"height: 24px;\">\n<td style=\"height: 24px; width: 68px;\"><strong>Jour 1 :<\/strong><\/td>\n<td style=\"height: 24px; width: 258px;\">Arriv\u00e9e \u00e0 l&rsquo;a\u00e9roport de Lisbonne<\/td>\n<td style=\"height: 24px; width: 282px;\">H\u00f4tel Onyria Quinta da Marinha *****<\/td>\n<td style=\"height: 24px; width: 148px;\">30 minutes<\/td>\n<\/tr>\n<tr style=\"height: 24px;\">\n<td style=\"height: 24px; width: 68px;\"><strong>Jour 2 :<\/strong><\/td>\n<td style=\"height: 24px; width: 258px;\">Quinta da Marinha<\/td>\n<td style=\"height: 24px; width: 282px;\">H\u00f4tel Onyria Quinta da Marinha *****<\/td>\n<td style=\"height: 24px; width: 148px;\">Sur le site de l&rsquo;h\u00f4tel<\/td>\n<\/tr>\n<tr style=\"height: 24px;\">\n<td style=\"height: 24px; width: 68px;\"><strong>Jour 3 :<\/strong><\/td>\n<td style=\"height: 24px; width: 258px;\">Penha Longa<\/td>\n<td style=\"height: 24px; width: 282px;\">H\u00f4tel Onyria Quinta da Marinha *****<\/td>\n<td style=\"height: 24px; width: 148px;\">20 minutes<\/td>\n<\/tr>\n<tr style=\"height: 24.4063px;\">\n<td style=\"height: 24.4063px; width: 68px;\"><strong>Jour 4 :<\/strong><\/td>\n<td style=\"height: 24.4063px; width: 258px;\">Visite de la r\u00e9gion<\/td>\n<td style=\"height: 24.4063px; width: 282px;\">H\u00f4tel Onyria Quinta da Marinha *****<\/td>\n<td style=\"height: 24.4063px; width: 148px;\">\u00a0<\/td>\n<\/tr>\n<tr style=\"height: 24px;\">\n<td style=\"height: 24px; width: 68px;\"><strong>Jour 5 :<\/strong><\/td>\n<td style=\"height: 24px; width: 258px;\">Belas<\/td>\n<td style=\"height: 24px; width: 282px;\">H\u00f4tel Onyria Quinta da Marinha *****<\/td>\n<td style=\"height: 24px; width: 148px;\">30 minutes<\/td>\n<\/tr>\n<tr style=\"height: 24px;\">\n<td style=\"height: 24px; width: 68px;\"><strong>Jour 6 :<\/strong><\/td>\n<td style=\"height: 24px; width: 258px;\">Estoril Golf<\/td>\n<td style=\"height: 24px; width: 282px;\">H\u00f4tel Onyria Quinta da Marinha *****<\/td>\n<td style=\"height: 24px; width: 148px;\">15 minutes<\/td>\n<\/tr>\n<tr style=\"height: 24px;\">\n<td style=\"height: 24px; width: 68px;\"><strong>Jour 7 :<\/strong><\/td>\n<td style=\"height: 24px; width: 258px;\">Lisbon Sports Club<\/td>\n<td style=\"height: 24px; width: 282px;\">H\u00f4tel Onyria Quinta da Marinha *****<\/td>\n<td style=\"height: 24px; width: 148px;\">30 minutes<\/td>\n<\/tr>\n<tr style=\"height: 24px;\">\n<td style=\"height: 24px; width: 68px;\"><strong>Jour 8 :<\/strong><\/td>\n<td style=\"height: 24px; width: 258px;\">D\u00e9part pour l&rsquo;a\u00e9roport de Lisbonne<\/td>\n<td style=\"height: 24px; width: 282px;\">\u00a0<\/td>\n<td style=\"height: 24px; width: 148px;\">30 minutes<\/td>\n<\/tr>\n<\/tbody>\n<\/table>\n<div class=\"one-third first\" style=\"text-align: center;\"><a class=\"button\" href=\"https:\/\/www.golftravellers.com\/fr\/nous-contacter\/reserver-votre-sejour\/\">R\u00e9server<\/a><\/div>\n<div class=\"one-third\" style=\"text-align: center;\"><a class=\"button\" href=\"https:\/\/www.golftravellers.com\/fr\/nous-contacter\/personnaliser-votre-sejour\/\">Personnaliser<\/a><\/div>\n<div class=\"one-third\" style=\"text-align: center;\"><a class=\"button\" href=\"https:\/\/www.golftravellers.com\/fr\/nous-contacter\/\">Contactez-nous<\/a><\/div>\n<p>&nbsp;<\/p>\n","protected":false},"excerpt":{"rendered":"<p>910\u20ac Ce tarif comprend : 7 nuits \u00e0 l&rsquo;h\u00f4tel Onyria Quinta da Marinha***** Petits d\u00e9jeuners 5 green fees Quinta da Marinha Penha Longa Belas Lisbon Sports Club Estoril Golf 1 location de voiture pour 8 jours \u00a0 R\u00e9server Personnaliser Contactez-nous \u00a0 \u00a0 Nous vous offrons : Service &amp; Assistance 24\/7 En option : Vols, que [&hellip;]<\/p>\n","protected":false},"author":6,"featured_media":32162,"parent":26884,"menu_order":0,"comment_status":"closed","ping_status":"closed","template":"","meta":{"_genesis_hide_title":false,"_genesis_hide_breadcrumbs":false,"_genesis_hide_singular_image":false,"_genesis_hide_footer_widgets":false,"_genesis_custom_body_class":"","_genesis_custom_post_class":"","_genesis_layout":"","footnotes":""},"class_list":{"0":"post-30960","1":"page","2":"type-page","3":"status-publish","4":"has-post-thumbnail","6":"entry"},"_links":{"self":[{"href":"https:\/\/www.golftravellers.com\/fr\/wp-json\/wp\/v2\/pages\/30960","targetHints":{"allow":["GET"]}}],"collection":[{"href":"https:\/\/www.golftravellers.com\/fr\/wp-json\/wp\/v2\/pages"}],"about":[{"href":"https:\/\/www.golftravellers.com\/fr\/wp-json\/wp\/v2\/types\/page"}],"author":[{"embeddable":true,"href":"https:\/\/www.golftravellers.com\/fr\/wp-json\/wp\/v2\/users\/6"}],"replies":[{"embeddable":true,"href":"https:\/\/www.golftravellers.com\/fr\/wp-json\/wp\/v2\/comments?post=30960"}],"version-history":[{"count":8,"href":"https:\/\/www.golftravellers.com\/fr\/wp-json\/wp\/v2\/pages\/30960\/revisions"}],"predecessor-version":[{"id":41247,"href":"https:\/\/www.golftravellers.com\/fr\/wp-json\/wp\/v2\/pages\/30960\/revisions\/41247"}],"up":[{"embeddable":true,"href":"https:\/\/www.golftravellers.com\/fr\/wp-json\/wp\/v2\/pages\/26884"}],"wp:featuredmedia":[{"embeddable":true,"href":"https:\/\/www.golftravellers.com\/fr\/wp-json\/wp\/v2\/media\/32162"}],"wp:attachment":[{"href":"https:\/\/www.golftravellers.com\/fr\/wp-json\/wp\/v2\/media?parent=30960"}],"curies":[{"name":"wp","href":"https:\/\/api.w.org\/{rel}","templated":true}]}}