{"id":3057,"date":"2014-11-12T14:35:35","date_gmt":"2014-11-12T14:35:35","guid":{"rendered":"http:\/\/www.golftravellers.com\/?page_id=3057"},"modified":"2023-10-05T18:29:33","modified_gmt":"2023-10-05T17:29:33","slug":"isle-of-purbeck","status":"publish","type":"page","link":"https:\/\/www.golftravellers.com\/fr\/destinations\/angleterre\/parcours-de-golf-en-angleterre\/region-sud-ouest\/isle-of-purbeck\/","title":{"rendered":"Isle of Purbeck"},"content":{"rendered":"<table style=\"height: 267px;\" border=\"0\" width=\"1057\">\n<tbody>\n<tr>\n<td><strong>Notre classement :<\/strong><\/td>\n<td>&nbsp;<img loading=\"lazy\" decoding=\"async\" class=\"alignnone size-full wp-image-1011\" src=\"https:\/\/www.golftravellers.com\/wp-content\/uploads\/2014\/05\/3stars.png\" alt=\"Golf Travellers 3 star rating golf course\" width=\"88\" height=\"30\"><\/td>\n<td colspan=\"2\" rowspan=\"9\" align=\"center\" valign=\"top\" width=\"50%\"><img loading=\"lazy\" decoding=\"async\" class=\"alignnone wp-image-13236\" src=\"https:\/\/www.golftravellers.com\/wp-content\/uploads\/2014\/09\/England-Map1.png\" alt=\"\" width=\"450\" height=\"560\" srcset=\"https:\/\/www.golftravellers.com\/wp-content\/uploads\/2014\/09\/England-Map1.png 550w, https:\/\/www.golftravellers.com\/wp-content\/uploads\/2014\/09\/England-Map1-240x300.png 240w\" sizes=\"auto, (max-width: 450px) 100vw, 450px\" \/><\/td>\n<\/tr>\n<tr>\n<td><strong>Classement Angleterre :<\/strong><\/td>\n<td>68<\/td>\n<\/tr>\n<tr>\n<td width=\"30%\"><strong>Architecte :<\/strong><\/td>\n<td width=\"20%\">Harry Colt<\/td>\n<\/tr>\n<tr>\n<td><strong>Date d&rsquo;ouverture :<\/strong><\/td>\n<td>1892<\/td>\n<\/tr>\n<tr>\n<td><strong>Par :<\/strong><\/td>\n<td>70<\/td>\n<\/tr>\n<tr>\n<td><strong>Distance depuis&nbsp;Londres :<\/strong><\/td>\n<td>205 km<\/td>\n<\/tr>\n<tr>\n<td><strong>Distance depuis&nbsp;Birmingham :<\/strong><\/td>\n<td>305 km<\/td>\n<\/tr>\n<tr>\n<td><strong>Distance depuis&nbsp;Liverpool :<\/strong><\/td>\n<td>420 km<\/td>\n<\/tr>\n<tr>\n<td><strong>Distance depuis&nbsp;Bristol :<\/strong><\/td>\n<td>130 km<\/td>\n<\/tr>\n<tr>\n<td colspan=\"4\">Le club fut cr\u00e9\u00e9 en 1892, il est situ\u00e9 pr\u00e8s d&rsquo;une r\u00e9serve naturelle, petit paradis pour les amoureux de la faune et de la flore sauvages. Le calme est au rendez-vous ici, loin des stations baln\u00e9aires de la c\u00f4te. Magnifiques paysages en particulier des parties les plus en hauteur du parcours, comme le 5e trou par exemple. Consid\u00e9r\u00e9 comme le meilleur golf du Dorset.<\/td>\n<\/tr>\n<\/tbody>\n<\/table>\n<div class=\"one-third first\"><a class=\"button\" title=\"Nos s\u00e9jours de golf\" href=\"https:\/\/www.golftravellers.com\/fr\/destinations\/angleterre\/sejours-de-golf-en-angleterre\/\">Nos offres<\/a><\/div>\n<div class=\"one-third\"><a class=\"button\" title=\"Demande de devis\" href=\"https:\/\/www.golftravellers.com\/fr\/nous-contacter\/demande-de-devis\/\">Demande de devis<\/a><\/div>\n<div class=\"one-third\"><a class=\"button\" title=\"Nous contacter\" href=\"https:\/\/www.golftravellers.com\/fr\/nous-contacter\/\">Contactez-nous<\/a><\/div>\n","protected":false},"excerpt":{"rendered":"<p>Notre classement : &nbsp; Classement Angleterre : 68 Architecte : Harry Colt Date d&rsquo;ouverture : 1892 Par : 70 Distance depuis&nbsp;Londres : 205 km Distance depuis&nbsp;Birmingham : 305 km Distance depuis&nbsp;Liverpool : 420 km Distance depuis&nbsp;Bristol : 130 km Le club fut cr\u00e9\u00e9 en 1892, il est situ\u00e9 pr\u00e8s d&rsquo;une r\u00e9serve naturelle, petit paradis pour [&hellip;]<\/p>\n","protected":false},"author":10,"featured_media":41729,"parent":2432,"menu_order":0,"comment_status":"open","ping_status":"open","template":"","meta":{"_genesis_hide_title":false,"_genesis_hide_breadcrumbs":false,"_genesis_hide_singular_image":false,"_genesis_hide_footer_widgets":false,"_genesis_custom_body_class":"","_genesis_custom_post_class":"","_genesis_layout":"","footnotes":""},"class_list":{"0":"post-3057","1":"page","2":"type-page","3":"status-publish","4":"has-post-thumbnail","6":"entry"},"_links":{"self":[{"href":"https:\/\/www.golftravellers.com\/fr\/wp-json\/wp\/v2\/pages\/3057","targetHints":{"allow":["GET"]}}],"collection":[{"href":"https:\/\/www.golftravellers.com\/fr\/wp-json\/wp\/v2\/pages"}],"about":[{"href":"https:\/\/www.golftravellers.com\/fr\/wp-json\/wp\/v2\/types\/page"}],"author":[{"embeddable":true,"href":"https:\/\/www.golftravellers.com\/fr\/wp-json\/wp\/v2\/users\/10"}],"replies":[{"embeddable":true,"href":"https:\/\/www.golftravellers.com\/fr\/wp-json\/wp\/v2\/comments?post=3057"}],"version-history":[{"count":9,"href":"https:\/\/www.golftravellers.com\/fr\/wp-json\/wp\/v2\/pages\/3057\/revisions"}],"predecessor-version":[{"id":42342,"href":"https:\/\/www.golftravellers.com\/fr\/wp-json\/wp\/v2\/pages\/3057\/revisions\/42342"}],"up":[{"embeddable":true,"href":"https:\/\/www.golftravellers.com\/fr\/wp-json\/wp\/v2\/pages\/2432"}],"wp:featuredmedia":[{"embeddable":true,"href":"https:\/\/www.golftravellers.com\/fr\/wp-json\/wp\/v2\/media\/41729"}],"wp:attachment":[{"href":"https:\/\/www.golftravellers.com\/fr\/wp-json\/wp\/v2\/media?parent=3057"}],"curies":[{"name":"wp","href":"https:\/\/api.w.org\/{rel}","templated":true}]}}