{"id":3041,"date":"2014-11-12T14:27:04","date_gmt":"2014-11-12T14:27:04","guid":{"rendered":"http:\/\/www.golftravellers.com\/?page_id=3041"},"modified":"2023-10-05T18:29:18","modified_gmt":"2023-10-05T17:29:18","slug":"burnham-berrow","status":"publish","type":"page","link":"https:\/\/www.golftravellers.com\/fr\/destinations\/angleterre\/parcours-de-golf-en-angleterre\/region-sud-ouest\/burnham-berrow\/","title":{"rendered":"Burnham &#038; Berrow"},"content":{"rendered":"<table style=\"height: 326px;\" border=\"0\" width=\"1074\">\n<tbody>\n<tr>\n<td><strong>Notre classement :<\/strong><\/td>\n<td>&nbsp;<img loading=\"lazy\" decoding=\"async\" class=\"alignnone size-full wp-image-1020\" src=\"https:\/\/www.golftravellers.com\/wp-content\/uploads\/2014\/05\/4stars1.png\" alt=\"Golf Travellers 4 star rating golf course\" width=\"118\" height=\"30\"><\/td>\n<td colspan=\"2\" rowspan=\"9\" align=\"center\" valign=\"top\" width=\"50%\"><img loading=\"lazy\" decoding=\"async\" class=\"alignnone wp-image-13236\" src=\"https:\/\/www.golftravellers.com\/wp-content\/uploads\/2014\/09\/England-Map1.png\" alt=\"\" width=\"450\" height=\"560\" srcset=\"https:\/\/www.golftravellers.com\/wp-content\/uploads\/2014\/09\/England-Map1.png 550w, https:\/\/www.golftravellers.com\/wp-content\/uploads\/2014\/09\/England-Map1-240x300.png 240w\" sizes=\"auto, (max-width: 450px) 100vw, 450px\" \/><\/td>\n<\/tr>\n<tr>\n<td><strong>Classement Angleterre :<\/strong><\/td>\n<td>23<\/td>\n<\/tr>\n<tr>\n<td width=\"30%\"><strong>Architecte :<\/strong><\/td>\n<td width=\"20%\">&nbsp;Fowler &amp; Mackenzie &amp; Colt &amp; Hilton &amp; Alison<\/td>\n<\/tr>\n<tr>\n<td><strong>Date d&rsquo;ouverture :<\/strong><\/td>\n<td>&nbsp;1891<\/td>\n<\/tr>\n<tr>\n<td><strong>Par :<\/strong><\/td>\n<td>&nbsp;71<\/td>\n<\/tr>\n<tr>\n<td><strong>Distance depuis&nbsp;Londres :<\/strong><\/td>\n<td>180 km<\/td>\n<\/tr>\n<tr>\n<td><strong>Distance depuis&nbsp;Birmingham :<\/strong><\/td>\n<td>180 km<\/td>\n<\/tr>\n<tr>\n<td><strong>Distance depuis&nbsp;Liverpool :<\/strong><\/td>\n<td>330 km<\/td>\n<\/tr>\n<tr>\n<td><strong>Distance depuis&nbsp;Bristol :<\/strong><\/td>\n<td>50 km<\/td>\n<\/tr>\n<tr>\n<td colspan=\"4\">Dix-huit trous d&rsquo;une tr\u00e8s grande qualit\u00e9, situ\u00e9s au milieu des dunes de sable imposantes sur la c\u00f4te de Bristol. Burnham &amp; Berrow a plus d&rsquo;un si\u00e8cle et a \u00e9t\u00e9 le th\u00e9\u00e2tre de nombreux \u00e9v\u00e9nements golfiques prestigieux.&nbsp; Ce links classique est r\u00e9guli\u00e8rement utilis\u00e9 pour la qualification de l&rsquo;Open Championship.<\/td>\n<\/tr>\n<\/tbody>\n<\/table>\n<div class=\"one-third first\"><a class=\"button\" title=\"Nos s\u00e9jours de golf\" href=\"https:\/\/www.golftravellers.com\/fr\/destinations\/angleterre\/sejours-de-golf-en-angleterre\/\">Nos offres<\/a><\/div>\n<div class=\"one-third\"><a class=\"button\" title=\"Demande de devis\" href=\"https:\/\/www.golftravellers.com\/fr\/nous-contacter\/demande-de-devis\/\">Demande de devis<\/a><\/div>\n<div class=\"one-third\"><a class=\"button\" title=\"Nous contacter\" href=\"https:\/\/www.golftravellers.com\/fr\/nous-contacter\/\">Contactez-nous<\/a><\/div>\n","protected":false},"excerpt":{"rendered":"<p>Notre classement : &nbsp; Classement Angleterre : 23 Architecte : &nbsp;Fowler &amp; Mackenzie &amp; Colt &amp; Hilton &amp; Alison Date d&rsquo;ouverture : &nbsp;1891 Par : &nbsp;71 Distance depuis&nbsp;Londres : 180 km Distance depuis&nbsp;Birmingham : 180 km Distance depuis&nbsp;Liverpool : 330 km Distance depuis&nbsp;Bristol : 50 km Dix-huit trous d&rsquo;une tr\u00e8s grande qualit\u00e9, situ\u00e9s au milieu [&hellip;]<\/p>\n","protected":false},"author":10,"featured_media":41693,"parent":2432,"menu_order":0,"comment_status":"open","ping_status":"open","template":"","meta":{"_genesis_hide_title":false,"_genesis_hide_breadcrumbs":false,"_genesis_hide_singular_image":false,"_genesis_hide_footer_widgets":false,"_genesis_custom_body_class":"","_genesis_custom_post_class":"","_genesis_layout":"","footnotes":""},"class_list":{"0":"post-3041","1":"page","2":"type-page","3":"status-publish","4":"has-post-thumbnail","6":"entry"},"_links":{"self":[{"href":"https:\/\/www.golftravellers.com\/fr\/wp-json\/wp\/v2\/pages\/3041","targetHints":{"allow":["GET"]}}],"collection":[{"href":"https:\/\/www.golftravellers.com\/fr\/wp-json\/wp\/v2\/pages"}],"about":[{"href":"https:\/\/www.golftravellers.com\/fr\/wp-json\/wp\/v2\/types\/page"}],"author":[{"embeddable":true,"href":"https:\/\/www.golftravellers.com\/fr\/wp-json\/wp\/v2\/users\/10"}],"replies":[{"embeddable":true,"href":"https:\/\/www.golftravellers.com\/fr\/wp-json\/wp\/v2\/comments?post=3041"}],"version-history":[{"count":11,"href":"https:\/\/www.golftravellers.com\/fr\/wp-json\/wp\/v2\/pages\/3041\/revisions"}],"predecessor-version":[{"id":42336,"href":"https:\/\/www.golftravellers.com\/fr\/wp-json\/wp\/v2\/pages\/3041\/revisions\/42336"}],"up":[{"embeddable":true,"href":"https:\/\/www.golftravellers.com\/fr\/wp-json\/wp\/v2\/pages\/2432"}],"wp:featuredmedia":[{"embeddable":true,"href":"https:\/\/www.golftravellers.com\/fr\/wp-json\/wp\/v2\/media\/41693"}],"wp:attachment":[{"href":"https:\/\/www.golftravellers.com\/fr\/wp-json\/wp\/v2\/media?parent=3041"}],"curies":[{"name":"wp","href":"https:\/\/api.w.org\/{rel}","templated":true}]}}