{"id":2963,"date":"2014-11-12T13:32:16","date_gmt":"2014-11-12T13:32:16","guid":{"rendered":"http:\/\/www.golftravellers.com\/?page_id=2963"},"modified":"2023-10-05T18:26:28","modified_gmt":"2023-10-05T17:26:28","slug":"littlestone","status":"publish","type":"page","link":"https:\/\/www.golftravellers.com\/fr\/destinations\/angleterre\/parcours-de-golf-en-angleterre\/region-sud-est\/littlestone\/","title":{"rendered":"Littlestone"},"content":{"rendered":"<table border=\"0\">\n<tbody>\n<tr>\n<td><strong>Notre classement :<\/strong><\/td>\n<td>&nbsp;<img loading=\"lazy\" decoding=\"async\" class=\"alignnone size-full wp-image-1011\" src=\"https:\/\/www.golftravellers.com\/wp-content\/uploads\/2014\/05\/3stars.png\" alt=\"Golf Travellers 3 star rating golf course\" width=\"88\" height=\"30\"><\/td>\n<td colspan=\"2\" rowspan=\"9\" align=\"center\" valign=\"top\" width=\"50%\"><img loading=\"lazy\" decoding=\"async\" class=\"alignnone wp-image-13236\" src=\"https:\/\/www.golftravellers.com\/wp-content\/uploads\/2014\/09\/England-Map1.png\" alt=\"\" width=\"450\" height=\"560\" srcset=\"https:\/\/www.golftravellers.com\/wp-content\/uploads\/2014\/09\/England-Map1.png 550w, https:\/\/www.golftravellers.com\/wp-content\/uploads\/2014\/09\/England-Map1-240x300.png 240w\" sizes=\"auto, (max-width: 450px) 100vw, 450px\" \/><\/td>\n<\/tr>\n<tr>\n<td><strong>Classement Angleterre :<\/strong><\/td>\n<td>78<\/td>\n<\/tr>\n<tr>\n<td width=\"30%\"><strong>Architecte :<\/strong><\/td>\n<td width=\"20%\">&nbsp;J.Braid &amp; A. Mackenzie &amp; F. Pennink&nbsp; &amp; D. Steel &amp; P. Alliss<\/td>\n<\/tr>\n<tr>\n<td><strong>Date d&rsquo;ouverture :<\/strong><\/td>\n<td>1888<\/td>\n<\/tr>\n<tr>\n<td><strong>Par :<\/strong><\/td>\n<td>71<\/td>\n<\/tr>\n<tr>\n<td><strong>Distance depuis&nbsp;Londres :<\/strong><\/td>\n<td>120 km<\/td>\n<\/tr>\n<tr>\n<td><strong>Distance depuis&nbsp;Birmingham :<\/strong><\/td>\n<td>320 km<\/td>\n<\/tr>\n<tr>\n<td><strong>Distance depuis&nbsp;Liverpool :<\/strong><\/td>\n<td>470 km<\/td>\n<\/tr>\n<tr>\n<td><strong>Distance depuis&nbsp;Bristol :<\/strong><\/td>\n<td>310 km<\/td>\n<\/tr>\n<tr>\n<td colspan=\"4\">C&rsquo;est un golf de championnat, modernis\u00e9 \u00e0 plusieurs reprises. L\u2019atmosph\u00e8re naturelle du parcours ressource tous les golfeurs. Le littoral b\u00e9n\u00e9ficie d&rsquo;un microclimat unique qui en fait l&rsquo;un des endroits les plus secs de Grande-Bretagne. C&rsquo;est un links plut\u00f4t plat malgr\u00e9 un certain nombre de dunes, aux greens rapides. Les 3 derniers trous sont particuli\u00e8rement ardus.<\/td>\n<\/tr>\n<\/tbody>\n<\/table>\n<div class=\"one-third first\"><a class=\"button\" title=\"Nos s\u00e9jours de golf\" href=\"https:\/\/www.golftravellers.com\/fr\/destinations\/angleterre\/sejours-de-golf-en-angleterre\/\">Nos offres<\/a><\/div>\n<div class=\"one-third\"><a class=\"button\" title=\"Demande de devis\" href=\"https:\/\/www.golftravellers.com\/fr\/nous-contacter\/demande-de-devis\/\">Demande de devis<\/a><\/div>\n<div class=\"one-third\"><a class=\"button\" title=\"Nous contacter\" href=\"https:\/\/www.golftravellers.com\/fr\/nous-contacter\/\">Contactez-nous<\/a><\/div>\n","protected":false},"excerpt":{"rendered":"<p>Notre classement : &nbsp; Classement Angleterre : 78 Architecte : &nbsp;J.Braid &amp; A. Mackenzie &amp; F. Pennink&nbsp; &amp; D. Steel &amp; P. Alliss Date d&rsquo;ouverture : 1888 Par : 71 Distance depuis&nbsp;Londres : 120 km Distance depuis&nbsp;Birmingham : 320 km Distance depuis&nbsp;Liverpool : 470 km Distance depuis&nbsp;Bristol : 310 km C&rsquo;est un golf de championnat, [&hellip;]<\/p>\n","protected":false},"author":10,"featured_media":41675,"parent":2430,"menu_order":0,"comment_status":"open","ping_status":"open","template":"","meta":{"_genesis_hide_title":false,"_genesis_hide_breadcrumbs":false,"_genesis_hide_singular_image":false,"_genesis_hide_footer_widgets":false,"_genesis_custom_body_class":"","_genesis_custom_post_class":"","_genesis_layout":"","footnotes":""},"class_list":{"0":"post-2963","1":"page","2":"type-page","3":"status-publish","4":"has-post-thumbnail","6":"entry"},"_links":{"self":[{"href":"https:\/\/www.golftravellers.com\/fr\/wp-json\/wp\/v2\/pages\/2963","targetHints":{"allow":["GET"]}}],"collection":[{"href":"https:\/\/www.golftravellers.com\/fr\/wp-json\/wp\/v2\/pages"}],"about":[{"href":"https:\/\/www.golftravellers.com\/fr\/wp-json\/wp\/v2\/types\/page"}],"author":[{"embeddable":true,"href":"https:\/\/www.golftravellers.com\/fr\/wp-json\/wp\/v2\/users\/10"}],"replies":[{"embeddable":true,"href":"https:\/\/www.golftravellers.com\/fr\/wp-json\/wp\/v2\/comments?post=2963"}],"version-history":[{"count":15,"href":"https:\/\/www.golftravellers.com\/fr\/wp-json\/wp\/v2\/pages\/2963\/revisions"}],"predecessor-version":[{"id":20720,"href":"https:\/\/www.golftravellers.com\/fr\/wp-json\/wp\/v2\/pages\/2963\/revisions\/20720"}],"up":[{"embeddable":true,"href":"https:\/\/www.golftravellers.com\/fr\/wp-json\/wp\/v2\/pages\/2430"}],"wp:featuredmedia":[{"embeddable":true,"href":"https:\/\/www.golftravellers.com\/fr\/wp-json\/wp\/v2\/media\/41675"}],"wp:attachment":[{"href":"https:\/\/www.golftravellers.com\/fr\/wp-json\/wp\/v2\/media?parent=2963"}],"curies":[{"name":"wp","href":"https:\/\/api.w.org\/{rel}","templated":true}]}}