{"id":2948,"date":"2014-11-12T13:21:36","date_gmt":"2014-11-12T13:21:36","guid":{"rendered":"http:\/\/www.golftravellers.com\/?page_id=2948"},"modified":"2023-10-05T18:26:13","modified_gmt":"2023-10-05T17:26:13","slug":"chart-hills","status":"publish","type":"page","link":"https:\/\/www.golftravellers.com\/fr\/destinations\/angleterre\/parcours-de-golf-en-angleterre\/region-sud-est\/chart-hills\/","title":{"rendered":"Chart Hills"},"content":{"rendered":"<table border=\"0\">\n<tbody>\n<tr>\n<td><strong>Notre classement :<\/strong><\/td>\n<td>&nbsp;<img loading=\"lazy\" decoding=\"async\" class=\"alignnone size-full wp-image-1020\" src=\"https:\/\/www.golftravellers.com\/wp-content\/uploads\/2014\/05\/4stars1.png\" alt=\"Golf Travellers 4 star rating golf course\" width=\"118\" height=\"30\"><\/td>\n<td colspan=\"2\" rowspan=\"9\" align=\"center\" valign=\"top\" width=\"50%\"><img loading=\"lazy\" decoding=\"async\" class=\"alignnone wp-image-13236\" src=\"https:\/\/www.golftravellers.com\/wp-content\/uploads\/2014\/09\/England-Map1.png\" alt=\"\" width=\"450\" height=\"560\" srcset=\"https:\/\/www.golftravellers.com\/wp-content\/uploads\/2014\/09\/England-Map1.png 550w, https:\/\/www.golftravellers.com\/wp-content\/uploads\/2014\/09\/England-Map1-240x300.png 240w\" sizes=\"auto, (max-width: 450px) 100vw, 450px\" \/><\/td>\n<\/tr>\n<tr>\n<td><strong>Classement Angleterre :<\/strong><\/td>\n<td>45<\/td>\n<\/tr>\n<tr>\n<td width=\"30%\"><strong>Architecte :<\/strong><\/td>\n<td width=\"20%\">Nick Faldo &amp; Steve Smyers<\/td>\n<\/tr>\n<tr>\n<td><strong>Date de cr\u00e9ation :<\/strong><\/td>\n<td>1993<\/td>\n<\/tr>\n<tr>\n<td><strong>Par :<\/strong><\/td>\n<td>&nbsp;72<\/td>\n<\/tr>\n<tr>\n<td><strong>Distance depuis&nbsp;Londres :<\/strong><\/td>\n<td>85 km<\/td>\n<\/tr>\n<tr>\n<td><strong>Distance depuis&nbsp;Birmingham :<\/strong><\/td>\n<td>285 km<\/td>\n<\/tr>\n<tr>\n<td><strong>Distance depuis&nbsp;Liverpool :<\/strong><\/td>\n<td>430 km<\/td>\n<\/tr>\n<tr>\n<td><strong>Distance depuis&nbsp;Bristol :<\/strong><\/td>\n<td>270 km<\/td>\n<\/tr>\n<tr>\n<td colspan=\"4\">Cr\u00e9\u00e9 par Sir Nick Faldo en 1993, ce parcours a re\u00e7u d&rsquo;innombrables r\u00e9compenses depuis son ach\u00e8vement. Il a r\u00e9cemment obtenu une place dans le Rolex Top 1000 des parcours dans le monde, il est \u00e9galement pr\u00e9sent dans les 100 meilleurs parcours de Grande Bretagne et d&rsquo;Irlande au sein de plusieurs revues de golf de renom. Ce golf de l&rsquo;int\u00e9rieur des terres b\u00e9n\u00e9ficie d&rsquo;une qualit\u00e9 d&rsquo;entretien superbe avec de grands greens, rapides et ondul\u00e9s, des bunkers de forme et de profondeur tr\u00e8s vari\u00e9es, beaucoup d&rsquo;eau en jeu, alli\u00e9s au charme d&rsquo;une paisible vall\u00e9e du Kent.<\/td>\n<\/tr>\n<\/tbody>\n<\/table>\n<div class=\"one-third first\"><a class=\"button\" title=\"Nos s\u00e9jours de golf\" href=\"https:\/\/www.golftravellers.com\/fr\/destinations\/angleterre\/sejours-de-golf-en-angleterre\/\">Nos offres<\/a><\/div>\n<div class=\"one-third\"><a class=\"button\" title=\"Demande de devis\" href=\"https:\/\/www.golftravellers.com\/fr\/nous-contacter\/demande-de-devis\/\">Demande de devis<\/a><\/div>\n<div class=\"one-third\"><a class=\"button\" title=\"Nous contacter\" href=\"https:\/\/www.golftravellers.com\/fr\/nous-contacter\/\">Contactez-nous<\/a><\/div>\n","protected":false},"excerpt":{"rendered":"<p>Notre classement : &nbsp; Classement Angleterre : 45 Architecte : Nick Faldo &amp; Steve Smyers Date de cr\u00e9ation : 1993 Par : &nbsp;72 Distance depuis&nbsp;Londres : 85 km Distance depuis&nbsp;Birmingham : 285 km Distance depuis&nbsp;Liverpool : 430 km Distance depuis&nbsp;Bristol : 270 km Cr\u00e9\u00e9 par Sir Nick Faldo en 1993, ce parcours a re\u00e7u d&rsquo;innombrables [&hellip;]<\/p>\n","protected":false},"author":10,"featured_media":41669,"parent":2430,"menu_order":0,"comment_status":"open","ping_status":"open","template":"","meta":{"_genesis_hide_title":false,"_genesis_hide_breadcrumbs":false,"_genesis_hide_singular_image":false,"_genesis_hide_footer_widgets":false,"_genesis_custom_body_class":"","_genesis_custom_post_class":"","_genesis_layout":"","footnotes":""},"class_list":{"0":"post-2948","1":"page","2":"type-page","3":"status-publish","4":"has-post-thumbnail","6":"entry"},"_links":{"self":[{"href":"https:\/\/www.golftravellers.com\/fr\/wp-json\/wp\/v2\/pages\/2948","targetHints":{"allow":["GET"]}}],"collection":[{"href":"https:\/\/www.golftravellers.com\/fr\/wp-json\/wp\/v2\/pages"}],"about":[{"href":"https:\/\/www.golftravellers.com\/fr\/wp-json\/wp\/v2\/types\/page"}],"author":[{"embeddable":true,"href":"https:\/\/www.golftravellers.com\/fr\/wp-json\/wp\/v2\/users\/10"}],"replies":[{"embeddable":true,"href":"https:\/\/www.golftravellers.com\/fr\/wp-json\/wp\/v2\/comments?post=2948"}],"version-history":[{"count":10,"href":"https:\/\/www.golftravellers.com\/fr\/wp-json\/wp\/v2\/pages\/2948\/revisions"}],"predecessor-version":[{"id":42313,"href":"https:\/\/www.golftravellers.com\/fr\/wp-json\/wp\/v2\/pages\/2948\/revisions\/42313"}],"up":[{"embeddable":true,"href":"https:\/\/www.golftravellers.com\/fr\/wp-json\/wp\/v2\/pages\/2430"}],"wp:featuredmedia":[{"embeddable":true,"href":"https:\/\/www.golftravellers.com\/fr\/wp-json\/wp\/v2\/media\/41669"}],"wp:attachment":[{"href":"https:\/\/www.golftravellers.com\/fr\/wp-json\/wp\/v2\/media?parent=2948"}],"curies":[{"name":"wp","href":"https:\/\/api.w.org\/{rel}","templated":true}]}}