{"id":2854,"date":"2014-11-12T13:38:57","date_gmt":"2014-11-12T13:38:57","guid":{"rendered":"http:\/\/www.golftravellers.com\/?page_id=2854"},"modified":"2023-10-05T18:26:37","modified_gmt":"2023-10-05T17:26:37","slug":"princes","status":"publish","type":"page","link":"https:\/\/www.golftravellers.com\/fr\/destinations\/angleterre\/parcours-de-golf-en-angleterre\/region-sud-est\/princes\/","title":{"rendered":"Prince&rsquo;s"},"content":{"rendered":"<table border=\"0\">\n<tbody>\n<tr>\n<td><strong>Notre classement :<\/strong><\/td>\n<td>&nbsp;<img loading=\"lazy\" decoding=\"async\" class=\"alignnone size-full wp-image-1011\" src=\"https:\/\/www.golftravellers.com\/wp-content\/uploads\/2014\/05\/3stars.png\" alt=\"Golf Travellers 3 star rating golf course\" width=\"88\" height=\"30\"><\/td>\n<td colspan=\"2\" rowspan=\"9\" align=\"center\" valign=\"top\" width=\"50%\"><img loading=\"lazy\" decoding=\"async\" class=\"alignnone wp-image-13236\" src=\"https:\/\/www.golftravellers.com\/wp-content\/uploads\/2014\/09\/England-Map1.png\" alt=\"\" width=\"450\" height=\"560\" srcset=\"https:\/\/www.golftravellers.com\/wp-content\/uploads\/2014\/09\/England-Map1.png 550w, https:\/\/www.golftravellers.com\/wp-content\/uploads\/2014\/09\/England-Map1-240x300.png 240w\" sizes=\"auto, (max-width: 450px) 100vw, 450px\" \/><\/td>\n<\/tr>\n<tr>\n<td><strong>Classement Angleterre :<\/strong><\/td>\n<td>60<\/td>\n<\/tr>\n<tr>\n<td width=\"30%\"><strong>Architecte :<\/strong><\/td>\n<td width=\"20%\">&nbsp;John Morrison &amp; Sir Guy Campbell<\/td>\n<\/tr>\n<tr>\n<td><strong>Date d&rsquo;ouverture :<\/strong><\/td>\n<td>&nbsp;1904<\/td>\n<\/tr>\n<tr>\n<td><strong>Par :<\/strong><\/td>\n<td>71<\/td>\n<\/tr>\n<tr>\n<td><strong>Distance depuis Londres :<\/strong><\/td>\n<td>70 km<\/td>\n<\/tr>\n<tr>\n<td><strong>Distance depuis&nbsp;Birmingham :<\/strong><\/td>\n<td>270 km<\/td>\n<\/tr>\n<tr>\n<td><strong>Distance depuis&nbsp;Liverpool :<\/strong><\/td>\n<td>420 km<\/td>\n<\/tr>\n<tr>\n<td><strong>Distance depuis&nbsp;Bristol :<\/strong><\/td>\n<td>255 km<\/td>\n<\/tr>\n<tr>\n<td colspan=\"4\"><span lang=\"fr\"><span class=\"hps\">Ce parcours<\/span><span class=\"hps\"> situ\u00e9 \u00e0 Sandwich sur la c\u00f4te du Kent, offre<\/span> <span class=\"hps\">tout ce qu&rsquo;il y a de<\/span>&nbsp;<span class=\"hps\">meilleur<\/span> <span class=\"hps\">dans le golf<\/span> <span class=\"hps\">moderne<\/span>: <span class=\"hps\">avec ses<\/span> <span class=\"hps\">27 trous de<\/span> <span class=\"hps\">championnat, i<\/span><span class=\"hps\">l accueille&nbsp;r\u00e9guli\u00e8rement la qualification pour&nbsp;<\/span><\/span>l&rsquo;Open Championship . C&rsquo;est un links&nbsp; traditionnel de grande qualit\u00e9 comme ses prestigieux voisins le Royal St George&rsquo;s et le Royal Cinque Ports. Pr\u00e9sence du vent, peu d&rsquo;eau et arbres absents du jeu.<\/td>\n<\/tr>\n<\/tbody>\n<\/table>\n<div class=\"one-third first\"><a class=\"button\" title=\"Nos s\u00e9jours de golf\" href=\"https:\/\/www.golftravellers.com\/fr\/destinations\/angleterre\/sejours-de-golf-en-angleterre\/\">Nos offres<\/a><\/div>\n<div class=\"one-third\"><a class=\"button\" title=\"Demande de devis\" href=\"https:\/\/www.golftravellers.com\/fr\/nous-contacter\/demande-de-devis\/\">Demande de devis<\/a><\/div>\n<div class=\"one-third\"><a class=\"button\" title=\"Nous contacter\" href=\"https:\/\/www.golftravellers.com\/fr\/nous-contacter\/\">Contactez-nous<\/a><\/div>\n","protected":false},"excerpt":{"rendered":"<p>Notre classement : &nbsp; Classement Angleterre : 60 Architecte : &nbsp;John Morrison &amp; Sir Guy Campbell Date d&rsquo;ouverture : &nbsp;1904 Par : 71 Distance depuis Londres : 70 km Distance depuis&nbsp;Birmingham : 270 km Distance depuis&nbsp;Liverpool : 420 km Distance depuis&nbsp;Bristol : 255 km Ce parcours situ\u00e9 \u00e0 Sandwich sur la c\u00f4te du Kent, offre [&hellip;]<\/p>\n","protected":false},"author":10,"featured_media":18955,"parent":2430,"menu_order":0,"comment_status":"open","ping_status":"open","template":"","meta":{"_genesis_hide_title":false,"_genesis_hide_breadcrumbs":false,"_genesis_hide_singular_image":false,"_genesis_hide_footer_widgets":false,"_genesis_custom_body_class":"","_genesis_custom_post_class":"","_genesis_layout":"","footnotes":""},"class_list":{"0":"post-2854","1":"page","2":"type-page","3":"status-publish","4":"has-post-thumbnail","6":"entry"},"_links":{"self":[{"href":"https:\/\/www.golftravellers.com\/fr\/wp-json\/wp\/v2\/pages\/2854","targetHints":{"allow":["GET"]}}],"collection":[{"href":"https:\/\/www.golftravellers.com\/fr\/wp-json\/wp\/v2\/pages"}],"about":[{"href":"https:\/\/www.golftravellers.com\/fr\/wp-json\/wp\/v2\/types\/page"}],"author":[{"embeddable":true,"href":"https:\/\/www.golftravellers.com\/fr\/wp-json\/wp\/v2\/users\/10"}],"replies":[{"embeddable":true,"href":"https:\/\/www.golftravellers.com\/fr\/wp-json\/wp\/v2\/comments?post=2854"}],"version-history":[{"count":13,"href":"https:\/\/www.golftravellers.com\/fr\/wp-json\/wp\/v2\/pages\/2854\/revisions"}],"predecessor-version":[{"id":42321,"href":"https:\/\/www.golftravellers.com\/fr\/wp-json\/wp\/v2\/pages\/2854\/revisions\/42321"}],"up":[{"embeddable":true,"href":"https:\/\/www.golftravellers.com\/fr\/wp-json\/wp\/v2\/pages\/2430"}],"wp:featuredmedia":[{"embeddable":true,"href":"https:\/\/www.golftravellers.com\/fr\/wp-json\/wp\/v2\/media\/18955"}],"wp:attachment":[{"href":"https:\/\/www.golftravellers.com\/fr\/wp-json\/wp\/v2\/media?parent=2854"}],"curies":[{"name":"wp","href":"https:\/\/api.w.org\/{rel}","templated":true}]}}