{"id":269,"date":"2014-04-04T08:35:27","date_gmt":"2014-04-04T07:35:27","guid":{"rendered":"http:\/\/www.golftravellers.com\/?page_id=269"},"modified":"2017-04-24T11:12:15","modified_gmt":"2017-04-24T10:12:15","slug":"competitions","status":"publish","type":"page","link":"https:\/\/www.golftravellers.com\/fr\/competitions\/","title":{"rendered":"Comp\u00e9titions"},"content":{"rendered":"<p>Nous vous offrons l&rsquo;opportunit\u00e9 de participer \u00e0 des comp\u00e9titions amateurs et des Pro Am dans les destinations que nous proposons et d&rsquo;assister \u00e0 des tournois prestigieux comme le British Open.<\/p>\n<section>\n<div class=\"one-third first\">\n<h4 style=\"text-align: center;\">~ COMPETITIONS AMATEURS ~<\/h4>\n<\/div>\n<div class=\"one-third\">\n<h4 style=\"text-align: center;\">~ PRO AM ~<\/h4>\n<\/div>\n<div class=\"one-third\" style=\"text-align: center;\">\n<h4>~ BRITISH OPEN ~<\/h4>\n<\/div>\n<div class=\"one-third first destinations\"><a title=\"Comp\u00e9titions amateur\" href=\"https:\/\/www.golftravellers.com\/fr\/competitions\/competitions-amateur\/\"><img loading=\"lazy\" decoding=\"async\" class=\"alignnone wp-image-18349 size-full\" title=\"Cliquez pour voir les comp\u00e9titions amateur\" src=\"https:\/\/www.golftravellers.com\/wp-content\/uploads\/2014\/04\/competitions-competitions-amateurs.jpg\" alt=\"Golfeurs sur le parcours du Old Course\" width=\"380\" height=\"380\" srcset=\"https:\/\/www.golftravellers.com\/wp-content\/uploads\/2014\/04\/competitions-competitions-amateurs.jpg 380w, https:\/\/www.golftravellers.com\/wp-content\/uploads\/2014\/04\/competitions-competitions-amateurs-150x150.jpg 150w, https:\/\/www.golftravellers.com\/wp-content\/uploads\/2014\/04\/competitions-competitions-amateurs-300x300.jpg 300w\" sizes=\"auto, (max-width: 380px) 100vw, 380px\" \/><\/a><\/div>\n<div class=\"one-third destinations\"><a title=\"Pro Am\" href=\"https:\/\/www.golftravellers.com\/fr\/competitions\/pro-am\/\"><img loading=\"lazy\" decoding=\"async\" class=\"alignnone wp-image-18357 size-full\" title=\"Cliquez pour voir les Pro Am\" src=\"https:\/\/www.golftravellers.com\/wp-content\/uploads\/2014\/04\/competitions-pro-am.jpg\" alt=\"Golfeur sur le parcours de Turnberry\" width=\"380\" height=\"380\" srcset=\"https:\/\/www.golftravellers.com\/wp-content\/uploads\/2014\/04\/competitions-pro-am.jpg 380w, https:\/\/www.golftravellers.com\/wp-content\/uploads\/2014\/04\/competitions-pro-am-150x150.jpg 150w, https:\/\/www.golftravellers.com\/wp-content\/uploads\/2014\/04\/competitions-pro-am-300x300.jpg 300w\" sizes=\"auto, (max-width: 380px) 100vw, 380px\" \/><\/a><\/div>\n<div class=\"one-third destinations\"><a title=\"British Open 2015 \u00e0 St Andrews\" href=\"https:\/\/www.golftravellers.com\/fr\/competitions\/british-open-2015-a-st-andrews\/\"><img loading=\"lazy\" decoding=\"async\" class=\"alignnone wp-image-18365 size-full\" title=\"Cliquez pour voir le British Open\" src=\"https:\/\/www.golftravellers.com\/wp-content\/uploads\/2014\/04\/competitions-british-open.jpg\" alt=\"Golfeur au d\u00e9part du 18 lors du British Open \" width=\"380\" height=\"380\" srcset=\"https:\/\/www.golftravellers.com\/wp-content\/uploads\/2014\/04\/competitions-british-open.jpg 380w, https:\/\/www.golftravellers.com\/wp-content\/uploads\/2014\/04\/competitions-british-open-150x150.jpg 150w, https:\/\/www.golftravellers.com\/wp-content\/uploads\/2014\/04\/competitions-british-open-300x300.jpg 300w\" sizes=\"auto, (max-width: 380px) 100vw, 380px\" \/><\/a><\/div>\n<\/section>\n<div class=\"clear: both;\">\u00a0<\/div>\n<section>\n<div class=\"one-third first\">\n<h4 style=\"text-align: center;\">~ MASTERS ~<\/h4>\n<\/div>\n<div class=\"one-third\">\n<h4 style=\"text-align: center;\">~ RYDER CUP ~<\/h4>\n<\/div>\n<div class=\"one-third\" style=\"text-align: center;\">\n<h4>~ GOLF D&rsquo;ENTREPRISE ~<\/h4>\n<\/div>\n<div class=\"one-third first destinations\"><a href=\"https:\/\/www.golftravellers.com\/fr\/destinations\/golf-aux-etats-unis\/masters-a-augusta\/\"><img loading=\"lazy\" decoding=\"async\" class=\"alignnone wp-image-31196 size-full\" title=\"Cliquez pour voir les comp\u00e9titions amateur\" src=\"https:\/\/www.golftravellers.com\/wp-content\/uploads\/2014\/04\/tiger-woods-masters-augusta-usa.jpg\" alt=\"Masters d'Augusta en Georgie aux USA\" width=\"380\" height=\"380\" srcset=\"https:\/\/www.golftravellers.com\/wp-content\/uploads\/2014\/04\/tiger-woods-masters-augusta-usa.jpg 380w, https:\/\/www.golftravellers.com\/wp-content\/uploads\/2014\/04\/tiger-woods-masters-augusta-usa-150x150.jpg 150w, https:\/\/www.golftravellers.com\/wp-content\/uploads\/2014\/04\/tiger-woods-masters-augusta-usa-300x300.jpg 300w\" sizes=\"auto, (max-width: 380px) 100vw, 380px\" \/><\/a><\/div>\n<div class=\"one-third destinations\"><a title=\"Ryder Cup\" href=\"https:\/\/www.golftravellers.com\/fr\/competitions\/ryder-cup\/\"><img loading=\"lazy\" decoding=\"async\" class=\"alignnone wp-image-18374 size-full\" title=\"Cliquez pour voir la Ryder Cup\" src=\"https:\/\/www.golftravellers.com\/wp-content\/uploads\/2014\/04\/competitions-ryder-cup.jpg\" alt=\"Graeme Mcdowell \u00e0 la ryder Cup 2014\" width=\"380\" height=\"380\" srcset=\"https:\/\/www.golftravellers.com\/wp-content\/uploads\/2014\/04\/competitions-ryder-cup.jpg 380w, https:\/\/www.golftravellers.com\/wp-content\/uploads\/2014\/04\/competitions-ryder-cup-150x150.jpg 150w, https:\/\/www.golftravellers.com\/wp-content\/uploads\/2014\/04\/competitions-ryder-cup-300x300.jpg 300w\" sizes=\"auto, (max-width: 380px) 100vw, 380px\" \/><\/a><\/div>\n<div class=\"one-third destinations\"><a title=\"Golf d\u2019entreprise\" href=\"https:\/\/www.golftravellers.com\/fr\/competitions\/golf-d-entreprise\/\"><img loading=\"lazy\" decoding=\"async\" class=\"alignnone wp-image-18382 size-full\" title=\"Cliquez pour voir Golf d'entreprise\" src=\"https:\/\/www.golftravellers.com\/wp-content\/uploads\/2014\/04\/comp\u00e9titions-golf-dentreprise.jpg\" alt=\"Groupe de golfeur \u00e9v\u00e9nement d'entreprise\" width=\"380\" height=\"380\" srcset=\"https:\/\/www.golftravellers.com\/wp-content\/uploads\/2014\/04\/comp\u00e9titions-golf-dentreprise.jpg 380w, https:\/\/www.golftravellers.com\/wp-content\/uploads\/2014\/04\/comp\u00e9titions-golf-dentreprise-150x150.jpg 150w, https:\/\/www.golftravellers.com\/wp-content\/uploads\/2014\/04\/comp\u00e9titions-golf-dentreprise-300x300.jpg 300w\" sizes=\"auto, (max-width: 380px) 100vw, 380px\" \/><\/a><\/div>\n<\/section>\n<div class=\"clear: both;\">\u00a0<\/div>\n","protected":false},"excerpt":{"rendered":"<p>Nous vous offrons l&rsquo;opportunit\u00e9 de participer \u00e0 des comp\u00e9titions amateurs et des Pro Am dans les destinations que nous proposons et d&rsquo;assister \u00e0 des tournois prestigieux comme le British Open. ~ COMPETITIONS AMATEURS ~ ~ PRO AM ~ ~ BRITISH OPEN ~ \u00a0 ~ MASTERS ~ ~ RYDER CUP ~ ~ GOLF D&rsquo;ENTREPRISE ~ \u00a0<\/p>\n","protected":false},"author":10,"featured_media":18097,"parent":0,"menu_order":30,"comment_status":"open","ping_status":"closed","template":"","meta":{"_genesis_hide_title":false,"_genesis_hide_breadcrumbs":false,"_genesis_hide_singular_image":false,"_genesis_hide_footer_widgets":false,"_genesis_custom_body_class":"","_genesis_custom_post_class":"","_genesis_layout":"","footnotes":""},"class_list":{"0":"post-269","1":"page","2":"type-page","3":"status-publish","4":"has-post-thumbnail","6":"entry"},"_links":{"self":[{"href":"https:\/\/www.golftravellers.com\/fr\/wp-json\/wp\/v2\/pages\/269","targetHints":{"allow":["GET"]}}],"collection":[{"href":"https:\/\/www.golftravellers.com\/fr\/wp-json\/wp\/v2\/pages"}],"about":[{"href":"https:\/\/www.golftravellers.com\/fr\/wp-json\/wp\/v2\/types\/page"}],"author":[{"embeddable":true,"href":"https:\/\/www.golftravellers.com\/fr\/wp-json\/wp\/v2\/users\/10"}],"replies":[{"embeddable":true,"href":"https:\/\/www.golftravellers.com\/fr\/wp-json\/wp\/v2\/comments?post=269"}],"version-history":[{"count":35,"href":"https:\/\/www.golftravellers.com\/fr\/wp-json\/wp\/v2\/pages\/269\/revisions"}],"predecessor-version":[{"id":36818,"href":"https:\/\/www.golftravellers.com\/fr\/wp-json\/wp\/v2\/pages\/269\/revisions\/36818"}],"wp:featuredmedia":[{"embeddable":true,"href":"https:\/\/www.golftravellers.com\/fr\/wp-json\/wp\/v2\/media\/18097"}],"wp:attachment":[{"href":"https:\/\/www.golftravellers.com\/fr\/wp-json\/wp\/v2\/media?parent=269"}],"curies":[{"name":"wp","href":"https:\/\/api.w.org\/{rel}","templated":true}]}}