{"id":267,"date":"2014-04-04T08:34:55","date_gmt":"2014-04-04T07:34:55","guid":{"rendered":"http:\/\/www.golftravellers.com\/?page_id=267"},"modified":"2017-05-04T10:32:16","modified_gmt":"2017-05-04T09:32:16","slug":"bresil","status":"publish","type":"page","link":"https:\/\/www.golftravellers.com\/fr\/destinations\/bresil\/","title":{"rendered":"Golf au Br\u00e9sil"},"content":{"rendered":"<p><a title=\"Parcours de golf au Br\u00e9sil\" href=\"https:\/\/www.golftravellers.com\/fr\/destinations\/bresil\/parcours-de-golf-au-bresil\/\"><img loading=\"lazy\" decoding=\"async\" class=\"alignright wp-image-13226 size-medium\" src=\"https:\/\/www.golftravellers.com\/wp-content\/uploads\/2014\/09\/Brazil-Map-300x300.png\" alt=\"Carte du Br\u00e9sil et des principales r\u00e9gions golfiques\" width=\"300\" height=\"300\" srcset=\"https:\/\/www.golftravellers.com\/wp-content\/uploads\/2014\/09\/Brazil-Map-300x300.png 300w, https:\/\/www.golftravellers.com\/wp-content\/uploads\/2014\/09\/Brazil-Map-150x150.png 150w, https:\/\/www.golftravellers.com\/wp-content\/uploads\/2014\/09\/Brazil-Map-380x380.png 380w, https:\/\/www.golftravellers.com\/wp-content\/uploads\/2014\/09\/Brazil-Map.png 550w\" sizes=\"auto, (max-width: 300px) 100vw, 300px\" \/><\/a><em>Organisez vos vacances de golf au Br\u00e9sil avec notre agence.<\/em><\/p>\n<p>Cet immense pays est pratiquement inconnu comme destination golfique. Cependant, cela est en train de changer, les stations baln\u00e9aires et les parcours de golf se sont beaucoup d\u00e9velopp\u00e9s \u00e0 partir du d\u00e9but des ann\u00e9es 2000. Le Br\u00e9sil a accueilli les Jeux Olympiques en 2016, avec le retour du golf en tant que sport olympique.<\/p>\n<p>Nous avons d\u00e9cid\u00e9 de d\u00e9velopper et de vous proposer des s\u00e9jours de golf au Br\u00e9sil pour de nombreuses raisons. Les principales sont que nous souhaitons offrir une destination relativement inconnue pour les golfeurs, mais avec la garantie d&rsquo;offrir des parcours de golf d&rsquo;une grande qualit\u00e9. De plus, notre chef de projet Carina Neubert Favero est br\u00e9silienne et dispose d&rsquo;une grande connaissance de son pays et de l&rsquo;industrie du tourisme golfique.<\/p>\n<p>Nous avons divis\u00e9 le Br\u00e9sil en quatre r\u00e9gions principales, la plupart des parcours de golf sont situ\u00e9s sur la c\u00f4te Est du pays. Nous vous invitons \u00e0 regarder nos offres\u00a0ainsi que les parcours de golf sur notre carte.<\/p>\n<p>Contactez-nous pour organiser votre voyage de golf unique et exotique.<\/p>\n<div class=\"one-third first\" style=\"text-align: center;\"><a class=\"button\" href=\"https:\/\/www.golftravellers.com\/fr\/destinations\/bresil\/sejours-de-golf-au-bresil\/\">NOS OFFRES<\/a><\/div>\n<div class=\"one-third\" style=\"text-align: center;\"><a class=\"button\" href=\"https:\/\/www.golftravellers.com\/fr\/destinations\/bresil\/parcours-de-golf-au-bresil\/\">LES PARCOURS<\/a><\/div>\n<div class=\"one-third\" style=\"text-align: center;\"><a class=\"button\" href=\"https:\/\/www.golftravellers.com\/fr\/nous-contacter\/demande-de-devis\/\">DEMANDE DE DEVIS<\/a><\/div>\n<div class=\"one-third\" style=\"text-align: center;\">\u00a0<\/div>\n<div class=\"one-third\" style=\"text-align: center;\">\u00a0<\/div>\n<p><a href=\"https:\/\/www.golftravellers.com\/fr\/destinations\/bresil\/sejours-de-golf-au-bresil\/\"><img loading=\"lazy\" decoding=\"async\" class=\"alignnone wp-image-17946 size-full\" src=\"https:\/\/www.golftravellers.com\/wp-content\/uploads\/2014\/04\/images-golfs-bresil.jpg\" alt=\"Images des golfs au Br\u00e9sil\" width=\"1195\" height=\"278\" srcset=\"https:\/\/www.golftravellers.com\/wp-content\/uploads\/2014\/04\/images-golfs-bresil.jpg 1195w, https:\/\/www.golftravellers.com\/wp-content\/uploads\/2014\/04\/images-golfs-bresil-300x69.jpg 300w, https:\/\/www.golftravellers.com\/wp-content\/uploads\/2014\/04\/images-golfs-bresil-1024x238.jpg 1024w\" sizes=\"auto, (max-width: 1195px) 100vw, 1195px\" \/><\/a><\/p>\n<h3><strong>Informations pratiques sur votre voyage<\/strong><strong>:<\/strong><\/h3>\n<table border=\"0\">\n<tbody>\n<tr>\n<td><strong>Meilleure saison :<\/strong><\/td>\n<td>De mai \u00e0 octobre<\/td>\n<\/tr>\n<tr>\n<td><strong>Dur\u00e9e de vol :<\/strong><\/td>\n<td>Environ 11 heures 30 minutes<\/td>\n<\/tr>\n<tr>\n<td><strong>D\u00e9calage horaire :<\/strong><\/td>\n<td>&#8211; 5 heures en \u00e9t\u00e9, &#8211; 3 heures en hiver<\/td>\n<\/tr>\n<tr>\n<td><strong>Monnaie :<\/strong><\/td>\n<td>Real br\u00e9silien<\/td>\n<\/tr>\n<tr>\n<td><strong>Langue :<\/strong><\/td>\n<td>Portugais<\/td>\n<\/tr>\n<tr>\n<td><strong>Formalit\u00e9s :<\/strong><\/td>\n<td>Passeport valable au moins 6 mois apr\u00e8s la date de d\u00e9part<\/td>\n<\/tr>\n<\/tbody>\n<\/table>\n","protected":false},"excerpt":{"rendered":"<p>Organisez vos vacances de golf au Br\u00e9sil avec notre agence. Cet immense pays est pratiquement inconnu comme destination golfique. Cependant, cela est en train de changer, les stations baln\u00e9aires et les parcours de golf se sont beaucoup d\u00e9velopp\u00e9s \u00e0 partir du d\u00e9but des ann\u00e9es 2000. Le Br\u00e9sil a accueilli les Jeux Olympiques en 2016, avec [&hellip;]<\/p>\n","protected":false},"author":10,"featured_media":32639,"parent":219,"menu_order":50,"comment_status":"open","ping_status":"closed","template":"","meta":{"_genesis_hide_title":false,"_genesis_hide_breadcrumbs":false,"_genesis_hide_singular_image":false,"_genesis_hide_footer_widgets":false,"_genesis_custom_body_class":"","_genesis_custom_post_class":"","_genesis_layout":"content-sidebar","footnotes":""},"class_list":{"0":"post-267","1":"page","2":"type-page","3":"status-publish","4":"has-post-thumbnail","6":"entry"},"_links":{"self":[{"href":"https:\/\/www.golftravellers.com\/fr\/wp-json\/wp\/v2\/pages\/267","targetHints":{"allow":["GET"]}}],"collection":[{"href":"https:\/\/www.golftravellers.com\/fr\/wp-json\/wp\/v2\/pages"}],"about":[{"href":"https:\/\/www.golftravellers.com\/fr\/wp-json\/wp\/v2\/types\/page"}],"author":[{"embeddable":true,"href":"https:\/\/www.golftravellers.com\/fr\/wp-json\/wp\/v2\/users\/10"}],"replies":[{"embeddable":true,"href":"https:\/\/www.golftravellers.com\/fr\/wp-json\/wp\/v2\/comments?post=267"}],"version-history":[{"count":32,"href":"https:\/\/www.golftravellers.com\/fr\/wp-json\/wp\/v2\/pages\/267\/revisions"}],"predecessor-version":[{"id":38269,"href":"https:\/\/www.golftravellers.com\/fr\/wp-json\/wp\/v2\/pages\/267\/revisions\/38269"}],"up":[{"embeddable":true,"href":"https:\/\/www.golftravellers.com\/fr\/wp-json\/wp\/v2\/pages\/219"}],"wp:featuredmedia":[{"embeddable":true,"href":"https:\/\/www.golftravellers.com\/fr\/wp-json\/wp\/v2\/media\/32639"}],"wp:attachment":[{"href":"https:\/\/www.golftravellers.com\/fr\/wp-json\/wp\/v2\/media?parent=267"}],"curies":[{"name":"wp","href":"https:\/\/api.w.org\/{rel}","templated":true}]}}