{"id":26591,"date":"2015-08-29T13:01:28","date_gmt":"2015-08-29T12:01:28","guid":{"rendered":"http:\/\/www.golftravellers.com\/fr\/?page_id=26591"},"modified":"2017-04-24T11:11:06","modified_gmt":"2017-04-24T10:11:06","slug":"stages-de-golf-avec-un-pro","status":"publish","type":"page","link":"https:\/\/www.golftravellers.com\/fr\/stages-de-golf\/stages-de-golf-avec-un-pro\/","title":{"rendered":"Stages de golf avec un Pro"},"content":{"rendered":"<p>Chaque ann\u00e9e, nous organisons de nombreux s\u00e9jours sur mesure pour les Pros et leurs \u00e9l\u00e8ves. En cliquant sur l&rsquo;une des destinations ci-dessous, vous allez d\u00e9couvrir les diff\u00e9rents forfaits enti\u00e8rement modifiables :<\/p>\n<section>\n<div class=\"one-third first\">\n<h4 style=\"text-align: center;\">~ ESPAGNE ~<\/h4>\n<\/div>\n<div class=\"one-third\">\n<h4 style=\"text-align: center;\">~ PORTUGAL ~<\/h4>\n<\/div>\n<div class=\"one-third\" style=\"text-align: center;\">\n<h4>~ MAROC ~<\/h4>\n<\/div>\n<div class=\"one-third first destinations\"><a href=\"https:\/\/www.golfespagne.com\/stages-golf-pro-espagne\/\" target=\"_blank\"><img loading=\"lazy\" decoding=\"async\" class=\"alignnone wp-image-30999 size-full\" title=\"Cliquez pour voir les comp\u00e9titions amateur\" src=\"https:\/\/www.golftravellers.com\/wp-content\/uploads\/2015\/08\/stage-golf-pro-espagne.jpg\" alt=\"Stage de golf avec un Pro en Espagne\" width=\"380\" height=\"380\" srcset=\"https:\/\/www.golftravellers.com\/wp-content\/uploads\/2015\/08\/stage-golf-pro-espagne.jpg 380w, https:\/\/www.golftravellers.com\/wp-content\/uploads\/2015\/08\/stage-golf-pro-espagne-150x150.jpg 150w, https:\/\/www.golftravellers.com\/wp-content\/uploads\/2015\/08\/stage-golf-pro-espagne-300x300.jpg 300w\" sizes=\"auto, (max-width: 380px) 100vw, 380px\" \/><\/a><\/div>\n<div class=\"one-third destinations\"><a href=\"https:\/\/www.golfportugal.com\/stages-golf-pro-portugal\/\" target=\"_blank\"><img loading=\"lazy\" decoding=\"async\" class=\"alignnone wp-image-31023 size-full\" title=\"Cliquez pour voir les Pro Am\" src=\"https:\/\/www.golftravellers.com\/wp-content\/uploads\/2015\/08\/stage-golf-pro-portugal-2.jpg\" alt=\"Stage de golf avec un Pro au Portugal\" width=\"380\" height=\"380\" srcset=\"https:\/\/www.golftravellers.com\/wp-content\/uploads\/2015\/08\/stage-golf-pro-portugal-2.jpg 380w, https:\/\/www.golftravellers.com\/wp-content\/uploads\/2015\/08\/stage-golf-pro-portugal-2-150x150.jpg 150w, https:\/\/www.golftravellers.com\/wp-content\/uploads\/2015\/08\/stage-golf-pro-portugal-2-300x300.jpg 300w\" sizes=\"auto, (max-width: 380px) 100vw, 380px\" \/><\/a><\/div>\n<div class=\"one-third destinations\"><a href=\"https:\/\/www.golfmaroc.com\/stages-pro\/\" target=\"_blank\"><img loading=\"lazy\" decoding=\"async\" class=\"alignnone wp-image-31031 size-full\" title=\"Cliquez pour voir le British Open\" src=\"https:\/\/www.golftravellers.com\/wp-content\/uploads\/2015\/08\/stage-golf-pro-maroc.jpg\" alt=\"Stage de golf avec un Pro au Maroc\" width=\"380\" height=\"380\" srcset=\"https:\/\/www.golftravellers.com\/wp-content\/uploads\/2015\/08\/stage-golf-pro-maroc.jpg 380w, https:\/\/www.golftravellers.com\/wp-content\/uploads\/2015\/08\/stage-golf-pro-maroc-150x150.jpg 150w, https:\/\/www.golftravellers.com\/wp-content\/uploads\/2015\/08\/stage-golf-pro-maroc-300x300.jpg 300w\" sizes=\"auto, (max-width: 380px) 100vw, 380px\" \/><\/a><\/div>\n<\/section>\n<div class=\"clear: both;\">\u00a0<\/div>\n<p>&nbsp;<\/p>\n<section>\n<div class=\"one-third first\">\n<h4 style=\"text-align: center;\">~ ECOSSE ~<\/h4>\n<\/div>\n<div class=\"one-third\">\n<h4 style=\"text-align: center;\">~ IRLANDE ~<\/h4>\n<\/div>\n<div class=\"one-third first destinations\"><a href=\"https:\/\/www.golfenecosse.com\/stages-golf-pro-ecosse\/\" target=\"_blank\"><img loading=\"lazy\" decoding=\"async\" class=\"alignnone wp-image-26593 size-full\" title=\"Cliquez pour voir St Andrews\" src=\"https:\/\/www.golftravellers.com\/wp-content\/uploads\/2015\/08\/stage-pro-golf-ecosse1.jpg\" alt=\"Groupe de 8 clients en Ecosse\" width=\"380\" height=\"380\" srcset=\"https:\/\/www.golftravellers.com\/wp-content\/uploads\/2015\/08\/stage-pro-golf-ecosse1.jpg 380w, https:\/\/www.golftravellers.com\/wp-content\/uploads\/2015\/08\/stage-pro-golf-ecosse1-150x150.jpg 150w, https:\/\/www.golftravellers.com\/wp-content\/uploads\/2015\/08\/stage-pro-golf-ecosse1-300x300.jpg 300w\" sizes=\"auto, (max-width: 380px) 100vw, 380px\" \/><\/a><\/div>\n<div class=\"one-third destinations\"><a href=\"https:\/\/www.golfirlande.com\/stages-pro-golf-irlande\/\" target=\"_blank\"><img loading=\"lazy\" decoding=\"async\" class=\"alignnone wp-image-26609 size-full\" title=\"Cliquez pour voir l'Ecosse\" src=\"https:\/\/www.golftravellers.com\/wp-content\/uploads\/2015\/08\/stage-pro-golf-irlande1.jpg\" alt=\"Un golfeur et le Pro sur le parcours de Mount Juliet\" width=\"380\" height=\"380\" srcset=\"https:\/\/www.golftravellers.com\/wp-content\/uploads\/2015\/08\/stage-pro-golf-irlande1.jpg 380w, https:\/\/www.golftravellers.com\/wp-content\/uploads\/2015\/08\/stage-pro-golf-irlande1-150x150.jpg 150w, https:\/\/www.golftravellers.com\/wp-content\/uploads\/2015\/08\/stage-pro-golf-irlande1-300x300.jpg 300w\" sizes=\"auto, (max-width: 380px) 100vw, 380px\" \/><\/a><\/div>\n<\/section>\n","protected":false},"excerpt":{"rendered":"<p>Chaque ann\u00e9e, nous organisons de nombreux s\u00e9jours sur mesure pour les Pros et leurs \u00e9l\u00e8ves. En cliquant sur l&rsquo;une des destinations ci-dessous, vous allez d\u00e9couvrir les diff\u00e9rents forfaits enti\u00e8rement modifiables : ~ ESPAGNE ~ ~ PORTUGAL ~ ~ MAROC ~ \u00a0 &nbsp; ~ ECOSSE ~ ~ IRLANDE ~<\/p>\n","protected":false},"author":10,"featured_media":0,"parent":13803,"menu_order":0,"comment_status":"closed","ping_status":"closed","template":"","meta":{"_genesis_hide_title":false,"_genesis_hide_breadcrumbs":false,"_genesis_hide_singular_image":false,"_genesis_hide_footer_widgets":false,"_genesis_custom_body_class":"","_genesis_custom_post_class":"","_genesis_layout":"","footnotes":""},"class_list":{"0":"post-26591","1":"page","2":"type-page","3":"status-publish","5":"entry"},"_links":{"self":[{"href":"https:\/\/www.golftravellers.com\/fr\/wp-json\/wp\/v2\/pages\/26591","targetHints":{"allow":["GET"]}}],"collection":[{"href":"https:\/\/www.golftravellers.com\/fr\/wp-json\/wp\/v2\/pages"}],"about":[{"href":"https:\/\/www.golftravellers.com\/fr\/wp-json\/wp\/v2\/types\/page"}],"author":[{"embeddable":true,"href":"https:\/\/www.golftravellers.com\/fr\/wp-json\/wp\/v2\/users\/10"}],"replies":[{"embeddable":true,"href":"https:\/\/www.golftravellers.com\/fr\/wp-json\/wp\/v2\/comments?post=26591"}],"version-history":[{"count":19,"href":"https:\/\/www.golftravellers.com\/fr\/wp-json\/wp\/v2\/pages\/26591\/revisions"}],"predecessor-version":[{"id":36812,"href":"https:\/\/www.golftravellers.com\/fr\/wp-json\/wp\/v2\/pages\/26591\/revisions\/36812"}],"up":[{"embeddable":true,"href":"https:\/\/www.golftravellers.com\/fr\/wp-json\/wp\/v2\/pages\/13803"}],"wp:attachment":[{"href":"https:\/\/www.golftravellers.com\/fr\/wp-json\/wp\/v2\/media?parent=26591"}],"curies":[{"name":"wp","href":"https:\/\/api.w.org\/{rel}","templated":true}]}}