{"id":258,"date":"2014-04-04T08:33:19","date_gmt":"2014-04-04T07:33:19","guid":{"rendered":"http:\/\/www.golftravellers.com\/?page_id=258"},"modified":"2023-10-05T12:51:36","modified_gmt":"2023-10-05T11:51:36","slug":"pays-de-galles","status":"publish","type":"page","link":"https:\/\/www.golftravellers.com\/fr\/destinations\/pays-de-galles\/","title":{"rendered":"Golf au Pays de Galles"},"content":{"rendered":"<p><a title=\"Golf Courses\" href=\"https:\/\/www.golftravellers.com\/fr\/destinations\/pays-de-galles\/parcours-de-golf-au-pays-de-galles\/\"><img loading=\"lazy\" decoding=\"async\" class=\"alignright wp-image-2741 size-medium\" title=\"Parcours de golf au Pays de Galles\" src=\"https:\/\/www.golftravellers.com\/wp-content\/uploads\/2014\/06\/wales-map-248x300.png\" alt=\"Carte du Pays de Galles avec les deux principales r\u00e9gions des parcours de golf\" width=\"248\" height=\"300\" srcset=\"https:\/\/www.golftravellers.com\/wp-content\/uploads\/2014\/06\/wales-map-248x300.png 248w, https:\/\/www.golftravellers.com\/wp-content\/uploads\/2014\/06\/wales-map.png 550w\" sizes=\"auto, (max-width: 248px) 100vw, 248px\" \/><\/a><em>Nous sommes l&rsquo;\u00e9quipe fran\u00e7aise sp\u00e9cialiste des s\u00e9jours de golf au Pays de Galles.<\/em><\/p>\n<p>C&rsquo;est un petit pays avec d&rsquo;excellents parcours de bord de mer et dans les terres comme on les trouve dans les autres pays du Royaume-Uni &amp; en R\u00e9publique d&rsquo;Irlande.<\/p>\n<p>Nous avons divis\u00e9 le Pays de Galles en 2 r\u00e9gions, le sud et le nord.<\/p>\n<p>Nous vous invitons \u00e0 visiter notre site internet pour d\u00e9couvrir nos offres et prendre connaissance des meilleurs parcours en utilisant notre carte. Nous pourrons ainsi cr\u00e9er ensemble votre s\u00e9jour.<\/p>\n<p>Contactez- nous pour d&rsquo;autres renseignements, pour un devis gratuit ou pour effectuer une r\u00e9servation.<\/p>\n<div class=\"one-third first\" style=\"text-align: center;\"><a class=\"button\" href=\"https:\/\/www.golftravellers.com\/fr\/destinations\/pays-de-galles\/sejours-de-golf-au-pays-de-galles\/\">NOS OFFRES<\/a><\/div>\n<div class=\"one-third\" style=\"text-align: center;\"><a class=\"button\" href=\"https:\/\/www.golftravellers.com\/fr\/destinations\/pays-de-galles\/parcours-de-golf-au-pays-de-galles\/\">LES PARCOURS<\/a><\/div>\n<div class=\"one-third\" style=\"text-align: center;\"><a class=\"button\" href=\"https:\/\/www.golftravellers.com\/fr\/nous-contacter\/demande-de-devis\/\">DEMANDE DE DEVIS<\/a><\/div>\n<div class=\"one-third\" style=\"text-align: center;\">&nbsp;<\/div>\n<p><a href=\"https:\/\/www.golftravellers.com\/fr\/destinations\/pays-de-galles\/sejours-de-golf-au-pays-de-galles\/\"><img loading=\"lazy\" decoding=\"async\" class=\"alignnone wp-image-17854 size-full\" src=\"https:\/\/www.golftravellers.com\/wp-content\/uploads\/2014\/04\/images-golf-paysdegalle.jpg\" alt=\"Images des golfs au pays de Galles\" width=\"1195\" height=\"278\" srcset=\"https:\/\/www.golftravellers.com\/wp-content\/uploads\/2014\/04\/images-golf-paysdegalle.jpg 1195w, https:\/\/www.golftravellers.com\/wp-content\/uploads\/2014\/04\/images-golf-paysdegalle-300x69.jpg 300w, https:\/\/www.golftravellers.com\/wp-content\/uploads\/2014\/04\/images-golf-paysdegalle-1024x238.jpg 1024w\" sizes=\"auto, (max-width: 1195px) 100vw, 1195px\" \/><\/a><\/p>\n<h3><strong>Informations pratiques sur votre voyage&nbsp;:<\/strong><\/h3>\n<table border=\"0\">\n<tbody>\n<tr style=\"height: 24.125px;\">\n<td style=\"height: 24.125px;\"><strong>Meilleure saison :<\/strong><\/td>\n<td style=\"height: 24.125px;\">Fin avril \u00e0 d\u00e9but octobre<\/td>\n<\/tr>\n<tr style=\"height: 24px;\">\n<td style=\"height: 24px;\"><strong>Dur\u00e9e de vol :<\/strong><\/td>\n<td style=\"height: 24px;\">1 heure 20<\/td>\n<\/tr>\n<tr style=\"height: 24px;\">\n<td style=\"height: 24px;\"><strong>D\u00e9calage horaire :<\/strong><\/td>\n<td style=\"height: 24px;\">&#8211; 1 heure<\/td>\n<\/tr>\n<tr style=\"height: 24px;\">\n<td style=\"height: 24px;\"><strong>Monnaie :<\/strong><\/td>\n<td style=\"height: 24px;\">Livre sterling<\/td>\n<\/tr>\n<tr style=\"height: 24px;\">\n<td style=\"height: 24px;\"><strong>Langue :<\/strong><\/td>\n<td style=\"height: 24px;\">Anglais<\/td>\n<\/tr>\n<tr style=\"height: 24px;\">\n<td style=\"height: 24px;\"><strong>Formalit\u00e9s :<\/strong><\/td>\n<td style=\"height: 24px;\">Passeport en cours de validit\u00e9<\/td>\n<\/tr>\n<\/tbody>\n<\/table>\n<div class=\"one-third first\" style=\"text-align: center;\"><a class=\"button\" href=\"https:\/\/www.golftravellers.com\/fr\/destinations\/angleterre\/sejours-de-golf-en-angleterre\/\">NOS OFFRES<\/a><\/div>\n<div class=\"one-third\" style=\"text-align: center;\"><a class=\"button\" href=\"https:\/\/www.golftravellers.com\/fr\/destinations\/angleterre\/parcours-de-golf-en-angleterre\/\">LES PARCOURS<\/a><\/div>\n<div class=\"one-third\" style=\"text-align: center;\"><a class=\"button\" href=\"https:\/\/www.golftravellers.com\/fr\/nous-contacter\/demande-de-devis\/\">DEMANDE DE DEVIS<\/a><\/div>\n","protected":false},"excerpt":{"rendered":"<p>Nous sommes l&rsquo;\u00e9quipe fran\u00e7aise sp\u00e9cialiste des s\u00e9jours de golf au Pays de Galles. C&rsquo;est un petit pays avec d&rsquo;excellents parcours de bord de mer et dans les terres comme on les trouve dans les autres pays du Royaume-Uni &amp; en R\u00e9publique d&rsquo;Irlande. Nous avons divis\u00e9 le Pays de Galles en 2 r\u00e9gions, le sud et [&hellip;]<\/p>\n","protected":false},"author":10,"featured_media":32600,"parent":219,"menu_order":40,"comment_status":"open","ping_status":"closed","template":"","meta":{"_genesis_hide_title":false,"_genesis_hide_breadcrumbs":false,"_genesis_hide_singular_image":false,"_genesis_hide_footer_widgets":false,"_genesis_custom_body_class":"","_genesis_custom_post_class":"","_genesis_layout":"content-sidebar","footnotes":""},"class_list":{"0":"post-258","1":"page","2":"type-page","3":"status-publish","4":"has-post-thumbnail","6":"entry"},"_links":{"self":[{"href":"https:\/\/www.golftravellers.com\/fr\/wp-json\/wp\/v2\/pages\/258","targetHints":{"allow":["GET"]}}],"collection":[{"href":"https:\/\/www.golftravellers.com\/fr\/wp-json\/wp\/v2\/pages"}],"about":[{"href":"https:\/\/www.golftravellers.com\/fr\/wp-json\/wp\/v2\/types\/page"}],"author":[{"embeddable":true,"href":"https:\/\/www.golftravellers.com\/fr\/wp-json\/wp\/v2\/users\/10"}],"replies":[{"embeddable":true,"href":"https:\/\/www.golftravellers.com\/fr\/wp-json\/wp\/v2\/comments?post=258"}],"version-history":[{"count":29,"href":"https:\/\/www.golftravellers.com\/fr\/wp-json\/wp\/v2\/pages\/258\/revisions"}],"predecessor-version":[{"id":42093,"href":"https:\/\/www.golftravellers.com\/fr\/wp-json\/wp\/v2\/pages\/258\/revisions\/42093"}],"up":[{"embeddable":true,"href":"https:\/\/www.golftravellers.com\/fr\/wp-json\/wp\/v2\/pages\/219"}],"wp:featuredmedia":[{"embeddable":true,"href":"https:\/\/www.golftravellers.com\/fr\/wp-json\/wp\/v2\/media\/32600"}],"wp:attachment":[{"href":"https:\/\/www.golftravellers.com\/fr\/wp-json\/wp\/v2\/media?parent=258"}],"curies":[{"name":"wp","href":"https:\/\/api.w.org\/{rel}","templated":true}]}}