{"id":255,"date":"2014-04-04T11:12:01","date_gmt":"2014-04-04T11:12:01","guid":{"rendered":"http:\/\/www.golftravellers.com\/?page_id=255"},"modified":"2017-04-24T10:41:18","modified_gmt":"2017-04-24T09:41:18","slug":"parcours-de-golf-en-angleterre","status":"publish","type":"page","link":"https:\/\/www.golftravellers.com\/fr\/destinations\/angleterre\/parcours-de-golf-en-angleterre\/","title":{"rendered":"Parcours de golf en Angleterre"},"content":{"rendered":"<p>Merci de cliquer sur l&rsquo;une des r\u00e9gions de la carte d&rsquo;Angleterre ci-dessous pour acc\u00e9der aux parcours propos\u00e9s :<\/p>\n<p><img loading=\"lazy\" decoding=\"async\" class=\"noborder alignnone\" src=\"https:\/\/www.golftravellers.com\/wp-content\/uploads\/2014\/09\/England-Map1.png\" alt=\"Map of Golf Regions in England\" usemap=\"#englandmap\" width=\"550\" height=\"685\" \/><\/p>\n<map name=\"englandmap\">\n<area id=\"northregion\" style=\"outline: none;\" alt=\"R\u00e9gion nord\" coords=\"277,2,301,25,310,74,321,102,339,141,380,158,409,198,402,211,427,253,413,257,399,244,384,248,374,245,368,249,350,274,332,295,325,288,310,291,292,276,282,276,275,285,282,293,283,306,273,311,260,319,247,336,237,336,225,328,212,314,196,284,209,277,200,266,212,241,207,227,213,214,213,191,197,201,171,155,186,111,212,90,267,46,259,27\" shape=\"poly\" href=\"https:\/\/www.golftravellers.com\/fr\/destinations\/angleterre\/parcours-de-golf-en-angleterre\/region-nord-angleterre\/\" data-title=\"R\u00e9gion nord - cliquez pour voir la carte de la r\u00e9gion !\" \/>\n<area id=\"midlands\" style=\"outline: none;\" alt=\"R\u00e9gion des Midlands\" coords=\"212,338,225,345,232,336,249,338,272,312,283,307,276,286,292,276,304,291,323,290,331,298,348,280,367,255,377,251,398,248,431,275,446,314,423,339,446,353,460,331,515,335,545,363,545,395,538,430,520,450,516,464,494,496,483,500,457,509,445,511,440,489,426,489,417,481,408,481,404,477,385,479,367,488,363,492,351,489,345,491,338,488,336,475,329,475,326,484,302,485,290,490,278,485,271,489,261,499,258,517,244,517,228,509,236,486,231,468,207,458,199,437,209,418,194,399,202,384,205,356,201,345\" shape=\"poly\" href=\"https:\/\/www.golftravellers.com\/fr\/destinations\/angleterre\/parcours-de-golf-en-angleterre\/region-des-midlands\/\" data-title=\"R\u00e9gion des midlands - cliquez pour voir la carte de la r\u00e9gion !\" \/>\n<area id=\"london\" style=\"outline: none;\" alt=\"R\u00e9gion du Londres\" coords=\"346,491,360,492,370,487,383,481,400,478,423,483,439,491,442,507,433,519,428,532,429,546,416,549,391,556,380,556,369,543,348,527,343,504\" shape=\"poly\" href=\"https:\/\/www.golftravellers.com\/fr\/destinations\/angleterre\/parcours-de-golf-en-angleterre\/region-de-londres\/\" data-title=\"R\u00e9gion du Londres - cliquez pour voir la carte de la r\u00e9gion !\" \/>\n<area id=\"southwest\" style=\"outline: none;\" alt=\"R\u00e9gion sud-ouest\" coords=\"4,671,21,667,39,680,50,672,56,658,71,652,85,643,114,643,145,657,155,656,167,638,168,618,178,608,217,598,245,614,282,614,289,600,294,568,313,577,308,540,314,539,320,523,345,526,347,495,332,476,328,474,324,485,306,486,284,483,266,495,259,516,229,512,214,523,206,544,162,538,125,541,110,565,97,560,93,586,17,652,2,661\" shape=\"poly\" href=\"https:\/\/www.golftravellers.com\/fr\/destinations\/angleterre\/parcours-de-golf-en-angleterre\/region-sud-ouest\/\" data-title=\"R\u00e9gion sud-ouest - cliquez pour voir la carte de la r\u00e9gion !\" \/>\n<area id=\"southeast\" style=\"outline: none;\" alt=\"R\u00e9gion sud-west\" coords=\"289,599,310,600,339,616,348,604,369,595,448,594,499,573,530,542,532,517,494,518,477,510,461,510,449,512,437,517,432,547,411,549,377,559,351,526,327,522,317,525,318,537,305,541,311,574,293,566,291,566\" shape=\"poly\" href=\"https:\/\/www.golftravellers.com\/fr\/destinations\/angleterre\/parcours-de-golf-en-angleterre\/region-sud-est\/\" data-title=\"R\u00e9gion sud-est - cliquez pour voir la carte de la r\u00e9gion !\" \/> <\/map>\n<\/p>\n\n\n\n\n\n","protected":false},"excerpt":{"rendered":"<p>Merci de cliquer sur l&rsquo;une des r\u00e9gions de la carte d&rsquo;Angleterre ci-dessous pour acc\u00e9der aux parcours propos\u00e9s :<\/p>\n","protected":false},"author":10,"featured_media":32843,"parent":247,"menu_order":0,"comment_status":"open","ping_status":"closed","template":"","meta":{"_genesis_hide_title":false,"_genesis_hide_breadcrumbs":false,"_genesis_hide_singular_image":false,"_genesis_hide_footer_widgets":false,"_genesis_custom_body_class":"","_genesis_custom_post_class":"","_genesis_layout":"content-sidebar","footnotes":""},"class_list":{"0":"post-255","1":"page","2":"type-page","3":"status-publish","4":"has-post-thumbnail","6":"entry"},"_links":{"self":[{"href":"https:\/\/www.golftravellers.com\/fr\/wp-json\/wp\/v2\/pages\/255","targetHints":{"allow":["GET"]}}],"collection":[{"href":"https:\/\/www.golftravellers.com\/fr\/wp-json\/wp\/v2\/pages"}],"about":[{"href":"https:\/\/www.golftravellers.com\/fr\/wp-json\/wp\/v2\/types\/page"}],"author":[{"embeddable":true,"href":"https:\/\/www.golftravellers.com\/fr\/wp-json\/wp\/v2\/users\/10"}],"replies":[{"embeddable":true,"href":"https:\/\/www.golftravellers.com\/fr\/wp-json\/wp\/v2\/comments?post=255"}],"version-history":[{"count":23,"href":"https:\/\/www.golftravellers.com\/fr\/wp-json\/wp\/v2\/pages\/255\/revisions"}],"predecessor-version":[{"id":36630,"href":"https:\/\/www.golftravellers.com\/fr\/wp-json\/wp\/v2\/pages\/255\/revisions\/36630"}],"up":[{"embeddable":true,"href":"https:\/\/www.golftravellers.com\/fr\/wp-json\/wp\/v2\/pages\/247"}],"wp:featuredmedia":[{"embeddable":true,"href":"https:\/\/www.golftravellers.com\/fr\/wp-json\/wp\/v2\/media\/32843"}],"wp:attachment":[{"href":"https:\/\/www.golftravellers.com\/fr\/wp-json\/wp\/v2\/media?parent=255"}],"curies":[{"name":"wp","href":"https:\/\/api.w.org\/{rel}","templated":true}]}}