{"id":253,"date":"2014-04-04T08:32:25","date_gmt":"2014-04-04T07:32:25","guid":{"rendered":"http:\/\/www.golftravellers.com\/?page_id=253"},"modified":"2023-12-02T11:31:36","modified_gmt":"2023-12-02T11:31:36","slug":"sejours-de-golf-en-angleterre","status":"publish","type":"page","link":"https:\/\/www.golftravellers.com\/fr\/destinations\/angleterre\/sejours-de-golf-en-angleterre\/","title":{"rendered":"S\u00e9jours de golf en Angleterre"},"content":{"rendered":"<p>Ci-dessous notre s\u00e9lection de s\u00e9jours de golf en Angleterre pour tous les budgets. Toutes ces offres sont modifiables pour des s\u00e9jours sur-mesure. N&rsquo;h\u00e9sitez pas \u00e0 nous contacter pour une demande de devis pour un voyage ou pour effectuer une r\u00e9servation.<\/p>\n<table class=\"highlight\">\n<tbody>\n<tr>\n<td class=\"border\"><a title=\"Le Beatles Golf Tour\" href=\"https:\/\/www.golftravellers.com\/fr\/destinations\/angleterre\/sejours-de-golf-en-angleterre\/le-beatles-golf-tour\/\"><img loading=\"lazy\" decoding=\"async\" class=\"alignnone wp-image-17744 size-full\" style=\"border-bottom: thick solid #fff;\" title=\"Golfeurs \u00e0 Hillside\" src=\"https:\/\/www.golftravellers.com\/wp-content\/uploads\/2014\/04\/hillside-package-liverpool1.jpg\" alt=\"Golfeurs sur le parcours de Hillside proche de Liverpool\" width=\"350\" height=\"208\" srcset=\"https:\/\/www.golftravellers.com\/wp-content\/uploads\/2014\/04\/hillside-package-liverpool1.jpg 350w, https:\/\/www.golftravellers.com\/wp-content\/uploads\/2014\/04\/hillside-package-liverpool1-300x178.jpg 300w\" sizes=\"auto, (max-width: 350px) 100vw, 350px\" \/><\/a><\/p>\n<p style=\"text-align: center;\"><a title=\"Le Beatles Golf Tour\" href=\"https:\/\/www.golftravellers.com\/fr\/destinations\/angleterre\/sejours-de-golf-en-angleterre\/le-beatles-golf-tour\/\"><span style=\"font-size: 12pt;\"><strong>Le Beatles Golf Tour<\/strong><\/span><\/a><br \/>\n<a title=\"Le Beatles Golf Tour\" href=\"https:\/\/www.golftravellers.com\/fr\/destinations\/angleterre\/sejours-de-golf-en-angleterre\/le-beatles-golf-tour\/\"><span style=\"font-size: 10pt;\">Hillside, Wallasey<\/span><\/a><br \/>\n<a title=\"Le Beatles Golf Tour\" href=\"https:\/\/www.golftravellers.com\/fr\/destinations\/angleterre\/sejours-de-golf-en-angleterre\/le-beatles-golf-tour\/\"><strong><span style=\"font-size: 16px;\">A partir de<\/span> <span style=\"font-size: 18pt;\">1190\u20ac<\/span><\/strong><\/a><\/p>\n<\/td>\n<td class=\"noborder\" style=\"border-bottom: 0;\"><\/td>\n<td class=\"border\"><a title=\"Deux parcours prestigieux au sud-est\" href=\"https:\/\/www.golftravellers.com\/fr\/destinations\/angleterre\/sejours-de-golf-en-angleterre\/deux-parcours-prestigieux-au-sud-est\/\"><img loading=\"lazy\" decoding=\"async\" class=\"alignnone wp-image-17754 size-full\" style=\"border-bottom: thick solid #fff; margin-bottom: 0px;\" src=\"https:\/\/www.golftravellers.com\/wp-content\/uploads\/2014\/04\/royalstgeorges-package-bunkers1.jpg\" alt=\"Bunkers sur le parcours du Royal St Georges\" width=\"350\" height=\"208\" srcset=\"https:\/\/www.golftravellers.com\/wp-content\/uploads\/2014\/04\/royalstgeorges-package-bunkers1.jpg 350w, https:\/\/www.golftravellers.com\/wp-content\/uploads\/2014\/04\/royalstgeorges-package-bunkers1-300x178.jpg 300w\" sizes=\"auto, (max-width: 350px) 100vw, 350px\" \/><\/a><\/p>\n<p style=\"text-align: center;\"><a title=\"Deux prestigieux parcours au Sud-Est\" href=\"https:\/\/www.golftravellers.com\/fr\/destinations\/angleterre\/sejours-de-golf-en-angleterre\/deux-parcours-prestigieux-au-sud-est\/\"><span style=\"font-size: 12pt;\"><strong>2 nuits dans le Kent<\/strong><\/span><\/a><br \/>\n<a title=\"Deux prestigieux parcours au Sud-Est\" href=\"https:\/\/www.golftravellers.com\/fr\/destinations\/angleterre\/sejours-de-golf-en-angleterre\/deux-parcours-prestigieux-au-sud-est\/\"><span style=\"font-size: 10pt;\">Royal St George&rsquo;s, Royal Cinque Ports<\/span><\/a><br \/>\n<a title=\"Deux prestigieux parcours au Sud-Est\" href=\"https:\/\/www.golftravellers.com\/fr\/destinations\/angleterre\/sejours-de-golf-en-angleterre\/deux-parcours-prestigieux-au-sud-est\/\"><strong><span style=\"font-size: 12pt;\">A partir de <\/span><span style=\"font-size: 18pt;\">1190\u20ac<\/span><\/strong><\/a><\/p>\n<\/td>\n<td class=\"noborder\"><\/td>\n<td class=\"border\"><a title=\"L\u2019Est de l\u2019Angleterre et ses meilleurs parcours\" href=\"https:\/\/www.golftravellers.com\/fr\/destinations\/angleterre\/sejours-de-golf-en-angleterre\/region-est-angleterre-et-ses-meilleurs-parcours\/\"><img loading=\"lazy\" decoding=\"async\" class=\"alignnone wp-image-17762 size-full\" style=\"border-bottom: thick solid #fff;\" src=\"https:\/\/www.golftravellers.com\/wp-content\/uploads\/2014\/04\/royalwestnorfolk-trou-9.jpg\" alt=\"Trou 9 sur le parcours du Royal West Norfolk\" width=\"350\" height=\"208\" srcset=\"https:\/\/www.golftravellers.com\/wp-content\/uploads\/2014\/04\/royalwestnorfolk-trou-9.jpg 350w, https:\/\/www.golftravellers.com\/wp-content\/uploads\/2014\/04\/royalwestnorfolk-trou-9-300x178.jpg 300w\" sizes=\"auto, (max-width: 350px) 100vw, 350px\" \/><\/a><\/p>\n<p style=\"text-align: center;\"><a title=\"L\u2019Est de l\u2019Angleterre et ses meilleurs parcours\" href=\"https:\/\/www.golftravellers.com\/fr\/destinations\/angleterre\/sejours-de-golf-en-angleterre\/region-est-angleterre-et-ses-meilleurs-parcours\/\"><span style=\"font-size: 12pt;\"><strong>L&rsquo;Est et ses meilleurs parcours<\/strong><\/span><\/a><br \/>\n<a title=\"L\u2019Est de l\u2019Angleterre et ses meilleurs parcours\" href=\"https:\/\/www.golftravellers.com\/fr\/destinations\/angleterre\/sejours-de-golf-en-angleterre\/region-est-angleterre-et-ses-meilleurs-parcours\/\"><span style=\"font-size: 10pt;\">Royal West Norfolk, Hunstanton, Sheringham<\/span><\/a><br \/>\n<a title=\"L\u2019Est de l\u2019Angleterre et ses meilleurs parcours\" href=\"https:\/\/www.golftravellers.com\/fr\/destinations\/angleterre\/sejours-de-golf-en-angleterre\/region-est-angleterre-et-ses-meilleurs-parcours\/\"><strong><span style=\"font-size: 12pt;\">A partir de <\/span><span style=\"font-size: 18pt;\">1190\u20ac<\/span><\/strong><\/a><\/p>\n<\/td>\n<\/tr>\n<\/tbody>\n<\/table>\n<table class=\"highlight\">\n<tbody>\n<tr>\n<td class=\"noborder\" style=\"border-bottom: 0;\"><\/td>\n<td class=\"border\"><a title=\"Le Robin des Bois Golf Tour\" href=\"https:\/\/www.golftravellers.com\/fr\/destinations\/angleterre\/sejours-de-golf-en-angleterre\/le-robin-des-bois-golf-tour\/\"><img loading=\"lazy\" decoding=\"async\" class=\"alignnone wp-image-17771 size-full\" style=\"border-bottom: thick solid #fff; margin-bottom: 0px;\" src=\"https:\/\/www.golftravellers.com\/wp-content\/uploads\/2014\/04\/woodhallspa-hotchkin-parcours.jpg\" alt=\"Coucher de soleil sur le parcours de Woodhall Spa\" width=\"350\" height=\"208\" srcset=\"https:\/\/www.golftravellers.com\/wp-content\/uploads\/2014\/04\/woodhallspa-hotchkin-parcours.jpg 350w, https:\/\/www.golftravellers.com\/wp-content\/uploads\/2014\/04\/woodhallspa-hotchkin-parcours-300x178.jpg 300w\" sizes=\"auto, (max-width: 350px) 100vw, 350px\" \/><\/a><\/p>\n<p style=\"text-align: center;\"><a title=\"Le Robin des Bois Golf Tour\" href=\"https:\/\/www.golftravellers.com\/fr\/destinations\/angleterre\/sejours-de-golf-en-angleterre\/le-robin-des-bois-golf-tour\/\"><span style=\"font-size: 12pt;\"><strong>Le Robin des Bois Golf Tour<\/strong><\/span><\/a><br \/>\n<a title=\"Le Robin des Bois Golf Tour\" href=\"https:\/\/www.golftravellers.com\/fr\/destinations\/angleterre\/sejours-de-golf-en-angleterre\/le-robin-des-bois-golf-tour\/\"><span style=\"font-size: 10pt;\">Woodhall Spa, Notts, Sherwood Forest<\/span><\/a><br \/>\n<a title=\"Le Robin des Bois Golf Tour\" href=\"https:\/\/www.golftravellers.com\/fr\/destinations\/angleterre\/sejours-de-golf-en-angleterre\/le-robin-des-bois-golf-tour\/\"><strong><span style=\"font-size: 12pt;\">A partir de <\/span><span style=\"font-size: 18pt;\">1450\u20ac<\/span><\/strong><\/a><\/p>\n<\/td>\n<td class=\"noborder\" style=\"border-bottom: 0;\"><\/td>\n<td class=\"border\"><a title=\"5 nuits \u00e0 Londres avec 4 magnifiques parcours\" href=\"https:\/\/www.golftravellers.com\/fr\/destinations\/angleterre\/sejours-de-golf-en-angleterre\/5-nuits-a-londres-avec-4-magnifiques-parcours\/\"><img loading=\"lazy\" decoding=\"async\" class=\"alignnone wp-image-17779 size-full\" style=\"border-bottom: thick solid #fff; margin-bottom: 0px;\" src=\"https:\/\/www.golftravellers.com\/wp-content\/uploads\/2014\/04\/addington-londres-region.jpg\" alt=\"Parcours d'Addington proche de Londres\" width=\"350\" height=\"208\" srcset=\"https:\/\/www.golftravellers.com\/wp-content\/uploads\/2014\/04\/addington-londres-region.jpg 350w, https:\/\/www.golftravellers.com\/wp-content\/uploads\/2014\/04\/addington-londres-region-300x178.jpg 300w\" sizes=\"auto, (max-width: 350px) 100vw, 350px\" \/><\/a><\/p>\n<p style=\"text-align: center;\"><a title=\"5 nuits \u00e0 Londres avec 4 magnifiques parcours\" href=\"https:\/\/www.golftravellers.com\/fr\/destinations\/angleterre\/sejours-de-golf-en-angleterre\/5-nuits-a-londres-avec-4-magnifiques-parcours\/\"><span style=\"font-size: 12pt;\"><strong>5 nuits pr\u00e8s de Londres<\/strong><\/span><\/a><br \/>\n<a title=\"5 nuits \u00e0 Londres avec 4 magnifiques parcours\" href=\"https:\/\/www.golftravellers.com\/fr\/destinations\/angleterre\/sejours-de-golf-en-angleterre\/5-nuits-a-londres-avec-4-magnifiques-parcours\/\"><span style=\"font-size: 10pt;\">Addington, Woking, Worplesdon, West Hill<\/span><\/a><br \/>\n<a title=\"5 nuits \u00e0 Londres avec 4 magnifiques parcours\" href=\"https:\/\/www.golftravellers.com\/fr\/destinations\/angleterre\/sejours-de-golf-en-angleterre\/5-nuits-a-londres-avec-4-magnifiques-parcours\/\"><strong><span style=\"font-size: 12pt;\">A partir de <\/span><span style=\"font-size: 18pt;\">1690\u20ac<\/span><\/strong><\/a><\/p>\n<\/td>\n<td class=\"noborder\"><\/td>\n<td class=\"border\"><a title=\"4 nuits \u00e0 l\u2019ouest de Londres avec 3 parcours prestigieux\" href=\"https:\/\/www.golftravellers.com\/fr\/destinations\/angleterre\/sejours-de-golf-en-angleterre\/4-nuits-ouest-de-londres-avec-3-parcours-prestigieux\/\"><img loading=\"lazy\" decoding=\"async\" class=\"alignnone wp-image-17787 size-full\" style=\"border-bottom: thick solid #fff;\" src=\"https:\/\/www.golftravellers.com\/wp-content\/uploads\/2014\/04\/sunningdale-newcourse-package2.jpg\" alt=\"Parcours du New Course \u00e0 Sunningdale\" width=\"350\" height=\"208\" srcset=\"https:\/\/www.golftravellers.com\/wp-content\/uploads\/2014\/04\/sunningdale-newcourse-package2.jpg 350w, https:\/\/www.golftravellers.com\/wp-content\/uploads\/2014\/04\/sunningdale-newcourse-package2-300x178.jpg 300w\" sizes=\"auto, (max-width: 350px) 100vw, 350px\" \/><\/a><\/p>\n<p style=\"text-align: center;\"><a title=\"4 nuits \u00e0 l\u2019ouest de Londres avec 3 parcours prestigieux\" href=\"https:\/\/www.golftravellers.com\/fr\/destinations\/angleterre\/sejours-de-golf-en-angleterre\/4-nuits-ouest-de-londres-avec-3-parcours-prestigieux\/\"><span style=\"font-size: 12pt;\"><strong>Prestigieux parcours \u00e0 Londres<\/strong><\/span><\/a><br \/>\n<a title=\"4 nuits \u00e0 l\u2019ouest de Londres avec 3 parcours prestigieux\" href=\"https:\/\/www.golftravellers.com\/fr\/destinations\/angleterre\/sejours-de-golf-en-angleterre\/4-nuits-ouest-de-londres-avec-3-parcours-prestigieux\/\"><span style=\"font-size: 10pt;\">Sunningdale New, St George&rsquo;s Hill, Hankley C.<\/span><\/a><br \/>\n<a title=\"4 nuits \u00e0 l\u2019ouest de Londres avec 3 parcours prestigieux\" href=\"https:\/\/www.golftravellers.com\/fr\/destinations\/angleterre\/sejours-de-golf-en-angleterre\/4-nuits-ouest-de-londres-avec-3-parcours-prestigieux\/\"><strong><span style=\"font-size: 12pt;\">A partir de\u00a0<\/span><span style=\"font-size: 18pt;\">1750\u20ac<\/span><\/strong><\/a><\/p>\n<\/td>\n<\/tr>\n<\/tbody>\n<\/table>\n<table class=\"highlight\">\n<tbody>\n<tr>\n<td class=\"border\"><a title=\"Le sud-ouest et ses meilleurs parcours\" href=\"https:\/\/www.golftravellers.com\/fr\/destinations\/angleterre\/sejours-de-golf-en-angleterre\/le-sud-ouest-et-ses-meilleurs-parcours\/\"><img loading=\"lazy\" decoding=\"async\" class=\"alignnone wp-image-17815 size-full\" style=\"border-bottom: thick solid #fff;\" src=\"https:\/\/www.golftravellers.com\/wp-content\/uploads\/2014\/04\/stenodoc-churchcourse-green.jpg\" alt=\"Green sur le parcours de St Enodoc\" width=\"350\" height=\"208\" srcset=\"https:\/\/www.golftravellers.com\/wp-content\/uploads\/2014\/04\/stenodoc-churchcourse-green.jpg 350w, https:\/\/www.golftravellers.com\/wp-content\/uploads\/2014\/04\/stenodoc-churchcourse-green-300x178.jpg 300w\" sizes=\"auto, (max-width: 350px) 100vw, 350px\" \/><\/a><\/p>\n<p style=\"text-align: center;\"><a title=\"Le Sud-Ouest et ses meilleurs parcours\" href=\"https:\/\/www.golftravellers.com\/fr\/destinations\/angleterre\/sejours-de-golf-en-angleterre\/le-sud-ouest-et-ses-meilleurs-parcours\/\"><span style=\"font-size: 12pt;\"><strong>Les meilleurs parcours du Sud-Ouest<\/strong><\/span><\/a><br \/>\n<a title=\"Le Sud-Ouest et ses meilleurs parcours\" href=\"https:\/\/www.golftravellers.com\/fr\/destinations\/angleterre\/sejours-de-golf-en-angleterre\/le-sud-ouest-et-ses-meilleurs-parcours\/\"><span style=\"font-size: 10pt;\">Royal ND, Saunton, St Enodoc, Trevose, Burnham<\/span><\/a><br \/>\n<a title=\"Le Sud-Ouest et ses meilleurs parcours\" href=\"https:\/\/www.golftravellers.com\/fr\/destinations\/angleterre\/sejours-de-golf-en-angleterre\/le-sud-ouest-et-ses-meilleurs-parcours\/\"><strong><span style=\"font-size: 12pt;\">A partir de <\/span><span style=\"font-size: 18pt;\">1930\u20ac<\/span><\/strong><\/a><\/p>\n<\/td>\n<td class=\"noborder\" style=\"border-bottom: 0;\"><\/td>\n<td class=\"border\"><a title=\"Trois parcours prestigieux au nord de Liverpool\" href=\"https:\/\/www.golftravellers.com\/fr\/destinations\/angleterre\/sejours-de-golf-en-angleterre\/trois-parcours-prestigieux-au-nord-de-liverpool\/\"><img loading=\"lazy\" decoding=\"async\" class=\"alignnone wp-image-17797 size-full\" style=\"border-bottom: thick solid #fff;\" src=\"https:\/\/www.golftravellers.com\/wp-content\/uploads\/2014\/04\/royalbirkdale-par3-package1.jpg\" alt=\"Par 3 sur le parcours du Royal Birkdale\" width=\"350\" height=\"208\" srcset=\"https:\/\/www.golftravellers.com\/wp-content\/uploads\/2014\/04\/royalbirkdale-par3-package1.jpg 350w, https:\/\/www.golftravellers.com\/wp-content\/uploads\/2014\/04\/royalbirkdale-par3-package1-300x178.jpg 300w\" sizes=\"auto, (max-width: 350px) 100vw, 350px\" \/><\/a><\/p>\n<p style=\"text-align: center;\"><a title=\"Trois parcours prestigieux au nord de Liverpool\" href=\"https:\/\/www.golftravellers.com\/fr\/destinations\/angleterre\/sejours-de-golf-en-angleterre\/trois-parcours-prestigieux-au-nord-de-liverpool\/\"><span style=\"font-size: 12pt;\"><strong>Prestigieux parcours pr\u00e8s de Liverpool<\/strong><\/span><\/a><br \/>\n<a title=\"Trois parcours prestigieux au nord de Liverpool\" href=\"https:\/\/www.golftravellers.com\/fr\/destinations\/angleterre\/sejours-de-golf-en-angleterre\/trois-parcours-prestigieux-au-nord-de-liverpool\/\"><span style=\"font-size: 10pt;\">Royal Birkdale, Hillside, Formby<\/span><\/a><br \/>\n<a title=\"Trois parcours prestigieux au nord de Liverpool\" href=\"https:\/\/www.golftravellers.com\/fr\/destinations\/angleterre\/sejours-de-golf-en-angleterre\/trois-parcours-prestigieux-au-nord-de-liverpool\/\"><strong><span style=\"font-size: 16px;\">A partir de<\/span> <span style=\"font-size: 18pt;\">1990\u20ac<\/span><\/strong><\/a><\/p>\n<\/td>\n<td class=\"noborder\"><\/td>\n<td class=\"border\"><a title=\"36 trous \u00e0 Sunningdale &amp; 36 trous \u00e0 Walton Heath\" href=\"https:\/\/www.golftravellers.com\/fr\/destinations\/angleterre\/sejours-de-golf-en-angleterre\/36-trous-a-sunningdale-36-trous-a-walton-heath\/\"><img loading=\"lazy\" decoding=\"async\" class=\"alignnone wp-image-17807 size-full\" style=\"border-bottom: thick solid #fff; margin-bottom: 0px;\" src=\"https:\/\/www.golftravellers.com\/wp-content\/uploads\/2014\/04\/waltonheath-newcourse-green-bunkers1.jpg\" alt=\"Green et bunker sur le parcours de Waltonheath\" width=\"350\" height=\"208\" srcset=\"https:\/\/www.golftravellers.com\/wp-content\/uploads\/2014\/04\/waltonheath-newcourse-green-bunkers1.jpg 350w, https:\/\/www.golftravellers.com\/wp-content\/uploads\/2014\/04\/waltonheath-newcourse-green-bunkers1-300x178.jpg 300w\" sizes=\"auto, (max-width: 350px) 100vw, 350px\" \/><\/a><\/p>\n<p style=\"text-align: center;\"><a title=\"36 trous \u00e0 Sunningdale &amp; 36 trous \u00e0 Walton Heath\" href=\"https:\/\/www.golftravellers.com\/fr\/destinations\/angleterre\/sejours-de-golf-en-angleterre\/36-trous-a-sunningdale-36-trous-a-walton-heath\/\"><span style=\"font-size: 12pt;\"><strong>Les meilleurs 36 trous d&rsquo;Angleterre<\/strong><\/span><\/a><br \/>\n<a title=\"36 trous \u00e0 Sunningdale &amp; 36 trous \u00e0 Walton Heath\" href=\"https:\/\/www.golftravellers.com\/fr\/destinations\/angleterre\/sejours-de-golf-en-angleterre\/36-trous-a-sunningdale-36-trous-a-walton-heath\/\"><span style=\"font-size: 10pt;\">Sunningdale, Walton Heath<\/span><\/a><br \/>\n<a title=\"36 trous \u00e0 Sunningdale &amp; 36 trous \u00e0 Walton Heath\" href=\"https:\/\/www.golftravellers.com\/fr\/destinations\/angleterre\/sejours-de-golf-en-angleterre\/36-trous-a-sunningdale-36-trous-a-walton-heath\/\"><strong><span style=\"font-size: 12pt;\">A partir de <\/span><span style=\"font-size: 18pt;\">1990\u20ac<\/span><\/strong><\/a><\/p>\n<\/td>\n<\/tr>\n<\/tbody>\n<\/table>\n<table class=\"highlight\">\n<tbody>\n<tr>\n<td class=\"border\"><a title=\"Le sud-est et ses meilleurs parcours\" href=\"https:\/\/www.golftravellers.com\/fr\/destinations\/angleterre\/sejours-de-golf-en-angleterre\/le-sud-est-et-ses-meilleurs-parcours\/\"><img loading=\"lazy\" decoding=\"async\" class=\"alignnone wp-image-17824 size-full\" style=\"border-bottom: thick solid #fff;\" src=\"https:\/\/www.golftravellers.com\/wp-content\/uploads\/2014\/04\/royalcinqueports-trou.jpg\" alt=\"Trous sur le parcours du Royal Cinque Ports\" width=\"350\" height=\"208\" srcset=\"https:\/\/www.golftravellers.com\/wp-content\/uploads\/2014\/04\/royalcinqueports-trou.jpg 350w, https:\/\/www.golftravellers.com\/wp-content\/uploads\/2014\/04\/royalcinqueports-trou-300x178.jpg 300w\" sizes=\"auto, (max-width: 350px) 100vw, 350px\" \/><\/a><\/p>\n<p style=\"text-align: center;\"><a title=\"Le Sud-Est et ses meilleurs parcours\" href=\"https:\/\/www.golftravellers.com\/fr\/destinations\/angleterre\/sejours-de-golf-en-angleterre\/le-sud-est-et-ses-meilleurs-parcours\/\"><span style=\"font-size: 12pt;\"><strong>Les meilleurs parcours du Sud-Est<\/strong><\/span><\/a><br \/>\n<a title=\"Le Sud-Est et ses meilleurs parcours\" href=\"https:\/\/www.golftravellers.com\/fr\/destinations\/angleterre\/sejours-de-golf-en-angleterre\/le-sud-est-et-ses-meilleurs-parcours\/\"><span style=\"font-size: 10pt;\">Royal SG, Royal CP, West S, Chart H, Littlestone<\/span><\/a><br \/>\n<a title=\"Le Sud-Est et ses meilleurs parcours\" href=\"https:\/\/www.golftravellers.com\/fr\/destinations\/angleterre\/sejours-de-golf-en-angleterre\/le-sud-est-et-ses-meilleurs-parcours\/\"><strong><span style=\"font-size: 12pt;\">A partir de <\/span><span style=\"font-size: 18pt;\">2550\u20ac<\/span><\/strong><\/a><\/p>\n<\/td>\n<td class=\"noborder\" style=\"border-bottom: 0;\"><\/td>\n<td class=\"border\"><a title=\"Le London Golf Tour\" href=\"https:\/\/www.golftravellers.com\/fr\/destinations\/angleterre\/sejours-de-golf-en-angleterre\/le-london-golf-tour\/\"><img loading=\"lazy\" decoding=\"async\" class=\"alignnone wp-image-17835 size-full\" style=\"border-bottom: thick solid #fff; margin-bottom: 0px;\" src=\"https:\/\/www.golftravellers.com\/wp-content\/uploads\/2014\/04\/waltonheath-oldcourse-large-green1.jpg\" alt=\"Large green sur le parcours de Waltonheath\" width=\"350\" height=\"208\" srcset=\"https:\/\/www.golftravellers.com\/wp-content\/uploads\/2014\/04\/waltonheath-oldcourse-large-green1.jpg 350w, https:\/\/www.golftravellers.com\/wp-content\/uploads\/2014\/04\/waltonheath-oldcourse-large-green1-300x178.jpg 300w\" sizes=\"auto, (max-width: 350px) 100vw, 350px\" \/><\/a><\/p>\n<p style=\"text-align: center;\"><a title=\"Le London Golf Tour\" href=\"https:\/\/www.golftravellers.com\/fr\/destinations\/angleterre\/sejours-de-golf-en-angleterre\/le-london-golf-tour\/\"><span style=\"font-size: 12pt;\"><strong>Le London Golf Tour<\/strong><\/span><\/a><br \/>\n<a title=\"Le London Golf Tour\" href=\"https:\/\/www.golftravellers.com\/fr\/destinations\/angleterre\/sejours-de-golf-en-angleterre\/le-london-golf-tour\/\"><span style=\"font-size: 10pt;\">Sunningdale, Walton H, St George&rsquo;s Hill, Berkshire<\/span><\/a><br \/>\n<a title=\"Le London Golf Tour\" href=\"https:\/\/www.golftravellers.com\/fr\/destinations\/angleterre\/sejours-de-golf-en-angleterre\/le-london-golf-tour\/\"><strong><span style=\"font-size: 12pt;\">A partir de <\/span><span style=\"font-size: 18pt;\">2590\u20ac<\/span><\/strong><\/a><\/p>\n<\/td>\n<td class=\"noborder\"><\/td>\n<td class=\"border\"><a title=\"Les meilleurs parcours au nord-ouest\" href=\"https:\/\/www.golftravellers.com\/fr\/destinations\/angleterre\/sejours-de-golf-en-angleterre\/les-meilleurs-parcours-au-nord-ouest\/\"><img loading=\"lazy\" decoding=\"async\" class=\"alignnone wp-image-17844 size-full\" style=\"border-bottom: thick solid #fff; margin-bottom: 0px;\" src=\"https:\/\/www.golftravellers.com\/wp-content\/uploads\/2014\/04\/royallythamandstannes-clubhouse1.jpg\" alt=\"Clubhouse sur le parcours du Royal Lytham St Annes\" width=\"350\" height=\"208\" srcset=\"https:\/\/www.golftravellers.com\/wp-content\/uploads\/2014\/04\/royallythamandstannes-clubhouse1.jpg 350w, https:\/\/www.golftravellers.com\/wp-content\/uploads\/2014\/04\/royallythamandstannes-clubhouse1-300x178.jpg 300w\" sizes=\"auto, (max-width: 350px) 100vw, 350px\" \/><\/a><\/p>\n<p style=\"text-align: center;\"><strong><a title=\"Les meilleurs parcours au Nord-Ouest\" href=\"https:\/\/www.golftravellers.com\/fr\/destinations\/angleterre\/sejours-de-golf-en-angleterre\/les-meilleurs-parcours-au-nord-ouest\/\">Les meilleurs parcours du Nord-Ouest<\/a><\/strong><br \/>\n<a title=\"Les meilleurs parcours au Nord-Ouest\" href=\"https:\/\/www.golftravellers.com\/fr\/destinations\/angleterre\/sejours-de-golf-en-angleterre\/les-meilleurs-parcours-au-nord-ouest\/\"><span style=\"font-size: 10pt;\">Royal B, Royal LST, Royal L, Hillside, Formby<\/span><\/a><br \/>\n<a title=\"Les meilleurs parcours au Nord-Ouest\" href=\"https:\/\/www.golftravellers.com\/fr\/destinations\/angleterre\/sejours-de-golf-en-angleterre\/les-meilleurs-parcours-au-nord-ouest\/\"><strong><span style=\"font-size: 12pt;\">A partir de <\/span><span style=\"font-size: 18pt;\">2990\u20ac<\/span><\/strong><\/a><\/p>\n<\/td>\n<\/tr>\n<\/tbody>\n<\/table>\n","protected":false},"excerpt":{"rendered":"<p>Ci-dessous notre s\u00e9lection de s\u00e9jours de golf en Angleterre pour tous les budgets. Toutes ces offres sont modifiables pour des s\u00e9jours sur-mesure. N&rsquo;h\u00e9sitez pas \u00e0 nous contacter pour une demande de devis pour un voyage ou pour effectuer une r\u00e9servation. Le Beatles Golf Tour Hillside, Wallasey A partir de 1190\u20ac 2 nuits dans le Kent [&hellip;]<\/p>\n","protected":false},"author":10,"featured_media":32547,"parent":247,"menu_order":20,"comment_status":"open","ping_status":"closed","template":"","meta":{"_genesis_hide_title":false,"_genesis_hide_breadcrumbs":false,"_genesis_hide_singular_image":false,"_genesis_hide_footer_widgets":false,"_genesis_custom_body_class":"","_genesis_custom_post_class":"","_genesis_layout":"","footnotes":""},"class_list":{"0":"post-253","1":"page","2":"type-page","3":"status-publish","4":"has-post-thumbnail","6":"entry"},"_links":{"self":[{"href":"https:\/\/www.golftravellers.com\/fr\/wp-json\/wp\/v2\/pages\/253","targetHints":{"allow":["GET"]}}],"collection":[{"href":"https:\/\/www.golftravellers.com\/fr\/wp-json\/wp\/v2\/pages"}],"about":[{"href":"https:\/\/www.golftravellers.com\/fr\/wp-json\/wp\/v2\/types\/page"}],"author":[{"embeddable":true,"href":"https:\/\/www.golftravellers.com\/fr\/wp-json\/wp\/v2\/users\/10"}],"replies":[{"embeddable":true,"href":"https:\/\/www.golftravellers.com\/fr\/wp-json\/wp\/v2\/comments?post=253"}],"version-history":[{"count":39,"href":"https:\/\/www.golftravellers.com\/fr\/wp-json\/wp\/v2\/pages\/253\/revisions"}],"predecessor-version":[{"id":42628,"href":"https:\/\/www.golftravellers.com\/fr\/wp-json\/wp\/v2\/pages\/253\/revisions\/42628"}],"up":[{"embeddable":true,"href":"https:\/\/www.golftravellers.com\/fr\/wp-json\/wp\/v2\/pages\/247"}],"wp:featuredmedia":[{"embeddable":true,"href":"https:\/\/www.golftravellers.com\/fr\/wp-json\/wp\/v2\/media\/32547"}],"wp:attachment":[{"href":"https:\/\/www.golftravellers.com\/fr\/wp-json\/wp\/v2\/media?parent=253"}],"curies":[{"name":"wp","href":"https:\/\/api.w.org\/{rel}","templated":true}]}}