{"id":247,"date":"2014-04-04T11:10:15","date_gmt":"2014-04-04T11:10:15","guid":{"rendered":"http:\/\/www.golftravellers.com\/?page_id=247"},"modified":"2023-10-05T12:45:31","modified_gmt":"2023-10-05T11:45:31","slug":"angleterre","status":"publish","type":"page","link":"https:\/\/www.golftravellers.com\/fr\/destinations\/angleterre\/","title":{"rendered":"Golf en Angleterre"},"content":{"rendered":"<p><a title=\"Golf Courses\" href=\"https:\/\/www.golftravellers.com\/fr\/destinations\/angleterre\/parcours-de-golf-en-angleterre\/\"><img loading=\"lazy\" decoding=\"async\" class=\"alignright wp-image-13234 size-medium\" title=\"Parcours de golf en Angleterre\" src=\"https:\/\/www.golftravellers.com\/wp-content\/uploads\/2014\/09\/England-Map1-240x300.png\" alt=\"Carte d'Angleterre montrant les r\u00e9gions des parcours de golf\" width=\"240\" height=\"300\" srcset=\"https:\/\/www.golftravellers.com\/wp-content\/uploads\/2014\/09\/England-Map1-240x300.png 240w, https:\/\/www.golftravellers.com\/wp-content\/uploads\/2014\/09\/England-Map1.png 550w\" sizes=\"auto, (max-width: 240px) 100vw, 240px\" \/><\/a><em>Organisez votre s\u00e9jour de golf en Angleterre avec notre \u00e9quipe fran\u00e7aise qui a re\u00e7u de nombreuses r\u00e9compenses.<\/em><\/p>\n<p>Avec plus de 2000 parcours de golf, l&rsquo;Angleterre propose un large choix de terrains prestigieux \u00e0 l&rsquo;int\u00e9rieur des terres et en bord de mer dont certains accueillent le c\u00e9l\u00e8bre British Open.<\/p>\n<p>Nous sommes sp\u00e9cialis\u00e9s dans l&rsquo;organisation de voyages de golf dans ce pays pour tous les budgets. Nous avons divis\u00e9 l&rsquo;Angleterre en 5 r\u00e9gions et list\u00e9 les meilleurs parcours.<\/p>\n<p>D\u00e9couvrez nos offres et les diff\u00e9rents parcours disponibles pour cr\u00e9er votre s\u00e9jour.<br \/>\nContactez- nous pour d&rsquo;autres informations.<\/p>\n<div class=\"one-third first\" style=\"text-align: center;\"><a class=\"button\" href=\"https:\/\/www.golftravellers.com\/fr\/destinations\/angleterre\/sejours-de-golf-en-angleterre\/\">NOS OFFRES<\/a><\/div>\n<div class=\"one-third\" style=\"text-align: center;\"><a class=\"button\" href=\"https:\/\/www.golftravellers.com\/fr\/destinations\/angleterre\/parcours-de-golf-en-angleterre\/\">LES PARCOURS<\/a><\/div>\n<div class=\"one-third\" style=\"text-align: center;\"><a class=\"button\" href=\"https:\/\/www.golftravellers.com\/fr\/nous-contacter\/demande-de-devis\/\">DEMANDE DE DEVIS<\/a><\/div>\n<div class=\"one-third\" style=\"text-align: center;\">&nbsp;<\/div>\n<p><a href=\"https:\/\/www.golftravellers.com\/fr\/destinations\/angleterre\/sejours-de-golf-en-angleterre\/\"><img loading=\"lazy\" decoding=\"async\" class=\"alignnone wp-image-17709 size-large\" src=\"https:\/\/www.golftravellers.com\/wp-content\/uploads\/2014\/04\/image-golf-angleterre-1024x242.jpg\" alt=\"Images de golfs en Angleterre\" width=\"1024\" height=\"242\" srcset=\"https:\/\/www.golftravellers.com\/wp-content\/uploads\/2014\/04\/image-golf-angleterre-1024x242.jpg 1024w, https:\/\/www.golftravellers.com\/wp-content\/uploads\/2014\/04\/image-golf-angleterre-300x71.jpg 300w, https:\/\/www.golftravellers.com\/wp-content\/uploads\/2014\/04\/image-golf-angleterre.jpg 1172w\" sizes=\"auto, (max-width: 1024px) 100vw, 1024px\" \/><\/a><\/p>\n<h3><strong>Informations pratique sur votre voyage&nbsp;:<\/strong><\/h3>\n<table border=\"0\">\n<tbody>\n<tr style=\"height: 24.125px;\">\n<td style=\"height: 24.125px;\"><strong>Meilleure saison :<\/strong><\/td>\n<td style=\"height: 24.125px;\">Fin avril \u00e0 d\u00e9but octobre<\/td>\n<\/tr>\n<tr style=\"height: 24px;\">\n<td style=\"height: 24px;\"><strong>Dur\u00e9e de vol :<\/strong><\/td>\n<td style=\"height: 24px;\">1 heure&nbsp;<\/td>\n<\/tr>\n<tr style=\"height: 24px;\">\n<td style=\"height: 24px;\"><strong>D\u00e9calage horaire :<\/strong><\/td>\n<td style=\"height: 24px;\">&#8211; 1 heure<\/td>\n<\/tr>\n<tr style=\"height: 24px;\">\n<td style=\"height: 24px;\"><strong>Monnaie :<\/strong><\/td>\n<td style=\"height: 24px;\">Livre sterling<\/td>\n<\/tr>\n<tr style=\"height: 24px;\">\n<td style=\"height: 24px;\"><strong>Langue :<\/strong><\/td>\n<td style=\"height: 24px;\">Anglais<\/td>\n<\/tr>\n<tr style=\"height: 24px;\">\n<td style=\"height: 24px;\"><strong>Formalit\u00e9s :<\/strong><\/td>\n<td style=\"height: 24px;\">Passeport en cours de validit\u00e9<\/td>\n<\/tr>\n<\/tbody>\n<\/table>\n<div class=\"one-third first\" style=\"text-align: center;\"><a class=\"button\" href=\"https:\/\/www.golftravellers.com\/fr\/destinations\/angleterre\/sejours-de-golf-en-angleterre\/\">NOS OFFRES<\/a><\/div>\n<div class=\"one-third\" style=\"text-align: center;\"><a class=\"button\" href=\"https:\/\/www.golftravellers.com\/fr\/destinations\/angleterre\/parcours-de-golf-en-angleterre\/\">LES PARCOURS<\/a><\/div>\n<div class=\"one-third\" style=\"text-align: center;\"><a class=\"button\" href=\"https:\/\/www.golftravellers.com\/fr\/nous-contacter\/demande-de-devis\/\">DEMANDE DE DEVIS<\/a><\/div>\n","protected":false},"excerpt":{"rendered":"<p>Organisez votre s\u00e9jour de golf en Angleterre avec notre \u00e9quipe fran\u00e7aise qui a re\u00e7u de nombreuses r\u00e9compenses. Avec plus de 2000 parcours de golf, l&rsquo;Angleterre propose un large choix de terrains prestigieux \u00e0 l&rsquo;int\u00e9rieur des terres et en bord de mer dont certains accueillent le c\u00e9l\u00e8bre British Open. Nous sommes sp\u00e9cialis\u00e9s dans l&rsquo;organisation de voyages [&hellip;]<\/p>\n","protected":false},"author":10,"featured_media":32541,"parent":219,"menu_order":30,"comment_status":"open","ping_status":"closed","template":"","meta":{"_genesis_hide_title":false,"_genesis_hide_breadcrumbs":false,"_genesis_hide_singular_image":false,"_genesis_hide_footer_widgets":false,"_genesis_custom_body_class":"","_genesis_custom_post_class":"","_genesis_layout":"content-sidebar","footnotes":""},"class_list":{"0":"post-247","1":"page","2":"type-page","3":"status-publish","4":"has-post-thumbnail","6":"entry"},"_links":{"self":[{"href":"https:\/\/www.golftravellers.com\/fr\/wp-json\/wp\/v2\/pages\/247","targetHints":{"allow":["GET"]}}],"collection":[{"href":"https:\/\/www.golftravellers.com\/fr\/wp-json\/wp\/v2\/pages"}],"about":[{"href":"https:\/\/www.golftravellers.com\/fr\/wp-json\/wp\/v2\/types\/page"}],"author":[{"embeddable":true,"href":"https:\/\/www.golftravellers.com\/fr\/wp-json\/wp\/v2\/users\/10"}],"replies":[{"embeddable":true,"href":"https:\/\/www.golftravellers.com\/fr\/wp-json\/wp\/v2\/comments?post=247"}],"version-history":[{"count":30,"href":"https:\/\/www.golftravellers.com\/fr\/wp-json\/wp\/v2\/pages\/247\/revisions"}],"predecessor-version":[{"id":15351,"href":"https:\/\/www.golftravellers.com\/fr\/wp-json\/wp\/v2\/pages\/247\/revisions\/15351"}],"up":[{"embeddable":true,"href":"https:\/\/www.golftravellers.com\/fr\/wp-json\/wp\/v2\/pages\/219"}],"wp:featuredmedia":[{"embeddable":true,"href":"https:\/\/www.golftravellers.com\/fr\/wp-json\/wp\/v2\/media\/32541"}],"wp:attachment":[{"href":"https:\/\/www.golftravellers.com\/fr\/wp-json\/wp\/v2\/media?parent=247"}],"curies":[{"name":"wp","href":"https:\/\/api.w.org\/{rel}","templated":true}]}}