{"id":2437,"date":"2014-04-28T14:58:57","date_gmt":"2014-04-28T13:58:57","guid":{"rendered":"http:\/\/www.golftravellers.com\/?page_id=2437"},"modified":"2025-07-17T13:40:33","modified_gmt":"2025-07-17T12:40:33","slug":"region-nord-pays-de-galles","status":"publish","type":"page","link":"https:\/\/www.golftravellers.com\/fr\/destinations\/pays-de-galles\/parcours-de-golf-au-pays-de-galles\/region-nord-pays-de-galles\/","title":{"rendered":"R\u00e9gion nord"},"content":{"rendered":"<div class=\"two-thirds first\">\n<p>Nous conseillons les a\u00e9roports de Liverpool ou Cardiff pour acc\u00e9der aux beaux parcours de cette r\u00e9gion. Plusieurs terrains sont parmi les meilleurs du pays comme le Royal St David&rsquo;s class\u00e9 2\u00e8me, Aberdovey class\u00e9 3\u00e8me et Nefyn &amp; District avec son site spectaculaire sur une p\u00e9ninsule.<\/p>\n<p class=\"error\">Basic Google Maps Placemarks erreur : les fichiers JavaScript et\/ou CSS n'ont pas pu \u00eatre chargez. SI vous utilisez la fonction do_shortcode(), vous devez ajouter un filtre \u00e0 votre th\u00e8me. <a href=\"http:\/\/wordpress.org\/extend\/plugins\/basic-google-maps-placemarks\/faq\/\">the FAQ<\/a>Plus de d\u00e9tails.<\/p>\n<\/div>\n<div class=\"one-third\">\n<h2>R\u00e9gions des parcours<\/h2>\n<ul>\n<li><a href=\"https:\/\/www.golftravellers.com\/fr\/destinations\/pays-de-galles\/parcours-de-golf-au-pays-de-galles\/region-nord-pays-de-galles\/#north\">R\u00e9gion nord<\/a><\/li>\n<li><a href=\"https:\/\/www.golftravellers.com\/fr\/destinations\/pays-de-galles\/parcours-de-golf-au-pays-de-galles\/region-sud-pays-de-galles\/#south\">R\u00e9gion sud<\/a><\/li>\n<\/ul>\n<h2>Les parcours<\/h2>\n<ul id=\"bgmp_list\" class=\"bgmp_list\"><li id=\"bgmp_list-item-15902\" class=\"bgmp_list-item\">\r\n\t<h3 class=\"bgmp_list-placemark-title\">\r\n\t\tRoyal St David\u2019s\t\t\r\n\t\t\t\t\t                                                <span class=\"bgmp_view-on-map-container\">\r\n                                                [<a href=\"javascript:;\" data-marker-id=\"15902\" class=\"bgmp_view-on-map\">\r\n                                                Voir                                                <\/a>]\r\n<\/span>\r\n\r\n\t\t\t<\/h3>\r\n\t\r\n\t<div class=\"bgmp_list-description\">\r\n\t\t\t\t<p><a title=\"Royal St David\u2019s\" href=\"https:\/\/www.golftravellers.com\/fr\/destinations\/pays-de-galles\/parcours-de-golf-au-pays-de-galles\/region-nord-pays-de-galles\/royal-st-davids\/\"><img loading=\"lazy\" decoding=\"async\" class=\"aligncenter size-full wp-image-5823\" src=\"https:\/\/www.golftravellers.com\/wp-content\/uploads\/2014\/07\/Green-surrounded-by-dunes-on-the-Royal-St-David-golf-course.jpg\" alt=\"Green entour\u00e9 par des dunes sur le parcours du Royal St David's\" width=\"150\" height=\"100\" \/><\/a><\/p>\n<p><a title=\"Royal St David\u2019s\" href=\"https:\/\/www.golftravellers.com\/fr\/destinations\/pays-de-galles\/parcours-de-golf-au-pays-de-galles\/region-nord-pays-de-galles\/royal-st-davids\/\">Cliquez ici pour voir les images et les informations du parcours<\/a><\/p>\n\t<\/div>\r\n\t\r\n\t<p class=\"bgmp_list-link\">\r\n\t\t<a href=\"http:\/\/google.com\/maps?q=\">\r\n\t\t\t\t\t<\/a>\r\n\t<\/p>\r\n<\/li>\t<li id=\"bgmp_list-item-13872\" class=\"bgmp_list-item\">\r\n\t<h3 class=\"bgmp_list-placemark-title\">\r\n\t\tAberdovey\t\t\r\n\t\t\t\t\t                                                <span class=\"bgmp_view-on-map-container\">\r\n                                                [<a href=\"javascript:;\" data-marker-id=\"13872\" class=\"bgmp_view-on-map\">\r\n                                                Voir                                                <\/a>]\r\n<\/span>\r\n\r\n\t\t\t<\/h3>\r\n\t\r\n\t<div class=\"bgmp_list-description\">\r\n\t\t\t\t<p><a href=\"https:\/\/www.golftravellers.com\/fr\/destinations\/pays-de-galles\/parcours-de-golf-au-pays-de-galles\/region-nord-pays-de-galles\/aberdovey\/\"><img loading=\"lazy\" decoding=\"async\" class=\"aligncenter size-full wp-image-5913\" src=\"https:\/\/www.golftravellers.com\/wp-content\/uploads\/2014\/07\/Golfers-playing-on-the-Aberdovey-golf-course.jpg\" alt=\"Golfers playing on the Aberdovey golf course\" width=\"150\" height=\"100\" \/><\/a><\/p>\n<p><a title=\"Aberdovey\" href=\"https:\/\/www.golftravellers.com\/fr\/destinations\/pays-de-galles\/parcours-de-golf-au-pays-de-galles\/region-nord-pays-de-galles\/aberdovey\/\">Click here to view images\u00a0and details of the course<\/a><\/p>\n\t<\/div>\r\n\t\r\n\t<p class=\"bgmp_list-link\">\r\n\t\t<a href=\"http:\/\/google.com\/maps?q=52.54525,+-4.05979\">\r\n\t\t\t52.54525, -4.05979\t\t<\/a>\r\n\t<\/p>\r\n<\/li>\t<li id=\"bgmp_list-item-16235\" class=\"bgmp_list-item\">\r\n\t<h3 class=\"bgmp_list-placemark-title\">\r\n\t\tNefyn and District\t\t\r\n\t\t\t\t\t                                                <span class=\"bgmp_view-on-map-container\">\r\n                                                [<a href=\"javascript:;\" data-marker-id=\"16235\" class=\"bgmp_view-on-map\">\r\n                                                Voir                                                <\/a>]\r\n<\/span>\r\n\r\n\t\t\t<\/h3>\r\n\t\r\n\t<div class=\"bgmp_list-description\">\r\n\t\t\t\t<p><a title=\"Nefyn &amp; District\" href=\"https:\/\/www.golftravellers.com\/fr\/destinations\/pays-de-galles\/parcours-de-golf-au-pays-de-galles\/region-nord-pays-de-galles\/nefyn-district\/\"><img loading=\"lazy\" decoding=\"async\" class=\"aligncenter size-full wp-image-5859\" src=\"https:\/\/www.golftravellers.com\/wp-content\/uploads\/2014\/07\/Aerial-view-of-Nefyn-and-District-golf-course.jpg\" alt=\"Vue aerienne sur le parcours de Nefyn and District\" width=\"150\" height=\"100\" \/><\/a><\/p>\n<p><a title=\"Nefyn &amp; District\" href=\"https:\/\/www.golftravellers.com\/fr\/destinations\/pays-de-galles\/parcours-de-golf-au-pays-de-galles\/region-nord-pays-de-galles\/nefyn-district\/\">Cliquez ici pour voir les images et les informations du parcours<\/a><\/p>\n\t<\/div>\r\n\t\r\n\t<p class=\"bgmp_list-link\">\r\n\t\t<a href=\"http:\/\/google.com\/maps?q=\">\r\n\t\t\t\t\t<\/a>\r\n\t<\/p>\r\n<\/li>\t<li id=\"bgmp_list-item-15904\" class=\"bgmp_list-item\">\r\n\t<h3 class=\"bgmp_list-placemark-title\">\r\n\t\tConwy\t\t\r\n\t\t\t\t\t                                                <span class=\"bgmp_view-on-map-container\">\r\n                                                [<a href=\"javascript:;\" data-marker-id=\"15904\" class=\"bgmp_view-on-map\">\r\n                                                Voir                                                <\/a>]\r\n<\/span>\r\n\r\n\t\t\t<\/h3>\r\n\t\r\n\t<div class=\"bgmp_list-description\">\r\n\t\t\t\t<p><a title=\"Conwy\" href=\"https:\/\/www.golftravellers.com\/fr\/destinations\/pays-de-galles\/parcours-de-golf-au-pays-de-galles\/region-nord-pays-de-galles\/conwy\/\"><img loading=\"lazy\" decoding=\"async\" class=\"aligncenter size-full wp-image-5886\" src=\"https:\/\/www.golftravellers.com\/wp-content\/uploads\/2014\/07\/Tee-on-Conwy-golf-course.jpg\" alt=\"D\u00e9part sur le parcours de Conwy\" width=\"150\" height=\"100\" \/><\/a><\/p>\n<p><a title=\"Conwy\" href=\"https:\/\/www.golftravellers.com\/fr\/destinations\/pays-de-galles\/parcours-de-golf-au-pays-de-galles\/region-nord-pays-de-galles\/conwy\/\">Cliquez ici pour voir les images et les informations du parcours<\/a><\/p>\n\t<\/div>\r\n\t\r\n\t<p class=\"bgmp_list-link\">\r\n\t\t<a href=\"http:\/\/google.com\/maps?q=\">\r\n\t\t\t\t\t<\/a>\r\n\t<\/p>\r\n<\/li>\t<li id=\"bgmp_list-item-16239\" class=\"bgmp_list-item\">\r\n\t<h3 class=\"bgmp_list-placemark-title\">\r\n\t\tNorth Wales\t\t\r\n\t\t\t\t\t                                                <span class=\"bgmp_view-on-map-container\">\r\n                                                [<a href=\"javascript:;\" data-marker-id=\"16239\" class=\"bgmp_view-on-map\">\r\n                                                Voir                                                <\/a>]\r\n<\/span>\r\n\r\n\t\t\t<\/h3>\r\n\t\r\n\t<div class=\"bgmp_list-description\">\r\n\t\t\t\t<p><a href=\"https:\/\/www.golftravellers.com\/fr\/destinations\/pays-de-galles\/parcours-de-golf-au-pays-de-galles\/region-nord-pays-de-galles\/north-wales\/\"><img loading=\"lazy\" decoding=\"async\" class=\"alignnone wp-image-5850 size-full\" src=\"https:\/\/www.golftravellers.com\/wp-content\/uploads\/2014\/07\/Undulated-green-on-North-Wales-golf-course-e1411932160271.jpg\" alt=\"Green sur le parcours de North Wales\" width=\"150\" height=\"90\" \/><\/a><\/p>\n<p><a title=\"North Wales\" href=\"https:\/\/www.golftravellers.com\/fr\/destinations\/pays-de-galles\/parcours-de-golf-au-pays-de-galles\/region-nord-pays-de-galles\/north-wales\/\">Cliquez ici pour voir les images et les informations du parcours<\/a><\/p>\n\t<\/div>\r\n\t\r\n\t<p class=\"bgmp_list-link\">\r\n\t\t<a href=\"http:\/\/google.com\/maps?q=\">\r\n\t\t\t\t\t<\/a>\r\n\t<\/p>\r\n<\/li>\t<li id=\"bgmp_list-item-16260\" class=\"bgmp_list-item\">\r\n\t<h3 class=\"bgmp_list-placemark-title\">\r\n\t\tPwllheli\t\t\r\n\t\t\t\t\t                                                <span class=\"bgmp_view-on-map-container\">\r\n                                                [<a href=\"javascript:;\" data-marker-id=\"16260\" class=\"bgmp_view-on-map\">\r\n                                                Voir                                                <\/a>]\r\n<\/span>\r\n\r\n\t\t\t<\/h3>\r\n\t\r\n\t<div class=\"bgmp_list-description\">\r\n\t\t\t\t<p><a href=\"https:\/\/www.golftravellers.com\/fr\/destinations\/pays-de-galles\/parcours-de-golf-au-pays-de-galles\/region-nord-pays-de-galles\/pwllheli\/\"><img loading=\"lazy\" decoding=\"async\" class=\"alignnone wp-image-5832 size-full\" src=\"https:\/\/www.golftravellers.com\/wp-content\/uploads\/2014\/07\/Fairway-bunkers-on-Pwllheli-golf-course-e1411932231676.jpg\" alt=\"Fairway et bunkers sur le parcours de Pwllheli\" width=\"150\" height=\"86\" \/><\/a><\/p>\n<p><a title=\"Pwllheli\" href=\"https:\/\/www.golftravellers.com\/fr\/destinations\/pays-de-galles\/parcours-de-golf-au-pays-de-galles\/region-nord-pays-de-galles\/pwllheli\/\">Cliquez ici pour voir les images et les informations du parcours<\/a><\/p>\n\t<\/div>\r\n\t\r\n\t<p class=\"bgmp_list-link\">\r\n\t\t<a href=\"http:\/\/google.com\/maps?q=\">\r\n\t\t\t\t\t<\/a>\r\n\t<\/p>\r\n<\/li>\t<li id=\"bgmp_list-item-16250\" class=\"bgmp_list-item\">\r\n\t<h3 class=\"bgmp_list-placemark-title\">\r\n\t\tPorthmadog\t\t\r\n\t\t\t\t\t                                                <span class=\"bgmp_view-on-map-container\">\r\n                                                [<a href=\"javascript:;\" data-marker-id=\"16250\" class=\"bgmp_view-on-map\">\r\n                                                Voir                                                <\/a>]\r\n<\/span>\r\n\r\n\t\t\t<\/h3>\r\n\t\r\n\t<div class=\"bgmp_list-description\">\r\n\t\t\t\t<p><a title=\"Porthmadog\" href=\"https:\/\/www.golftravellers.com\/fr\/destinations\/pays-de-galles\/parcours-de-golf-au-pays-de-galles\/region-nord-pays-de-galles\/porthmadog\/\"><img loading=\"lazy\" decoding=\"async\" class=\"aligncenter size-full wp-image-5841\" src=\"https:\/\/www.golftravellers.com\/wp-content\/uploads\/2014\/07\/Green-and-beautiful-scenery-on-Porthmadog-golf-course.jpg\" alt=\"Green sur le parcours de Porthmadog\" width=\"150\" height=\"100\" \/><\/a><\/p>\n<p><a title=\"Porthmadog\" href=\"https:\/\/www.golftravellers.com\/fr\/destinations\/pays-de-galles\/parcours-de-golf-au-pays-de-galles\/region-nord-pays-de-galles\/porthmadog\/\">Cliquez ici pour voir les images et les informations du parcours<\/a><\/p>\n\t<\/div>\r\n\t\r\n\t<p class=\"bgmp_list-link\">\r\n\t\t<a href=\"http:\/\/google.com\/maps?q=\">\r\n\t\t\t\t\t<\/a>\r\n\t<\/p>\r\n<\/li>\t<li id=\"bgmp_list-item-16127\" class=\"bgmp_list-item\">\r\n\t<h3 class=\"bgmp_list-placemark-title\">\r\n\t\tBorth and Ynyslas\t\t\r\n\t\t\t\t\t                                                <span class=\"bgmp_view-on-map-container\">\r\n                                                [<a href=\"javascript:;\" data-marker-id=\"16127\" class=\"bgmp_view-on-map\">\r\n                                                Voir                                                <\/a>]\r\n<\/span>\r\n\r\n\t\t\t<\/h3>\r\n\t\r\n\t<div class=\"bgmp_list-description\">\r\n\t\t\t\t<p><a title=\"Borth &amp; Ynyslas\" href=\"https:\/\/www.golftravellers.com\/fr\/destinations\/pays-de-galles\/parcours-de-golf-au-pays-de-galles\/region-nord-pays-de-galles\/borth-ynyslas\/\"><img loading=\"lazy\" decoding=\"async\" class=\"aligncenter size-full wp-image-5904\" src=\"https:\/\/www.golftravellers.com\/wp-content\/uploads\/2014\/07\/Golfers-putting-on-Borth-and-Ynyslas-golf-course.jpg\" alt=\"Golfeurs sur le parcours de Borth and Ynyslas golf course\" width=\"150\" height=\"100\" \/><\/a><\/p>\n<p><a title=\"Borth &amp; Ynyslas\" href=\"https:\/\/www.golftravellers.com\/fr\/destinations\/pays-de-galles\/parcours-de-golf-au-pays-de-galles\/region-nord-pays-de-galles\/borth-ynyslas\/\">Cliquez ici pour voir les images et les informations du parcours<\/a><\/p>\n\t<\/div>\r\n\t\r\n\t<p class=\"bgmp_list-link\">\r\n\t\t<a href=\"http:\/\/google.com\/maps?q=\">\r\n\t\t\t\t\t<\/a>\r\n\t<\/p>\r\n<\/li>\t<li id=\"bgmp_list-item-16132\" class=\"bgmp_list-item\">\r\n\t<h3 class=\"bgmp_list-placemark-title\">\r\n\t\tBull Bay\t\t\r\n\t\t\t\t\t                                                <span class=\"bgmp_view-on-map-container\">\r\n                                                [<a href=\"javascript:;\" data-marker-id=\"16132\" class=\"bgmp_view-on-map\">\r\n                                                Voir                                                <\/a>]\r\n<\/span>\r\n\r\n\t\t\t<\/h3>\r\n\t\r\n\t<div class=\"bgmp_list-description\">\r\n\t\t\t\t<p><a title=\"Bull Bay\" href=\"https:\/\/www.golftravellers.com\/fr\/destinations\/pays-de-galles\/parcours-de-golf-au-pays-de-galles\/region-nord-pays-de-galles\/bull-bay\/\"><img loading=\"lazy\" decoding=\"async\" class=\"aligncenter size-full wp-image-5895\" src=\"https:\/\/www.golftravellers.com\/wp-content\/uploads\/2014\/07\/18th-hole-on-Bull-Bay-golf-course.jpg\" alt=\"Trou 18 sur le parcours de Bull Bay\" width=\"150\" height=\"101\" \/><\/a><\/p>\n<p><a title=\"Bull Bay\" href=\"https:\/\/www.golftravellers.com\/fr\/destinations\/pays-de-galles\/parcours-de-golf-au-pays-de-galles\/region-nord-pays-de-galles\/bull-bay\/\">Cliquez ici pour voir les images et les informations du parcours<\/a><\/p>\n\t<\/div>\r\n\t\r\n\t<p class=\"bgmp_list-link\">\r\n\t\t<a href=\"http:\/\/google.com\/maps?q=\">\r\n\t\t\t\t\t<\/a>\r\n\t<\/p>\r\n<\/li>\t<li id=\"bgmp_list-item-16227\" class=\"bgmp_list-item\">\r\n\t<h3 class=\"bgmp_list-placemark-title\">\r\n\t\tLlandudno Maesdu\t\t\r\n\t\t\t\t\t                                                <span class=\"bgmp_view-on-map-container\">\r\n                                                [<a href=\"javascript:;\" data-marker-id=\"16227\" class=\"bgmp_view-on-map\">\r\n                                                Voir                                                <\/a>]\r\n<\/span>\r\n\r\n\t\t\t<\/h3>\r\n\t\r\n\t<div class=\"bgmp_list-description\">\r\n\t\t\t\t<p><a title=\"Llandudno Maesdu\" href=\"https:\/\/www.golftravellers.com\/fr\/destinations\/pays-de-galles\/parcours-de-golf-au-pays-de-galles\/region-nord-pays-de-galles\/llandudno-maesdu\/\"><img loading=\"lazy\" decoding=\"async\" class=\"aligncenter wp-image-5868 size-full\" src=\"https:\/\/www.golftravellers.com\/wp-content\/uploads\/2014\/07\/Par-3-on-Llandudno-Maesdu-golf-course-e1410862404654.jpeg\" alt=\"Par 3 sur le parcours de Llandudno Maesdu\" width=\"150\" height=\"76\" \/><\/a><\/p>\n<p><a title=\"Llandudno Maesdu\" href=\"https:\/\/www.golftravellers.com\/fr\/destinations\/pays-de-galles\/parcours-de-golf-au-pays-de-galles\/region-nord-pays-de-galles\/llandudno-maesdu\/\">Cliquez ici pour voir les images et les informations du parcours<\/a><\/p>\n\t<\/div>\r\n\t\r\n\t<p class=\"bgmp_list-link\">\r\n\t\t<a href=\"http:\/\/google.com\/maps?q=\">\r\n\t\t\t\t\t<\/a>\r\n\t<\/p>\r\n<\/li>\t<li id=\"bgmp_list-item-16202\" class=\"bgmp_list-item\">\r\n\t<h3 class=\"bgmp_list-placemark-title\">\r\n\t\tHolyhead\t\t\r\n\t\t\t\t\t                                                <span class=\"bgmp_view-on-map-container\">\r\n                                                [<a href=\"javascript:;\" data-marker-id=\"16202\" class=\"bgmp_view-on-map\">\r\n                                                Voir                                                <\/a>]\r\n<\/span>\r\n\r\n\t\t\t<\/h3>\r\n\t\r\n\t<div class=\"bgmp_list-description\">\r\n\t\t\t\t<p><a title=\"Holyhead\" href=\"https:\/\/www.golftravellers.com\/fr\/destinations\/pays-de-galles\/parcours-de-golf-au-pays-de-galles\/region-nord-pays-de-galles\/holyhead\/\"><img loading=\"lazy\" decoding=\"async\" class=\"aligncenter size-full wp-image-5877\" src=\"https:\/\/www.golftravellers.com\/wp-content\/uploads\/2014\/07\/Holes-on-Holyhead-golf-course.jpg\" alt=\"Trous sur le parcours de Holyhead\" width=\"150\" height=\"95\" \/><\/a><\/p>\n<p><a title=\"Holyhead\" href=\"https:\/\/www.golftravellers.com\/fr\/destinations\/pays-de-galles\/parcours-de-golf-au-pays-de-galles\/region-nord-pays-de-galles\/holyhead\/\">Cliquez ici pour voir les images et les informations du parcours<\/a><\/p>\n\t<\/div>\r\n\t\r\n\t<p class=\"bgmp_list-link\">\r\n\t\t<a href=\"http:\/\/google.com\/maps?q=\">\r\n\t\t\t\t\t<\/a>\r\n\t<\/p>\r\n<\/li>\t<li id=\"bgmp_list-item-31561\" class=\"bgmp_list-item\">\r\n\t<h3 class=\"bgmp_list-placemark-title\">\r\n\t\tVale of Llangollen\t\t\r\n\t\t\t\t\t                                                <span class=\"bgmp_view-on-map-container\">\r\n                                                [<a href=\"javascript:;\" data-marker-id=\"31561\" class=\"bgmp_view-on-map\">\r\n                                                Voir                                                <\/a>]\r\n<\/span>\r\n\r\n\t\t\t<\/h3>\r\n\t\r\n\t<div class=\"bgmp_list-description\">\r\n\t\t\t\t<p><a href=\"https:\/\/www.golftravellers.com\/destinations\/wales\/golf-courses-in-wales\/north-region-wales\/vale-of-llangollen\/\"><img loading=\"lazy\" decoding=\"async\" class=\"aligncenter size-full wp-image-31554\" src=\"https:\/\/www.golftravellers.com\/wp-content\/uploads\/2016\/11\/vale-of-llangollen-golf.jpg\" alt=\"Vale of Llangollen Golf\" width=\"150\" height=\"100\" \/><\/a><\/p>\n<p><a href=\"https:\/\/www.golftravellers.com\/destinations\/wales\/golf-courses-in-wales\/north-region-wales\/vale-of-llangollen\/\">Cliquez ici pour voir les images et les informations du parcours<\/a><\/p>\n\t<\/div>\r\n\t\r\n\t<p class=\"bgmp_list-link\">\r\n\t\t<a href=\"http:\/\/google.com\/maps?q=\">\r\n\t\t\t\t\t<\/a>\r\n\t<\/p>\r\n<\/li>\t<\/ul>\n<\/div>\n","protected":false},"excerpt":{"rendered":"<p>Nous conseillons les a\u00e9roports de Liverpool ou Cardiff pour acc\u00e9der aux beaux parcours de cette r\u00e9gion. Plusieurs terrains sont parmi les meilleurs du pays comme le Royal St David&rsquo;s class\u00e9 2\u00e8me, Aberdovey class\u00e9 3\u00e8me et Nefyn &amp; District avec son site spectaculaire sur une p\u00e9ninsule. R\u00e9gions des parcours R\u00e9gion nord R\u00e9gion sud Les parcours<\/p>\n","protected":false},"author":10,"featured_media":32628,"parent":265,"menu_order":0,"comment_status":"open","ping_status":"open","template":"","meta":{"_genesis_hide_title":false,"_genesis_hide_breadcrumbs":false,"_genesis_hide_singular_image":false,"_genesis_hide_footer_widgets":false,"_genesis_custom_body_class":"","_genesis_custom_post_class":"","_genesis_layout":"full-width-content","footnotes":""},"class_list":{"0":"post-2437","1":"page","2":"type-page","3":"status-publish","4":"has-post-thumbnail","6":"entry"},"_links":{"self":[{"href":"https:\/\/www.golftravellers.com\/fr\/wp-json\/wp\/v2\/pages\/2437","targetHints":{"allow":["GET"]}}],"collection":[{"href":"https:\/\/www.golftravellers.com\/fr\/wp-json\/wp\/v2\/pages"}],"about":[{"href":"https:\/\/www.golftravellers.com\/fr\/wp-json\/wp\/v2\/types\/page"}],"author":[{"embeddable":true,"href":"https:\/\/www.golftravellers.com\/fr\/wp-json\/wp\/v2\/users\/10"}],"replies":[{"embeddable":true,"href":"https:\/\/www.golftravellers.com\/fr\/wp-json\/wp\/v2\/comments?post=2437"}],"version-history":[{"count":16,"href":"https:\/\/www.golftravellers.com\/fr\/wp-json\/wp\/v2\/pages\/2437\/revisions"}],"predecessor-version":[{"id":43680,"href":"https:\/\/www.golftravellers.com\/fr\/wp-json\/wp\/v2\/pages\/2437\/revisions\/43680"}],"up":[{"embeddable":true,"href":"https:\/\/www.golftravellers.com\/fr\/wp-json\/wp\/v2\/pages\/265"}],"wp:featuredmedia":[{"embeddable":true,"href":"https:\/\/www.golftravellers.com\/fr\/wp-json\/wp\/v2\/media\/32628"}],"wp:attachment":[{"href":"https:\/\/www.golftravellers.com\/fr\/wp-json\/wp\/v2\/media?parent=2437"}],"curies":[{"name":"wp","href":"https:\/\/api.w.org\/{rel}","templated":true}]}}