{"id":2432,"date":"2014-06-13T11:36:42","date_gmt":"2014-06-13T10:36:42","guid":{"rendered":"http:\/\/www.golftravellers.com\/?page_id=2432"},"modified":"2025-07-17T14:16:06","modified_gmt":"2025-07-17T13:16:06","slug":"region-sud-ouest","status":"publish","type":"page","link":"https:\/\/www.golftravellers.com\/fr\/destinations\/angleterre\/parcours-de-golf-en-angleterre\/region-sud-ouest\/","title":{"rendered":"R\u00e9gion sud-ouest en Cornouailles"},"content":{"rendered":"<div class=\"two-thirds first\">\n<p>Une jolie partie de l&rsquo;Angleterre, avec la r\u00e9gion de Cornouailles qui regroupe de magnifiques parcours \u00ab\u00a0links\u00a0\u00bb, pour organiser un s\u00e9jour d&rsquo;une semaine comprenant, par exemple, le Royal North Devon, Saunton et St Enodoc.<\/p>\n<p class=\"error\">Basic Google Maps Placemarks erreur : les fichiers JavaScript et\/ou CSS n'ont pas pu \u00eatre chargez. SI vous utilisez la fonction do_shortcode(), vous devez ajouter un filtre \u00e0 votre th\u00e8me. <a href=\"http:\/\/wordpress.org\/extend\/plugins\/basic-google-maps-placemarks\/faq\/\">the FAQ<\/a>Plus de d\u00e9tails.<\/p>\n<\/div>\n<div class=\"one-third\">\n<h2>R\u00e9gions des parcours<\/h2>\n<ul>\n<li><a href=\"https:\/\/www.golftravellers.com\/fr\/destinations\/angleterre\/parcours-de-golf-en-angleterre\/region-de-londres\/#london\">R\u00e9gion de Londres<\/a><\/li>\n<li><a href=\"https:\/\/www.golftravellers.com\/fr\/destinations\/angleterre\/parcours-de-golf-en-angleterre\/region-des-midlands\/#midlands\">R\u00e9gion des Midlands<\/a><\/li>\n<li><a href=\"https:\/\/www.golftravellers.com\/fr\/destinations\/angleterre\/parcours-de-golf-en-angleterre\/region-nord-angleterre\/#north\">R\u00e9gion nord<\/a><\/li>\n<li><a href=\"https:\/\/www.golftravellers.com\/fr\/destinations\/angleterre\/parcours-de-golf-en-angleterre\/region-sud-est\/#southeast\">R\u00e9gion sud-est<\/a><\/li>\n<li><a href=\"https:\/\/www.golftravellers.com\/fr\/destinations\/angleterre\/parcours-de-golf-en-angleterre\/region-sud-ouest\/#southwest\">R\u00e9gion sud-ouest<\/a><\/li>\n<\/ul>\n<h2>Les parcours<\/h2>\n<ul id=\"bgmp_list\" class=\"bgmp_list\"><li id=\"bgmp_list-item-16128\" class=\"bgmp_list-item\">\n\t<h3 class=\"bgmp_list-placemark-title\">\n\t\tBroadstone\n\t\t\t\t\t<span class=\"bgmp_view-on-map-container\">\n\t\t\t\t[<a href=\"javascript:;\" data-marker-id=\"16128\" class=\"bgmp_view-on-map\">\n\t\t\t\t\tVoir sur la carte\t\t\t\t<\/a>]\n\t\t\t<\/span>\n\t\t\t<\/h3>\n\n\t<div class=\"bgmp_list-description\">\n\t\t\t\t<p><a title=\"Broadstone\" href=\"https:\/\/www.golftravellers.com\/fr\/destinations\/angleterre\/parcours-de-golf-en-angleterre\/region-sud-ouest\/broadstone\/\"><img loading=\"lazy\" decoding=\"async\" class=\"aligncenter size-full wp-image-7083\" src=\"https:\/\/www.golftravellers.com\/wp-content\/uploads\/2014\/08\/18th-hole-and-clubhouse-of-the-Broadstone-golf-course.jpg\" alt=\"Trou 18 et clubhouse sur le parcours de Broadstone\" width=\"150\" height=\"96\" \/><\/a><\/p>\n<p><a title=\"Broadstone\" href=\"https:\/\/www.golftravellers.com\/fr\/destinations\/angleterre\/parcours-de-golf-en-angleterre\/region-sud-ouest\/broadstone\/\">Cliquez ici pour voir les images et les informations du parcours<\/a><\/p>\n\t<\/div>\n\n\t<p class=\"bgmp_list-link\">\n\t\t<a href=\"http:\/\/google.com\/maps?q=\">\n\t\t\t\t\t<\/a>\n\t<\/p>\n<\/li>\n<li id=\"bgmp_list-item-16681\" class=\"bgmp_list-item\">\n\t<h3 class=\"bgmp_list-placemark-title\">\n\t\tBurnham and Berrow\n\t\t\t\t\t<span class=\"bgmp_view-on-map-container\">\n\t\t\t\t[<a href=\"javascript:;\" data-marker-id=\"16681\" class=\"bgmp_view-on-map\">\n\t\t\t\t\tVoir sur la carte\t\t\t\t<\/a>]\n\t\t\t<\/span>\n\t\t\t<\/h3>\n\n\t<div class=\"bgmp_list-description\">\n\t\t\t\t<p><a title=\"Burnham &amp; Berrow\" href=\"https:\/\/www.golftravellers.com\/fr\/destinations\/angleterre\/parcours-de-golf-en-angleterre\/region-sud-ouest\/burnham-berrow\/\"><img loading=\"lazy\" decoding=\"async\" class=\"aligncenter size-full wp-image-16667\" src=\"https:\/\/www.golftravellers.com\/wp-content\/uploads\/2014\/11\/Elevated-green-and-tower-on-the-Burnham-and-Berrow-golf-course.jpg\" alt=\"Green and tower at Berham and Berrow golf course\" width=\"150\" height=\"80\" \/><\/a><br \/><a title=\"Burnham &amp; Berrow\" href=\"https:\/\/www.golftravellers.com\/fr\/destinations\/angleterre\/parcours-de-golf-en-angleterre\/region-sud-ouest\/burnham-berrow\/\">Cliquez ici pour voir les images et les informations du parcours<\/a><\/p>\n\t<\/div>\n\n\t<p class=\"bgmp_list-link\">\n\t\t<a href=\"http:\/\/google.com\/maps?q=\">\n\t\t\t\t\t<\/a>\n\t<\/p>\n<\/li>\n<li id=\"bgmp_list-item-16699\" class=\"bgmp_list-item\">\n\t<h3 class=\"bgmp_list-placemark-title\">\n\t\tFerndown \u00ab\u00a0Old\u00a0\u00bb\n\t\t\t\t\t<span class=\"bgmp_view-on-map-container\">\n\t\t\t\t[<a href=\"javascript:;\" data-marker-id=\"16699\" class=\"bgmp_view-on-map\">\n\t\t\t\t\tVoir sur la carte\t\t\t\t<\/a>]\n\t\t\t<\/span>\n\t\t\t<\/h3>\n\n\t<div class=\"bgmp_list-description\">\n\t\t\t\t<p><a title=\"Ferndown \u201cOld\u201d\" href=\"https:\/\/www.golftravellers.com\/fr\/destinations\/angleterre\/parcours-de-golf-en-angleterre\/region-sud-ouest\/ferndown-old\/\"><img loading=\"lazy\" decoding=\"async\" class=\"alignnone size-full wp-image-16688\" src=\"https:\/\/www.golftravellers.com\/wp-content\/uploads\/2014\/11\/Green-on-the-Ferndown-golf-course.jpg\" alt=\"Green sur le parcours de Ferndown\" width=\"150\" height=\"108\" \/><\/a><\/p>\n<p><a title=\"Ferndown \u201cOld\u201d\" href=\"https:\/\/www.golftravellers.com\/fr\/destinations\/angleterre\/parcours-de-golf-en-angleterre\/region-sud-ouest\/ferndown-old\/\">Cliquez ici pour voir les images et les informations du parcours<\/a><\/p>\n\t<\/div>\n\n\t<p class=\"bgmp_list-link\">\n\t\t<a href=\"http:\/\/google.com\/maps?q=\">\n\t\t\t\t\t<\/a>\n\t<\/p>\n<\/li>\n<li id=\"bgmp_list-item-16207\" class=\"bgmp_list-item\">\n\t<h3 class=\"bgmp_list-placemark-title\">\n\t\tIsle of Purbeck\n\t\t\t\t\t<span class=\"bgmp_view-on-map-container\">\n\t\t\t\t[<a href=\"javascript:;\" data-marker-id=\"16207\" class=\"bgmp_view-on-map\">\n\t\t\t\t\tVoir sur la carte\t\t\t\t<\/a>]\n\t\t\t<\/span>\n\t\t\t<\/h3>\n\n\t<div class=\"bgmp_list-description\">\n\t\t\t\t<p><a title=\"Isle of Purbeck\" href=\"https:\/\/www.golftravellers.com\/fr\/destinations\/angleterre\/parcours-de-golf-en-angleterre\/region-sud-ouest\/isle-of-purbeck\/\"><img loading=\"lazy\" decoding=\"async\" class=\"aligncenter size-full wp-image-7110\" src=\"https:\/\/www.golftravellers.com\/wp-content\/uploads\/2014\/08\/18th-hole-at-the-Isle-of-Purbeck-golf-course.jpg\" alt=\"Trou 18 sur le parcours de Isle of Purbeck\" width=\"150\" height=\"100\" \/><\/a><\/p>\n<p><a title=\"Isle of Purbeck\" href=\"https:\/\/www.golftravellers.com\/fr\/destinations\/angleterre\/parcours-de-golf-en-angleterre\/region-sud-ouest\/isle-of-purbeck\/\">Cliquez ici pour voir les images et les informations du parcours<\/a><\/p>\n\t<\/div>\n\n\t<p class=\"bgmp_list-link\">\n\t\t<a href=\"http:\/\/google.com\/maps?q=\">\n\t\t\t\t\t<\/a>\n\t<\/p>\n<\/li>\n<li id=\"bgmp_list-item-16248\" class=\"bgmp_list-item\">\n\t<h3 class=\"bgmp_list-placemark-title\">\n\t\tParkstone\n\t\t\t\t\t<span class=\"bgmp_view-on-map-container\">\n\t\t\t\t[<a href=\"javascript:;\" data-marker-id=\"16248\" class=\"bgmp_view-on-map\">\n\t\t\t\t\tVoir sur la carte\t\t\t\t<\/a>]\n\t\t\t<\/span>\n\t\t\t<\/h3>\n\n\t<div class=\"bgmp_list-description\">\n\t\t\t\t<p><a title=\"Parkstone\" href=\"https:\/\/www.golftravellers.com\/fr\/destinations\/angleterre\/parcours-de-golf-en-angleterre\/region-sud-ouest\/parkstone\/\"><img loading=\"lazy\" decoding=\"async\" class=\"aligncenter size-full wp-image-7119\" src=\"https:\/\/www.golftravellers.com\/wp-content\/uploads\/2014\/08\/Elevated-green-on-the-Parkstone-golf-course.jpg\" alt=\"Green sur\u00e9lev\u00e9 sur le parcours de Parkstone\" width=\"150\" height=\"100\" \/><\/a><\/p>\n<p><a title=\"Parkstone\" href=\"https:\/\/www.golftravellers.com\/fr\/destinations\/angleterre\/parcours-de-golf-en-angleterre\/region-sud-ouest\/parkstone\/\">Cliquez ici pour voir les images et les informations du parcours<\/a><\/p>\n\t<\/div>\n\n\t<p class=\"bgmp_list-link\">\n\t\t<a href=\"http:\/\/google.com\/maps?q=\">\n\t\t\t\t\t<\/a>\n\t<\/p>\n<\/li>\n<li id=\"bgmp_list-item-16268\" class=\"bgmp_list-item\">\n\t<h3 class=\"bgmp_list-placemark-title\">\n\t\tRoyal North Devon\n\t\t\t\t\t<span class=\"bgmp_view-on-map-container\">\n\t\t\t\t[<a href=\"javascript:;\" data-marker-id=\"16268\" class=\"bgmp_view-on-map\">\n\t\t\t\t\tVoir sur la carte\t\t\t\t<\/a>]\n\t\t\t<\/span>\n\t\t\t<\/h3>\n\n\t<div class=\"bgmp_list-description\">\n\t\t\t\t<p><a title=\"Royal North Devon\" href=\"https:\/\/www.golftravellers.com\/fr\/destinations\/angleterre\/parcours-de-golf-en-angleterre\/region-sud-ouest\/royal-north-devon\/\"><img loading=\"lazy\" decoding=\"async\" class=\"aligncenter size-full wp-image-7128\" src=\"https:\/\/www.golftravellers.com\/wp-content\/uploads\/2014\/08\/Clubhouse-at-the-Royal-North-Devon-golf-club.jpg\" alt=\"Clubhouse sur le parcours du Royal North Devon\" width=\"150\" height=\"100\" \/><\/a><\/p>\n<p><a title=\"Royal North Devon\" href=\"https:\/\/www.golftravellers.com\/fr\/destinations\/angleterre\/parcours-de-golf-en-angleterre\/region-sud-ouest\/royal-north-devon\/\">Cliquez ici pour voir les images et les informations du parcours<\/a><\/p>\n\t<\/div>\n\n\t<p class=\"bgmp_list-link\">\n\t\t<a href=\"http:\/\/google.com\/maps?q=\">\n\t\t\t\t\t<\/a>\n\t<\/p>\n<\/li>\n<li id=\"bgmp_list-item-16286\" class=\"bgmp_list-item\">\n\t<h3 class=\"bgmp_list-placemark-title\">\n\t\tSaunton (East)\n\t\t\t\t\t<span class=\"bgmp_view-on-map-container\">\n\t\t\t\t[<a href=\"javascript:;\" data-marker-id=\"16286\" class=\"bgmp_view-on-map\">\n\t\t\t\t\tVoir sur la carte\t\t\t\t<\/a>]\n\t\t\t<\/span>\n\t\t\t<\/h3>\n\n\t<div class=\"bgmp_list-description\">\n\t\t\t\t<p><a title=\"Saunton \u201cEast\u201d\" href=\"https:\/\/www.golftravellers.com\/fr\/destinations\/angleterre\/parcours-de-golf-en-angleterre\/region-sud-ouest\/saunton-east\/\"><img loading=\"lazy\" decoding=\"async\" class=\"aligncenter size-full wp-image-7137\" src=\"https:\/\/www.golftravellers.com\/wp-content\/uploads\/2014\/08\/18th-green-of-the-East-course-at-Saunton-golf-club.jpg\" alt=\"Green du 18 sur le parcours de Saunton\" width=\"150\" height=\"100\" \/><\/a><\/p>\n<p><a title=\"Saunton \u201cEast\u201d\" href=\"https:\/\/www.golftravellers.com\/fr\/destinations\/angleterre\/parcours-de-golf-en-angleterre\/region-sud-ouest\/saunton-east\/\">Cliquez ici pour voir les images et les informations du parcours<\/a><\/p>\n\t<\/div>\n\n\t<p class=\"bgmp_list-link\">\n\t\t<a href=\"http:\/\/google.com\/maps?q=\">\n\t\t\t\t\t<\/a>\n\t<\/p>\n<\/li>\n<li id=\"bgmp_list-item-16287\" class=\"bgmp_list-item\">\n\t<h3 class=\"bgmp_list-placemark-title\">\n\t\tSaunton (West)\n\t\t\t\t\t<span class=\"bgmp_view-on-map-container\">\n\t\t\t\t[<a href=\"javascript:;\" data-marker-id=\"16287\" class=\"bgmp_view-on-map\">\n\t\t\t\t\tVoir sur la carte\t\t\t\t<\/a>]\n\t\t\t<\/span>\n\t\t\t<\/h3>\n\n\t<div class=\"bgmp_list-description\">\n\t\t\t\t<p><a title=\"Saunton \u201cWest\u201d\" href=\"https:\/\/www.golftravellers.com\/fr\/destinations\/angleterre\/parcours-de-golf-en-angleterre\/region-sud-ouest\/saunton-west\/\"><img loading=\"lazy\" decoding=\"async\" class=\"aligncenter size-full wp-image-7146\" src=\"https:\/\/www.golftravellers.com\/wp-content\/uploads\/2014\/08\/Green-and-dunes-on-the-West-course-at-Saunton-golf-club.jpg\" alt=\"Green et dunes sur le parcours de Saunton\" width=\"150\" height=\"98\" \/><\/a><\/p>\n<p><a title=\"Saunton \u201cWest\u201d\" href=\"https:\/\/www.golftravellers.com\/fr\/destinations\/angleterre\/parcours-de-golf-en-angleterre\/region-sud-ouest\/saunton-west\/\">Cliquez ici pour voir les images et les informations du parcours<\/a><\/p>\n\t<\/div>\n\n\t<p class=\"bgmp_list-link\">\n\t\t<a href=\"http:\/\/google.com\/maps?q=\">\n\t\t\t\t\t<\/a>\n\t<\/p>\n<\/li>\n<li id=\"bgmp_list-item-16308\" class=\"bgmp_list-item\">\n\t<h3 class=\"bgmp_list-placemark-title\">\n\t\tSt Enodoc (Church)\n\t\t\t\t\t<span class=\"bgmp_view-on-map-container\">\n\t\t\t\t[<a href=\"javascript:;\" data-marker-id=\"16308\" class=\"bgmp_view-on-map\">\n\t\t\t\t\tVoir sur la carte\t\t\t\t<\/a>]\n\t\t\t<\/span>\n\t\t\t<\/h3>\n\n\t<div class=\"bgmp_list-description\">\n\t\t\t\t<p><a title=\"St Enodoc (Church)\" href=\"https:\/\/www.golftravellers.com\/fr\/destinations\/angleterre\/parcours-de-golf-en-angleterre\/region-sud-ouest\/st-enodoc-church\/\"><img loading=\"lazy\" decoding=\"async\" class=\"aligncenter size-full wp-image-7155\" src=\"https:\/\/www.golftravellers.com\/wp-content\/uploads\/2014\/08\/Downhill-hole-on-the-Church-course-at-St-Enodoc-golf-club.jpg\" alt=\"Parcours de St Enodoc\" width=\"150\" height=\"100\" \/><\/a><\/p>\n<p><a title=\"St Enodoc (Church)\" href=\"https:\/\/www.golftravellers.com\/fr\/destinations\/angleterre\/parcours-de-golf-en-angleterre\/region-sud-ouest\/st-enodoc-church\/\">Cliquez ici pour voir les images et les informations du parcours<\/a><\/p>\n\t<\/div>\n\n\t<p class=\"bgmp_list-link\">\n\t\t<a href=\"http:\/\/google.com\/maps?q=\">\n\t\t\t\t\t<\/a>\n\t<\/p>\n<\/li>\n<li id=\"bgmp_list-item-16310\" class=\"bgmp_list-item\">\n\t<h3 class=\"bgmp_list-placemark-title\">\n\t\tSt Mellion (Nicklaus)\n\t\t\t\t\t<span class=\"bgmp_view-on-map-container\">\n\t\t\t\t[<a href=\"javascript:;\" data-marker-id=\"16310\" class=\"bgmp_view-on-map\">\n\t\t\t\t\tVoir sur la carte\t\t\t\t<\/a>]\n\t\t\t<\/span>\n\t\t\t<\/h3>\n\n\t<div class=\"bgmp_list-description\">\n\t\t\t\t<p><a title=\"St Mellion (Nicklaus)\" href=\"https:\/\/www.golftravellers.com\/fr\/destinations\/angleterre\/parcours-de-golf-en-angleterre\/region-sud-ouest\/st-mellion-nicklaus\/\"><img loading=\"lazy\" decoding=\"async\" class=\"aligncenter size-full wp-image-7164\" src=\"https:\/\/www.golftravellers.com\/wp-content\/uploads\/2014\/08\/Green-and-river-on-the-St-Mellion-golf-course.jpg\" alt=\"Green et riviere sur le parcours de St Mellion\" width=\"150\" height=\"108\" \/><\/a><\/p>\n<p><a title=\"St Mellion (Nicklaus)\" href=\"https:\/\/www.golftravellers.com\/fr\/destinations\/angleterre\/parcours-de-golf-en-angleterre\/region-sud-ouest\/st-mellion-nicklaus\/\">Cliquez ici pour voir les images et les informations du parcours<\/a><\/p>\n\t<\/div>\n\n\t<p class=\"bgmp_list-link\">\n\t\t<a href=\"http:\/\/google.com\/maps?q=\">\n\t\t\t\t\t<\/a>\n\t<\/p>\n<\/li>\n<li id=\"bgmp_list-item-16339\" class=\"bgmp_list-item\">\n\t<h3 class=\"bgmp_list-placemark-title\">\n\t\tTrevose\n\t\t\t\t\t<span class=\"bgmp_view-on-map-container\">\n\t\t\t\t[<a href=\"javascript:;\" data-marker-id=\"16339\" class=\"bgmp_view-on-map\">\n\t\t\t\t\tVoir sur la carte\t\t\t\t<\/a>]\n\t\t\t<\/span>\n\t\t\t<\/h3>\n\n\t<div class=\"bgmp_list-description\">\n\t\t\t\t<p><a title=\"Trevose\" href=\"https:\/\/www.golftravellers.com\/fr\/destinations\/angleterre\/parcours-de-golf-en-angleterre\/region-sud-ouest\/trevose\/\"><img loading=\"lazy\" decoding=\"async\" class=\"aligncenter size-full wp-image-7173\" src=\"https:\/\/www.golftravellers.com\/wp-content\/uploads\/2014\/08\/Waves-of-the-Atlantic-Ocean-in-the-background-on-the-Championship-golf-course-at-Trevose-golf-club.jpg\" alt=\"Vagues dans l'oc\u00e9an Atlantique sur le parcours de Trevose\" width=\"150\" height=\"106\" \/><\/a><\/p>\n<p><a title=\"Trevose\" href=\"https:\/\/www.golftravellers.com\/fr\/destinations\/angleterre\/parcours-de-golf-en-angleterre\/region-sud-ouest\/trevose\/\">Cliquez ici pour voir les images et les informations du parcours<\/a><\/p>\n\t<\/div>\n\n\t<p class=\"bgmp_list-link\">\n\t\t<a href=\"http:\/\/google.com\/maps?q=\">\n\t\t\t\t\t<\/a>\n\t<\/p>\n<\/li>\n<\/ul>\n<\/div>\n","protected":false},"excerpt":{"rendered":"<p>Une jolie partie de l&rsquo;Angleterre, avec la r\u00e9gion de Cornouailles qui regroupe de magnifiques parcours \u00ab\u00a0links\u00a0\u00bb, pour organiser un s\u00e9jour d&rsquo;une semaine comprenant, par exemple, le Royal North Devon, Saunton et St Enodoc. R\u00e9gions des parcours R\u00e9gion de Londres R\u00e9gion des Midlands R\u00e9gion nord R\u00e9gion sud-est R\u00e9gion sud-ouest Les parcours<\/p>\n","protected":false},"author":10,"featured_media":32590,"parent":255,"menu_order":50,"comment_status":"open","ping_status":"closed","template":"","meta":{"_genesis_hide_title":false,"_genesis_hide_breadcrumbs":false,"_genesis_hide_singular_image":false,"_genesis_hide_footer_widgets":false,"_genesis_custom_body_class":"","_genesis_custom_post_class":"","_genesis_layout":"full-width-content","footnotes":""},"class_list":{"0":"post-2432","1":"page","2":"type-page","3":"status-publish","4":"has-post-thumbnail","6":"entry"},"_links":{"self":[{"href":"https:\/\/www.golftravellers.com\/fr\/wp-json\/wp\/v2\/pages\/2432","targetHints":{"allow":["GET"]}}],"collection":[{"href":"https:\/\/www.golftravellers.com\/fr\/wp-json\/wp\/v2\/pages"}],"about":[{"href":"https:\/\/www.golftravellers.com\/fr\/wp-json\/wp\/v2\/types\/page"}],"author":[{"embeddable":true,"href":"https:\/\/www.golftravellers.com\/fr\/wp-json\/wp\/v2\/users\/10"}],"replies":[{"embeddable":true,"href":"https:\/\/www.golftravellers.com\/fr\/wp-json\/wp\/v2\/comments?post=2432"}],"version-history":[{"count":24,"href":"https:\/\/www.golftravellers.com\/fr\/wp-json\/wp\/v2\/pages\/2432\/revisions"}],"predecessor-version":[{"id":43691,"href":"https:\/\/www.golftravellers.com\/fr\/wp-json\/wp\/v2\/pages\/2432\/revisions\/43691"}],"up":[{"embeddable":true,"href":"https:\/\/www.golftravellers.com\/fr\/wp-json\/wp\/v2\/pages\/255"}],"wp:featuredmedia":[{"embeddable":true,"href":"https:\/\/www.golftravellers.com\/fr\/wp-json\/wp\/v2\/media\/32590"}],"wp:attachment":[{"href":"https:\/\/www.golftravellers.com\/fr\/wp-json\/wp\/v2\/media?parent=2432"}],"curies":[{"name":"wp","href":"https:\/\/api.w.org\/{rel}","templated":true}]}}