{"id":2430,"date":"2014-05-13T11:36:12","date_gmt":"2014-05-13T10:36:12","guid":{"rendered":"http:\/\/www.golftravellers.com\/?page_id=2430"},"modified":"2025-07-17T14:14:54","modified_gmt":"2025-07-17T13:14:54","slug":"region-sud-est","status":"publish","type":"page","link":"https:\/\/www.golftravellers.com\/fr\/destinations\/angleterre\/parcours-de-golf-en-angleterre\/region-sud-est\/","title":{"rendered":"R\u00e9gion sud-est du Kent"},"content":{"rendered":"<div class=\"two-thirds first\">\n<p>De nombreux golfeurs sont attir\u00e9s par la r\u00e9gion du Kent car elle poss\u00e8de d&rsquo;excellents parcours dans les terres et de type \u00ab\u00a0links\u00a0\u00bb. De plus, ils sont proches de Londres, de la France et de la Belgique. Le plus prestigieux \u00e9tant le Royal St George&rsquo;s qui a accueilli le British Open \u00e0 plusieurs reprises.<\/p>\n<p class=\"error\">Basic Google Maps Placemarks erreur : les fichiers JavaScript et\/ou CSS n'ont pas pu \u00eatre chargez. SI vous utilisez la fonction do_shortcode(), vous devez ajouter un filtre \u00e0 votre th\u00e8me. <a href=\"http:\/\/wordpress.org\/extend\/plugins\/basic-google-maps-placemarks\/faq\/\">the FAQ<\/a>Plus de d\u00e9tails.<\/p>\n<\/div>\n<div class=\"one-third\">\n<h2>R\u00e9gions des parcours<\/h2>\n<ul>\n<li><a href=\"https:\/\/www.golftravellers.com\/fr\/destinations\/angleterre\/parcours-de-golf-en-angleterre\/region-de-londres\/#london\">R\u00e9gion de Londres<\/a><\/li>\n<li><a href=\"https:\/\/www.golftravellers.com\/fr\/destinations\/angleterre\/parcours-de-golf-en-angleterre\/region-des-midlands\/#midlands\">R\u00e9gion des Midlands<\/a><\/li>\n<li><a href=\"https:\/\/www.golftravellers.com\/fr\/destinations\/angleterre\/parcours-de-golf-en-angleterre\/region-nord-angleterre\/#north\">R\u00e9gion nord<\/a><\/li>\n<li><a href=\"https:\/\/www.golftravellers.com\/fr\/destinations\/angleterre\/parcours-de-golf-en-angleterre\/region-sud-est\/#southeast\">R\u00e9gion sud-est<\/a><\/li>\n<li><a href=\"https:\/\/www.golftravellers.com\/fr\/destinations\/angleterre\/parcours-de-golf-en-angleterre\/region-sud-ouest\/#southwest\">R\u00e9gion sud-ouest<\/a><\/li>\n<\/ul>\n<h2>Les parcours<\/h2>\n<ul id=\"bgmp_list\" class=\"bgmp_list\"><li id=\"bgmp_list-item-16137\" class=\"bgmp_list-item\">\n\t<h3 class=\"bgmp_list-placemark-title\">\n\t\tChart Hills\n\t\t\t\t\t<span class=\"bgmp_view-on-map-container\">\n\t\t\t\t[<a href=\"javascript:;\" data-marker-id=\"16137\" class=\"bgmp_view-on-map\">\n\t\t\t\t\tVoir sur la carte\t\t\t\t<\/a>]\n\t\t\t<\/span>\n\t\t\t<\/h3>\n\n\t<div class=\"bgmp_list-description\">\n\t\t\t\t<p><a title=\"Chart Hills\" href=\"https:\/\/www.golftravellers.com\/fr\/destinations\/angleterre\/parcours-de-golf-en-angleterre\/region-sud-est\/chart-hills\/\"><img loading=\"lazy\" decoding=\"async\" class=\"aligncenter size-full wp-image-7254\" src=\"https:\/\/www.golftravellers.com\/wp-content\/uploads\/2014\/08\/Lake-and-hole-on-the-Chart-Hills-golf-course.jpg\" alt=\"Lac et trou sur le parcours de Chart Hills\" width=\"150\" height=\"111\" \/><\/a><\/p>\n<p><a title=\"Chart Hills\" href=\"https:\/\/www.golftravellers.com\/fr\/destinations\/angleterre\/parcours-de-golf-en-angleterre\/region-sud-est\/chart-hills\/\">Cliquez ici pour voir les images et les informations du parcours<\/a><\/p>\n\t<\/div>\n\n\t<p class=\"bgmp_list-link\">\n\t\t<a href=\"http:\/\/google.com\/maps?q=\">\n\t\t\t\t\t<\/a>\n\t<\/p>\n<\/li>\n<li id=\"bgmp_list-item-16180\" class=\"bgmp_list-item\">\n\t<h3 class=\"bgmp_list-placemark-title\">\n\t\tEast Sussex National\n\t\t\t\t\t<span class=\"bgmp_view-on-map-container\">\n\t\t\t\t[<a href=\"javascript:;\" data-marker-id=\"16180\" class=\"bgmp_view-on-map\">\n\t\t\t\t\tVoir sur la carte\t\t\t\t<\/a>]\n\t\t\t<\/span>\n\t\t\t<\/h3>\n\n\t<div class=\"bgmp_list-description\">\n\t\t\t\t<p><a title=\"East Sussex National\" href=\"https:\/\/www.golftravellers.com\/fr\/destinations\/angleterre\/parcours-de-golf-en-angleterre\/region-sud-est\/east-sussex-national\/\"><img loading=\"lazy\" decoding=\"async\" class=\"alignnone wp-image-7245 size-full\" src=\"https:\/\/www.golftravellers.com\/wp-content\/uploads\/2014\/08\/Lake-green-and-clubhouse-on-the-East-Sussex-National-golf-course-e1410861801659.jpg\" alt=\"Lac, green et clubhouse sur le parcours de East Sussex National\" width=\"150\" height=\"80\" \/><\/a><\/p>\n<p><a title=\"East Sussex National\" href=\"https:\/\/www.golftravellers.com\/fr\/destinations\/angleterre\/parcours-de-golf-en-angleterre\/region-sud-est\/east-sussex-national\/\">Cliquez ici pour voir les images et les informations du parcours<\/a><\/p>\n\t<\/div>\n\n\t<p class=\"bgmp_list-link\">\n\t\t<a href=\"http:\/\/google.com\/maps?q=\">\n\t\t\t\t\t<\/a>\n\t<\/p>\n<\/li>\n<li id=\"bgmp_list-item-16226\" class=\"bgmp_list-item\">\n\t<h3 class=\"bgmp_list-placemark-title\">\n\t\tLittlestone\n\t\t\t\t\t<span class=\"bgmp_view-on-map-container\">\n\t\t\t\t[<a href=\"javascript:;\" data-marker-id=\"16226\" class=\"bgmp_view-on-map\">\n\t\t\t\t\tVoir sur la carte\t\t\t\t<\/a>]\n\t\t\t<\/span>\n\t\t\t<\/h3>\n\n\t<div class=\"bgmp_list-description\">\n\t\t\t\t<p><a title=\"Littlestone\" href=\"https:\/\/www.golftravellers.com\/fr\/destinations\/angleterre\/parcours-de-golf-en-angleterre\/region-sud-est\/littlestone\/\"><img loading=\"lazy\" decoding=\"async\" class=\"aligncenter size-full wp-image-7227\" src=\"https:\/\/www.golftravellers.com\/wp-content\/uploads\/2014\/08\/Uphill-hole-on-the-Littlestone-golf-course.jpg\" alt=\"Trou sur le parcours de Littlestone\" width=\"150\" height=\"117\" \/><\/a><\/p>\n<p><a title=\"Littlestone\" href=\"https:\/\/www.golftravellers.com\/fr\/destinations\/angleterre\/parcours-de-golf-en-angleterre\/region-sud-est\/littlestone\/\">Cliquez ici pour voir les images et les informations du parcours<\/a><\/p>\n\t<\/div>\n\n\t<p class=\"bgmp_list-link\">\n\t\t<a href=\"http:\/\/google.com\/maps?q=\">\n\t\t\t\t\t<\/a>\n\t<\/p>\n<\/li>\n<li id=\"bgmp_list-item-16252\" class=\"bgmp_list-item\">\n\t<h3 class=\"bgmp_list-placemark-title\">\n\t\tPrince\u2019s\n\t\t\t\t\t<span class=\"bgmp_view-on-map-container\">\n\t\t\t\t[<a href=\"javascript:;\" data-marker-id=\"16252\" class=\"bgmp_view-on-map\">\n\t\t\t\t\tVoir sur la carte\t\t\t\t<\/a>]\n\t\t\t<\/span>\n\t\t\t<\/h3>\n\n\t<div class=\"bgmp_list-description\">\n\t\t\t\t<p><a title=\"Prince\u2019s\" href=\"https:\/\/www.golftravellers.com\/fr\/destinations\/angleterre\/parcours-de-golf-en-angleterre\/region-sud-est\/princes\/\"><img loading=\"lazy\" decoding=\"async\" class=\"aligncenter size-full wp-image-6935\" src=\"https:\/\/www.golftravellers.com\/wp-content\/uploads\/2014\/08\/Undulated-fairway-and-green-on-the-Princes-golf-course.jpg\" alt=\"fairway et green sur le parcours de Princes\" width=\"150\" height=\"100\" \/><\/a><\/p>\n<p><a title=\"Prince\u2019s\" href=\"https:\/\/www.golftravellers.com\/fr\/destinations\/angleterre\/parcours-de-golf-en-angleterre\/region-sud-est\/princes\/\">Cliquez ici pour voir les images et les informations du parcours<\/a><\/p>\n\t<\/div>\n\n\t<p class=\"bgmp_list-link\">\n\t\t<a href=\"http:\/\/google.com\/maps?q=\">\n\t\t\t\t\t<\/a>\n\t<\/p>\n<\/li>\n<li id=\"bgmp_list-item-16263\" class=\"bgmp_list-item\">\n\t<h3 class=\"bgmp_list-placemark-title\">\n\t\tRoyal Ashdown Forest (Old)\n\t\t\t\t\t<span class=\"bgmp_view-on-map-container\">\n\t\t\t\t[<a href=\"javascript:;\" data-marker-id=\"16263\" class=\"bgmp_view-on-map\">\n\t\t\t\t\tVoir sur la carte\t\t\t\t<\/a>]\n\t\t\t<\/span>\n\t\t\t<\/h3>\n\n\t<div class=\"bgmp_list-description\">\n\t\t\t\t<p><a title=\"Royal Ashdown Forest Old Course\" href=\"https:\/\/www.golftravellers.com\/fr\/destinations\/angleterre\/parcours-de-golf-en-angleterre\/region-sud-est\/royal-ashdown-forest-old-course\/\"><img loading=\"lazy\" decoding=\"async\" class=\"aligncenter size-full wp-image-7218\" src=\"https:\/\/www.golftravellers.com\/wp-content\/uploads\/2014\/08\/1st-tee-of-the-Old-Course-at-the-Royal-Ashdown-Forest-golf-club.jpg\" alt=\"Trou 1 sur le parcours du Royal Ashdown Forest\" width=\"150\" height=\"100\" \/><\/a><\/p>\n<p><a title=\"Royal Ashdown Forest Old Course\" href=\"https:\/\/www.golftravellers.com\/fr\/destinations\/angleterre\/parcours-de-golf-en-angleterre\/region-sud-est\/royal-ashdown-forest-old-course\/\">Cliquez ici pour voir les images et les informations du parcours<\/a><\/p>\n\t<\/div>\n\n\t<p class=\"bgmp_list-link\">\n\t\t<a href=\"http:\/\/google.com\/maps?q=\">\n\t\t\t\t\t<\/a>\n\t<\/p>\n<\/li>\n<li id=\"bgmp_list-item-16265\" class=\"bgmp_list-item\">\n\t<h3 class=\"bgmp_list-placemark-title\">\n\t\tRoyal Cinque Ports\n\t\t\t\t\t<span class=\"bgmp_view-on-map-container\">\n\t\t\t\t[<a href=\"javascript:;\" data-marker-id=\"16265\" class=\"bgmp_view-on-map\">\n\t\t\t\t\tVoir sur la carte\t\t\t\t<\/a>]\n\t\t\t<\/span>\n\t\t\t<\/h3>\n\n\t<div class=\"bgmp_list-description\">\n\t\t\t\t<p><a title=\"Royal Cinque Ports\" href=\"https:\/\/www.golftravellers.com\/fr\/destinations\/angleterre\/parcours-de-golf-en-angleterre\/region-sud-est\/royal-cinque-ports\/\"><img loading=\"lazy\" decoding=\"async\" class=\"aligncenter size-full wp-image-7209\" src=\"https:\/\/www.golftravellers.com\/wp-content\/uploads\/2014\/08\/Green-and-clubhouse-at-the-Royal-Cinque-Ports-golf-course.jpg\" alt=\"Green et clubhouse sur le parcours du Royal Cinque Ports\" width=\"150\" height=\"100\" \/><\/a><\/p>\n<p><a title=\"Royal Cinque Ports\" href=\"https:\/\/www.golftravellers.com\/fr\/destinations\/angleterre\/parcours-de-golf-en-angleterre\/region-sud-est\/royal-cinque-ports\/\">Cliquez ici pour voir les images et les informations du parcours<\/a><\/p>\n\t<\/div>\n\n\t<p class=\"bgmp_list-link\">\n\t\t<a href=\"http:\/\/google.com\/maps?q=\">\n\t\t\t\t\t<\/a>\n\t<\/p>\n<\/li>\n<li id=\"bgmp_list-item-16280\" class=\"bgmp_list-item\">\n\t<h3 class=\"bgmp_list-placemark-title\">\n\t\tRoyal St. George\u2019s\n\t\t\t\t\t<span class=\"bgmp_view-on-map-container\">\n\t\t\t\t[<a href=\"javascript:;\" data-marker-id=\"16280\" class=\"bgmp_view-on-map\">\n\t\t\t\t\tVoir sur la carte\t\t\t\t<\/a>]\n\t\t\t<\/span>\n\t\t\t<\/h3>\n\n\t<div class=\"bgmp_list-description\">\n\t\t\t\t<p><a title=\"Royal St Georges\" href=\"https:\/\/www.golftravellers.com\/fr\/destinations\/angleterre\/parcours-de-golf-en-angleterre\/region-sud-est\/royal-st-georges\/\"><img loading=\"lazy\" decoding=\"async\" class=\"aligncenter size-full wp-image-7200\" src=\"https:\/\/www.golftravellers.com\/wp-content\/uploads\/2014\/08\/1st-tee-on-the-Royal-St-Georges-golf-course.jpg\" alt=\"Trou 1 sur le parcours de Royal St George's\" width=\"150\" height=\"101\" \/><\/a><\/p>\n<p><a title=\"Royal St Georges\" href=\"https:\/\/www.golftravellers.com\/fr\/destinations\/angleterre\/parcours-de-golf-en-angleterre\/region-sud-est\/royal-st-georges\/\">Cliquez ici pour voir les images et les informations du parcours<\/a><\/p>\n\t<\/div>\n\n\t<p class=\"bgmp_list-link\">\n\t\t<a href=\"http:\/\/google.com\/maps?q=\">\n\t\t\t\t\t<\/a>\n\t<\/p>\n<\/li>\n<li id=\"bgmp_list-item-16285\" class=\"bgmp_list-item\">\n\t<h3 class=\"bgmp_list-placemark-title\">\n\t\tRye\n\t\t\t\t\t<span class=\"bgmp_view-on-map-container\">\n\t\t\t\t[<a href=\"javascript:;\" data-marker-id=\"16285\" class=\"bgmp_view-on-map\">\n\t\t\t\t\tVoir sur la carte\t\t\t\t<\/a>]\n\t\t\t<\/span>\n\t\t\t<\/h3>\n\n\t<div class=\"bgmp_list-description\">\n\t\t\t\t<p><a title=\"Rye\" href=\"https:\/\/www.golftravellers.com\/fr\/destinations\/angleterre\/parcours-de-golf-en-angleterre\/region-sud-est\/rye\/\"><img loading=\"lazy\" decoding=\"async\" class=\"aligncenter size-full wp-image-7191\" src=\"https:\/\/www.golftravellers.com\/wp-content\/uploads\/2014\/08\/Green-and-tee-on-the-Rye-golf-course.jpg\" alt=\"Green et d\u00e9part sur le parcours de Rye\" width=\"150\" height=\"103\" \/><\/a><\/p>\n<p><a title=\"Rye\" href=\"https:\/\/www.golftravellers.com\/fr\/destinations\/angleterre\/parcours-de-golf-en-angleterre\/region-sud-est\/rye\/\">Cliquez ici pour voir les images et les informations du parcours<\/a><\/p>\n\t<\/div>\n\n\t<p class=\"bgmp_list-link\">\n\t\t<a href=\"http:\/\/google.com\/maps?q=\">\n\t\t\t\t\t<\/a>\n\t<\/p>\n<\/li>\n<li id=\"bgmp_list-item-16347\" class=\"bgmp_list-item\">\n\t<h3 class=\"bgmp_list-placemark-title\">\n\t\tWest Sussex\n\t\t\t\t\t<span class=\"bgmp_view-on-map-container\">\n\t\t\t\t[<a href=\"javascript:;\" data-marker-id=\"16347\" class=\"bgmp_view-on-map\">\n\t\t\t\t\tVoir sur la carte\t\t\t\t<\/a>]\n\t\t\t<\/span>\n\t\t\t<\/h3>\n\n\t<div class=\"bgmp_list-description\">\n\t\t\t\t<p><a title=\"West Sussex\" href=\"https:\/\/www.golftravellers.com\/fr\/destinations\/angleterre\/parcours-de-golf-en-angleterre\/region-sud-est\/west-sussex\/\"><img loading=\"lazy\" decoding=\"async\" class=\"aligncenter size-full wp-image-7182\" src=\"https:\/\/www.golftravellers.com\/wp-content\/uploads\/2014\/08\/Green-and-lake-on-the-West-Sussex-golf-course.jpg\" alt=\"Green et lac sur le parcours de West Sussex\" width=\"150\" height=\"97\" \/><\/a><\/p>\n<p><a title=\"West Sussex\" href=\"https:\/\/www.golftravellers.com\/fr\/destinations\/angleterre\/parcours-de-golf-en-angleterre\/region-sud-est\/west-sussex\/\">Cliquez ici pour voir les images et les informations du parcours<\/a><\/p>\n\t<\/div>\n\n\t<p class=\"bgmp_list-link\">\n\t\t<a href=\"http:\/\/google.com\/maps?q=\">\n\t\t\t\t\t<\/a>\n\t<\/p>\n<\/li>\n<\/ul>\n<\/div>\n","protected":false},"excerpt":{"rendered":"<p>De nombreux golfeurs sont attir\u00e9s par la r\u00e9gion du Kent car elle poss\u00e8de d&rsquo;excellents parcours dans les terres et de type \u00ab\u00a0links\u00a0\u00bb. De plus, ils sont proches de Londres, de la France et de la Belgique. Le plus prestigieux \u00e9tant le Royal St George&rsquo;s qui a accueilli le British Open \u00e0 plusieurs reprises. R\u00e9gions des [&hellip;]<\/p>\n","protected":false},"author":10,"featured_media":32575,"parent":255,"menu_order":40,"comment_status":"open","ping_status":"closed","template":"","meta":{"_genesis_hide_title":false,"_genesis_hide_breadcrumbs":false,"_genesis_hide_singular_image":false,"_genesis_hide_footer_widgets":false,"_genesis_custom_body_class":"","_genesis_custom_post_class":"","_genesis_layout":"full-width-content","footnotes":""},"class_list":{"0":"post-2430","1":"page","2":"type-page","3":"status-publish","4":"has-post-thumbnail","6":"entry"},"_links":{"self":[{"href":"https:\/\/www.golftravellers.com\/fr\/wp-json\/wp\/v2\/pages\/2430","targetHints":{"allow":["GET"]}}],"collection":[{"href":"https:\/\/www.golftravellers.com\/fr\/wp-json\/wp\/v2\/pages"}],"about":[{"href":"https:\/\/www.golftravellers.com\/fr\/wp-json\/wp\/v2\/types\/page"}],"author":[{"embeddable":true,"href":"https:\/\/www.golftravellers.com\/fr\/wp-json\/wp\/v2\/users\/10"}],"replies":[{"embeddable":true,"href":"https:\/\/www.golftravellers.com\/fr\/wp-json\/wp\/v2\/comments?post=2430"}],"version-history":[{"count":16,"href":"https:\/\/www.golftravellers.com\/fr\/wp-json\/wp\/v2\/pages\/2430\/revisions"}],"predecessor-version":[{"id":43690,"href":"https:\/\/www.golftravellers.com\/fr\/wp-json\/wp\/v2\/pages\/2430\/revisions\/43690"}],"up":[{"embeddable":true,"href":"https:\/\/www.golftravellers.com\/fr\/wp-json\/wp\/v2\/pages\/255"}],"wp:featuredmedia":[{"embeddable":true,"href":"https:\/\/www.golftravellers.com\/fr\/wp-json\/wp\/v2\/media\/32575"}],"wp:attachment":[{"href":"https:\/\/www.golftravellers.com\/fr\/wp-json\/wp\/v2\/media?parent=2430"}],"curies":[{"name":"wp","href":"https:\/\/api.w.org\/{rel}","templated":true}]}}