{"id":2426,"date":"2014-05-13T11:35:02","date_gmt":"2014-05-13T10:35:02","guid":{"rendered":"http:\/\/www.golftravellers.com\/?page_id=2426"},"modified":"2025-07-17T17:24:35","modified_gmt":"2025-07-17T16:24:35","slug":"region-des-midlands","status":"publish","type":"page","link":"https:\/\/www.golftravellers.com\/fr\/destinations\/angleterre\/parcours-de-golf-en-angleterre\/region-des-midlands\/","title":{"rendered":"R\u00e9gion des Midlands"},"content":{"rendered":"<div class=\"two-thirds first\">\n<p>R\u00e9put\u00e9e pour sa campagne majestueuse, la r\u00e9gion des Midlands dispose de parcours parmi les meilleurs du pays. Le Belfry proche de Birmingham a accueilli la c\u00e9l\u00e8bre Ryder Cup \u00e0 plusieurs reprises. La ville de Nottingham qui a \u00e9t\u00e9 rendue c\u00e9l\u00e8bre par Robin des Bois dispose de 3 superbes parcours : Notts, Sherwood Forest et Woodhall Spa. On y trouve \u00e9galement d&rsquo;excellents golfs de type links comme le Royal West Norfolk et Hunstanton.<\/p>\n<p class=\"error\">Basic Google Maps Placemarks erreur : les fichiers JavaScript et\/ou CSS n'ont pas pu \u00eatre chargez. SI vous utilisez la fonction do_shortcode(), vous devez ajouter un filtre \u00e0 votre th\u00e8me. <a href=\"http:\/\/wordpress.org\/extend\/plugins\/basic-google-maps-placemarks\/faq\/\">the FAQ<\/a>Plus de d\u00e9tails.<\/p>\n<\/div>\n<div class=\"one-third\">\n<h2>R\u00e9gions des parcours<\/h2>\n<ul>\n<li><a href=\"https:\/\/www.golftravellers.com\/fr\/destinations\/angleterre\/parcours-de-golf-en-angleterre\/region-de-londres\/#london\">R\u00e9gion de Londres<\/a><\/li>\n<li><a href=\"https:\/\/www.golftravellers.com\/fr\/destinations\/angleterre\/parcours-de-golf-en-angleterre\/region-des-midlands\/#midlands\">R\u00e9gion des Midlands<\/a><\/li>\n<li><a href=\"https:\/\/www.golftravellers.com\/fr\/destinations\/angleterre\/parcours-de-golf-en-angleterre\/region-nord-angleterre\/#north\">R\u00e9gion nord<\/a><\/li>\n<li><a href=\"https:\/\/www.golftravellers.com\/fr\/destinations\/angleterre\/parcours-de-golf-en-angleterre\/region-sud-est\/#southeast\">R\u00e9gion sud-est<\/a><\/li>\n<li><a href=\"https:\/\/www.golftravellers.com\/fr\/destinations\/angleterre\/parcours-de-golf-en-angleterre\/region-sud-ouest\/#southwest\">R\u00e9gion sud-ouest<\/a><\/li>\n<\/ul>\n<h2>Les parcours<\/h2>\n<ul id=\"bgmp_list\" class=\"bgmp_list\"><li id=\"bgmp_list-item-16369\" class=\"bgmp_list-item\">\r\n\t<h3 class=\"bgmp_list-placemark-title\">\r\n\t\tWoodhall Spa (Hotchkin)\t\t\r\n\t\t\t\t\t                                                <span class=\"bgmp_view-on-map-container\">\r\n                                                [<a href=\"javascript:;\" data-marker-id=\"16369\" class=\"bgmp_view-on-map\">\r\n                                                Voir                                                <\/a>]\r\n<\/span>\r\n\r\n\t\t\t<\/h3>\r\n\t\r\n\t<div class=\"bgmp_list-description\">\r\n\t\t\t\t<p><a title=\"Woodhall-Spa \u201cHotchkin\u201d\" href=\"https:\/\/www.golftravellers.com\/fr\/destinations\/angleterre\/parcours-de-golf-en-angleterre\/region-des-midlands\/woodhall-spa-hotchkin\/\"><img loading=\"lazy\" decoding=\"async\" class=\"aligncenter size-full wp-image-6669\" src=\"https:\/\/www.golftravellers.com\/wp-content\/uploads\/2014\/07\/Well-guarded-green-on-the-Hotchkin-golf-course-at-Woodhall-Spa-golf-club.jpg\" alt=\"Green sur le parcours de Woodhall Spa Hotchkin\" width=\"150\" height=\"100\" \/><\/a><\/p>\n<p><a title=\"Woodhall-Spa \u201cHotchkin\u201d\" href=\"https:\/\/www.golftravellers.com\/fr\/destinations\/angleterre\/parcours-de-golf-en-angleterre\/region-des-midlands\/woodhall-spa-hotchkin\/\">Cliquez ici pour voir les images et les informations du parcours<\/a><\/p>\n\t<\/div>\r\n\t\r\n\t<p class=\"bgmp_list-link\">\r\n\t\t<a href=\"http:\/\/google.com\/maps?q=\">\r\n\t\t\t\t\t<\/a>\r\n\t<\/p>\r\n<\/li>\t<li id=\"bgmp_list-item-16281\" class=\"bgmp_list-item\">\r\n\t<h3 class=\"bgmp_list-placemark-title\">\r\n\t\tRoyal West Norfolk\t\t\r\n\t\t\t\t\t                                                <span class=\"bgmp_view-on-map-container\">\r\n                                                [<a href=\"javascript:;\" data-marker-id=\"16281\" class=\"bgmp_view-on-map\">\r\n                                                Voir                                                <\/a>]\r\n<\/span>\r\n\r\n\t\t\t<\/h3>\r\n\t\r\n\t<div class=\"bgmp_list-description\">\r\n\t\t\t\t<p><a title=\"Royal West Norfolk\" href=\"https:\/\/www.golftravellers.com\/fr\/destinations\/angleterre\/parcours-de-golf-en-angleterre\/region-des-midlands\/royal-west-norfolk\/\"><img loading=\"lazy\" decoding=\"async\" class=\"aligncenter size-full wp-image-6687\" src=\"https:\/\/www.golftravellers.com\/wp-content\/uploads\/2014\/07\/Green-and-sea-at-the-Royal-West-Norfolk-golf-course.jpg\" alt=\"Green et mer sur le parcours du Royal West Norfolk\" width=\"150\" height=\"100\" \/><\/a><\/p>\n<p><a title=\"Royal West Norfolk\" href=\"https:\/\/www.golftravellers.com\/fr\/destinations\/angleterre\/parcours-de-golf-en-angleterre\/region-des-midlands\/royal-west-norfolk\/\">Cliquez ici pour voir les images et les informations du parcours<\/a><\/p>\n\t<\/div>\r\n\t\r\n\t<p class=\"bgmp_list-link\">\r\n\t\t<a href=\"http:\/\/google.com\/maps?q=\">\r\n\t\t\t\t\t<\/a>\r\n\t<\/p>\r\n<\/li>\t<li id=\"bgmp_list-item-16246\" class=\"bgmp_list-item\">\r\n\t<h3 class=\"bgmp_list-placemark-title\">\r\n\t\tNotts (Hollinwell)\t\t\r\n\t\t\t\t\t                                                <span class=\"bgmp_view-on-map-container\">\r\n                                                [<a href=\"javascript:;\" data-marker-id=\"16246\" class=\"bgmp_view-on-map\">\r\n                                                Voir                                                <\/a>]\r\n<\/span>\r\n\r\n\t\t\t<\/h3>\r\n\t\r\n\t<div class=\"bgmp_list-description\">\r\n\t\t\t\t<p><a title=\"Notts\" href=\"https:\/\/www.golftravellers.com\/fr\/destinations\/angleterre\/parcours-de-golf-en-angleterre\/region-des-midlands\/notts\/\"><img loading=\"lazy\" decoding=\"async\" class=\"aligncenter size-full wp-image-6697\" src=\"https:\/\/www.golftravellers.com\/wp-content\/uploads\/2014\/07\/18th-hole-at-Notts-golf-course.jpg\" alt=\"Trou 18 sur le parcours de Notts\" width=\"150\" height=\"100\" \/><\/a><\/p>\n<p><a title=\"Notts\" href=\"https:\/\/www.golftravellers.com\/fr\/destinations\/angleterre\/parcours-de-golf-en-angleterre\/region-des-midlands\/notts\/\">Cliquez ici pour voir les images et les informations du parcours<\/a><\/p>\n\t<\/div>\r\n\t\r\n\t<p class=\"bgmp_list-link\">\r\n\t\t<a href=\"http:\/\/google.com\/maps?q=\">\r\n\t\t\t\t\t<\/a>\r\n\t<\/p>\r\n<\/li>\t<li id=\"bgmp_list-item-16203\" class=\"bgmp_list-item\">\r\n\t<h3 class=\"bgmp_list-placemark-title\">\r\n\t\tHunstanton\t\t\r\n\t\t\t\t\t                                                <span class=\"bgmp_view-on-map-container\">\r\n                                                [<a href=\"javascript:;\" data-marker-id=\"16203\" class=\"bgmp_view-on-map\">\r\n                                                Voir                                                <\/a>]\r\n<\/span>\r\n\r\n\t\t\t<\/h3>\r\n\t\r\n\t<div class=\"bgmp_list-description\">\r\n\t\t\t\t<p><a title=\"Hunstanton\" href=\"https:\/\/www.golftravellers.com\/fr\/destinations\/angleterre\/parcours-de-golf-en-angleterre\/region-des-midlands\/hunstanton\/\"><img loading=\"lazy\" decoding=\"async\" class=\"aligncenter size-full wp-image-6724\" src=\"https:\/\/www.golftravellers.com\/wp-content\/uploads\/2014\/07\/Par-3-on-the-Hunstanton-golf-course.jpg\" alt=\"Par 3 sur le parcours de Hunstanton\" width=\"150\" height=\"100\" \/><\/a><\/p>\n<p><a title=\"Hunstanton\" href=\"https:\/\/www.golftravellers.com\/fr\/destinations\/angleterre\/parcours-de-golf-en-angleterre\/region-des-midlands\/hunstanton\/\">Cliquez ici pour voir les images et les informations du parcours<\/a><\/p>\n\t<\/div>\r\n\t\r\n\t<p class=\"bgmp_list-link\">\r\n\t\t<a href=\"http:\/\/google.com\/maps?q=\">\r\n\t\t\t\t\t<\/a>\r\n\t<\/p>\r\n<\/li>\t<li id=\"bgmp_list-item-16120\" class=\"bgmp_list-item\">\r\n\t<h3 class=\"bgmp_list-placemark-title\">\r\n\t\tBelfry (Brabazon)\t\t\r\n\t\t\t\t\t                                                <span class=\"bgmp_view-on-map-container\">\r\n                                                [<a href=\"javascript:;\" data-marker-id=\"16120\" class=\"bgmp_view-on-map\">\r\n                                                Voir                                                <\/a>]\r\n<\/span>\r\n\r\n\t\t\t<\/h3>\r\n\t\r\n\t<div class=\"bgmp_list-description\">\r\n\t\t\t\t<p><a title=\"Belfry \u201cBrabazon\u201d\" href=\"https:\/\/www.golftravellers.com\/fr\/destinations\/angleterre\/parcours-de-golf-en-angleterre\/region-des-midlands\/belfry-brabazon\/\"><img loading=\"lazy\" decoding=\"async\" class=\"aligncenter size-full wp-image-6742\" src=\"https:\/\/www.golftravellers.com\/wp-content\/uploads\/2014\/07\/10th-hole-of-the-Brabazon-course-at-the-Belfry.jpg\" alt=\"Trou 10 sur le parcours de Belfry Brabazon\" width=\"150\" height=\"100\" \/><\/a><\/p>\n<p><a title=\"Belfry \u201cBrabazon\u201d\" href=\"https:\/\/www.golftravellers.com\/fr\/destinations\/angleterre\/parcours-de-golf-en-angleterre\/region-des-midlands\/belfry-brabazon\/\">Cliquez ici pour voir les images et les informations du parcours<\/a><\/p>\n\t<\/div>\r\n\t\r\n\t<p class=\"bgmp_list-link\">\r\n\t\t<a href=\"http:\/\/google.com\/maps?q=\">\r\n\t\t\t\t\t<\/a>\r\n\t<\/p>\r\n<\/li>\t<li id=\"bgmp_list-item-16225\" class=\"bgmp_list-item\">\r\n\t<h3 class=\"bgmp_list-placemark-title\">\r\n\t\tLittle Aston\t\t\r\n\t\t\t\t\t                                                <span class=\"bgmp_view-on-map-container\">\r\n                                                [<a href=\"javascript:;\" data-marker-id=\"16225\" class=\"bgmp_view-on-map\">\r\n                                                Voir                                                <\/a>]\r\n<\/span>\r\n\r\n\t\t\t<\/h3>\r\n\t\r\n\t<div class=\"bgmp_list-description\">\r\n\t\t\t\t<p><a title=\"Little Aston\" href=\"https:\/\/www.golftravellers.com\/fr\/destinations\/angleterre\/parcours-de-golf-en-angleterre\/region-des-midlands\/little-aston\/\"><img loading=\"lazy\" decoding=\"async\" class=\"aligncenter size-full wp-image-6706\" src=\"https:\/\/www.golftravellers.com\/wp-content\/uploads\/2014\/07\/Clubhouse-at-Little-Aston-golf-course.jpg\" alt=\"Clubhouse sur le parcours de Little Aston\" width=\"150\" height=\"110\" \/><\/a><\/p>\n<p><a title=\"Little Aston\" href=\"https:\/\/www.golftravellers.com\/fr\/destinations\/angleterre\/parcours-de-golf-en-angleterre\/region-des-midlands\/little-aston\/\">Cliquez ici pour voir les images et les informations du parcours<\/a><\/p>\n\t<\/div>\r\n\t\r\n\t<p class=\"bgmp_list-link\">\r\n\t\t<a href=\"http:\/\/google.com\/maps?q=\">\r\n\t\t\t\t\t<\/a>\r\n\t<\/p>\r\n<\/li>\t<li id=\"bgmp_list-item-16288\" class=\"bgmp_list-item\">\r\n\t<h3 class=\"bgmp_list-placemark-title\">\r\n\t\tSherwood Forest\t\t\r\n\t\t\t\t\t                                                <span class=\"bgmp_view-on-map-container\">\r\n                                                [<a href=\"javascript:;\" data-marker-id=\"16288\" class=\"bgmp_view-on-map\">\r\n                                                Voir                                                <\/a>]\r\n<\/span>\r\n\r\n\t\t\t<\/h3>\r\n\t\r\n\t<div class=\"bgmp_list-description\">\r\n\t\t\t\t<p><a title=\"Sherwood Forest\" href=\"https:\/\/www.golftravellers.com\/fr\/destinations\/angleterre\/parcours-de-golf-en-angleterre\/region-des-midlands\/sherwood-forest\/\"><img loading=\"lazy\" decoding=\"async\" class=\"aligncenter size-full wp-image-6678\" src=\"https:\/\/www.golftravellers.com\/wp-content\/uploads\/2014\/07\/Back-of-the-green-on-the-Sherwood-Forest-golf-course.jpg\" alt=\"Green sur le parcours de Sherwood Forest\" width=\"150\" height=\"89\" \/><\/a><\/p>\n<p><a title=\"Sherwood Forest\" href=\"https:\/\/www.golftravellers.com\/fr\/destinations\/angleterre\/parcours-de-golf-en-angleterre\/region-des-midlands\/sherwood-forest\/\">Cliquez ici pour voir les images et les informations du parcours<\/a><\/p>\n\t<\/div>\r\n\t\r\n\t<p class=\"bgmp_list-link\">\r\n\t\t<a href=\"http:\/\/google.com\/maps?q=\">\r\n\t\t\t\t\t<\/a>\r\n\t<\/p>\r\n<\/li>\t<li id=\"bgmp_list-item-16206\" class=\"bgmp_list-item\">\r\n\t<h3 class=\"bgmp_list-placemark-title\">\r\n\t\tIpswich\t\t\r\n\t\t\t\t\t                                                <span class=\"bgmp_view-on-map-container\">\r\n                                                [<a href=\"javascript:;\" data-marker-id=\"16206\" class=\"bgmp_view-on-map\">\r\n                                                Voir                                                <\/a>]\r\n<\/span>\r\n\r\n\t\t\t<\/h3>\r\n\t\r\n\t<div class=\"bgmp_list-description\">\r\n\t\t\t\t<p><a title=\"Ipswich\" href=\"https:\/\/www.golftravellers.com\/fr\/destinations\/angleterre\/parcours-de-golf-en-angleterre\/region-des-midlands\/ipswich\/\"><img loading=\"lazy\" decoding=\"async\" class=\"aligncenter size-full wp-image-6715\" src=\"https:\/\/www.golftravellers.com\/wp-content\/uploads\/2014\/07\/Elevated-green-at-Ipswich-golf-course.jpg\" alt=\"Green sur\u00e9lev\u00e9 sur le parcours de Ipswich\" width=\"150\" height=\"104\" \/><\/a><\/p>\n<p><a title=\"Ipswich\" href=\"https:\/\/www.golftravellers.com\/fr\/destinations\/angleterre\/parcours-de-golf-en-angleterre\/region-des-midlands\/ipswich\/\">Cliquez ici pour voir les images et les informations du parcours<\/a><\/p>\n\t<\/div>\r\n\t\r\n\t<p class=\"bgmp_list-link\">\r\n\t\t<a href=\"http:\/\/google.com\/maps?q=\">\r\n\t\t\t\t\t<\/a>\r\n\t<\/p>\r\n<\/li>\t<li id=\"bgmp_list-item-16117\" class=\"bgmp_list-item\">\r\n\t<h3 class=\"bgmp_list-placemark-title\">\r\n\t\tBeau Desert\t\t\r\n\t\t\t\t\t                                                <span class=\"bgmp_view-on-map-container\">\r\n                                                [<a href=\"javascript:;\" data-marker-id=\"16117\" class=\"bgmp_view-on-map\">\r\n                                                Voir                                                <\/a>]\r\n<\/span>\r\n\r\n\t\t\t<\/h3>\r\n\t\r\n\t<div class=\"bgmp_list-description\">\r\n\t\t\t\t<p><a title=\"Beau Desert\" href=\"https:\/\/www.golftravellers.com\/fr\/destinations\/angleterre\/parcours-de-golf-en-angleterre\/region-des-midlands\/beau-desert\/\"><img loading=\"lazy\" decoding=\"async\" class=\"aligncenter size-full wp-image-6751\" src=\"https:\/\/www.golftravellers.com\/wp-content\/uploads\/2014\/07\/Tee-on-the-Beau-Desert-golf-course.jpg\" alt=\"Trou sur le parcours de Beau Desert\" width=\"150\" height=\"100\" \/><\/a><\/p>\n<p><a title=\"Beau Desert\" href=\"https:\/\/www.golftravellers.com\/fr\/destinations\/angleterre\/parcours-de-golf-en-angleterre\/region-des-midlands\/beau-desert\/\">Cliquez ici pour voir les images et les informations du parcours<\/a><\/p>\n\t<\/div>\r\n\t\r\n\t<p class=\"bgmp_list-link\">\r\n\t\t<a href=\"http:\/\/google.com\/maps?q=\">\r\n\t\t\t\t\t<\/a>\r\n\t<\/p>\r\n<\/li>\t<li id=\"bgmp_list-item-16183\" class=\"bgmp_list-item\">\r\n\t<h3 class=\"bgmp_list-placemark-title\">\r\n\t\tForest of Arden (Marriott)\t\t\r\n\t\t\t\t\t                                                <span class=\"bgmp_view-on-map-container\">\r\n                                                [<a href=\"javascript:;\" data-marker-id=\"16183\" class=\"bgmp_view-on-map\">\r\n                                                Voir                                                <\/a>]\r\n<\/span>\r\n\r\n\t\t\t<\/h3>\r\n\t\r\n\t<div class=\"bgmp_list-description\">\r\n\t\t\t\t<p><a title=\"Forest of Arden\" href=\"https:\/\/www.golftravellers.com\/fr\/destinations\/angleterre\/parcours-de-golf-en-angleterre\/region-des-midlands\/forest-of-arden\/\"><img loading=\"lazy\" decoding=\"async\" class=\"aligncenter size-full wp-image-6733\" src=\"https:\/\/www.golftravellers.com\/wp-content\/uploads\/2014\/07\/Golfers-playing-at-Marriott-Forest-of-Arden-golf-course.jpg\" alt=\"Golfeurs sur le parcours du Marriott Forest of Arden\" width=\"150\" height=\"100\" \/><\/a><\/p>\n<p><a title=\"Forest of Arden\" href=\"https:\/\/www.golftravellers.com\/fr\/destinations\/angleterre\/parcours-de-golf-en-angleterre\/region-des-midlands\/forest-of-arden\/\">Cliquez ici pour voir les images et les informations du parcours<\/a><\/p>\n\t<\/div>\r\n\t\r\n\t<p class=\"bgmp_list-link\">\r\n\t\t<a href=\"http:\/\/google.com\/maps?q=\">\r\n\t\t\t\t\t<\/a>\r\n\t<\/p>\r\n<\/li>\t<li id=\"bgmp_list-item-17338\" class=\"bgmp_list-item\">\r\n\t<h3 class=\"bgmp_list-placemark-title\">\r\n\t\tSheringham\t\t\r\n\t\t\t\t\t                                                <span class=\"bgmp_view-on-map-container\">\r\n                                                [<a href=\"javascript:;\" data-marker-id=\"17338\" class=\"bgmp_view-on-map\">\r\n                                                Voir                                                <\/a>]\r\n<\/span>\r\n\r\n\t\t\t<\/h3>\r\n\t\r\n\t<div class=\"bgmp_list-description\">\r\n\t\t\t\t<p><a title=\"Sheringham\" href=\"https:\/\/www.golftravellers.com\/fr\/destinations\/angleterre\/parcours-de-golf-en-angleterre\/region-des-midlands\/sheringham\/\"><img loading=\"lazy\" decoding=\"async\" class=\"aligncenter wp-image-17212 size-full\" src=\"https:\/\/www.golftravellers.com\/wp-content\/uploads\/2014\/11\/sheringham-5\u00e8me-fairway.jpg\" alt=\"\" width=\"150\" height=\"100\" \/><\/a><\/p>\n<p><a title=\"Sheringham\" href=\"https:\/\/www.golftravellers.com\/fr\/destinations\/angleterre\/parcours-de-golf-en-angleterre\/region-des-midlands\/sheringham\/\">Cliquez ici pour voir les images et les informations du parcours<\/a><\/p>\n\t<\/div>\r\n\t\r\n\t<p class=\"bgmp_list-link\">\r\n\t\t<a href=\"http:\/\/google.com\/maps?q=\">\r\n\t\t\t\t\t<\/a>\r\n\t<\/p>\r\n<\/li>\t<li id=\"bgmp_list-item-31549\" class=\"bgmp_list-item\">\r\n\t<h3 class=\"bgmp_list-placemark-title\">\r\n\t\tAldeburgh\t\t\r\n\t\t\t\t\t                                                <span class=\"bgmp_view-on-map-container\">\r\n                                                [<a href=\"javascript:;\" data-marker-id=\"31549\" class=\"bgmp_view-on-map\">\r\n                                                Voir                                                <\/a>]\r\n<\/span>\r\n\r\n\t\t\t<\/h3>\r\n\t\r\n\t<div class=\"bgmp_list-description\">\r\n\t\t\t\t<p><a href=\"https:\/\/www.golftravellers.com\/destinations\/england\/golf-courses-in-england\/midlands-region\/aldeburgh-championship-course\/\"><img loading=\"lazy\" decoding=\"async\" class=\"aligncenter size-full wp-image-31540\" src=\"https:\/\/www.golftravellers.com\/wp-content\/uploads\/2016\/11\/aldeburgh-golf.jpg\" alt=\"Aldeburgh Golf\" width=\"150\" height=\"100\" \/><\/a><\/p>\n<p><a href=\"https:\/\/www.golftravellers.com\/destinations\/england\/golf-courses-in-england\/midlands-region\/aldeburgh-championship-course\/\">Cliquez ici pour voir les images et les informations du parcours<\/a><\/p>\n\t<\/div>\r\n\t\r\n\t<p class=\"bgmp_list-link\">\r\n\t\t<a href=\"http:\/\/google.com\/maps?q=\">\r\n\t\t\t\t\t<\/a>\r\n\t<\/p>\r\n<\/li>\t<\/ul>\n<\/div>\n","protected":false},"excerpt":{"rendered":"<p>R\u00e9put\u00e9e pour sa campagne majestueuse, la r\u00e9gion des Midlands dispose de parcours parmi les meilleurs du pays. Le Belfry proche de Birmingham a accueilli la c\u00e9l\u00e8bre Ryder Cup \u00e0 plusieurs reprises. La ville de Nottingham qui a \u00e9t\u00e9 rendue c\u00e9l\u00e8bre par Robin des Bois dispose de 3 superbes parcours : Notts, Sherwood Forest et Woodhall [&hellip;]<\/p>\n","protected":false},"author":10,"featured_media":32583,"parent":255,"menu_order":20,"comment_status":"open","ping_status":"closed","template":"","meta":{"_genesis_hide_title":false,"_genesis_hide_breadcrumbs":false,"_genesis_hide_singular_image":false,"_genesis_hide_footer_widgets":false,"_genesis_custom_body_class":"","_genesis_custom_post_class":"","_genesis_layout":"full-width-content","footnotes":""},"class_list":{"0":"post-2426","1":"page","2":"type-page","3":"status-publish","4":"has-post-thumbnail","6":"entry"},"_links":{"self":[{"href":"https:\/\/www.golftravellers.com\/fr\/wp-json\/wp\/v2\/pages\/2426","targetHints":{"allow":["GET"]}}],"collection":[{"href":"https:\/\/www.golftravellers.com\/fr\/wp-json\/wp\/v2\/pages"}],"about":[{"href":"https:\/\/www.golftravellers.com\/fr\/wp-json\/wp\/v2\/types\/page"}],"author":[{"embeddable":true,"href":"https:\/\/www.golftravellers.com\/fr\/wp-json\/wp\/v2\/users\/10"}],"replies":[{"embeddable":true,"href":"https:\/\/www.golftravellers.com\/fr\/wp-json\/wp\/v2\/comments?post=2426"}],"version-history":[{"count":32,"href":"https:\/\/www.golftravellers.com\/fr\/wp-json\/wp\/v2\/pages\/2426\/revisions"}],"predecessor-version":[{"id":43700,"href":"https:\/\/www.golftravellers.com\/fr\/wp-json\/wp\/v2\/pages\/2426\/revisions\/43700"}],"up":[{"embeddable":true,"href":"https:\/\/www.golftravellers.com\/fr\/wp-json\/wp\/v2\/pages\/255"}],"wp:featuredmedia":[{"embeddable":true,"href":"https:\/\/www.golftravellers.com\/fr\/wp-json\/wp\/v2\/media\/32583"}],"wp:attachment":[{"href":"https:\/\/www.golftravellers.com\/fr\/wp-json\/wp\/v2\/media?parent=2426"}],"curies":[{"name":"wp","href":"https:\/\/api.w.org\/{rel}","templated":true}]}}