{"id":219,"date":"2014-04-04T10:57:21","date_gmt":"2014-04-04T10:57:21","guid":{"rendered":"http:\/\/www.golftravellers.com\/?page_id=219"},"modified":"2025-08-01T15:45:43","modified_gmt":"2025-08-01T14:45:43","slug":"destinations","status":"publish","type":"page","link":"https:\/\/www.golftravellers.com\/fr\/destinations\/","title":{"rendered":"Destinations"},"content":{"rendered":"<p>Nous proposons des circuits de golf \u00e0 St Andrews, en \u00c9cosse, en Irlande, en Angleterre, au Pays de Galles et au Br\u00e9sil, pour les particuliers, les petits et les grands groupes. S\u00e9lectionnez une destination ci-dessous pour en savoir plus.<\/p>\n<section>\n<div class=\"one-third first\">\n<h4 style=\"text-align: center;\">~ ST ANDREWS ~<\/h4>\n<\/div>\n<div class=\"one-third\">\n<h4 style=\"text-align: center;\">~ SCOTLAND ~<\/h4>\n<\/div>\n<div class=\"one-third\" style=\"text-align: center;\">\n<h4>~ IRLANDE ~<\/h4>\n<\/div>\n<div class=\"one-third first destinations\"><a href=\"https:\/\/www.golftravellers.com\/destinations\/scotland\/golf-courses-in-scotland\/st-andrews-region-scotland\/\"><img loading=\"lazy\" decoding=\"async\" class=\"alignnone size-full wp-image-12960\" src=\"https:\/\/www.golftravellers.com\/wp-content\/uploads\/2014\/09\/StAndrews_Destinations.jpg\" alt=\"Image du pont embl\u00e9matique de St Andrews Old Course au coucher du soleil\" width=\"380\" height=\"380\" srcset=\"https:\/\/www.golftravellers.com\/wp-content\/uploads\/2014\/09\/StAndrews_Destinations.jpg 380w, https:\/\/www.golftravellers.com\/wp-content\/uploads\/2014\/09\/StAndrews_Destinations-150x150.jpg 150w, https:\/\/www.golftravellers.com\/wp-content\/uploads\/2014\/09\/StAndrews_Destinations-300x300.jpg 300w\" sizes=\"auto, (max-width: 380px) 100vw, 380px\" \/><\/a><\/div>\n<div class=\"one-third destinations\"><a href=\"https:\/\/www.golftravellers.com\/destinations\/scotland\/\"><img loading=\"lazy\" decoding=\"async\" class=\"alignnone size-full wp-image-12952\" src=\"https:\/\/www.golftravellers.com\/wp-content\/uploads\/2014\/09\/Scotland_destinations.jpg\" alt=\"Image d'un green de golf, de dunes herbeuses et d'une plage de sable avec l'oc\u00e9an\" width=\"380\" height=\"380\" srcset=\"https:\/\/www.golftravellers.com\/wp-content\/uploads\/2014\/09\/Scotland_destinations.jpg 380w, https:\/\/www.golftravellers.com\/wp-content\/uploads\/2014\/09\/Scotland_destinations-150x150.jpg 150w, https:\/\/www.golftravellers.com\/wp-content\/uploads\/2014\/09\/Scotland_destinations-300x300.jpg 300w\" sizes=\"auto, (max-width: 380px) 100vw, 380px\" \/><\/a><\/div>\n<div class=\"one-third destinations\"><a href=\"https:\/\/www.golftravellers.com\/destinations\/ireland\/\"><img loading=\"lazy\" decoding=\"async\" class=\"alignnone size-full wp-image-12944\" src=\"https:\/\/www.golftravellers.com\/wp-content\/uploads\/2014\/09\/Ireland_Destinations.jpg\" alt=\"Golfeurs jouant sur un trou \u00e0 c\u00f4t\u00e9 d'une plage de sable et de l'oc\u00e9an\" width=\"380\" height=\"380\" srcset=\"https:\/\/www.golftravellers.com\/wp-content\/uploads\/2014\/09\/Ireland_Destinations.jpg 380w, https:\/\/www.golftravellers.com\/wp-content\/uploads\/2014\/09\/Ireland_Destinations-150x150.jpg 150w, https:\/\/www.golftravellers.com\/wp-content\/uploads\/2014\/09\/Ireland_Destinations-300x300.jpg 300w\" sizes=\"auto, (max-width: 380px) 100vw, 380px\" \/><\/a><\/div>\n<\/section>\n<div class=\"one-third destinations\"><\/div>\n<div class=\"one-third destinations\"><\/div>\n<section>\n<div class=\"one-third first\">\n<h4 style=\"text-align: center;\">~ ESPAGNE ~<\/h4>\n<\/div>\n<div class=\"one-third\">\n<h4 style=\"text-align: center;\">~ MAROC ~<\/h4>\n<\/div>\n<div class=\"one-third\" style=\"text-align: center;\">\n<h4>~ PORTUGAL ~<\/h4>\n<\/div>\n<div class=\"one-third first destinations\"><a href=\"https:\/\/www.golftravellers.com\/destinations\/golf-holidays-in-spain\/\"><img loading=\"lazy\" decoding=\"async\" class=\"alignnone size-full wp-image-26913\" src=\"https:\/\/www.golftravellers.com\/wp-content\/uploads\/2014\/04\/destination-spain.jpg\" alt=\"Golfeur sur le parcours d'Abama en Espagne\" width=\"380\" height=\"380\" srcset=\"https:\/\/www.golftravellers.com\/wp-content\/uploads\/2014\/04\/destination-spain.jpg 380w, https:\/\/www.golftravellers.com\/wp-content\/uploads\/2014\/04\/destination-spain-150x150.jpg 150w, https:\/\/www.golftravellers.com\/wp-content\/uploads\/2014\/04\/destination-spain-300x300.jpg 300w\" sizes=\"auto, (max-width: 380px) 100vw, 380px\" \/><\/a><\/div>\n<div class=\"one-third destinations\"><a href=\"https:\/\/www.golftravellers.com\/destinations\/golf-holidays-in-morocco\/\"><img loading=\"lazy\" decoding=\"async\" class=\"alignnone size-full wp-image-26921\" src=\"https:\/\/www.golftravellers.com\/wp-content\/uploads\/2014\/04\/destination-morroco.jpg\" alt=\"Vue sur l'Atlas sur un terrain de golf au Maroc\" width=\"380\" height=\"380\" srcset=\"https:\/\/www.golftravellers.com\/wp-content\/uploads\/2014\/04\/destination-morroco.jpg 380w, https:\/\/www.golftravellers.com\/wp-content\/uploads\/2014\/04\/destination-morroco-150x150.jpg 150w, https:\/\/www.golftravellers.com\/wp-content\/uploads\/2014\/04\/destination-morroco-300x300.jpg 300w\" sizes=\"auto, (max-width: 380px) 100vw, 380px\" \/><\/a><\/div>\n<div class=\"one-third destinations\"><a href=\"https:\/\/www.golftravellers.com\/destinations\/golf-holidays-in-portugal\/\"><img loading=\"lazy\" decoding=\"async\" class=\"alignnone size-full wp-image-26929\" src=\"https:\/\/www.golftravellers.com\/wp-content\/uploads\/2014\/04\/destination-portugal.jpg\" alt=\"Grand green et vue sur la mer sur le parcours d'Oitvaos Dunes au Portugal\" width=\"380\" height=\"380\" srcset=\"https:\/\/www.golftravellers.com\/wp-content\/uploads\/2014\/04\/destination-portugal.jpg 380w, https:\/\/www.golftravellers.com\/wp-content\/uploads\/2014\/04\/destination-portugal-150x150.jpg 150w, https:\/\/www.golftravellers.com\/wp-content\/uploads\/2014\/04\/destination-portugal-300x300.jpg 300w\" sizes=\"auto, (max-width: 380px) 100vw, 380px\" \/><\/a><\/div>\n<div class=\"one-third destinations\"><\/div>\n<\/section>\n<div class=\"clear: both;\"><\/div>\n<section>\n<div class=\"one-third first\">\n<h4 style=\"text-align: center;\">~ \u00c9TATS-UNIS ~<\/h4>\n<\/div>\n<div class=\"one-third\">\n<h4 style=\"text-align: center;\">~ AFRIQUE DU SUD ~<\/h4>\n<\/div>\n<div class=\"one-third\">\n<h4 style=\"text-align: center;\">~ BR\u00c9SIL ~<\/h4>\n<\/div>\n<div class=\"one-third first destinations\"><a href=\"https:\/\/www.golftravellers.com\/destinations\/golf-holidays-in-the-usa\/\"><img loading=\"lazy\" decoding=\"async\" class=\"alignnone size-full wp-image-26937\" src=\"https:\/\/www.golftravellers.com\/wp-content\/uploads\/2014\/04\/destinations-united-states.jpg\" alt=\"Grand vert et mer avec des vagues sur un parcours aux Etats-Unis\" width=\"380\" height=\"380\" srcset=\"https:\/\/www.golftravellers.com\/wp-content\/uploads\/2014\/04\/destinations-united-states.jpg 380w, https:\/\/www.golftravellers.com\/wp-content\/uploads\/2014\/04\/destinations-united-states-150x150.jpg 150w, https:\/\/www.golftravellers.com\/wp-content\/uploads\/2014\/04\/destinations-united-states-300x300.jpg 300w\" sizes=\"auto, (max-width: 380px) 100vw, 380px\" \/><\/a><\/div>\n<div class=\"one-third destinations\"><a href=\"https:\/\/www.golftravellers.com\/destinations\/golf-holidays-in-south-africa\/\"><img loading=\"lazy\" decoding=\"async\" class=\"alignnone size-full wp-image-26945\" src=\"https:\/\/www.golftravellers.com\/wp-content\/uploads\/2014\/04\/destinations-south-africa.jpg\" alt=\"Grand vert et montagne sur un parcours en Afrique du Sud\" width=\"380\" height=\"380\" srcset=\"https:\/\/www.golftravellers.com\/wp-content\/uploads\/2014\/04\/destinations-south-africa.jpg 380w, https:\/\/www.golftravellers.com\/wp-content\/uploads\/2014\/04\/destinations-south-africa-150x150.jpg 150w, https:\/\/www.golftravellers.com\/wp-content\/uploads\/2014\/04\/destinations-south-africa-300x300.jpg 300w\" sizes=\"auto, (max-width: 380px) 100vw, 380px\" \/><\/a><\/div>\n<div class=\"one-third destinations\"><a href=\"https:\/\/www.golftravellers.com\/destinations\/brazil\/\"><img loading=\"lazy\" decoding=\"async\" class=\"alignnone size-full wp-image-12928\" src=\"https:\/\/www.golftravellers.com\/wp-content\/uploads\/2014\/09\/Brazil_Destinations.jpg\" alt=\"Image d'un terrain de golf entre un bac \u00e0 sable et une plage\" width=\"380\" height=\"380\" srcset=\"https:\/\/www.golftravellers.com\/wp-content\/uploads\/2014\/09\/Brazil_Destinations.jpg 380w, https:\/\/www.golftravellers.com\/wp-content\/uploads\/2014\/09\/Brazil_Destinations-150x150.jpg 150w, https:\/\/www.golftravellers.com\/wp-content\/uploads\/2014\/09\/Brazil_Destinations-300x300.jpg 300w\" sizes=\"auto, (max-width: 380px) 100vw, 380px\" \/><\/a><\/div>\n<section>\n<div class=\"one-third first\">\n<h4 style=\"text-align: center; padding: 45px 0 0 0;\">~ ANGLETERRE ~<\/h4>\n<\/div>\n<div class=\"one-third\">\n<h4 style=\"text-align: center; padding: 45px 0 0 0;\">~ PAYS DE GALLES ~<\/h4>\n<\/div>\n<div class=\"one-third first destinations\"><a href=\"https:\/\/www.golftravellers.com\/destinations\/england\/\"><img loading=\"lazy\" decoding=\"async\" class=\"alignnone size-full wp-image-12936\" src=\"https:\/\/www.golftravellers.com\/wp-content\/uploads\/2014\/09\/England_Destinations.jpg\" alt=\"Image de la vue d'un trou du terrain de golf sur de grandes vagues se brisant sur des falaises escarp\u00e9es.\" width=\"380\" height=\"380\" srcset=\"https:\/\/www.golftravellers.com\/wp-content\/uploads\/2014\/09\/England_Destinations.jpg 380w, https:\/\/www.golftravellers.com\/wp-content\/uploads\/2014\/09\/England_Destinations-150x150.jpg 150w, https:\/\/www.golftravellers.com\/wp-content\/uploads\/2014\/09\/England_Destinations-300x300.jpg 300w\" sizes=\"auto, (max-width: 380px) 100vw, 380px\" \/><\/a><\/div>\n<div class=\"one-third destinations\"><a href=\"https:\/\/www.golftravellers.com\/destinations\/wales\/\"><img loading=\"lazy\" decoding=\"async\" class=\"alignnone size-full wp-image-12968\" src=\"https:\/\/www.golftravellers.com\/wp-content\/uploads\/2014\/09\/Wales_Destinations.jpg\" alt=\"Image d'un green de golf avec plage rocheuse et vue sur l'oc\u00e9an\" width=\"380\" height=\"380\" srcset=\"https:\/\/www.golftravellers.com\/wp-content\/uploads\/2014\/09\/Wales_Destinations.jpg 380w, https:\/\/www.golftravellers.com\/wp-content\/uploads\/2014\/09\/Wales_Destinations-150x150.jpg 150w, https:\/\/www.golftravellers.com\/wp-content\/uploads\/2014\/09\/Wales_Destinations-300x300.jpg 300w\" sizes=\"auto, (max-width: 380px) 100vw, 380px\" \/><\/a><\/div>\n<div class=\"one-third destinations\"><\/div>\n<\/section>\n<div class=\"clear: both;\"><\/div>\n<section><\/section>\n<\/section>\n","protected":false},"excerpt":{"rendered":"<p>Nous proposons des circuits de golf \u00e0 St Andrews, en \u00c9cosse, en Irlande, en Angleterre, au Pays de Galles et au Br\u00e9sil, pour les particuliers, les petits et les grands groupes. S\u00e9lectionnez une destination ci-dessous pour en savoir plus. ~ ST ANDREWS ~ ~ SCOTLAND ~ ~ IRLANDE ~ ~ ESPAGNE ~ ~ MAROC ~ [&hellip;]<\/p>\n","protected":false},"author":10,"featured_media":9101,"parent":0,"menu_order":0,"comment_status":"open","ping_status":"closed","template":"","meta":{"_genesis_hide_title":false,"_genesis_hide_breadcrumbs":false,"_genesis_hide_singular_image":false,"_genesis_hide_footer_widgets":false,"_genesis_custom_body_class":"","_genesis_custom_post_class":"","_genesis_layout":"full-width-content","footnotes":""},"class_list":{"0":"post-219","1":"page","2":"type-page","3":"status-publish","4":"has-post-thumbnail","6":"entry"},"_links":{"self":[{"href":"https:\/\/www.golftravellers.com\/fr\/wp-json\/wp\/v2\/pages\/219","targetHints":{"allow":["GET"]}}],"collection":[{"href":"https:\/\/www.golftravellers.com\/fr\/wp-json\/wp\/v2\/pages"}],"about":[{"href":"https:\/\/www.golftravellers.com\/fr\/wp-json\/wp\/v2\/types\/page"}],"author":[{"embeddable":true,"href":"https:\/\/www.golftravellers.com\/fr\/wp-json\/wp\/v2\/users\/10"}],"replies":[{"embeddable":true,"href":"https:\/\/www.golftravellers.com\/fr\/wp-json\/wp\/v2\/comments?post=219"}],"version-history":[{"count":107,"href":"https:\/\/www.golftravellers.com\/fr\/wp-json\/wp\/v2\/pages\/219\/revisions"}],"predecessor-version":[{"id":43744,"href":"https:\/\/www.golftravellers.com\/fr\/wp-json\/wp\/v2\/pages\/219\/revisions\/43744"}],"wp:featuredmedia":[{"embeddable":true,"href":"https:\/\/www.golftravellers.com\/fr\/wp-json\/wp\/v2\/media\/9101"}],"wp:attachment":[{"href":"https:\/\/www.golftravellers.com\/fr\/wp-json\/wp\/v2\/media?parent=219"}],"curies":[{"name":"wp","href":"https:\/\/api.w.org\/{rel}","templated":true}]}}