{"id":210,"date":"2014-04-04T07:59:37","date_gmt":"2014-04-04T06:59:37","guid":{"rendered":"http:\/\/www.golftravellers.com\/?page_id=210"},"modified":"2017-04-24T12:37:42","modified_gmt":"2017-04-24T11:37:42","slug":"notre-equipe-golf","status":"publish","type":"page","link":"https:\/\/www.golftravellers.com\/fr\/a-propos-de-nous\/notre-equipe-golf\/","title":{"rendered":"Notre \u00e9quipe"},"content":{"rendered":"<p>Notre \u00e9quipe internationale, parlant sept langues diff\u00e9rentes (anglais, fran\u00e7ais, allemand, espagnol, portugais, danois et su\u00e9dois ) s&rsquo;engage \u00e0 vous offrir un service de qualit\u00e9 .<\/p>\n<p>&nbsp;<\/p>\n<p><b>L&rsquo;\u00e9quipe :<\/b><\/p>\n<p><span style=\"text-decoration: underline; font-size: 12pt;\">Rapha\u00ebl M\u00e9tayer (Directeur)<\/span><\/p>\n<p><img loading=\"lazy\" decoding=\"async\" class=\"alignleft wp-image-25135 size-thumbnail\" src=\"https:\/\/www.golftravellers.com\/wp-content\/uploads\/2014\/04\/Raphael-metayer-Noir-et-Blanc-150x150.jpg\" alt=\"Rapah\u00ebl M\u00e9tayer\" width=\"150\" height=\"150\" \/>Rapha\u00ebl, de nationalit\u00e9 fran\u00e7aise, est le fondateur de l&rsquo;agence Golf Travellers, pr\u00e9c\u00e9demment connue sous le nom de St Andrews Golf Experience. Il traite personnellement toutes les demandes francophones. Il est passionn\u00e9 de golf depuis son enfance et a toujours \u00e9t\u00e9 attir\u00e9 par l&rsquo;Ecosse. Il quitte la France en 2003 pour \u00e9tudier le management de golf \u00e0 Dornoch, \u00e0 l&rsquo;universit\u00e9 des Highlands and Islands et n&rsquo;a jamais quitt\u00e9 le pays depuis. Il a travaill\u00e9 sur le complexe golfique de Spey Valley dans les Highlands en tant que responsable des op\u00e9rations et en 2008 a cr\u00e9\u00e9 sa propre agence de voyage \u00e0 St Andrews. Rapha\u00ebl a une vaste connaissance du tourisme golfique en Ecosse, dans le reste de la Grande Bretagne et en Irlande.\u00a0 Il est membre du Golf Club de St Andrews.<\/p>\n<p>&nbsp;<\/p>\n<p><span style=\"text-decoration: underline; font-size: 12pt;\">Carina Neubert Favero (Chef de projet)<\/span><\/p>\n<p><img loading=\"lazy\" decoding=\"async\" class=\"alignleft wp-image-25143 size-thumbnail\" src=\"https:\/\/www.golftravellers.com\/wp-content\/uploads\/2014\/04\/Carina-neubert-favero-Noir-et-Blanc-150x150.jpg\" alt=\"Carina Neubert Favero\" width=\"150\" height=\"150\" \/>Carina est br\u00e9silienne et allemande et sa sp\u00e9cialit\u00e9 est la gestion d&rsquo;\u00e9v\u00e9nements. Apr\u00e8s avoir termin\u00e9 ses \u00e9tudes dans ce domaine \u00e0 la Swiss Hotel Management School \u00e0 Montreux en Suisse, elle a travaill\u00e9 au Resort 5 \u00e9toiles Fairmont de St Andrews. Elle est responsable des demandes des clients espagnols, portugais et allemands, de tous les itin\u00e9raires et r\u00e9servations et s&rsquo;assure que votre s\u00e9jour se d\u00e9roule bien. Carina est aussi responsable des s\u00e9jours golfiques dans son pays d&rsquo;origine, le Br\u00e9sil. Elle est passionn\u00e9e par l&rsquo;organisation et tous les aspects du voyage (elle aime voyager et profiter des g\u00e9n\u00e9reux petits d\u00e9jeuners \u00e9cossais, tout particuli\u00e8rement \u00e0 Turnberry !)<\/p>\n<p>&nbsp;<\/p>\n<p>\u00a0<br \/><span style=\"text-decoration: underline; font-size: 12pt;\"><br \/>Clementine Petitjean (Responsable Marketing &amp; Ventes)<\/span><br \/> <img loading=\"lazy\" decoding=\"async\" class=\"alignleft size-full wp-image-15594\" src=\"https:\/\/www.golftravellers.com\/wp-content\/uploads\/2014\/04\/clementine-petitjean.jpg\" alt=\"Clementine Petitjean\" width=\"150\" height=\"150\" \/>Cl\u00e9mentine est fran\u00e7aise et passionn\u00e9e par le golf. Elle est actuellement responsable de nos activit\u00e9s marketing, y compris de notre image sur les r\u00e9seaux sociaux. Elle a \u00e9tudi\u00e9 le management du sport en France et dispose d&rsquo;une\u00a0 exp\u00e9rience dans l&rsquo;industrie du golf, apr\u00e8s avoir travaill\u00e9 dans diff\u00e9rentes agences \u00e9v\u00e9nementielles golfiques, ainsi qu&rsquo;\u00e0 la F\u00e9d\u00e9ration Fran\u00e7aise de Golf.<\/p>\n<p>&nbsp;<\/p>\n<p>&nbsp;<\/p>\n<p>&nbsp;<\/p>\n<p><span style=\"text-decoration: underline;\">Guillemette Brunengo (Assistante chef de projet)<\/span><\/p>\n<p><a href=\"https:\/\/www.golftravellers.com\/wp-content\/uploads\/2014\/04\/guillou.jpg\" rel=\"attachment wp-att-29931\"><img loading=\"lazy\" decoding=\"async\" class=\"size-full wp-image-29931 alignleft\" src=\"https:\/\/www.golftravellers.com\/wp-content\/uploads\/2014\/04\/guillou.jpg\" alt=\"guillou\" width=\"150\" height=\"152\" \/><\/a>Guillemette s\u2019assure de la parfaite organisation de tous les s\u00e9jours de golf, elle est \u00e9galement responsable des s\u00e9jours dans les destinations lointaines. Depuis son enfance, Guillemette a deux passions : le golf et la culture anglo saxonne, qu&rsquo;elle d\u00e9couvre \u00e0 l&rsquo;\u00e9cole bilingue, mais aussi pendant ses nombreux s\u00e9jours au Royaume-Uni. Elle rejoint l&rsquo;\u00c9cosse en 2015, apr\u00e8s avoir termin\u00e9 des \u00e9tudes de droit \u00e0 Paris. Ce qu&rsquo;elle aime par-dessus tout dans son travail, c&rsquo;est accompagner et conseiller les clients dans leur projet de voyage, en transformant leurs envies en r\u00e9alit\u00e9.<\/p>\n<p>&nbsp;<\/p>\n<p>&nbsp;<\/p>\n<p><span style=\"text-decoration: underline; font-size: 12pt;\">Jeppe Dalgaard Balle (Representant Scandinave)<\/span><\/p>\n<p><img loading=\"lazy\" decoding=\"async\" class=\"alignleft wp-image-25151 size-thumbnail\" src=\"https:\/\/www.golftravellers.com\/wp-content\/uploads\/2014\/04\/jeppe-dalgaard-Noir-et-Blanc-150x150.jpg\" alt=\"Jeppe Dalgaard\" width=\"150\" height=\"150\" \/>Jeppe est un grand Danois et nous repr\u00e9sente aupr\u00e8s de notre client\u00e8le au Danemark, en Su\u00e8de et en Norv\u00e8ge. Le golf et la vie des oc\u00e9ans ont toujours occup\u00e9 une grande place dans sa vie. Il a v\u00e9cu pendant plusieurs ann\u00e9es \u00e0 St Andrews o\u00f9 il a travaill\u00e9 en tant que biologiste marin \u00e0 l&rsquo;Universit\u00e9 . Il a su conserver du temps pour jouer au golf le plus souvent possible ( il appr\u00e9ciait beaucoup le Old Course !). Il connait bien le golf en Ecosse et \u00e9tant toujours membre du Golf Club de St Andrews, il continue \u00e0 venir une fois par an pour jouer et rendre visite \u00e0 ses amis.<\/p>\n<p><span style=\"text-decoration: underline;\">\u00a0<\/span><\/p>\n<p>&nbsp;<\/p>\n<p><span style=\"text-decoration: underline;\">Bruce Gillan (Chauffeur)<\/span><\/p>\n<p><img loading=\"lazy\" decoding=\"async\" class=\"alignleft wp-image-24950 size-thumbnail\" src=\"https:\/\/www.golftravellers.com\/wp-content\/uploads\/2014\/12\/Bruce-2-150x150.jpg\" alt=\"Bruce Gillan\" width=\"150\" height=\"150\" \/>Bruce sera g\u00e9n\u00e9ralement votre premier contact lorsque vous arriverez en Ecosse. C&rsquo;est un chauffeur tr\u00e8s efficace, prudent et ponctuel avec beaucoup de connaissances sur son pays, l&rsquo;Ecosse. N&rsquo;h\u00e9sitez pas \u00e0 lui poser des questions sur le chemin de votre prochain golf !<\/p>\n<p>&nbsp;<\/p>\n<p>&nbsp;<\/p>\n<p>&nbsp;<\/p>\n<p><span style=\"text-decoration: underline; font-size: 12pt;\">Yogi (Mascotte de Golf Travellers)<\/span><\/p>\n<p><img loading=\"lazy\" decoding=\"async\" class=\"alignleft wp-image-25159 size-thumbnail\" src=\"https:\/\/www.golftravellers.com\/wp-content\/uploads\/2014\/04\/yogi-mascot-Noir-en-Blanc-150x150.jpg\" alt=\"Yogi\" width=\"150\" height=\"150\" \/>Yogi est notre mascotte officielle. Il est multi-t\u00e2ches, c&rsquo;est un labrador efficace et dynamique. Il est ravi de ses siestes mais s&rsquo;assure que l&rsquo;\u00e9quipe b\u00e9n\u00e9ficie d&rsquo;une vraie pause \u00e0 l&rsquo;ext\u00e9rieur de temps en temps.<\/p>\n<p>&nbsp;<\/p>\n","protected":false},"excerpt":{"rendered":"<p>Notre \u00e9quipe internationale, parlant sept langues diff\u00e9rentes (anglais, fran\u00e7ais, allemand, espagnol, portugais, danois et su\u00e9dois ) s&rsquo;engage \u00e0 vous offrir un service de qualit\u00e9 . &nbsp; L&rsquo;\u00e9quipe : Rapha\u00ebl M\u00e9tayer (Directeur) Rapha\u00ebl, de nationalit\u00e9 fran\u00e7aise, est le fondateur de l&rsquo;agence Golf Travellers, pr\u00e9c\u00e9demment connue sous le nom de St Andrews Golf Experience. Il traite personnellement [&hellip;]<\/p>\n","protected":false},"author":10,"featured_media":0,"parent":208,"menu_order":10,"comment_status":"open","ping_status":"closed","template":"","meta":{"_genesis_hide_title":false,"_genesis_hide_breadcrumbs":false,"_genesis_hide_singular_image":false,"_genesis_hide_footer_widgets":false,"_genesis_custom_body_class":"","_genesis_custom_post_class":"","_genesis_layout":"","footnotes":""},"class_list":{"0":"post-210","1":"page","2":"type-page","3":"status-publish","5":"entry"},"_links":{"self":[{"href":"https:\/\/www.golftravellers.com\/fr\/wp-json\/wp\/v2\/pages\/210","targetHints":{"allow":["GET"]}}],"collection":[{"href":"https:\/\/www.golftravellers.com\/fr\/wp-json\/wp\/v2\/pages"}],"about":[{"href":"https:\/\/www.golftravellers.com\/fr\/wp-json\/wp\/v2\/types\/page"}],"author":[{"embeddable":true,"href":"https:\/\/www.golftravellers.com\/fr\/wp-json\/wp\/v2\/users\/10"}],"replies":[{"embeddable":true,"href":"https:\/\/www.golftravellers.com\/fr\/wp-json\/wp\/v2\/comments?post=210"}],"version-history":[{"count":51,"href":"https:\/\/www.golftravellers.com\/fr\/wp-json\/wp\/v2\/pages\/210\/revisions"}],"predecessor-version":[{"id":36421,"href":"https:\/\/www.golftravellers.com\/fr\/wp-json\/wp\/v2\/pages\/210\/revisions\/36421"}],"up":[{"embeddable":true,"href":"https:\/\/www.golftravellers.com\/fr\/wp-json\/wp\/v2\/pages\/208"}],"wp:attachment":[{"href":"https:\/\/www.golftravellers.com\/fr\/wp-json\/wp\/v2\/media?parent=210"}],"curies":[{"name":"wp","href":"https:\/\/api.w.org\/{rel}","templated":true}]}}