{"id":208,"date":"2014-04-04T07:59:11","date_gmt":"2014-04-04T06:59:11","guid":{"rendered":"http:\/\/www.golftravellers.com\/?page_id=208"},"modified":"2025-02-05T12:25:20","modified_gmt":"2025-02-05T12:25:20","slug":"a-propos-de-nous","status":"publish","type":"page","link":"https:\/\/www.golftravellers.com\/fr\/a-propos-de-nous\/","title":{"rendered":"A propos de nous"},"content":{"rendered":"<p>Notre agence est sp\u00e9cialiste des s\u00e9jours de golf sur l\u2019ensemble du Royaume-Uni, en R\u00e9publique d\u2019Irlande et dans de nombreux pays pour les golfeurs francophones (les particuliers, les petits et les grands groupes de golfeurs). Nous sommes bas\u00e9s \u00e0 St Andrews, le berceau du golf. Notre mission est de vous offrir la possibilit\u00e9 de r\u00e9aliser une exp\u00e9rience golfique exceptionnelle. Nous assurons la qualit\u00e9 sur tous les aspects de votre voyage golfique.<\/p>\n<p>Tous les parcours de golf, l\u2019h\u00e9bergement, le transport et les activit\u00e9s ont \u00e9t\u00e9 soigneusement s\u00e9lectionn\u00e9s par notre \u00e9quipe, pleinement engag\u00e9e, garantissant une exp\u00e9rience unique \u00e0 nos clients. Nous intervenons pour les golfeurs de tous niveaux et nous organisons vos vacances de golf en fonction de vos int\u00e9r\u00eats, de votre budget et de vos dates de voyage.<\/p>\n<p>Nous sommes partenaire officiel de l\u2019organisation \u00ab St Andrews Links Trust \u00bb qui g\u00e8re tous les parcours publics de St Andrews. Avec cette collaboration, nous recevons un nombre important de d\u00e9parts garantis sur le c\u00e9l\u00e8bre parcours \u00ab Old Course \u00bb et nous disposons d\u2019un acc\u00e8s privil\u00e9gi\u00e9 pour la r\u00e9servation de tous les parcours de la ville.<\/p>\n<p>Nous sommes aussi membre de l&rsquo;association internationale des tour-op\u00e9rateurs de golf qui nous engage \u00e0 offrir des services de haut niveau, une s\u00e9curit\u00e9 financi\u00e8re dans les r\u00e9servations de nos clients et le meilleur rapport qualit\u00e9\/prix.<\/p>\n<p><img loading=\"lazy\" decoding=\"async\" class=\"alignnone size-medium wp-image-43600\" src=\"https:\/\/www.golftravellers.com\/wp-content\/uploads\/2025\/02\/logo-golf-st-andrews-links-298x300.png\" alt=\"\" width=\"298\" height=\"300\" srcset=\"https:\/\/www.golftravellers.com\/wp-content\/uploads\/2025\/02\/logo-golf-st-andrews-links-298x300.png 298w, https:\/\/www.golftravellers.com\/wp-content\/uploads\/2025\/02\/logo-golf-st-andrews-links-150x150.png 150w, https:\/\/www.golftravellers.com\/wp-content\/uploads\/2025\/02\/logo-golf-st-andrews-links.png 720w\" sizes=\"auto, (max-width: 298px) 100vw, 298px\" \/><\/p>\n<p><strong>Nos autres sites internet :<\/strong><\/p>\n<p><a href=\"https:\/\/www.golfenecosse.com\/\" target=\"_blank\" rel=\"noopener\">www.golfenecosse.com<\/a><\/p>\n<p><a href=\"https:\/\/www.golfirlande.com\/\" target=\"_blank\" rel=\"noopener\">www.golfirlande.com<\/a><\/p>\n<p><a href=\"https:\/\/www.golfmaroc.com\/\" target=\"_blank\" rel=\"noopener\">www.golfmaroc.com<\/a><\/p>\n<p><a href=\"https:\/\/www.golfportugal.com\/\" target=\"_blank\" rel=\"noopener\">www.golfportugal.com<\/a><\/p>\n<p><a href=\"https:\/\/www.golfespagne.com\/\" target=\"_blank\" rel=\"noopener\">www.golfespagne.com<\/a><\/p>\n<p><a href=\"https:\/\/www.golfadubai.com\/\" target=\"_blank\" rel=\"noopener\">www.golfadubai.com<\/a><\/p>\n<p>Pour nos autres destinations dont l&rsquo;Angleterre, le Pays de Galles, les Etats-Unis et bien plus : <a href=\"https:\/\/www.golftravellers.com\/fr\" target=\"_blank\" rel=\"noopener\">www.golftravellers.com\/fr<\/a><\/p>\n<p><strong>Le soutien de Gr\u00e9gory Havret :<\/strong><\/p>\n<p>\u00ab Je recommande fortement le tour op\u00e9rateur fran\u00e7ais Golf Travellers pour vos s\u00e9jours. Je les ai rencontr\u00e9s \u00e0 plusieurs reprises lors de mes comp\u00e9titions du circuit europ\u00e9en. Ce sont les seuls sp\u00e9cialistes bas\u00e9s en Ecosse, \u00e0 St Andrews m\u00eame. Je suis tr\u00e8s attach\u00e9 \u00e0 ce pays o\u00f9 j\u2019ai gagn\u00e9 mes deux plus importants troph\u00e9es, \u00e0 Loch Lomond pour l\u2019Open d\u2019Ecosse en 2007 battant Phil Mickelson en play-off et \u00e0 Gleneagles sur le magnifique parcours du PGA Centenary pour le Johnnie Walker en 2008. Un pays avec des parcours fantastiques, une atmosph\u00e8re et une histoire totalement uniques. S\u00e9journer \u00e0 St Andrews et jouer le Old Course est un passage oblig\u00e9 dans une vie de golfeur. \u00bb<\/p>\n<p><strong>Les principales victoires du palmar\u00e8s de Gr\u00e9gory :<\/strong><br \/>\nAmateur :<br \/>\nVainqueur du championnat de France amateur entre 1997 et 1999<br \/>\nVainqueur de l\u2019Omnium National en 1998 (tournoi professionnel)<br \/>\nChampion d\u2019Europe en 1999 au Pays de Galles<\/p>\n<p>Professionel :<br \/>\nVainqueur de l\u2019Open d\u2019Italie en 2001 (1\u00e8re ann\u00e9e sur le circuit Europ\u00e9en)<br \/>\nVainqueur de l\u2019Open d\u2019Ecosse en 2007 \u00e0 Loch Lomond (circuit Europ\u00e9en)<br \/>\nVainqueur du Johnnie Walker en 2008 \u00e0 Gleneagles (circuit Europ\u00e9en)<br \/>\nDeuxi\u00e8me place \u00e0 l\u2019U.S. Open en 2010 \u00e0 Pebble Beach en Californie<br \/>\nNum\u00e9ro 1 fran\u00e7ais en 2007, 2008, 2010 et 2011<\/p>\n","protected":false},"excerpt":{"rendered":"<p>Notre agence est sp\u00e9cialiste des s\u00e9jours de golf sur l\u2019ensemble du Royaume-Uni, en R\u00e9publique d\u2019Irlande et dans de nombreux pays pour les golfeurs francophones (les particuliers, les petits et les grands groupes de golfeurs). Nous sommes bas\u00e9s \u00e0 St Andrews, le berceau du golf. Notre mission est de vous offrir la possibilit\u00e9 de r\u00e9aliser une [&hellip;]<\/p>\n","protected":false},"author":10,"featured_media":18077,"parent":0,"menu_order":10,"comment_status":"open","ping_status":"closed","template":"","meta":{"_genesis_hide_title":false,"_genesis_hide_breadcrumbs":false,"_genesis_hide_singular_image":false,"_genesis_hide_footer_widgets":false,"_genesis_custom_body_class":"","_genesis_custom_post_class":"","_genesis_layout":"full-width-content","footnotes":""},"class_list":{"0":"post-208","1":"page","2":"type-page","3":"status-publish","4":"has-post-thumbnail","6":"entry"},"_links":{"self":[{"href":"https:\/\/www.golftravellers.com\/fr\/wp-json\/wp\/v2\/pages\/208","targetHints":{"allow":["GET"]}}],"collection":[{"href":"https:\/\/www.golftravellers.com\/fr\/wp-json\/wp\/v2\/pages"}],"about":[{"href":"https:\/\/www.golftravellers.com\/fr\/wp-json\/wp\/v2\/types\/page"}],"author":[{"embeddable":true,"href":"https:\/\/www.golftravellers.com\/fr\/wp-json\/wp\/v2\/users\/10"}],"replies":[{"embeddable":true,"href":"https:\/\/www.golftravellers.com\/fr\/wp-json\/wp\/v2\/comments?post=208"}],"version-history":[{"count":31,"href":"https:\/\/www.golftravellers.com\/fr\/wp-json\/wp\/v2\/pages\/208\/revisions"}],"predecessor-version":[{"id":43609,"href":"https:\/\/www.golftravellers.com\/fr\/wp-json\/wp\/v2\/pages\/208\/revisions\/43609"}],"wp:featuredmedia":[{"embeddable":true,"href":"https:\/\/www.golftravellers.com\/fr\/wp-json\/wp\/v2\/media\/18077"}],"wp:attachment":[{"href":"https:\/\/www.golftravellers.com\/fr\/wp-json\/wp\/v2\/media?parent=208"}],"curies":[{"name":"wp","href":"https:\/\/api.w.org\/{rel}","templated":true}]}}