{"id":18539,"date":"2014-12-03T16:32:15","date_gmt":"2014-12-03T16:32:15","guid":{"rendered":"http:\/\/www.golftravellers.com\/?page_id=18539"},"modified":"2018-05-23T13:53:09","modified_gmt":"2018-05-23T12:53:09","slug":"mentions-legales","status":"publish","type":"page","link":"https:\/\/www.golftravellers.com\/fr\/mentions-legales\/","title":{"rendered":"Mentions l\u00e9gales"},"content":{"rendered":"<p>POLITIQUE DE CONFIDENTIALIT\u00c9<\/p>\n<p>Nous tenons \u00e0 vous assurer que nous nous engageons \u00e0 prot\u00e9ger la vie priv\u00e9e de tous nos utilisateurs. Nous veillerons \u00e0 ce que les informations que vous nous fournissez restent priv\u00e9es et confidentielles, et nous ne les utiliserons que pour fournir les services que vous demandez.<\/p>\n<p>INFORMATIONS FOURNIES VOLONTAIREMENT<\/p>\n<p>Lorsque vous effectuez une demande de devis, de r\u00e9servation, d&rsquo;inscription \u00e0 notre newsletter, ou communiquez avec nous de quelque mani\u00e8re que ce soit, vous nous communiquez volontairement les informations que nous collectons. Ces informations peuvent inclure votre nom, adresse physique, adresse e-mail, num\u00e9ro de t\u00e9l\u00e9phone. En nous donnant ces informations, vous consentez \u00e0 ce qu&rsquo;elles soient collect\u00e9es et enregistr\u00e9es dans notre base de donn\u00e9es et sur nos sites internet s\u00e9curis\u00e9s.<\/p>\n<p>INFORMATIONS QUE NOUS COLLECTONS AUTOMATIQUEMENT<\/p>\n<p>Lorsque vous naviguez sur nos sites ineternet, nous pouvons collecter automatiquement des informations lors de votre visite en utilisant des cookies. Ces informations peuvent inclure votre type d&rsquo;appareil, votre navigateur, votre adresse IP, le moyen par lequel vous \u00eates arriv\u00e9 sur le site Web ou comment vous avez interagi avec le site Web. Ces informations peuvent \u00eatre utilis\u00e9es pour surveiller ou am\u00e9liorer les performances du site Web. Les informations provenant du cookie seul ne vous identifieront pas personnellement et nous n&rsquo;utiliserons pas ces informations en relation avec les informations personnellement identifiables que vous avez fournies. Vous pouvez en savoir plus concernant les cookies sp\u00e9cifiques que nous utilisons <a href=\"https:\/\/www.golftravellers.com\/fr\/reglementation-cookies\/\">ici.<\/a><\/p>\n<p>INFORMATIONS QUE NOUS PARTAGEONS AVEC LES PRESTATAIRES TIERS<\/p>\n<p>Nous pouvons partager vos informations personnelles avec nos prestataires de services (h\u00e9bergements, clubs de golf, compagnies de transport etc&#8230;). Ces informations peuvent \u00eatre alors utilis\u00e9es et enregistr\u00e9es par ces tiers uniquement pour des int\u00e9r\u00eats commerciaux l\u00e9gitimes, tels que le traitement de vos r\u00e9servations. Nous nous engageons \u00e0 ne pas louer, vendre ou \u00e9changer ces informations.\u00a0<\/p>\n<p>ACC\u00c8S AUX INFORMATIONS PERSONNELLEMENT IDENTIFIABLES<\/p>\n<p>Si vos informations personnelles identifiables changent ou si vous souhaitez que vos informations soient supprim\u00e9es de nos dossiers, vous pouvez les mettre \u00e0 jour ou les supprimer en envoyant un email \u00e0 <a href=\"mailto:contact@golftravellers.com\">contact@golftravellers.com<\/a>. Si vous souhaitez arr\u00eater de recevoir des bulletins d&rsquo;information par courriel, cliquez sur le lien de d\u00e9sabonnement de l&rsquo;une des newsletters. Veuillez noter que nous ne pouvons pas toujours supprimer les enregistrements de toutes les donn\u00e9es historiques. Par exemple, nous sommes tenus de conserver certains dossiers pour des raisons financi\u00e8res et de conformit\u00e9.<\/p>\n<p>SITES WEB DE TIERS<\/p>\n<p>Toute information ou communication que vous nous soumettez via une plate-forme de m\u00e9dias sociaux est fait \u00e0 vos risques et p\u00e9rils, sans aucune attente de confidentialit\u00e9. Nous ne pouvons pas contr\u00f4ler les actions des autres utilisateurs de ces plates-formes ou les actions des plates-formes elles-m\u00eames. Vos interactions avec ces fonctionnalit\u00e9s et plates-formes sont r\u00e9gies par les politiques de confidentialit\u00e9 des entreprises qui les fournissent. Notre site Web comprend des liens vers d&rsquo;autres sites Web, dont les pratiques de confidentialit\u00e9 peuvent \u00eatre diff\u00e9rentes des n\u00f4tres. Si vous soumettez des informations personnellement identifiables \u00e0 l&rsquo;un de ces sites, vos informations sont r\u00e9gies par leurs politiques de confidentialit\u00e9. Nous vous encourageons \u00e0 lire attentivement la politique de confidentialit\u00e9 de tout site Web que vous visitez.<\/p>\n<p>MODIFICATIONS DE LA POLITIQUE DE CONFIDENTIALIT\u00c9<\/p>\n<p>Nous pouvons apporter des modifications \u00e0 cette politique de confidentialit\u00e9, qui entrent en vigueur lors de la mise \u00e0 jour de cette page. Nous vous recommandons de consulter cette politique de confidentialit\u00e9 afin de prendre connaissance de tout changement ayant une incidence sur votre consentement en interagissant avec le site Web, en soumettant une requ\u00eate, en effectuant une r\u00e9servation ou en interagissant avec Golf Travellers Agency Limited.<\/p>\n<p>&nbsp;<\/p>\n<p>Si vous avez des questions, ou si vous souhaitez d&rsquo;autres renseignements, n&rsquo;h\u00e9sitez pas \u00e0 <a title=\"Nous contacter\" href=\"https:\/\/www.golftravellers.com\/fr\/nous-contacter\/\"><strong>nous contacter<\/strong><\/a>.<\/p>\n<p><strong>Droits d&rsquo;auteur :<\/strong><\/p>\n<p>Golf Travellers Agency Ltd<em><br \/>\n <\/em>Kinfern<br \/>\n Kincaple<br \/>\n St Andrews<br \/>\n Fife<br \/>\n KY16 9SH<br \/>\n Ecosse<\/p>\n<p>Tel (fixe) : 0044 (0) 1334 850 030<br \/>\n Fax : 0044 (0) 1334 480 453<br \/>\n Email : <a href=\"mailto:contact@golftravellers.com\">contact@golftravellers.com<\/a><\/p>\n<p>SIRET : 350456<\/p>\n<p>Directeur : Rapha\u00ebl M\u00e9tayer<\/p>\n<p>Tous les droits de reproduction sont r\u00e9serv\u00e9s, y compris tous les documents t\u00e9l\u00e9chargeables et les repr\u00e9sentations iconographiques et photographiques.<br \/>\n La reproduction partielle ou totale de ce site internet sur un support papier ou \u00e9lectronique, quel qu&rsquo;il soit, est interdite, sauf avec autorisation du directeur de Golf Travellers Agency Ltd.<\/p>\n<p>&nbsp;<\/p>\n","protected":false},"excerpt":{"rendered":"<p>POLITIQUE DE CONFIDENTIALIT\u00c9 Nous tenons \u00e0 vous assurer que nous nous engageons \u00e0 prot\u00e9ger la vie priv\u00e9e de tous nos utilisateurs. Nous veillerons \u00e0 ce que les informations que vous nous fournissez restent priv\u00e9es et confidentielles, et nous ne les utiliserons que pour fournir les services que vous demandez. INFORMATIONS FOURNIES VOLONTAIREMENT Lorsque vous effectuez [&hellip;]<\/p>\n","protected":false},"author":6,"featured_media":0,"parent":0,"menu_order":80,"comment_status":"open","ping_status":"closed","template":"","meta":{"_genesis_hide_title":false,"_genesis_hide_breadcrumbs":false,"_genesis_hide_singular_image":false,"_genesis_hide_footer_widgets":false,"_genesis_custom_body_class":"","_genesis_custom_post_class":"","_genesis_layout":"","footnotes":""},"class_list":{"0":"post-18539","1":"page","2":"type-page","3":"status-publish","5":"entry"},"_links":{"self":[{"href":"https:\/\/www.golftravellers.com\/fr\/wp-json\/wp\/v2\/pages\/18539","targetHints":{"allow":["GET"]}}],"collection":[{"href":"https:\/\/www.golftravellers.com\/fr\/wp-json\/wp\/v2\/pages"}],"about":[{"href":"https:\/\/www.golftravellers.com\/fr\/wp-json\/wp\/v2\/types\/page"}],"author":[{"embeddable":true,"href":"https:\/\/www.golftravellers.com\/fr\/wp-json\/wp\/v2\/users\/6"}],"replies":[{"embeddable":true,"href":"https:\/\/www.golftravellers.com\/fr\/wp-json\/wp\/v2\/comments?post=18539"}],"version-history":[{"count":10,"href":"https:\/\/www.golftravellers.com\/fr\/wp-json\/wp\/v2\/pages\/18539\/revisions"}],"predecessor-version":[{"id":41098,"href":"https:\/\/www.golftravellers.com\/fr\/wp-json\/wp\/v2\/pages\/18539\/revisions\/41098"}],"wp:attachment":[{"href":"https:\/\/www.golftravellers.com\/fr\/wp-json\/wp\/v2\/media?parent=18539"}],"curies":[{"name":"wp","href":"https:\/\/api.w.org\/{rel}","templated":true}]}}