{"id":1824,"date":"2014-06-13T12:10:38","date_gmt":"2014-06-13T11:10:38","guid":{"rendered":"http:\/\/www.golftravellers.com\/?page_id=1824"},"modified":"2023-10-05T18:26:22","modified_gmt":"2023-10-05T17:26:22","slug":"east-sussex-national","status":"publish","type":"page","link":"https:\/\/www.golftravellers.com\/fr\/destinations\/angleterre\/parcours-de-golf-en-angleterre\/region-sud-est\/east-sussex-national\/","title":{"rendered":"East Sussex National"},"content":{"rendered":"<table border=\"0\">\n<tbody>\n<tr>\n<td><strong>Notre classement :<\/strong><\/td>\n<td>&nbsp;<img loading=\"lazy\" decoding=\"async\" class=\"alignnone size-full wp-image-1011\" src=\"https:\/\/www.golftravellers.com\/wp-content\/uploads\/2014\/05\/3stars.png\" alt=\"Golf Travellers 3 star rating golf course\" width=\"88\" height=\"30\"><\/td>\n<td colspan=\"2\" rowspan=\"9\" align=\"center\" valign=\"top\" width=\"50%\"><img loading=\"lazy\" decoding=\"async\" class=\"alignnone wp-image-13236\" src=\"https:\/\/www.golftravellers.com\/wp-content\/uploads\/2014\/09\/England-Map1.png\" alt=\"\" width=\"450\" height=\"560\" srcset=\"https:\/\/www.golftravellers.com\/wp-content\/uploads\/2014\/09\/England-Map1.png 550w, https:\/\/www.golftravellers.com\/wp-content\/uploads\/2014\/09\/England-Map1-240x300.png 240w\" sizes=\"auto, (max-width: 450px) 100vw, 450px\" \/><\/td>\n<\/tr>\n<tr>\n<td><strong>Classement Angleterre :<\/strong><\/td>\n<td>100<\/td>\n<\/tr>\n<tr>\n<td width=\"30%\"><strong>Architecte :<\/strong><\/td>\n<td width=\"20%\">Robert E. Cupp<\/td>\n<\/tr>\n<tr>\n<td><strong>Date d&rsquo;ouverture :<\/strong><\/td>\n<td>1990<\/td>\n<\/tr>\n<tr>\n<td><strong>Par :<\/strong><\/td>\n<td>72<\/td>\n<\/tr>\n<tr>\n<td><strong>Distance depuis Londres :<\/strong><\/td>\n<td>75 km<\/td>\n<\/tr>\n<tr>\n<td><strong>Distance depuis Birmingham :<\/strong><\/td>\n<td>280 km<\/td>\n<\/tr>\n<tr>\n<td><strong>Distance depuis Liverpool :<\/strong><\/td>\n<td>425 km<\/td>\n<\/tr>\n<tr>\n<td><strong>Distance depuis Bristol&nbsp;:<\/strong><\/td>\n<td>250 km<\/td>\n<\/tr>\n<tr>\n<td colspan=\"4\">Deux superbes parcours de golf dans le coeur du Sussex. East Sussex National est un centre d&rsquo;excellence, ses parcours b\u00e9n\u00e9ficient d&rsquo;une grande vari\u00e9t\u00e9 de d\u00e9fis et d&rsquo;une beaut\u00e9 naturelle. La qualit\u00e9 des terrains rend le jeu tr\u00e8s agr\u00e9able pour les golfeurs de tous niveaux.<\/td>\n<\/tr>\n<\/tbody>\n<\/table>\n<div class=\"one-third first\"><a class=\"button\" title=\"Nos s\u00e9jours de golf\" href=\"https:\/\/www.golftravellers.com\/fr\/destinations\/angleterre\/sejours-de-golf-en-angleterre\/\">Nos offres<\/a><\/div>\n<div class=\"one-third\"><a class=\"button\" title=\"Demande de devis\" href=\"https:\/\/www.golftravellers.com\/fr\/nous-contacter\/demande-de-devis\/\">Demande de devis<\/a><\/div>\n<div class=\"one-third\"><a class=\"button\" title=\"Nous contacter\" href=\"https:\/\/www.golftravellers.com\/fr\/nous-contacter\/\">Contactez-nous<\/a><\/div>\n","protected":false},"excerpt":{"rendered":"<p>Notre classement : &nbsp; Classement Angleterre : 100 Architecte : Robert E. Cupp Date d&rsquo;ouverture : 1990 Par : 72 Distance depuis Londres : 75 km Distance depuis Birmingham : 280 km Distance depuis Liverpool : 425 km Distance depuis Bristol&nbsp;: 250 km Deux superbes parcours de golf dans le coeur du Sussex. East Sussex [&hellip;]<\/p>\n","protected":false},"author":10,"featured_media":41681,"parent":2430,"menu_order":0,"comment_status":"open","ping_status":"open","template":"","meta":{"_genesis_hide_title":false,"_genesis_hide_breadcrumbs":false,"_genesis_hide_singular_image":false,"_genesis_hide_footer_widgets":false,"_genesis_custom_body_class":"","_genesis_custom_post_class":"","_genesis_layout":"","footnotes":""},"class_list":{"0":"post-1824","1":"page","2":"type-page","3":"status-publish","4":"has-post-thumbnail","6":"entry"},"_links":{"self":[{"href":"https:\/\/www.golftravellers.com\/fr\/wp-json\/wp\/v2\/pages\/1824","targetHints":{"allow":["GET"]}}],"collection":[{"href":"https:\/\/www.golftravellers.com\/fr\/wp-json\/wp\/v2\/pages"}],"about":[{"href":"https:\/\/www.golftravellers.com\/fr\/wp-json\/wp\/v2\/types\/page"}],"author":[{"embeddable":true,"href":"https:\/\/www.golftravellers.com\/fr\/wp-json\/wp\/v2\/users\/10"}],"replies":[{"embeddable":true,"href":"https:\/\/www.golftravellers.com\/fr\/wp-json\/wp\/v2\/comments?post=1824"}],"version-history":[{"count":9,"href":"https:\/\/www.golftravellers.com\/fr\/wp-json\/wp\/v2\/pages\/1824\/revisions"}],"predecessor-version":[{"id":42315,"href":"https:\/\/www.golftravellers.com\/fr\/wp-json\/wp\/v2\/pages\/1824\/revisions\/42315"}],"up":[{"embeddable":true,"href":"https:\/\/www.golftravellers.com\/fr\/wp-json\/wp\/v2\/pages\/2430"}],"wp:featuredmedia":[{"embeddable":true,"href":"https:\/\/www.golftravellers.com\/fr\/wp-json\/wp\/v2\/media\/41681"}],"wp:attachment":[{"href":"https:\/\/www.golftravellers.com\/fr\/wp-json\/wp\/v2\/media?parent=1824"}],"curies":[{"name":"wp","href":"https:\/\/api.w.org\/{rel}","templated":true}]}}