{"id":1822,"date":"2014-11-12T13:54:31","date_gmt":"2014-11-12T13:54:31","guid":{"rendered":"http:\/\/www.golftravellers.com\/?page_id=1822"},"modified":"2023-10-05T18:27:20","modified_gmt":"2023-10-05T17:27:20","slug":"west-sussex","status":"publish","type":"page","link":"https:\/\/www.golftravellers.com\/fr\/destinations\/angleterre\/parcours-de-golf-en-angleterre\/region-sud-est\/west-sussex\/","title":{"rendered":"West Sussex"},"content":{"rendered":"<table border=\"0\">\n<tbody>\n<tr>\n<td><strong>Notre classement :<\/strong><\/td>\n<td>&nbsp;<img loading=\"lazy\" decoding=\"async\" class=\"alignnone size-full wp-image-991\" src=\"https:\/\/www.golftravellers.com\/wp-content\/uploads\/2014\/05\/5stars_rating_GolfCourse.png\" alt=\"Golf Travellers 5 star rating golf course\" width=\"147\" height=\"30\"><\/td>\n<td colspan=\"2\" rowspan=\"9\" align=\"center\" valign=\"top\" width=\"50%\"><img loading=\"lazy\" decoding=\"async\" class=\"alignnone wp-image-13236\" src=\"https:\/\/www.golftravellers.com\/wp-content\/uploads\/2014\/09\/England-Map1.png\" alt=\"\" width=\"450\" height=\"560\" srcset=\"https:\/\/www.golftravellers.com\/wp-content\/uploads\/2014\/09\/England-Map1.png 550w, https:\/\/www.golftravellers.com\/wp-content\/uploads\/2014\/09\/England-Map1-240x300.png 240w\" sizes=\"auto, (max-width: 450px) 100vw, 450px\" \/><\/td>\n<\/tr>\n<tr>\n<td><strong>Classement Angleterre :<\/strong><\/td>\n<td>20<\/td>\n<\/tr>\n<tr>\n<td width=\"30%\"><strong>Architecte :<\/strong><\/td>\n<td width=\"20%\">Campbell &amp; Hutchison<\/td>\n<\/tr>\n<tr>\n<td><strong>Date d&rsquo;ouverture :<\/strong><\/td>\n<td>1931<\/td>\n<\/tr>\n<tr>\n<td><strong>Par :<\/strong><\/td>\n<td>68<\/td>\n<\/tr>\n<tr>\n<td><strong>Distance depuis Londres :<\/strong><\/td>\n<td>85 km<\/td>\n<\/tr>\n<tr>\n<td><strong>Distance depuis Birmingham :<\/strong><\/td>\n<td>265 km<\/td>\n<\/tr>\n<tr>\n<td><strong>Distance depuis Liverpool :<\/strong><\/td>\n<td>415 km<\/td>\n<\/tr>\n<tr>\n<td><strong>Distance depuis Bristol :<\/strong><\/td>\n<td>205 km<\/td>\n<\/tr>\n<tr>\n<td colspan=\"4\"><span id=\"tran0\">Ce club, \u00e0 25 kms de Brighton, est un endroit exceptionnel, un petit joyau moins connu que certains mais bien r\u00e9el. La plupart des trous, sablonneux, sont d&rsquo;une grande beaut\u00e9 naturelle, entour\u00e9s de bruy\u00e8re et d&rsquo;arbres. Magnifiques couleurs \u00e0 l&rsquo;automne. Les chenaux naturels et la vue sur la campagne du West Sussex, donnent au parcours tout son charme. R\u00e9guli\u00e8rement class\u00e9 parmi les meilleurs parcours traditionnels de Grande-Bretagne, il teste les meilleurs joueurs.&nbsp;<\/span><\/td>\n<\/tr>\n<\/tbody>\n<\/table>\n<div class=\"one-third first\"><a class=\"button\" title=\"Nos s\u00e9jours de golf\" href=\"https:\/\/www.golftravellers.com\/fr\/destinations\/angleterre\/sejours-de-golf-en-angleterre\/\">Nos offres<\/a><\/div>\n<div class=\"one-third\"><a class=\"button\" title=\"Demande de devis\" href=\"https:\/\/www.golftravellers.com\/fr\/nous-contacter\/demande-de-devis\/\">Demande de devis<\/a><\/div>\n<div class=\"one-third\"><a class=\"button\" title=\"Nous contacter\" href=\"https:\/\/www.golftravellers.com\/fr\/nous-contacter\/\">Contactez-nous<\/a><\/div>\n","protected":false},"excerpt":{"rendered":"<p>Notre classement : &nbsp; Classement Angleterre : 20 Architecte : Campbell &amp; Hutchison Date d&rsquo;ouverture : 1931 Par : 68 Distance depuis Londres : 85 km Distance depuis Birmingham : 265 km Distance depuis Liverpool : 415 km Distance depuis Bristol : 205 km Ce club, \u00e0 25 kms de Brighton, est un endroit exceptionnel, [&hellip;]<\/p>\n","protected":false},"author":10,"featured_media":41657,"parent":2430,"menu_order":0,"comment_status":"open","ping_status":"open","template":"","meta":{"_genesis_hide_title":false,"_genesis_hide_breadcrumbs":false,"_genesis_hide_singular_image":false,"_genesis_hide_footer_widgets":false,"_genesis_custom_body_class":"","_genesis_custom_post_class":"","_genesis_layout":"","footnotes":""},"class_list":{"0":"post-1822","1":"page","2":"type-page","3":"status-publish","4":"has-post-thumbnail","6":"entry"},"_links":{"self":[{"href":"https:\/\/www.golftravellers.com\/fr\/wp-json\/wp\/v2\/pages\/1822","targetHints":{"allow":["GET"]}}],"collection":[{"href":"https:\/\/www.golftravellers.com\/fr\/wp-json\/wp\/v2\/pages"}],"about":[{"href":"https:\/\/www.golftravellers.com\/fr\/wp-json\/wp\/v2\/types\/page"}],"author":[{"embeddable":true,"href":"https:\/\/www.golftravellers.com\/fr\/wp-json\/wp\/v2\/users\/10"}],"replies":[{"embeddable":true,"href":"https:\/\/www.golftravellers.com\/fr\/wp-json\/wp\/v2\/comments?post=1822"}],"version-history":[{"count":13,"href":"https:\/\/www.golftravellers.com\/fr\/wp-json\/wp\/v2\/pages\/1822\/revisions"}],"predecessor-version":[{"id":42324,"href":"https:\/\/www.golftravellers.com\/fr\/wp-json\/wp\/v2\/pages\/1822\/revisions\/42324"}],"up":[{"embeddable":true,"href":"https:\/\/www.golftravellers.com\/fr\/wp-json\/wp\/v2\/pages\/2430"}],"wp:featuredmedia":[{"embeddable":true,"href":"https:\/\/www.golftravellers.com\/fr\/wp-json\/wp\/v2\/media\/41657"}],"wp:attachment":[{"href":"https:\/\/www.golftravellers.com\/fr\/wp-json\/wp\/v2\/media?parent=1822"}],"curies":[{"name":"wp","href":"https:\/\/api.w.org\/{rel}","templated":true}]}}