{"id":1820,"date":"2014-11-12T13:41:21","date_gmt":"2014-11-12T13:41:21","guid":{"rendered":"http:\/\/www.golftravellers.com\/?page_id=1820"},"modified":"2023-10-05T18:26:45","modified_gmt":"2023-10-05T17:26:45","slug":"royal-ashdown-forest-old-course","status":"publish","type":"page","link":"https:\/\/www.golftravellers.com\/fr\/destinations\/angleterre\/parcours-de-golf-en-angleterre\/region-sud-est\/royal-ashdown-forest-old-course\/","title":{"rendered":"Royal Ashdown Forest Old Course"},"content":{"rendered":"<table border=\"0\">\n<tbody>\n<tr>\n<td><strong>Notre classement :<\/strong><\/td>\n<td>&nbsp;<img loading=\"lazy\" decoding=\"async\" class=\"alignnone size-full wp-image-1020\" src=\"https:\/\/www.golftravellers.com\/wp-content\/uploads\/2014\/05\/4stars1.png\" alt=\"Golf Travellers 4 star rating golf course\" width=\"118\" height=\"30\"><\/td>\n<td colspan=\"2\" rowspan=\"9\" align=\"center\" valign=\"top\" width=\"50%\"><img loading=\"lazy\" decoding=\"async\" class=\"alignnone wp-image-13236\" src=\"https:\/\/www.golftravellers.com\/wp-content\/uploads\/2014\/09\/England-Map1.png\" alt=\"\" width=\"450\" height=\"560\" srcset=\"https:\/\/www.golftravellers.com\/wp-content\/uploads\/2014\/09\/England-Map1.png 550w, https:\/\/www.golftravellers.com\/wp-content\/uploads\/2014\/09\/England-Map1-240x300.png 240w\" sizes=\"auto, (max-width: 450px) 100vw, 450px\" \/><\/td>\n<\/tr>\n<tr>\n<td><strong>Classement Angleterre :<\/strong><\/td>\n<td>49<\/td>\n<\/tr>\n<tr>\n<td width=\"30%\"><strong>Architecte :<\/strong><\/td>\n<td width=\"20%\">&nbsp;Archdeacon Scott<\/td>\n<\/tr>\n<tr>\n<td><strong>Date d&rsquo;ouverture :<\/strong><\/td>\n<td>&nbsp;1892\/1965<\/td>\n<\/tr>\n<tr>\n<td><strong>Par :<\/strong><\/td>\n<td>72<\/td>\n<\/tr>\n<tr>\n<td><strong>Distance depuis Londres :<\/strong><\/td>\n<td>55 km<\/td>\n<\/tr>\n<tr>\n<td><strong>Distance depuis Birmingham :<\/strong><\/td>\n<td>260 km<\/td>\n<\/tr>\n<tr>\n<td><strong>Distance depuis Liverpool :<\/strong><\/td>\n<td>410 km<\/td>\n<\/tr>\n<tr>\n<td><strong>Distance depuis Bristol :<\/strong><\/td>\n<td>230 km<\/td>\n<\/tr>\n<tr>\n<td colspan=\"4\">Voici un parcours con\u00e7u par la nature. Il est toujours class\u00e9 dans les 100 premiers parcours des Iles Britanniques. C\u00e9l\u00e8bre pour n&rsquo;avoir aucun bunker et cette caract\u00e9ristique n\u2019att\u00e9nue en rien sa difficult\u00e9. Le challenge est accru par les chenaux \u00e9troits, les cavit\u00e9s et les plans d&rsquo;eau. Les arbres centenaires, dans ce cadre magnifique, ne font qu&rsquo;ajouter du charme&nbsp;\u00e0 la beaut\u00e9 naturelle du parcours. Enti\u00e8rement restaur\u00e9 en 1965 avec une grande vari\u00e9t\u00e9 de trous. La bruy\u00e8re, tr\u00e8s pr\u00e9sente, s&rsquo;approprie les balles aussi bien que des bunkers.<\/td>\n<\/tr>\n<\/tbody>\n<\/table>\n<div class=\"one-third first\"><a class=\"button\" title=\"Nos s\u00e9jours de golf\" href=\"https:\/\/www.golftravellers.com\/fr\/destinations\/angleterre\/sejours-de-golf-en-angleterre\/\">Nos offres<\/a><\/div>\n<div class=\"one-third\"><a class=\"button\" title=\"Demande de devis\" href=\"https:\/\/www.golftravellers.com\/fr\/nous-contacter\/demande-de-devis\/\">Demande de devis<\/a><\/div>\n<div class=\"one-third\"><a class=\"button\" title=\"Nous contacter\" href=\"https:\/\/www.golftravellers.com\/fr\/nous-contacter\/\">Contactez-nous<\/a><\/div>\n","protected":false},"excerpt":{"rendered":"<p>Notre classement : &nbsp; Classement Angleterre : 49 Architecte : &nbsp;Archdeacon Scott Date d&rsquo;ouverture : &nbsp;1892\/1965 Par : 72 Distance depuis Londres : 55 km Distance depuis Birmingham : 260 km Distance depuis Liverpool : 410 km Distance depuis Bristol : 230 km Voici un parcours con\u00e7u par la nature. Il est toujours class\u00e9 dans [&hellip;]<\/p>\n","protected":false},"author":10,"featured_media":18981,"parent":2430,"menu_order":0,"comment_status":"open","ping_status":"open","template":"","meta":{"_genesis_hide_title":false,"_genesis_hide_breadcrumbs":false,"_genesis_hide_singular_image":false,"_genesis_hide_footer_widgets":false,"_genesis_custom_body_class":"","_genesis_custom_post_class":"","_genesis_layout":"","footnotes":""},"class_list":{"0":"post-1820","1":"page","2":"type-page","3":"status-publish","4":"has-post-thumbnail","6":"entry"},"_links":{"self":[{"href":"https:\/\/www.golftravellers.com\/fr\/wp-json\/wp\/v2\/pages\/1820","targetHints":{"allow":["GET"]}}],"collection":[{"href":"https:\/\/www.golftravellers.com\/fr\/wp-json\/wp\/v2\/pages"}],"about":[{"href":"https:\/\/www.golftravellers.com\/fr\/wp-json\/wp\/v2\/types\/page"}],"author":[{"embeddable":true,"href":"https:\/\/www.golftravellers.com\/fr\/wp-json\/wp\/v2\/users\/10"}],"replies":[{"embeddable":true,"href":"https:\/\/www.golftravellers.com\/fr\/wp-json\/wp\/v2\/comments?post=1820"}],"version-history":[{"count":12,"href":"https:\/\/www.golftravellers.com\/fr\/wp-json\/wp\/v2\/pages\/1820\/revisions"}],"predecessor-version":[{"id":42319,"href":"https:\/\/www.golftravellers.com\/fr\/wp-json\/wp\/v2\/pages\/1820\/revisions\/42319"}],"up":[{"embeddable":true,"href":"https:\/\/www.golftravellers.com\/fr\/wp-json\/wp\/v2\/pages\/2430"}],"wp:featuredmedia":[{"embeddable":true,"href":"https:\/\/www.golftravellers.com\/fr\/wp-json\/wp\/v2\/media\/18981"}],"wp:attachment":[{"href":"https:\/\/www.golftravellers.com\/fr\/wp-json\/wp\/v2\/media?parent=1820"}],"curies":[{"name":"wp","href":"https:\/\/api.w.org\/{rel}","templated":true}]}}