{"id":17623,"date":"2014-11-28T17:20:19","date_gmt":"2014-11-28T17:20:19","guid":{"rendered":"http:\/\/www.golftravellers.com\/?page_id=17623"},"modified":"2017-04-24T11:15:47","modified_gmt":"2017-04-24T10:15:47","slug":"le-soutien-de-gregory-havret","status":"publish","type":"page","link":"https:\/\/www.golftravellers.com\/fr\/le-soutien-de-gregory-havret\/","title":{"rendered":"Le soutien de Gr\u00e9gory Havret"},"content":{"rendered":"<p>\u00ab Je recommande fortement le tour op\u00e9rateur fran\u00e7ais Golf Travellers pour vos s\u00e9jours. Je les ai rencontr\u00e9s \u00e0 plusieurs reprises lors de mes comp\u00e9titions du circuit europ\u00e9en. Ce sont les seuls sp\u00e9cialistes bas\u00e9s en Ecosse, \u00e0 St Andrews m\u00eame. Je suis tr\u00e8s attach\u00e9 \u00e0 ce pays o\u00f9 j\u2019ai gagn\u00e9 mes deux plus importants troph\u00e9es, \u00e0 Loch Lomond pour l&rsquo;Open d&rsquo;Ecosse en 2007 battant Phil Mickelson en play-off et \u00e0 Gleneagles sur le magnifique parcours du PGA Centenary pour le Johnnie Walker en 2008.\u00a0 Un pays avec des parcours fantastiques, une atmosph\u00e8re et une histoire totalement uniques. S\u00e9journer \u00e0 St Andrews et jouer le Old Course est un passage oblig\u00e9 dans une vie de golfeur. \u00bb<\/p>\n<p>&nbsp;<\/p>\n<div class=\"one-third first\"><img loading=\"lazy\" decoding=\"async\" class=\"alignnone wp-image-18189 size-full\" src=\"https:\/\/www.golftravellers.com\/wp-content\/uploads\/2014\/11\/greghavret-golfeur-francais.jpg\" alt=\"Gregory Havret, Golfeur professionnel fran\u00e7ais\" width=\"250\" height=\"176\" \/><\/div>\n<div class=\"one-third\"><img loading=\"lazy\" decoding=\"async\" class=\"alignnone wp-image-18198 size-full\" src=\"https:\/\/www.golftravellers.com\/wp-content\/uploads\/2014\/11\/greghavret-golfeur-francais-3.jpg\" alt=\"Gregory Havret, Golfeur professionnel Fran\u00e7ais\" width=\"250\" height=\"176\" \/><\/div>\n<div class=\"one-third\"><img loading=\"lazy\" decoding=\"async\" class=\"alignnone wp-image-18206 size-full\" src=\"https:\/\/www.golftravellers.com\/wp-content\/uploads\/2014\/11\/greghavret-golfeur-francais-2.jpg\" alt=\"Gregory Havret, Golfeur professionnel Fran\u00e7ais\" width=\"250\" height=\"176\" \/><\/div>\n<h2>\u00a0Les principales victoires du palmar\u00e8s de Gr\u00e9gory :<\/h2>\n<h3>Amateur :<\/h3>\n<ul>\n<li>Vainqueur du championnat de France amateur entre 1997 et 1999<\/li>\n<li>Vainqueur de l\u2019Omnium National en 1998 (tournoi professionnel)<\/li>\n<li>Champion d\u2019Europe en 1999 au Pays de Galles<\/li>\n<\/ul>\n<h3>Professionel :<\/h3>\n<ul>\n<li>Vainqueur de l\u2019Open d\u2019Italie en 2001 (1\u00e8re ann\u00e9e sur le circuit Europ\u00e9en)<\/li>\n<li>Vainqueur de l\u2019Open d\u2019Ecosse en 2007 \u00e0 Loch Lomond (circuit Europ\u00e9en)<\/li>\n<li>Vainqueur du Johnnie Walker en 2008 \u00e0 Gleneagles (circuit Europ\u00e9en)<\/li>\n<li><strong>Deuxi\u00e8me place \u00e0 l&rsquo;U.S. Open en 2010 \u00e0 Pebble Beach en Californie<\/strong><\/li>\n<li>Num\u00e9ro 1 fran\u00e7ais en 2007, 2008, 2010 et 2011<\/li>\n<\/ul>\n","protected":false},"excerpt":{"rendered":"<p>\u00ab Je recommande fortement le tour op\u00e9rateur fran\u00e7ais Golf Travellers pour vos s\u00e9jours. Je les ai rencontr\u00e9s \u00e0 plusieurs reprises lors de mes comp\u00e9titions du circuit europ\u00e9en. Ce sont les seuls sp\u00e9cialistes bas\u00e9s en Ecosse, \u00e0 St Andrews m\u00eame. Je suis tr\u00e8s attach\u00e9 \u00e0 ce pays o\u00f9 j\u2019ai gagn\u00e9 mes deux plus importants troph\u00e9es, \u00e0 [&hellip;]<\/p>\n","protected":false},"author":6,"featured_media":12858,"parent":0,"menu_order":100,"comment_status":"open","ping_status":"open","template":"","meta":{"_genesis_hide_title":false,"_genesis_hide_breadcrumbs":false,"_genesis_hide_singular_image":false,"_genesis_hide_footer_widgets":false,"_genesis_custom_body_class":"","_genesis_custom_post_class":"","_genesis_layout":"full-width-content","footnotes":""},"class_list":{"0":"post-17623","1":"page","2":"type-page","3":"status-publish","4":"has-post-thumbnail","6":"entry"},"_links":{"self":[{"href":"https:\/\/www.golftravellers.com\/fr\/wp-json\/wp\/v2\/pages\/17623","targetHints":{"allow":["GET"]}}],"collection":[{"href":"https:\/\/www.golftravellers.com\/fr\/wp-json\/wp\/v2\/pages"}],"about":[{"href":"https:\/\/www.golftravellers.com\/fr\/wp-json\/wp\/v2\/types\/page"}],"author":[{"embeddable":true,"href":"https:\/\/www.golftravellers.com\/fr\/wp-json\/wp\/v2\/users\/6"}],"replies":[{"embeddable":true,"href":"https:\/\/www.golftravellers.com\/fr\/wp-json\/wp\/v2\/comments?post=17623"}],"version-history":[{"count":8,"href":"https:\/\/www.golftravellers.com\/fr\/wp-json\/wp\/v2\/pages\/17623\/revisions"}],"predecessor-version":[{"id":36838,"href":"https:\/\/www.golftravellers.com\/fr\/wp-json\/wp\/v2\/pages\/17623\/revisions\/36838"}],"wp:featuredmedia":[{"embeddable":true,"href":"https:\/\/www.golftravellers.com\/fr\/wp-json\/wp\/v2\/media\/12858"}],"wp:attachment":[{"href":"https:\/\/www.golftravellers.com\/fr\/wp-json\/wp\/v2\/media?parent=17623"}],"curies":[{"name":"wp","href":"https:\/\/api.w.org\/{rel}","templated":true}]}}