{"id":1731,"date":"2014-11-14T12:10:58","date_gmt":"2014-11-14T12:10:58","guid":{"rendered":"http:\/\/www.golftravellers.com\/?page_id=1731"},"modified":"2023-10-06T13:28:47","modified_gmt":"2023-10-06T12:28:47","slug":"the-rolls-of-monmouth","status":"publish","type":"page","link":"https:\/\/www.golftravellers.com\/fr\/destinations\/pays-de-galles\/parcours-de-golf-au-pays-de-galles\/region-sud-pays-de-galles\/the-rolls-of-monmouth\/","title":{"rendered":"The Rolls of Monmouth"},"content":{"rendered":"<table border=\"0\">\n<tbody>\n<tr>\n<td><strong>Notre classement :<\/strong><\/td>\n<td><img loading=\"lazy\" decoding=\"async\" src=\"https:\/\/www.golftravellers.com\/wp-content\/uploads\/2014\/05\/5stars_rating_GolfCourse.png\" alt=\"Golf Travellers 5 star rating golf course\" width=\"147\" height=\"30\"><\/td>\n<td colspan=\"2\" rowspan=\"11\" align=\"center\" valign=\"top\" width=\"50%\"><img loading=\"lazy\" decoding=\"async\" class=\"alignnone wp-image-2744\" src=\"https:\/\/www.golftravellers.com\/wp-content\/uploads\/2014\/06\/wales-map.png\" alt=\"\" width=\"450\" height=\"543\" srcset=\"https:\/\/www.golftravellers.com\/wp-content\/uploads\/2014\/06\/wales-map.png 550w, https:\/\/www.golftravellers.com\/wp-content\/uploads\/2014\/06\/wales-map-248x300.png 248w\" sizes=\"auto, (max-width: 450px) 100vw, 450px\" \/><\/td>\n<\/tr>\n<tr>\n<td><strong>Classement Gallois :<\/strong><\/td>\n<td>11<\/td>\n<\/tr>\n<tr>\n<td width=\"30%\"><strong>Architecte :<\/strong><\/td>\n<td width=\"20%\">Urbis Planning<\/td>\n<\/tr>\n<tr>\n<td><strong>Date d&rsquo;ouverture :<\/strong><\/td>\n<td>1982<\/td>\n<\/tr>\n<tr>\n<td><strong>Par :<\/strong><\/td>\n<td>72<\/td>\n<\/tr>\n<tr>\n<td><strong>Distance depuis Cardiff :<\/strong><\/td>\n<td>70 km<\/td>\n<\/tr>\n<tr>\n<td><strong>Distance depuis Swansea :<\/strong><\/td>\n<td>125 km<\/td>\n<\/tr>\n<tr>\n<td><strong>Distance depuis Newport :<\/strong><\/td>\n<td>45 km<\/td>\n<\/tr>\n<tr>\n<td><strong>Distance depuis Bangor :<\/strong><\/td>\n<td>260 km<\/td>\n<\/tr>\n<tr>\n<td>&nbsp;<\/td>\n<td>&nbsp;<\/td>\n<\/tr>\n<\/tbody>\n<\/table>\n<p>&nbsp;Ce parcours de championnat &nbsp;est con\u00e7u&nbsp;dans un superbe&nbsp;paysage de parc et de bois&nbsp;. &nbsp;Son nom vient de la famille dont la propri\u00e9t\u00e9 domine magnifiquement&nbsp;les lieux, les Rolls.&nbsp;Ce golf&nbsp;exige un large \u00e9ventail de coups et chaque trou a \u00e9t\u00e9 con\u00e7u pour contester chaque aspect du jeu du golfeur . Il y a beaucoup d&rsquo;eau et d&rsquo;arbres en jeu.&nbsp;Le terrain est vallonn\u00e9 avec un relief assez&nbsp;important requ\u00e9rant l&rsquo;usage des voiturettes si l&rsquo;on souhaite limiter sa fatigue et se faciliter le rep\u00e9rage sur les trous aveugles.<\/p>\n<div class=\"one-third first\"><a class=\"button\" title=\"Nos s\u00e9jours de golf\" href=\"https:\/\/www.golftravellers.com\/fr\/destinations\/pays-de-galles\/sejours-de-golf-au-pays-de-galles\/\">Nos offres<\/a><\/div>\n<div class=\"one-third\"><a class=\"button\" title=\"Demande de devis\" href=\"https:\/\/www.golftravellers.com\/fr\/nous-contacter\/demande-de-devis\/\">Demande de devis<\/a><\/div>\n<div class=\"one-third\"><a class=\"button\" title=\"Nous contacter\" href=\"https:\/\/www.golftravellers.com\/fr\/nous-contacter\/\">Contactez-nous<\/a><\/div>\n","protected":false},"excerpt":{"rendered":"<p>Notre classement : Classement Gallois : 11 Architecte : Urbis Planning Date d&rsquo;ouverture : 1982 Par : 72 Distance depuis Cardiff : 70 km Distance depuis Swansea : 125 km Distance depuis Newport : 45 km Distance depuis Bangor : 260 km &nbsp; &nbsp; &nbsp;Ce parcours de championnat &nbsp;est con\u00e7u&nbsp;dans un superbe&nbsp;paysage de parc et [&hellip;]<\/p>\n","protected":false},"author":10,"featured_media":19213,"parent":2439,"menu_order":0,"comment_status":"open","ping_status":"open","template":"","meta":{"_genesis_hide_title":false,"_genesis_hide_breadcrumbs":false,"_genesis_hide_singular_image":false,"_genesis_hide_footer_widgets":false,"_genesis_custom_body_class":"","_genesis_custom_post_class":"","_genesis_layout":"","footnotes":""},"class_list":{"0":"post-1731","1":"page","2":"type-page","3":"status-publish","4":"has-post-thumbnail","6":"entry"},"_links":{"self":[{"href":"https:\/\/www.golftravellers.com\/fr\/wp-json\/wp\/v2\/pages\/1731","targetHints":{"allow":["GET"]}}],"collection":[{"href":"https:\/\/www.golftravellers.com\/fr\/wp-json\/wp\/v2\/pages"}],"about":[{"href":"https:\/\/www.golftravellers.com\/fr\/wp-json\/wp\/v2\/types\/page"}],"author":[{"embeddable":true,"href":"https:\/\/www.golftravellers.com\/fr\/wp-json\/wp\/v2\/users\/10"}],"replies":[{"embeddable":true,"href":"https:\/\/www.golftravellers.com\/fr\/wp-json\/wp\/v2\/comments?post=1731"}],"version-history":[{"count":13,"href":"https:\/\/www.golftravellers.com\/fr\/wp-json\/wp\/v2\/pages\/1731\/revisions"}],"predecessor-version":[{"id":42444,"href":"https:\/\/www.golftravellers.com\/fr\/wp-json\/wp\/v2\/pages\/1731\/revisions\/42444"}],"up":[{"embeddable":true,"href":"https:\/\/www.golftravellers.com\/fr\/wp-json\/wp\/v2\/pages\/2439"}],"wp:featuredmedia":[{"embeddable":true,"href":"https:\/\/www.golftravellers.com\/fr\/wp-json\/wp\/v2\/media\/19213"}],"wp:attachment":[{"href":"https:\/\/www.golftravellers.com\/fr\/wp-json\/wp\/v2\/media?parent=1731"}],"curies":[{"name":"wp","href":"https:\/\/api.w.org\/{rel}","templated":true}]}}